{"id":3348,"date":"2024-03-01T14:37:43","date_gmt":"2024-03-01T12:37:43","guid":{"rendered":"https:\/\/cbikes.gr\/?page_id=3348"},"modified":"2024-03-01T14:37:43","modified_gmt":"2024-03-01T12:37:43","slug":"vseobecne-podminky-pronajmu-vozidla","status":"publish","type":"page","link":"https:\/\/cbikes.gr\/cs\/vseobecne-podminky-pronajmu-vozidla\/","title":{"rendered":"V\u0161eobecn\u00e9 podm\u00ednky pron\u00e1jmu kol"},"content":{"rendered":"<p>V\u011aK \u0158IDI\u010cE: Pro kategorie A, B, J, V2 minim\u00e1ln\u00ed v\u011bk 21 let a pro v\u0161echny ostatn\u00ed kategorie<br>25 let.<\/p>\n\n\n\n<p>\u0158IDI\u010cSK\u00dd PR\u016eKAZ: \u0158idi\u010d mus\u00ed b\u00fdt dr\u017eitelem \u0159idi\u010dsk\u00e9ho opr\u00e1vn\u011bn\u00ed minim\u00e1ln\u011b jeden rok. \u0158idi\u010dsk\u00fd pr\u016fkaz<br>mus\u00ed b\u00fdt \u0159eck\u00e9, evropsk\u00e9 (pro zem\u011b EU) nebo mezin\u00e1rodn\u00ed (pro zem\u011b mimo EU). Pro<br>v\u00edce informac\u00ed o p\u0159ij\u00edman\u00e9m \u0159idi\u010dsk\u00e9m pr\u016fkazu podle zem\u00ed naleznete zde.<\/p>\n\n\n\n<p>ZP\u016eSOB PLATBY: U v\u0161ech kategori\u00ed mus\u00ed n\u00e1jemce p\u0159edlo\u017eit akceptovanou kreditn\u00ed\/debetn\u00ed kartu<br>spole\u010dnost\u00ed Cbikes na pokryt\u00ed \u010d\u00e1stek souvisej\u00edc\u00edch se z\u00e1lohou a platbou n\u00e1klad\u016f na pron\u00e1jem<br>(pro nep\u0159edplacen\u00e9 rezervace).<\/p>\n\n\n\n<p>R\u00e1di bychom v\u00e1s informovali, \u017ee i p\u0159es na\u0161i neust\u00e1lou snahu zajistit, aby v\u0161echny ceny<br>uveden\u00e9 na na\u0161ich str\u00e1nk\u00e1ch jsou p\u0159esn\u00e9, v jednotliv\u00fdch p\u0159\u00edpadech m\u016f\u017ee doj\u00edt k chyb\u00e1m zp\u016fsoben\u00fdm syst\u00e9mem<br>selh\u00e1n\u00ed. V takov\u00e9m p\u0159\u00edpad\u011b v\u00e1s budeme co nejd\u0159\u00edve informovat, pokud zjist\u00edme chybu v cen\u011b<br>va\u0161\u00ed rezervace a my v\u00e1m d\u00e1me p\u0159\u00edle\u017eitost ji potvrdit, pokud si to budete p\u0159\u00e1t, na<br>aktu\u00e1ln\u00ed spr\u00e1vnou cenu nebo ji zru\u0161it. Pokud se rozhodnete, nebudou \u00fa\u010dtov\u00e1ny standardn\u00ed storno poplatky<br>zru\u0161it rezervaci. Pokud zru\u0161\u00edte a ji\u017e jste zaplatili za pron\u00e1jem vozidla, ud\u011bl\u00e1te to<br>z\u00edskat plnou n\u00e1hradu. Pokud v\u00e1s nebudeme moci kontaktovat, budeme va\u0161i rezervaci pova\u017eovat za<br>zru\u0161eno.<\/p>\n\n\n\n<p>Z\u00c1RUKA: U pron\u00e1jm\u016f v \u0158ecku bude po obdr\u017een\u00ed vozidla \u010d\u00e1stka z\u00e1ruky<br>zablokov\u00e1na na kreditn\u00ed\/debetn\u00ed kart\u011b \u0159idi\u010de, kter\u00e1 bude jako takov\u00e1 na konci vr\u00e1cena<br>pron\u00e1jem, pokud nevznikaj\u00ed \u017e\u00e1dn\u00e9 dal\u0161\u00ed poplatky. Uvoln\u011bn\u00ed \u010d\u00e1stky m\u016f\u017ee trvat a\u017e 14 dn\u00ed<br>v z\u00e1vislosti na bance, kter\u00e1 kartu vydala. V\u00fd\u0161e z\u00e1ruky se li\u0161\u00ed podle vozidla<br>kategorie.<br>Analyticky:<br>Sk\u00fatry: 350 \u20ac<br>Elektrokola: 150 \u20ac<br>POKUTY A PORU\u0160EN\u00cd: V\u0161echny pokuty a spr\u00e1vn\u00ed sankce vznikl\u00e9 zavin\u011bn\u00edm \u0159idi\u010de<br>jsou pln\u011b hrazeny n\u00e1jemcem.<br>POJI\u0160T\u011aN\u00cd: V\u0161ichni opr\u00e1vn\u011bn\u00ed \u0159idi\u010di vozidel Cbikes jsou osvobozeni od po\u0161kozen\u00ed<br>pronajat\u00e9 vozidlo p\u0159ed po\u017e\u00e1rem a jsou poji\u0161t\u011bni s odpov\u011bdnost\u00ed t\u0159et\u00ed strany za smrt, ubl\u00ed\u017een\u00ed na zdrav\u00ed<br>a po\u0161kozen\u00ed majetku. V\u0161echny 2 kryty podl\u00e9haj\u00ed v\u0161eobecn\u00fdm podm\u00ednk\u00e1m smlouvy Cbikes<br>se svou poji\u0161\u0165ovnou. KRYT\u00cd KR\u00c1DE\u017dE (\u00daT): Kryt proti kr\u00e1de\u017ei je voliteln\u00fd<br>slu\u017ebu, kter\u00e1 v p\u0159\u00edpad\u011b p\u0159ijet\u00ed m\u016f\u017ee n\u00e1jemce omezit svou odpov\u011bdnost za \u00faplnou kr\u00e1de\u017e Cbikes<br>pron\u00e1jem vozu na 650 \u20ac pro skupiny A, B, J, Z, 800 \u20ac pro skupiny C, D, F, K, M, P, R, T, do 1 000 \u20ac,<\/p>\n\n\n\n<p>pro skupiny E, EM, EE, ZE, FE, DE, N, O, NM, U, V, Y, YL, 1, 5, 8, za 1 300 EUR za kategorii<br>9, SE, SY, 9F, V6 a za 3 000 EUR pro kategorie 3, 9L a YP, p\u0159i\u010dem\u017e se plat\u00ed \u010d\u00e1stky 6 EUR, 9 EUR,<br>12 \u20ac, 18 \u20ac a 40 \u20ac za den pron\u00e1jmu. SILNI\u010cN\u00cd ASISTENTN\u00cd SLU\u017dBA: The<br>slu\u017eba je k dispozici za p\u0159\u00edplatek 60,00 EUR za incident. N\u00c1KLADY NA SPISY NEHOD<br>(IAF): \u0158idi\u010d je v p\u0159\u00edpad\u011b nehody \u00fa\u010dtov\u00e1n 30,00 EUR, bez ohledu na zavin\u011bn\u00ed. Tento<br>\u010d\u00e1stka je nevratn\u00e1. N\u00c1KLADY NA FINE FILE: \u0158idi\u010d je zpoplatn\u011bn 15,00 \u20ac v p\u0159\u00edpad\u011b a<br>pokutu za dopravn\u00ed p\u0159estupek. Tato \u010d\u00e1stka je nevratn\u00e1. DAL\u0160\u00cd<br>\u0158IDI\u010cE: Denn\u00ed poplatek 5,00 \u20ac za ka\u017ed\u00e9ho dal\u0161\u00edho \u0159idi\u010de. POPLATEK ZA LETI\u0160T\u011a<br>DORU\u010cEN\u00cd: Poplatek za doru\u010den\u00ed a vyzvednut\u00ed z leti\u0161t\u011b je 20,00 \u20ac.<br>\u00da\u010cETN\u00cd Z\u00c1SADY: U elektrick\u00fdch vozidel je n\u00e1jemce povinen vr\u00e1tit vozidlo s<br>\u00farove\u0148 baterie, kter\u00e1 jej p\u0159ijala. Pokud je tato hodnota ni\u017e\u0161\u00ed, pak se zobraz\u00ed \u201ePoplatek za slu\u017ebu nab\u00edjen\u00ed\u201c.<br>aplikovat. N\u00e1jemce bude po\u017e\u00e1d\u00e1n, aby pln\u011b nahradil ztr\u00e1tu nebo po\u0161kozen\u00ed nab\u00edjen\u00ed vozu<br>kabelu bez ohledu na zvolen\u00fd bal\u00ed\u010dek pokryt\u00ed. Cena se li\u0161\u00ed podle modelu a<br>v\u00fdrobce. POPLATEK ZA DOB\u00cdJEN\u00cd: 10,00 \u20ac. D\u011aTSK\u00c9 SEDA\u010cKY: K dispozici pouze<br>po rezervaci a s denn\u00edm poplatkem 10,00 \u20ac. PLOIGOS \u2013 GPS: Dostupn\u00e9 pouze po<br>rezervace a s poplatkem 10,00 \u20ac za den (pokud je k dispozici). ZM\u011aNY VOZIDLA<br>TYP: Spole\u010dnost si vyhrazuje pr\u00e1vo v z\u00e1vislosti na dostupnosti poskytnout jin\u00fd<br>typ vozidla, ne\u017e bylo p\u016fvodn\u011b rezervovan\u00e9 v ekvivalentn\u00ed nebo vy\u0161\u0161\u00ed kategorii.<br>VYZVEDNUT\u00cd: Vyzvednut\u00ed\/p\u0159istaven\u00ed vozidla mimo stanice Cbikes je mo\u017en\u00e9 pomoc\u00ed a<br>poplatek od 20,00 \u20ac za m\u011bstsk\u00e9 doru\u010den\u00ed. Mimo m\u011bsto bude poplatek zpoplatn\u011bn<br>dal\u0161\u00edch 0,60 \u20ac\/. Poplatek za ka\u017edou dod\u00e1vku nebo vyzvednut\u00ed po otev\u00edrac\u00ed dob\u011b bude<br>50,00 \u20ac. SYST\u00c9M \u201eRENT HERE-LEAVE THEAM\u201c: Je nab\u00edzen mezi stanicemi Cbikes<br>pouze po p\u00edsemn\u00e9m schv\u00e1len\u00ed a za zvl\u00e1\u0161tn\u00ed poplatek po konzultaci s Cbikes.<br>P\u0158EPRAVA LOD\u00cd: Je povolena pouze s p\u0159edchoz\u00edm p\u00edsemn\u00fdm souhlasem<br>Cbikes. DAN\u011a: V\u0161echny v\u00fd\u0161e uveden\u00e9 ceny a poplatky podl\u00e9haj\u00ed DPH a v n\u011bkter\u00fdch oblastech<br>k cen\u011b pron\u00e1jmu je \u00fa\u010dtov\u00e1na m\u011bstsk\u00e1 da\u0148 ve v\u00fd\u0161i 0,51 TP3T. Zjist\u011bte v\u0161e, co pot\u0159ebujete v\u011bd\u011bt<br>o zap\u016fj\u010den\u00ed vozidla na www.cbikes.gr.<\/p>","protected":false},"excerpt":{"rendered":"<p>DRIVER&#8217;S AGE: For categories A, B, J, V2 minimum age 21 years and for all other categories25 years. DRIVING LICENSE: The driver must hold a license for at least one year. The driving licensemust be Greek, European (for EU countries) or International (for non-EU countries). Formore information on the accepted driver&#8217;s license by country, see [&hellip;]<\/p>\n","protected":false},"author":1,"featured_media":0,"parent":0,"menu_order":0,"comment_status":"closed","ping_status":"closed","template":"","meta":{"footnotes":""},"class_list":["post-3348","page","type-page","status-publish","hentry"],"_links":{"self":[{"href":"https:\/\/cbikes.gr\/cs\/wp-json\/wp\/v2\/pages\/3348","targetHints":{"allow":["GET"]}}],"collection":[{"href":"https:\/\/cbikes.gr\/cs\/wp-json\/wp\/v2\/pages"}],"about":[{"href":"https:\/\/cbikes.gr\/cs\/wp-json\/wp\/v2\/types\/page"}],"author":[{"embeddable":true,"href":"https:\/\/cbikes.gr\/cs\/wp-json\/wp\/v2\/users\/1"}],"replies":[{"embeddable":true,"href":"https:\/\/cbikes.gr\/cs\/wp-json\/wp\/v2\/comments?post=3348"}],"version-history":[{"count":0,"href":"https:\/\/cbikes.gr\/cs\/wp-json\/wp\/v2\/pages\/3348\/revisions"}],"wp:attachment":[{"href":"https:\/\/cbikes.gr\/cs\/wp-json\/wp\/v2\/media?parent=3348"}],"curies":[{"name":"wp","href":"https:\/\/api.w.org\/{rel}","templated":true}]}}