{"id":3350,"date":"2024-03-01T14:38:39","date_gmt":"2024-03-01T12:38:39","guid":{"rendered":"https:\/\/cbikes.gr\/?page_id=3350"},"modified":"2024-04-04T23:23:54","modified_gmt":"2024-04-04T20:23:54","slug":"pravidla-a-podminky","status":"publish","type":"page","link":"https:\/\/cbikes.gr\/cs\/pravidla-a-podminky\/","title":{"rendered":"Pravidla a podm\u00ednky"},"content":{"rendered":"<p>Ve\u0161ker\u00fd obsah informac\u00ed a tak\u00e9 slu\u017eby, kter\u00e9 se objevuj\u00ed na Cbikes.gr, pat\u0159\u00ed v\u00fdhradn\u011b Cbikes nebo jejich pr\u00e1voplatn\u00e9mu vlastn\u00edkovi, p\u0159i\u010dem\u017e jsou chr\u00e1n\u011bny z\u00e1konem o du\u0161evn\u00edm vlastnictv\u00ed.<br>Je zak\u00e1z\u00e1no kop\u00edrovat, reprodukovat, distribuovat, \u0161\u00ed\u0159it a obecn\u011b pou\u017e\u00edvat informace a slu\u017eby<br>Cbikes sv\u00fdmi n\u00e1v\u0161t\u011bvn\u00edky, u\u017eivateli nebo partnery z jak\u00e9hokoli jin\u00e9ho d\u016fvodu, ne\u017e je osobn\u00ed pou\u017eit\u00ed.<br>Vyu\u017eit\u00ed informac\u00ed a dal\u0161\u00edch slu\u017eeb a prvk\u016f obsa\u017een\u00fdch na t\u00e9to webov\u00e9 str\u00e1nce pro komer\u010dn\u00ed<br>\u00fa\u010dely, je povoleno pouze po p\u00edsemn\u00e9m souhlasu.<br>Web Cbikes poskytuje na mnoha m\u00edstech odkazy (hyperlinky) na jin\u00e9 webov\u00e9 uzly (str\u00e1nky). Jejich prohl\u00ed\u017een\u00ed je na vlastn\u00ed nebezpe\u010d\u00ed.<br>N\u00e1v\u0161t\u011bvn\u00edci jsou povinni respektovat v\u0161echna pravidla \u0158ecka a mezin\u00e1rodn\u00edho pr\u00e1va<br>pravidla mravn\u00edho \u0159\u00e1du. Vypln\u011bn\u00ed z\u00e1kladn\u00edch \u00fadaj\u016f registra\u010dn\u00edho formul\u00e1\u0159e je nezbytn\u00e9 pro poskytov\u00e1n\u00ed va\u0161ich slu\u017eeb. Mana\u017ee\u0159i Cbikes maj\u00ed pr\u00e1vo zru\u0161it po\u017eadovanou slu\u017ebu v p\u0159\u00edpad\u011b poru\u0161en\u00ed v\u00fd\u0161e uveden\u00e9ho.<br>Obchodn\u00ed jm\u00e9na a rozli\u0161ovac\u00ed znaky jak\u00e9hokoli druhu (nap\u0159. zna\u010dky, obr\u00e1zky, loga atd.) p\u0159edstavuj\u00edc\u00ed Cbikes nebo jakoukoli t\u0159et\u00ed osobu fyzickou \u010di pr\u00e1vnickou osobu jsou chr\u00e1n\u011bny z\u00e1konem o pr\u016fmyslov\u00e9m vlastnictv\u00ed a jejich pou\u017eit\u00ed na webov\u00fdch str\u00e1nk\u00e1ch v \u017e\u00e1dn\u00e9m p\u0159\u00edpad\u011b nep\u0159edstavuje ani nem\u016f\u017ee b\u00fdt vykl\u00e1d\u00e1no. jako jejich postoupen\u00ed nebo ud\u011blen\u00ed pr\u00e1va k jejich pou\u017eit\u00ed v jak\u00e9koli form\u011b.<br>Ve\u0161ker\u00fd obsah internetov\u00e9ho obchodu v\u010detn\u011b charakteristick\u00fdch n\u00e1zv\u016f, zna\u010dek, obr\u00e1zk\u016f, grafiky, fotografi\u00ed, n\u00e1vrh\u016f,<br>texty atd. jsou du\u0161evn\u00edm vlastnictv\u00edm Cbikes a jsou chr\u00e1n\u011bny podle p\u0159\u00edslu\u0161n\u00fdch ustanoven\u00ed<br>\u0158eck\u00e9 pr\u00e1vo, evropsk\u00e9 pr\u00e1vo a mezin\u00e1rodn\u00ed \u00famluvy nebo du\u0161evn\u00ed vlastnictv\u00ed t\u0159et\u00edch stran, pro kter\u00e9<br>Spole\u010dnost Cbikes z\u00edskala licenci k pou\u017eit\u00ed pro vlastn\u00ed v\u00fdhradn\u00ed pot\u0159eby a pro provozov\u00e1n\u00ed internetov\u00e9ho obchodu.<br>Jak\u00e9koli kop\u00edrov\u00e1n\u00ed, p\u0159enos nebo vytv\u00e1\u0159en\u00ed odvozen\u00e9ho d\u00edla zalo\u017een\u00e9ho na tomto obsahu nebo klam\u00e1n\u00ed ve\u0159ejnosti<br>o skute\u010dn\u00e9m poskytovateli internetov\u00e9ho obchodu je zak\u00e1z\u00e1no. Reprodukce, op\u011btovn\u00e9 publikov\u00e1n\u00ed, nahr\u00e1v\u00e1n\u00ed,<br>komunikaci, \u0161\u00ed\u0159en\u00ed nebo p\u0159enos nebo jak\u00e9koli jin\u00e9 pou\u017eit\u00ed obsahu jak\u00fdmkoli zp\u016fsobem nebo m\u00e9diem<br>pro komer\u010dn\u00ed nebo jin\u00e9 \u00fa\u010dely je povoleno pouze s p\u00edsemn\u00fdm souhlasem Cbikes nebo jak\u00fdmkoli jin\u00fdm<br>dr\u017eitel autorsk\u00fdch pr\u00e1v. <\/p>\n\n\n\n<p>Jm\u00e9na, obr\u00e1zky, loga a charakteristick\u00e9 rysy uveden\u00e9 a popisuj\u00edc\u00ed Cbike<br>internetov\u00fd obchod nebo produkty \u010di slu\u017eby Cbikes nebo t\u0159et\u00edch stran jsou majetkem Cbikes nebo t\u0159et\u00edch stran<br>strany, chr\u00e1n\u011bn\u00e9 p\u0159\u00edslu\u0161n\u00fdmi z\u00e1kony o autorsk\u00fdch pr\u00e1vech. Jejich pou\u017eit\u00ed v internetov\u00e9m obchod\u011b<br>za \u017e\u00e1dn\u00fdch okolnost\u00ed neud\u011bluje licenci ani pr\u00e1vo k jejich pou\u017eit\u00ed t\u0159et\u00edm osob\u00e1m.<br>Mana\u017ee\u0159i Cbikes maj\u00ed tak\u00e9 pr\u00e1vo prov\u00e1d\u011bt zm\u011bny v obsahu nebo slu\u017eb\u00e1ch tohoto webu<br>jako vy\u0161\u0161\u00ed podm\u00ednky bez jak\u00e9hokoli upozorn\u011bn\u00ed.<br>Web Cbikes m\u016f\u017ee shroma\u017e\u010fovat identifika\u010dn\u00ed \u00fadaje sv\u00fdch u\u017eivatel\u016f pomoc\u00ed technologi\u00ed, jako jsou soubory cookie.<br>Sv\u016fj program pro prohl\u00ed\u017een\u00ed internetu (webov\u00fd prohl\u00ed\u017ee\u010d) si m\u016f\u017eete nastavit tak, aby v\u00e1s bu\u010f varoval<br>o pou\u017e\u00edv\u00e1n\u00ed soubor\u016f cookie v konkr\u00e9tn\u00edch slu\u017eb\u00e1ch nebo neumo\u017e\u0148uje p\u0159ijet\u00ed pou\u017e\u00edv\u00e1n\u00ed soubor\u016f cookie v<br>jak\u00fdkoli p\u0159\u00edpad. V p\u0159\u00edpad\u011b, \u017ee si nep\u0159ejete pou\u017e\u00edvat cookies pro va\u0161i identifikaci, nem\u016f\u017eete m\u00edt dal\u0161\u00ed p\u0159\u00edstup<br>na tyto slu\u017eby a str\u00e1nky.<br>Za \u017e\u00e1dn\u00fdch okolnost\u00ed neposkytujeme va\u0161e osobn\u00ed \u00fadaje t\u0159et\u00edm stran\u00e1m (\u010dl\u00e1nek 11 z\u00e1kona 2472\/1997). Tyto \u00fadaje pou\u017e\u00edv\u00e1 v\u00fdhradn\u011b web Cbikes k neust\u00e1l\u00e9mu zlep\u0161ov\u00e1n\u00ed va\u0161ich slu\u017eeb.<br>Tento web pou\u017e\u00edv\u00e1 Google Analytics nebo jin\u00e9 statistick\u00e9 slu\u017eby. Tato slu\u017eba pou\u017e\u00edv\u00e1 \u201ecookies\u201c, kter\u00e9 jsou<br>textov\u00e9 soubory um\u00edst\u011bn\u00e9 ve va\u0161em po\u010d\u00edta\u010di, kter\u00e9 pom\u00e1haj\u00ed webu analyzovat, jak jej u\u017eivatel\u00e9 pou\u017e\u00edvaj\u00ed. Informace<br>vygenerovan\u00e9 souborem cookie o va\u0161em pou\u017e\u00edv\u00e1n\u00ed webov\u00e9 str\u00e1nky (v\u010detn\u011b va\u0161\u00ed IP adresy) budou p\u0159eneseny<br>a ulo\u017eeny spole\u010dnost\u00ed Google nebo va\u0161\u00edm poskytovatelem hostingu. Web Cbikes pou\u017eije tyto informace pro \u00fa\u010dely<br>vyhodnocov\u00e1n\u00ed va\u0161eho pou\u017e\u00edv\u00e1n\u00ed webu, sestavov\u00e1n\u00ed zpr\u00e1v o aktivit\u011b webu pro provozovatele webu a<br>Poskytov\u00e1n\u00ed dal\u0161\u00edch slu\u017eeb souvisej\u00edc\u00edch s \u010dinnost\u00ed webov\u00fdch str\u00e1nek a pou\u017e\u00edv\u00e1n\u00edm internetu. Cbikes mohou tak\u00e9 p\u0159en\u00e1\u0161et<br>tyto informace t\u0159et\u00edm stran\u00e1m v rozsahu, v jak\u00e9m jsou.<br><\/p>\n\n\n\n<p>Soukrom\u00ed<br>Va\u0161e osobn\u00ed \u00fadaje shroma\u017e\u010fujeme a zpracov\u00e1v\u00e1me pouze v nezbytn\u011b nutn\u00fdch p\u0159\u00edpadech.<br>Va\u0161e osobn\u00ed \u00fadaje nikdy neprod\u00e1me, nepronajmeme, nebudeme distribuovat ani jinak zve\u0159ej\u0148ovat.<br>Pokud je v\u00e1m m\u00e9n\u011b ne\u017e 16 let, mus\u00edte m\u00edt p\u0159ed vyu\u017e\u00edv\u00e1n\u00edm slu\u017eeb tohoto souhlasu rodi\u010d\u016f<br>webov\u00e1 str\u00e1nka.<\/p>\n\n\n\n<p>P\u0159\u00edslu\u0161n\u00e1 legislativa<br>Spolu s intern\u00edmi IT syst\u00e9my na\u0161\u00ed spole\u010dnosti byly tyto webov\u00e9 str\u00e1nky navr\u017eeny tak, aby vyhovovaly<br>n\u00e1sleduj\u00edc\u00ed z\u00e1kony\/p\u0159edpisy t\u00fdkaj\u00edc\u00ed se ochrany osobn\u00edch \u00fadaj\u016f u\u017eivatel\u016f:<br>Sm\u011brnice EU o ochran\u011b osobn\u00edch \u00fadaj\u016f z roku 1995 (DPD)<br>Obecn\u00e9 na\u0159\u00edzen\u00ed EU o ochran\u011b osobn\u00edch \u00fadaj\u016f (GDPR) 2018<br>Tento web shroma\u017e\u010fuje a pou\u017e\u00edv\u00e1 osobn\u00ed \u00fadaje z n\u00e1sleduj\u00edc\u00edch d\u016fvod\u016f:<br><\/p>\n\n\n\n<p>Sledov\u00e1n\u00ed n\u00e1v\u0161t\u011bvnosti webu<br>Stejn\u011b jako v\u011bt\u0161ina webov\u00fdch str\u00e1nek i tento vyu\u017e\u00edv\u00e1 Google Analytics (GA) ke sledov\u00e1n\u00ed aktivity u\u017eivatel\u016f. Tyto \u00fadaje pou\u017e\u00edv\u00e1me k<br>ur\u010dit po\u010det lid\u00ed, kte\u0159\u00ed pou\u017e\u00edvaj\u00ed na\u0161e webov\u00e9 str\u00e1nky, abyste l\u00e9pe porozum\u011bli tomu, jak na\u0161i webovou str\u00e1nku nach\u00e1zej\u00ed a pou\u017e\u00edvaj\u00ed<br>a vid\u011bt jejich cestu p\u0159es web. P\u0159esto\u017ee GA zaznamen\u00e1v\u00e1 data, jako jsou va\u0161e<br>geografick\u00e1 poloha, za\u0159\u00edzen\u00ed, webov\u00fd prohl\u00ed\u017ee\u010d a opera\u010dn\u00ed syst\u00e9m, \u017e\u00e1dn\u00e1 z t\u011bchto informac\u00ed v\u00e1s nenut\u00ed<br>pro n\u00e1s osobn\u011b identifikovateln\u00e9. GA tak\u00e9 zaznamen\u00e1v\u00e1 IP adresu va\u0161eho po\u010d\u00edta\u010de, kterou lze pou\u017e\u00edt k identifikaci<br>v\u00e1m, ale Google n\u00e1m k tomu ned\u00e1v\u00e1 p\u0159\u00edstup. Spole\u010dnost Google pova\u017eujeme za zpracovatele dat t\u0159et\u00ed strany<br>kter\u00fd je kompatibiln\u00ed s po\u017eadavky evropsk\u00e9 legislativy.<\/p>\n\n\n\n<p>Kontaktn\u00ed formul\u00e1\u0159e a e-mailov\u00e9 odkazy<br>V p\u0159\u00edpad\u011b, \u017ee se rozhodnete n\u00e1s kontaktovat pomoc\u00ed kontaktn\u00edho formul\u00e1\u0159e nebo odkazu v na\u0161em e-mailu, \u017e\u00e1dn\u00e9 z \u00fadaj\u016f<br>kter\u00e9 poskytnete, budou ulo\u017eeny na t\u00e9to webov\u00e9 str\u00e1nce nebo p\u0159eneseny \u010di zpracov\u00e1ny jak\u00fdmkoli zpracovatelem \u00fadaj\u016f t\u0159et\u00ed strany<br>jak je definov\u00e1no n\u00ed\u017ee v \u010d\u00e1sti \u201eNa\u0161i t\u0159et\u00ed strany zpracovatel\u00e9 dat\u201c. M\u00edsto toho n\u00e1m budou tyto \u00fadaje zasl\u00e1ny v<br>e-mailovou zpr\u00e1vu p\u0159es SMTP (Simple Mail Transfer Protocol). Na\u0161e SMTP servery jsou chr\u00e1n\u011bny TLS<br>bezpe\u010dnostn\u00ed protokol (n\u011bkdy zn\u00e1m\u00fd jako SSL), co\u017e znamen\u00e1, \u017ee obsah e-mail\u016f je za\u0161ifrov\u00e1n d\u0159\u00edve, ne\u017e je<br>zaslan\u00e9 p\u0159es internet. Obsah e-mail\u016f je de\u0161ifrov\u00e1n na\u0161imi m\u00edstn\u00edmi po\u010d\u00edta\u010di a za\u0159\u00edzen\u00edmi.<br><\/p>\n\n\n\n<p>O cookies<br>Co je to cookie? Pojem \u201ecookie\u201c ozna\u010duje mal\u00fd datov\u00fd soubor, kter\u00fd se skl\u00e1d\u00e1 v\u00fdhradn\u011b ze s\u00e9rie informac\u00ed<br>v textov\u00e9 podob\u011b, kterou webov\u00e1 str\u00e1nka p\u0159enese do va\u0161eho webov\u00e9ho prohl\u00ed\u017ee\u010de um\u00edst\u011bn\u00e9ho na pevn\u00e9m disku va\u0161eho po\u010d\u00edta\u010de,<br>bu\u010f do\u010dasn\u011b b\u011bhem va\u0161\u00ed n\u00e1v\u0161t\u011bvy, nebo n\u011bkdy na del\u0161\u00ed dobu, v z\u00e1vislosti na typu souboru cookie.<br>Soubory cookie pln\u00ed r\u016fzn\u00e9 funkce (nap\u0159\u00edklad v\u00e1s odli\u0161uj\u00ed od ostatn\u00edch n\u00e1v\u0161t\u011bvn\u00edk\u016f t\u00e9ho\u017e<br>webov\u00e9 str\u00e1nky nebo zapamatov\u00e1n\u00ed si ur\u010dit\u00fdch v\u011bc\u00ed o v\u00e1s, jako jsou va\u0161e preference) a pou\u017e\u00edv\u00e1 je v\u011bt\u0161ina<br>webov\u00e9 str\u00e1nky pro zlep\u0161en\u00ed u\u017eivatelsk\u00e9 zku\u0161enosti.<br>Ka\u017ed\u00fd soubor cookie je jedine\u010dn\u00fd pro v\u00e1\u0161 prohl\u00ed\u017ee\u010d a obsahuje ur\u010dit\u00e9 anonymn\u00ed informace. Obvykle su\u0161enka<br>obsahuje n\u00e1zev pole, ze kter\u00e9ho soubor cookie poch\u00e1z\u00ed, \u201e\u017eivotnost\u201c souboru cookie a hodnotu<br>(obvykle ve form\u011b n\u00e1hodn\u011b vygenerovan\u00e9ho jedine\u010dn\u00e9ho \u010d\u00edsla).<br>Typy cookies:<br>N\u00ed\u017ee jsou pops\u00e1ny hlavn\u00ed typy soubor\u016f cookie, kter\u00e9 mohou webov\u00e9 str\u00e1nky pou\u017e\u00edvat.<br>Soubory cookie relac\u00ed<br>Jedn\u00e1 se o do\u010dasn\u00e9 soubory cookie, kter\u00e9 z\u016fst\u00e1vaj\u00ed v souboru cookie prohl\u00ed\u017ee\u010de va\u0161eho za\u0159\u00edzen\u00ed pouze b\u011bhem va\u0161\u00ed n\u00e1v\u0161t\u011bvy<br>a jsou odstran\u011bny, kdy\u017e zav\u0159ete prohl\u00ed\u017ee\u010d.<br>Trval\u00e9 soubory cookie<br>Ty z\u016fst\u00e1vaj\u00ed v souboru cookie prohl\u00ed\u017ee\u010de va\u0161eho za\u0159\u00edzen\u00ed i po zav\u0159en\u00ed prohl\u00ed\u017ee\u010de, n\u011bkdy po dobu jednoho roku<br>nebo v\u00edce (p\u0159esn\u00e1 d\u00e9lka pobytu z\u00e1vis\u00ed na dob\u011b \u017eivotnosti ka\u017ed\u00e9ho cookie). Pou\u017e\u00edvaj\u00ed se trval\u00e9 soubory cookie<br>kdy\u017e spr\u00e1vce webu m\u016f\u017ee pot\u0159ebovat v\u011bd\u011bt, kdo jste, pro v\u00edce ne\u017e jednu n\u00e1v\u0161t\u011bvu (nap\u0159<br>va\u0161e u\u017eivatelsk\u00e9 jm\u00e9no nebo va\u0161e p\u0159edvolby p\u0159izp\u016fsoben\u00ed webu).<br>Soubory cookie prvn\u00ed strany<br>Jedn\u00e1 se o cookies, kter\u00e9 jsou nainstalov\u00e1ny do va\u0161eho prohl\u00ed\u017ee\u010de a\/nebo na pevn\u00fd disk va\u0161eho za\u0159\u00edzen\u00ed webovou str\u00e1nkou<br>jste na n\u00e1v\u0161t\u011bv\u011b. To zahrnuje p\u0159i\u0159azen\u00ed jedine\u010dn\u00e9ho identifik\u00e1toru.<br>Cookies ze soci\u00e1ln\u00edch s\u00edt\u00ed<br>Soci\u00e1ln\u00ed s\u00edt\u011b t\u0159et\u00edch stran mohou do va\u0161eho za\u0159\u00edzen\u00ed um\u00edstit soubory cookie, pokud se rozhodnete sd\u00edlet materi\u00e1l z na\u0161eho webu<br>kliknut\u00edm na jedno z vlo\u017een\u00fdch tla\u010d\u00edtek pro sd\u00edlen\u00ed.<\/p>\n\n\n\n<p>Pokud tyto soubory cookie zak\u00e1\u017eete, funkce \u201eSd\u00edlet\u201c nebude dostupn\u00e1.<br>O serveru tohoto webu&gt;br\/&gt; Ve\u0161ker\u00fd internetov\u00fd provoz (p\u0159enos soubor\u016f) mezi t\u00edmto webem a va\u0161\u00edm prohl\u00ed\u017ee\u010dem je<br>\u0161ifrov\u00e1ny a p\u0159en\u00e1\u0161eny pomoc\u00ed protokolu HTTPS pomoc\u00ed SSL (Secure Sockets Layer).<br>Na\u0161i zpracovatel\u00e9 \u00fadaj\u016f t\u0159et\u00edch stran<br>Ke zpracov\u00e1n\u00ed osobn\u00edch \u00fadaj\u016f pro n\u00e1s vyu\u017e\u00edv\u00e1me \u0159adu t\u0159et\u00edch stran. Tyto agentury byly pe\u010dliv\u011b<br>vybr\u00e1ny tak, aby byly v souladu se zde uvedenou legislativou.<br>Poru\u0161en\u00ed ochrany \u00fadaj\u016f U v\u0161ech va\u0161ich osobn\u00edch \u00fadaj\u016f ulo\u017een\u00fdch v na\u0161\u00ed datab\u00e1zi budou provedena ve\u0161ker\u00e1 nezbytn\u00e1 opat\u0159en\u00ed<br>p\u0159ijato k jeho zaji\u0161t\u011bn\u00ed.<br>Budeme hl\u00e1sit jak\u00e9koli nez\u00e1konn\u00e9 naru\u0161en\u00ed datab\u00e1ze t\u00e9to webov\u00e9 str\u00e1nky nebo datab\u00e1ze jak\u00fdchkoli \u00fadaj\u016f t\u0159et\u00edch stran<br>zpracovateli v\u0161em p\u0159\u00edmo dot\u010den\u00fdm i \u00fa\u0159ad\u016fm do 72 hodin od poru\u0161en\u00ed, as<br>pokud je z\u0159ejm\u00e9, \u017ee osobn\u00ed \u00fadaje, kter\u00e9 jsou ulo\u017eeny v rozpoznateln\u00e9m form\u00e1tu, byly odcizeny.<br>Podm\u00ednky pou\u017eit\u00ed se \u0159\u00edd\u00ed a vykl\u00e1daj\u00ed podle \u0159eck\u00e9ho pr\u00e1va. Jak\u00e9koli spory vznikl\u00e9 v souvislosti s<br>Podm\u00ednky pou\u017eit\u00ed podl\u00e9haj\u00ed v\u00fdlu\u010dn\u00e9 jurisdikci soud\u016f v At\u00e9n\u00e1ch.<br>Pou\u017e\u00edv\u00e1n\u00edm webu Cbikes v\u00fdslovn\u011b a bezpodm\u00edne\u010dn\u011b p\u0159ij\u00edm\u00e1te v\u00fd\u0161e uveden\u00e9 podm\u00ednky.<\/p>","protected":false},"excerpt":{"rendered":"<p>The entire content of the information as well as the services that appear on Cbikes.gr belong exclusively to Cbikes or to their rightful owner, while they are protected by intellectual property law.It is prohibited to copy, reproduce, distribute, disseminate and generally use the information and servicesof Cbikes by its visitors, users or partners for any [&hellip;]<\/p>\n","protected":false},"author":1,"featured_media":0,"parent":0,"menu_order":0,"comment_status":"closed","ping_status":"closed","template":"","meta":{"footnotes":""},"class_list":["post-3350","page","type-page","status-publish","hentry"],"_links":{"self":[{"href":"https:\/\/cbikes.gr\/cs\/wp-json\/wp\/v2\/pages\/3350","targetHints":{"allow":["GET"]}}],"collection":[{"href":"https:\/\/cbikes.gr\/cs\/wp-json\/wp\/v2\/pages"}],"about":[{"href":"https:\/\/cbikes.gr\/cs\/wp-json\/wp\/v2\/types\/page"}],"author":[{"embeddable":true,"href":"https:\/\/cbikes.gr\/cs\/wp-json\/wp\/v2\/users\/1"}],"replies":[{"embeddable":true,"href":"https:\/\/cbikes.gr\/cs\/wp-json\/wp\/v2\/comments?post=3350"}],"version-history":[{"count":0,"href":"https:\/\/cbikes.gr\/cs\/wp-json\/wp\/v2\/pages\/3350\/revisions"}],"wp:attachment":[{"href":"https:\/\/cbikes.gr\/cs\/wp-json\/wp\/v2\/media?parent=3350"}],"curies":[{"name":"wp","href":"https:\/\/api.w.org\/{rel}","templated":true}]}}