{"id":3352,"date":"2024-03-01T14:39:06","date_gmt":"2024-03-01T12:39:06","guid":{"rendered":"https:\/\/cbikes.gr\/?page_id=3352"},"modified":"2024-04-09T19:09:37","modified_gmt":"2024-04-09T16:09:37","slug":"platebni-metody","status":"publish","type":"page","link":"https:\/\/cbikes.gr\/cs\/platebni-metody\/","title":{"rendered":"Platebn\u00ed metody"},"content":{"rendered":"<p>1) Vklad na bankovn\u00ed \u00fa\u010det.<br>M\u016f\u017eete si vybrat banku PIRAEUS k ulo\u017een\u00ed \u010d\u00e1stky va\u0161\u00ed rezervace. V depozit\u00e1\u0159i banky mus\u00edte uv\u00e9st<br>va\u0161e cel\u00e9 jm\u00e9no do zpr\u00e1vy. Pot\u00e9 jakmile bude va\u0161e rezervace zaplacena, m\u011bli byste n\u00e1m zaslat doklad o platb\u011b na adresu<br>na e-mail info@cbikes.gr.<br>The bank account where you can deposit the money are:<br>Company Name: Anastasakis Nikolaos ( Cbikes )<br>IBAN: GR06 0172 7610 0057 6111 1511 437<br>BIC: PIRBGRAA<br>2) Prost\u0159ednictv\u00edm kreditn\u00ed karty<br>Platba kreditn\u00ed kartou: VISA, MasterCard.<br>Proces z\u00fa\u010dtov\u00e1n\u00ed va\u0161\u00ed platby prov\u00e1d\u00ed spolupracuj\u00edc\u00ed banka, \u010d\u00edm\u017e je zaji\u0161t\u011bna absolutn\u00ed bezpe\u010dnost<br>va\u0161\u00ed transakci.<br>Zabezpe\u010den\u00e9 transakce.<br>Ve\u0161ker\u00e9 platby proveden\u00e9 kartou jsou zpracov\u00e1v\u00e1ny prost\u0159ednictv\u00edm elektronick\u00e9 platebn\u00ed platformy partnersk\u00e9 banky.<br>www.cbikes.gr \u017e\u00e1dn\u00fdm zp\u016fsobem neshroma\u017e\u010fuje ani neukl\u00e1d\u00e1 informace o va\u0161\u00ed kreditn\u00ed kart\u011b, a z tohoto d\u016fvodu je nutn\u00e9 znovu<br>zadat ji poka\u017ed\u00e9, kdy\u017e pou\u017eijete svou kartu pro transakce prost\u0159ednictv\u00edm t\u00e9to str\u00e1nky.<br>www.cbikes.gr nem\u00e1 nic spole\u010dn\u00e9ho s poplatky, kter\u00e9 v\u00e1m banka m\u016f\u017ee \u00fa\u010dtovat.<\/p>\n\n\n\n<p>3) V hotovosti p\u0159i p\u0159evzet\u00ed z obchodu.<br>V\u00fdb\u011brem vyzvednut\u00ed na prodejn\u011b m\u016f\u017eete zaplatit za rezervaci na prodejn\u011b.<\/p>\n\n\n\n<p>4) S Paypal, (p\u0159es Visa, Mastercard, American Express nebo paypal z\u016fstatek).<\/p>\n\n\n\n<p>Za spole\u010dnost: Cbikes<br>S\u00eddlo: Andrea Papandreou Street 139, Ammoudara<br>AFM: 123151336 \u2013 DOY: HERAKLION<\/p>","protected":false},"excerpt":{"rendered":"<p>1) Deposit to a bank account.You can choose PIRAEUS bank to deposit the amount of your reservation. In the bank&#8217;s depository, you must stateyour full name as a reason. Then and once your reservation is paid, you should send us the proof of your payment tothe e-mail info@cbikes.gr.The bank account where you can deposit the [&hellip;]<\/p>\n","protected":false},"author":1,"featured_media":0,"parent":0,"menu_order":0,"comment_status":"closed","ping_status":"closed","template":"","meta":{"footnotes":""},"class_list":["post-3352","page","type-page","status-publish","hentry"],"_links":{"self":[{"href":"https:\/\/cbikes.gr\/cs\/wp-json\/wp\/v2\/pages\/3352","targetHints":{"allow":["GET"]}}],"collection":[{"href":"https:\/\/cbikes.gr\/cs\/wp-json\/wp\/v2\/pages"}],"about":[{"href":"https:\/\/cbikes.gr\/cs\/wp-json\/wp\/v2\/types\/page"}],"author":[{"embeddable":true,"href":"https:\/\/cbikes.gr\/cs\/wp-json\/wp\/v2\/users\/1"}],"replies":[{"embeddable":true,"href":"https:\/\/cbikes.gr\/cs\/wp-json\/wp\/v2\/comments?post=3352"}],"version-history":[{"count":0,"href":"https:\/\/cbikes.gr\/cs\/wp-json\/wp\/v2\/pages\/3352\/revisions"}],"wp:attachment":[{"href":"https:\/\/cbikes.gr\/cs\/wp-json\/wp\/v2\/media?parent=3352"}],"curies":[{"name":"wp","href":"https:\/\/api.w.org\/{rel}","templated":true}]}}