{"id":3362,"date":"2024-03-04T12:03:20","date_gmt":"2024-03-04T10:03:20","guid":{"rendered":"https:\/\/cbikes.gr\/?page_id=3362"},"modified":"2024-03-16T10:49:20","modified_gmt":"2024-03-16T08:49:20","slug":"zasady-cookies","status":"publish","type":"page","link":"https:\/\/cbikes.gr\/cs\/zasady-cookies\/","title":{"rendered":"Z\u00e1sady pou\u017e\u00edv\u00e1n\u00ed soubor\u016f cookie"},"content":{"rendered":"<p>Na na\u0161ich webov\u00fdch str\u00e1nk\u00e1ch pou\u017e\u00edv\u00e1me soubory cookie ke spr\u00e1v\u011b relac\u00ed, poskytov\u00e1n\u00ed personalizovan\u00fdch webov\u00fdch str\u00e1nek a<br>p\u0159izp\u016fsobit reklamu a dal\u0161\u00ed obsah va\u0161im konkr\u00e9tn\u00edm pot\u0159eb\u00e1m a z\u00e1jm\u016fm. Soubory cookie<br>lze tak\u00e9 pou\u017e\u00edt k sestavov\u00e1n\u00ed anonymn\u00edch agregovan\u00fdch statistik, kter\u00e9 n\u00e1m umo\u017e\u0148uj\u00ed porozum\u011bt<br>jak ve\u0159ejnost pou\u017e\u00edv\u00e1 n\u00e1\u0161 web a pom\u00e1h\u00e1 zlep\u0161ovat jeho strukturu a obsah. Nem\u016f\u017eeme<br>z t\u011bchto informac\u00ed zjistit va\u0161i osobn\u00ed identitu. Nastaven\u00ed prohl\u00ed\u017ee\u010de m\u016f\u017eete upravit<br>odm\u00edtnout n\u011bkter\u00e9 nebo v\u0161echny soubory cookie, krom\u011b t\u011bch, kter\u00e9 jsou nezbytn\u011b nutn\u00e9. M\u011bli byste b\u00fdt<br>v\u011bdomi si toho, \u017ee n\u011bkter\u00e9 funkce jsou dostupn\u00e9 pouze pomoc\u00ed soubor\u016f cookie a pokud se tak rozhodnete<br>odm\u00edtnout soubory cookie, tyto funkce nemus\u00ed b\u00fdt dostupn\u00e9.<\/p>\n\n\n\n<p>Co jsou cookies?<br>\u201eCookies\u201c jsou mal\u00e9 kousky soubor\u016f v textov\u00e9m form\u00e1tu, kter\u00e9 jsou ulo\u017eeny v prohl\u00ed\u017ee\u010di U\u017eivatele<br>kdy\u017e nav\u0161t\u00edv\u00ed webovou str\u00e1nku. Informace ulo\u017een\u00e9 v po\u010d\u00edta\u010di U\u017eivatele mohou obsahovat<br>informace, jako jsou str\u00e1nky, kter\u00e9 u\u017eivatel nav\u0161t\u00edvil, datum a \u010das n\u00e1v\u0161t\u011bvy a a<br>n\u00e1hodn\u00e9 a jedine\u010dn\u00e9 identifika\u010dn\u00ed \u010d\u00edslo U\u017eivatele. D\u00edky tomuto pou\u017eit\u00ed je str\u00e1nka schopna ukl\u00e1dat<br>u\u017eite\u010dn\u00e9 informace o proch\u00e1zen\u00ed U\u017eivatelem na Str\u00e1nk\u00e1ch, jako\u017e i pro \u010dten\u00ed t\u011bchto informac\u00ed<br>s c\u00edlem nab\u00eddnout u\u017eivateli jednotn\u00e9 prohl\u00ed\u017een\u00ed.<br>Existuj\u00ed dva r\u016fzn\u00e9 typy soubor\u016f cookie: Session a Persistent. Pou\u017e\u00edvaj\u00ed se na r\u016fzn\u00e9<br>v\u011bci a obsahuj\u00ed r\u016fzn\u00e9 informace<br>Soubory cookie relac\u00ed obsahuj\u00ed informace pou\u017e\u00edvan\u00e9 p\u0159i aktu\u00e1ln\u00edm prohl\u00ed\u017een\u00ed va\u0161eho prohl\u00ed\u017ee\u010de. Tyto<br>cookies se automaticky vyma\u017eou, kdy\u017e zav\u0159ete prohl\u00ed\u017ee\u010d. Nic na v\u00e1s nez\u016fstane<br>po\u010d\u00edta\u010d pot\u00e9, co opust\u00edte web.<br>Trval\u00e9 soubory cookie se pou\u017e\u00edvaj\u00ed k ukl\u00e1d\u00e1n\u00ed informac\u00ed, kter\u00e9 se pou\u017e\u00edvaj\u00ed mezi n\u00e1v\u0161t\u011bvami. Tyto \u00fadaje umo\u017e\u0148uj\u00ed<br>str\u00e1nky, abyste poznali, \u017ee jste vracej\u00edc\u00ed se z\u00e1kazn\u00edk, a podle toho zareagovali. Vytrval\u00fd<br>soubory cookie maj\u00ed \u017eivotnost definovanou webovou str\u00e1nkou, kter\u00e1 se m\u016f\u017ee pohybovat od n\u011bkolika minut do<br>n\u011bkolik let.<\/p>\n\n\n\n<p>Jak\u00e9 soubory cookie na na\u0161ich webov\u00fdch str\u00e1nk\u00e1ch pou\u017e\u00edv\u00e1me?<br>Soubory cookie, kter\u00e9 pou\u017e\u00edv\u00e1me, jsou zn\u00e1m\u00e9 jako \u201etrval\u00e9 soubory cookie\u201c.<br>Trval\u00e9 soubory cookie jsou ulo\u017eeny jako soubory ve va\u0161em po\u010d\u00edta\u010di a z\u016fstanou tam i po zav\u0159en\u00ed<br>prohl\u00ed\u017ee\u010d, pokud je nesma\u017eete. K z\u00edsk\u00e1v\u00e1n\u00ed informac\u00ed o v\u00e1s nepou\u017e\u00edv\u00e1me soubory cookie<br>provoz na jin\u00fdch webov\u00fdch str\u00e1nk\u00e1ch nebo k ov\u011b\u0159en\u00ed jin\u00fdch osobn\u00edch \u00fadaj\u016f, ne\u017e kter\u00e9 jste uvedli<br>n\u00e1s, dobrovoln\u011b. Soubory cookie nepo\u0161kozuj\u00ed ani nepo\u0161kozuj\u00ed v\u00e1\u0161 po\u010d\u00edta\u010d, programy ani soubory na va\u0161em po\u010d\u00edta\u010di<br>po\u010d\u00edta\u010d. V ka\u017ed\u00e9m p\u0159\u00edpad\u011b cookies usnad\u0148uj\u00ed lep\u0161\u00ed slu\u017eby a u\u017eivatelskou zku\u0161enost p\u0159i n\u00e1v\u0161t\u011bv\u011b<br>Webov\u00e9 str\u00e1nky spole\u010dnosti a doporu\u010dujeme je povolit.<\/p>\n\n\n\n<p>I kdy\u017e se rozhodnete jejich pou\u017e\u00edv\u00e1n\u00ed nepovolit, st\u00e1le si m\u016f\u017eete u\u017e\u00edvat plnou funk\u010dnost na\u0161ich slu\u017eeb<br>webov\u00e1 str\u00e1nka. Pak ale budete muset p\u0159i ka\u017ed\u00e9 n\u00e1v\u0161t\u011bv\u011b znovu zad\u00e1vat n\u011bkter\u00e9 sv\u00e9 \u00fadaje. Pokud dovol\u00edte<br>cookies a pou\u017e\u00edvat sd\u00edlen\u00fd po\u010d\u00edta\u010d, na konci sv\u00e9 n\u00e1v\u0161t\u011bvy se pros\u00edm odhlaste.<\/p>\n\n\n\n<p>Nezbytn\u011b nutn\u00e9 cookies<br>Nezbytn\u011b nutn\u00e9 soubory cookie jsou nezbytn\u00e9 pro spr\u00e1vn\u00e9 fungov\u00e1n\u00ed webu, umo\u017e\u0148uj\u00ed<br>m\u016f\u017eete proch\u00e1zet a pou\u017e\u00edvat jeho funkce, jako je p\u0159\u00edstup k zabezpe\u010den\u00fdm oblastem nebo pou\u017e\u00edv\u00e1n\u00ed nakupov\u00e1n\u00ed<br>voz\u00edk. Tyto soubory cookie nerozpoznaj\u00ed va\u0161i individu\u00e1ln\u00ed identitu. Bez t\u011bchto cookies bychom<br>nem\u016f\u017ee nab\u00eddnout efektivn\u00ed provoz na\u0161ich webov\u00fdch str\u00e1nek.<br>V\u00fdkonov\u00e9 soubory cookie<br>Tyto soubory cookie shroma\u017e\u010fuj\u00ed informace o tom, jak n\u00e1v\u0161t\u011bvn\u00edci web pou\u017e\u00edvaj\u00ed, nap\u0159\u00edklad kter\u00e9<br>str\u00e1nky, kter\u00e9 nej\u010dast\u011bji nav\u0161t\u011bvuj\u00ed, a zda z webov\u00fdch str\u00e1nek dost\u00e1vaj\u00ed chybov\u00e9 zpr\u00e1vy. Tyto<br>cookies shroma\u017e\u010fuj\u00ed souhrnn\u00e9, anonymn\u00ed informace, kter\u00e9 neidentifikuj\u00ed \u017e\u00e1dn\u00e9ho n\u00e1v\u0161t\u011bvn\u00edka. Ony<br>se pou\u017e\u00edvaj\u00ed v\u00fdhradn\u011b ke zlep\u0161en\u00ed v\u00fdkonu webov\u00e9 str\u00e1nky.<\/p>\n\n\n\n<p>Cookies t\u0159et\u00edch stran<br>Tyto soubory cookie jsou um\u00edst\u011bny na\u0161imi partnery na\u0161\u00edm jm\u00e9nem. Pomoc\u00ed t\u011bchto soubor\u016f cookie shroma\u017e\u010fuj\u00ed data<br>o v\u00fdkonu na\u0161ich reklam a va\u0161\u00ed interakci s na\u0161imi webov\u00fdmi str\u00e1nkami. Tyto \u00fadaje mohou b\u00fdt<br>pou\u017e\u00edvan\u00e9 na\u0161imi v\u00fd\u0161e uveden\u00fdmi partnery k vyvozov\u00e1n\u00ed statistick\u00fdch z\u00e1v\u011br\u016f a zlep\u0161ov\u00e1n\u00ed va\u0161\u00ed reklamy<br>z\u00e1\u017eitek jako n\u00e1v\u0161t\u011bvn\u00edk.<br>Funk\u010dn\u00ed soubory cookie<br>Tyto soubory cookie umo\u017e\u0148uj\u00ed webu zapamatovat si volby u\u017eivatele, jako je u\u017eivatelsk\u00e9 jm\u00e9no,<br>jazyk nebo region za \u00fa\u010delem poskytov\u00e1n\u00ed vylep\u0161en\u00fdch a p\u0159izp\u016fsoben\u00fdch funkc\u00ed. Mohou tak\u00e9 b\u00fdt<br>slou\u017e\u00ed k poskytov\u00e1n\u00ed slu\u017eeb po\u017eadovan\u00fdch u\u017eivatelem, jako je sledov\u00e1n\u00ed vide\u00ed nebo pou\u017e\u00edv\u00e1n\u00ed soci\u00e1ln\u00edch m\u00e9di\u00ed.<br>Informace shrom\u00e1\u017ed\u011bn\u00e9 t\u011bmito soubory cookie mohou b\u00fdt anonymn\u00ed a nen\u00ed to mo\u017en\u00e9<br>sledovat aktivitu prohl\u00ed\u017een\u00ed na jin\u00fdch webov\u00fdch str\u00e1nk\u00e1ch. Pokud tyto soubory cookie nep\u0159ijmete,<br>m\u016f\u017ee b\u00fdt ovlivn\u011bn v\u00fdkon a funk\u010dnost webov\u00e9 str\u00e1nky a v\u00e1\u0161 p\u0159\u00edstup k jej\u00edmu obsahu<br>mohou b\u00fdt omezeny.<\/p>\n\n\n\n<p>Analytick\u00e9 soubory cookie<br>Tyto soubory cookie shroma\u017e\u010fuj\u00ed informace o va\u0161em chov\u00e1n\u00ed p\u0159i proch\u00e1zen\u00ed na\u0161ich webov\u00fdch str\u00e1nek, jako nap\u0159<br>kter\u00e9 str\u00e1nky na\u0161eho webu jsou \u010dasto nav\u0161t\u011bvov\u00e1ny a zda se v\u00e1m zobrazuj\u00ed chybov\u00e9 zpr\u00e1vy.<br>Prost\u0159ednictv\u00edm toho jsme schopni ud\u011blat strukturu, navigaci a obsah webu jako<br>co nejp\u0159\u00e1tel\u0161t\u011bj\u0161\u00ed k v\u00e1m. Statistiky a dal\u0161\u00ed \u00fadaje z p\u0159ehled\u016f nepropojujeme s jednotlivci<br>fyzick\u00e9 osoby.<br>Tyto soubory cookie pou\u017e\u00edv\u00e1me k:<\/p>\n\n\n\n<ul class=\"wp-block-list\">\n<li>Evidence po\u010dtu n\u00e1v\u0161t\u011bvn\u00edk\u016f na\u0161ich webov\u00fdch str\u00e1nek<\/li>\n\n\n\n<li>Z\u00e1znam doby trv\u00e1n\u00ed ka\u017ed\u00e9 n\u00e1v\u0161t\u011bvy na\u0161ich webov\u00fdch str\u00e1nek<\/li>\n\n\n\n<li>Ur\u010den\u00ed po\u0159ad\u00ed\/po\u0159ad\u00ed, ve kter\u00e9m nav\u0161t\u00edv\u00edte r\u016fzn\u00e9 str\u00e1nky na na\u0161em webu<\/li>\n\n\n\n<li>Vyhodnocen\u00ed bod\u016f webu, kter\u00e9 je t\u0159eba zlep\u0161it<\/li>\n\n\n\n<li>Optimalizace webu<br>M\u016f\u017eeme pou\u017e\u00edt software, jako je Google Analytics, k anal\u00fdze vyu\u017eit\u00ed str\u00e1nky, interakc\u00ed se str\u00e1nkami a<br>cesty proch\u00e1zej\u00edc\u00ed na\u0161imi webov\u00fdmi str\u00e1nkami. Tyto jsou zn\u00e1m\u00e9 jako \u201emetriky webov\u00fdch str\u00e1nek\u201c nebo \u201eanal\u00fdza\u201c.<br>Google Analytics je online analytick\u00e1 slu\u017eba nab\u00edzen\u00e1 spole\u010dnost\u00ed Google Inc. (Google). Google<br>Analytics pou\u017e\u00edv\u00e1 soubory cookie k anal\u00fdze pou\u017e\u00edv\u00e1n\u00ed webu u\u017eivateli. Google pou\u017e\u00edv\u00e1 agreg\u00e1ty<br>statistiky, kter\u00e9 n\u00e1m poskytuj\u00ed p\u0159ehled o tom, jak u\u017eivatel\u00e9 web pou\u017e\u00edvaj\u00ed.<\/li>\n<\/ul>\n\n\n\n<p>Tak\u00e9 soubory cookie webov\u00e9 anal\u00fdzy od na\u0161ich partner\u016f Google a Adobe n\u00e1m umo\u017e\u0148uj\u00ed sledovat z\u00e1kazn\u00edka<br>interakce v r\u00e1mci na\u0161ich webov\u00fdch str\u00e1nek. Poskytuj\u00ed n\u00e1m cenn\u00e9 informace, kter\u00e9 n\u00e1m umo\u017e\u0148uj\u00ed se zlep\u0161ovat<br>webov\u00e9 str\u00e1nky, produkty a slu\u017eby, kter\u00e9 nab\u00edz\u00edme.<\/p>\n\n\n\n<p>Google m\u016f\u017ee takov\u00e9 informace poskytnout t\u0159et\u00edm stran\u00e1m pouze v p\u0159\u00edpad\u011b, \u017ee to vy\u017eaduje z\u00e1kon.<br>Soubory cookie pro c\u00edlen\u00ed\/reklamu<br>Tyto soubory cookie se na na\u0161ich webov\u00fdch str\u00e1nk\u00e1ch pou\u017e\u00edvaj\u00ed k poskytov\u00e1n\u00ed obsahu, kter\u00fd je pro v\u00e1s relevantn\u011bj\u0161\u00ed<br>Tv\u00e9 z\u00e1jmy. Mohou b\u00fdt pou\u017eity k zas\u00edl\u00e1n\u00ed c\u00edlen\u00e9 reklamy\/nab\u00eddky, omezen\u00ed zobrazen\u00ed reklamy nebo<br>m\u011b\u0159it efektivitu na\u0161\u00ed reklamn\u00ed kampan\u011b. Tyto soubory cookie mohou b\u00fdt pou\u017eity k<br>zapamatujte si webov\u00e9 str\u00e1nky, kter\u00e9 jste nav\u0161t\u00edvili, abyste mohli ur\u010dit, kter\u00e9 online marketingov\u00e9 kan\u00e1ly jsou<br>nej\u00fa\u010dinn\u011bj\u0161\u00ed a umo\u017e\u0148uj\u00ed n\u00e1m odm\u011b\u0148ovat extern\u00ed webov\u00e9 str\u00e1nky a partnery, kte\u0159\u00ed v\u00e1s odk\u00e1zali<br>n\u00e1s.<\/p>\n\n\n\n<p>\u0158\u00edzen\u00ed provozu<br>Na\u0161e programy pro \u0159\u00edzen\u00ed n\u00e1v\u0161t\u011bvnosti webov\u00fdch str\u00e1nek se pou\u017e\u00edvaj\u00ed k detekci technick\u00fdch probl\u00e9m\u016f, kter\u00e9 mohou<br>vyskytuj\u00ed p\u0159i proch\u00e1zen\u00ed webu. Na z\u00e1klad\u011b informac\u00ed, kter\u00e9 shroma\u017e\u010fujeme<br>tyto programy opravujeme technick\u00e9 chyby a probl\u00e9my a neust\u00e1le je vylep\u0161ujeme<br>slu\u017eby nab\u00edzen\u00e9 prost\u0159ednictv\u00edm webov\u00fdch str\u00e1nek k uspokojen\u00ed osobn\u00edch pot\u0159eb u\u017eivatele.<\/p>\n\n\n\n<p>Soubory cookie soci\u00e1ln\u00edch s\u00edt\u00ed.<br>Tyto soubory cookie jsou nezbytn\u00e9 k propojen\u00ed va\u0161eho \u00fa\u010dtu na soci\u00e1ln\u00edch s\u00edt\u00edch s na\u0161imi webov\u00fdmi str\u00e1nkami. Pro<br>nap\u0159\u00edklad, abyste mohli znovu zve\u0159ej\u0148ovat a sd\u00edlet informace se sv\u00fdmi p\u0159\u00e1teli na soci\u00e1ln\u00edch s\u00edt\u00edch<\/p>\n\n\n\n<p>naleznete na na\u0161ich webov\u00fdch str\u00e1nk\u00e1ch nebo k ozna\u010den\u00ed, \u017ee chcete sledovat na\u0161i str\u00e1nku na soci\u00e1ln\u00edch s\u00edt\u00edch. Soci\u00e1ln\u00ed<br>s\u00ed\u0165ov\u00e9 soubory cookie nejsou nutn\u00e9 pro va\u0161i navigaci na na\u0161ich webov\u00fdch str\u00e1nk\u00e1ch.<\/p>\n\n\n\n<p>Jak kontrolovat soubory cookie?<br>Je na va\u0161em uv\u00e1\u017een\u00ed, zda sv\u016fj souhlas kdykoli odvol\u00e1te nebo vznesete n\u00e1mitku proti pou\u017eit\u00ed<br>soubory cookie na\u0161imi webov\u00fdmi str\u00e1nkami na va\u0161em po\u010d\u00edta\u010di nebo za\u0159\u00edzen\u00ed a ke kontrole a\/nebo odstran\u011bn\u00ed soubor\u016f cookie.<br>Sv\u00e9 osobn\u00ed mo\u017enosti m\u016f\u017eete zm\u011bnit nastaven\u00edm pou\u017eit\u00e9ho prohl\u00ed\u017ee\u010de a povolen\u00edm bu\u010f<br>p\u0159ij\u00edm\u00e1n\u00ed pouze ur\u010dit\u00fdch typ\u016f cookies nebo odm\u00edt\u00e1n\u00ed jejich pou\u017eit\u00ed<br>Soubory cookie m\u016f\u017eete smazat z po\u010d\u00edta\u010de nebo za\u0159\u00edzen\u00ed, kter\u00e9 pou\u017e\u00edv\u00e1te, kdykoli budete cht\u00edt<br>postupujte podle cesty k jejich odstran\u011bn\u00ed z pam\u011bti prohl\u00ed\u017ee\u010de, kter\u00fd pou\u017e\u00edv\u00e1te<br>Prohl\u00ed\u017ee\u010d, kter\u00fd pou\u017e\u00edv\u00e1te, si m\u016f\u017eete nastavit i tak, aby v\u00e1s na pou\u017eit\u00ed bu\u010f upozornil<br>cookies v konkr\u00e9tn\u00edch slu\u017eb\u00e1ch webov\u00fdch str\u00e1nek, kter\u00e9 si prohl\u00ed\u017e\u00edte, nebo nepovoluje<br>souhlas s pou\u017e\u00edv\u00e1n\u00edm cookies za jak\u00fdchkoliv okolnost\u00ed.<\/p>\n\n\n\n<p>Jak\u00e1 jsou va\u0161e pr\u00e1va?<br>M\u00e1te pr\u00e1va:<br>P\u0159\u00edstup k va\u0161im dat\u016fm<br>Oprava nebo smaz\u00e1n\u00ed va\u0161ich dat<br>P\u0159enositelnost va\u0161ich dat<br>Omezen\u00ed zpracov\u00e1n\u00ed va\u0161ich \u00fadaj\u016f<br>N\u00e1mitka proti zpracov\u00e1n\u00ed va\u0161ich \u00fadaj\u016f<br>Odvol\u00e1n\u00ed va\u0161eho souhlasu s pou\u017e\u00edv\u00e1n\u00edm n\u011bkter\u00fdch nebo v\u0161ech soubor\u016f cookie a roz\u0161\u00ed\u0159en\u00ed pro<br>zpracov\u00e1n\u00ed va\u0161ich \u00fadaj\u016f.<br>Chcete-li uplatnit sv\u00e1 v\u00fd\u0161e uveden\u00e1 pr\u00e1va na Cbikes.gr, m\u016f\u017eete odeslat svou \u017e\u00e1dost kancel\u00e1\u0159\u00edm spole\u010dnosti<br>Cbikes na po\u0161tovn\u00ed adrese A. Papandreou 139, Ammoudara , Heraklion , Kr\u00e9ta. nebo na<br>e-mailovou adresu info@cbikes.gr, jako\u017e i p\u0159edlo\u017eit, v p\u0159\u00edpad\u011b, \u017ee se domn\u00edv\u00e1te, \u017ee zpracov\u00e1n\u00ed<br>va\u0161ich osobn\u00edch \u00fadaj\u016f poru\u0161uje platnou legislativu na ochranu osobn\u00edch \u00fadaj\u016f, a<br>st\u00ed\u017enost u \u00da\u0159adu pro ochranu osobn\u00edch \u00fadaj\u016f (po\u0161tovn\u00ed adresa Kifisias 1-3, PO Box 115<br>23, At\u00e9ny, tel. 210. 6475600, e-mail contact@dpa.gr).<br>Kde najdete dal\u0161\u00ed informace o ochran\u011b osobn\u00edch \u00fadaj\u016f shrom\u00e1\u017ed\u011bn\u00fdch spole\u010dnost\u00ed<br>cookies?<br>Informace o ochran\u011b va\u0161ich osobn\u00edch \u00fadaj\u016f, ale tak\u00e9 o va\u0161ich pr\u00e1vech naleznete v<br>Z\u00e1sady ochrany osobn\u00edch \u00fadaj\u016f.<\/p>\n\n\n\n<p>Kde m\u016f\u017eete naj\u00edt dal\u0161\u00ed informace o obecn\u00e9m pou\u017e\u00edv\u00e1n\u00ed soubor\u016f cookie?<br>V\u00edce informac\u00ed o obecn\u00e9m pou\u017e\u00edv\u00e1n\u00ed soubor\u016f cookie, jako\u017e i zp\u016fsobech blokov\u00e1n\u00ed pop\u0159<br>jejich omezen\u00ed naleznete na adrese http:\/\/cookiepedia.co.uk\/all-about-cookies a<br>http:\/\/www.allaboutcookies.org\/.<\/p>\n\n\n\n<p>Zm\u011bny Z\u00e1sad pou\u017e\u00edv\u00e1n\u00ed soubor\u016f cookie.<br>Tyto Z\u00e1sady pou\u017e\u00edv\u00e1n\u00ed soubor\u016f cookie lze kdykoli upravit. Z tohoto d\u016fvodu to pova\u017eujeme za vhodn\u00e9<br>\u017ee pravideln\u011b odkazujete na tyto z\u00e1sady. Toto nabylo \u00fa\u010dinnosti dnem 24.5.2018. V p\u0159\u00edpad\u011b a<br>modifikace, bude uvedeno datum, kdy byla provedena. Z\u00e1sady soubor\u016f cookie, jak jsou nakonfigurov\u00e1ny<br>posledn\u00ed \u00fapravou, je v\u017edy pova\u017eov\u00e1n za platn\u00fd.<\/p>","protected":false},"excerpt":{"rendered":"<p>We use cookies on our website to manage sessions, to provide personalized web pages andto tailor advertising and other content to reflect your particular needs and interests. Cookiescan also be used to compile anonymous, aggregated statistics that allow us to understandhow the public uses our website and help improve its structure and content. We cannotascertain [&hellip;]<\/p>\n","protected":false},"author":1,"featured_media":0,"parent":0,"menu_order":0,"comment_status":"closed","ping_status":"closed","template":"","meta":{"footnotes":""},"class_list":["post-3362","page","type-page","status-publish","hentry"],"_links":{"self":[{"href":"https:\/\/cbikes.gr\/cs\/wp-json\/wp\/v2\/pages\/3362","targetHints":{"allow":["GET"]}}],"collection":[{"href":"https:\/\/cbikes.gr\/cs\/wp-json\/wp\/v2\/pages"}],"about":[{"href":"https:\/\/cbikes.gr\/cs\/wp-json\/wp\/v2\/types\/page"}],"author":[{"embeddable":true,"href":"https:\/\/cbikes.gr\/cs\/wp-json\/wp\/v2\/users\/1"}],"replies":[{"embeddable":true,"href":"https:\/\/cbikes.gr\/cs\/wp-json\/wp\/v2\/comments?post=3362"}],"version-history":[{"count":0,"href":"https:\/\/cbikes.gr\/cs\/wp-json\/wp\/v2\/pages\/3362\/revisions"}],"wp:attachment":[{"href":"https:\/\/cbikes.gr\/cs\/wp-json\/wp\/v2\/media?parent=3362"}],"curies":[{"name":"wp","href":"https:\/\/api.w.org\/{rel}","templated":true}]}}