{"id":3312,"date":"2024-03-16T10:00:10","date_gmt":"2024-03-16T08:00:10","guid":{"rendered":"https:\/\/cbikes.gr\/?post_type=product&#038;p=3312"},"modified":"2026-03-20T10:31:15","modified_gmt":"2026-03-20T08:31:15","slug":"levit-muan-hd-630-pres-cervenou-perlu-19","status":"publish","type":"product","link":"https:\/\/cbikes.gr\/cs\/produkt\/levit-muan-hd-630-pres-cervenou-perlu-19\/","title":{"rendered":"Elektrokolo LEVIT MUAN HD s \u010dervenou perlou 19&quot;"},"content":{"rendered":"<table>\n<tbody>\n<tr>\n<td><strong>motor:<\/strong><\/td>\n<td>Levi HD<\/td>\n<\/tr>\n<tr>\n<td><strong>Baterie :<\/strong><\/td>\n<td>Levit SP2.1 630 Wh (17,5 Ah)<\/td>\n<\/tr>\n<tr>\n<td><strong>Ovlada\u010d :<\/strong><\/td>\n<td>LCD Levit Codac<\/td>\n<\/tr>\n<tr>\n<td><strong>R\u00e1m:<\/strong><\/td>\n<td>Slitina 6061<\/td>\n<\/tr>\n<tr>\n<td><strong>Vyr\u00e1b\u011bn\u00e9 velikosti:<\/strong><\/td>\n<td>L, XL<\/td>\n<\/tr>\n<tr>\n<td><strong>Vidlice:<\/strong><\/td>\n<td>RST Gila TnL (100 mm, s korunkov\u00fdm z\u00e1mkem)<\/td>\n<\/tr>\n<tr>\n<td><strong>Zadn\u00ed tlumi\u010d:<\/strong><\/td>\n<td>&#8211;<\/td>\n<\/tr>\n<tr>\n<td><strong>Hlavn\u00ed slo\u017een\u00ed:<\/strong><\/td>\n<td>Spec (polointegrovan\u00e9)<\/td>\n<\/tr>\n<tr>\n<td><strong>brzdy:<\/strong><\/td>\n<td>Zoom HB-875<\/td>\n<\/tr>\n<tr>\n<td><strong>Brzdov\u00e9 kotou\u010de:<\/strong><\/td>\n<td>180 mm<\/td>\n<\/tr>\n<tr>\n<td><strong>St\u0159edn\u00ed slo\u017een\u00ed:<\/strong><\/td>\n<td>Thun JIVE 3.0<\/td>\n<\/tr>\n<tr>\n<td><strong>kliky:<\/strong><\/td>\n<td>Spec NW (170 mm, 38 z.)<\/td>\n<\/tr>\n<tr>\n<td><strong>\u0158azen\u00ed:<\/strong><\/td>\n<td>Microshift Marvo-LT<\/td>\n<\/tr>\n<tr>\n<td><strong>P\u0159ehazova\u010dka:<\/strong><\/td>\n<td>Microshift RD-M46L<\/td>\n<\/tr>\n<tr>\n<td><strong>kazeta:<\/strong><\/td>\n<td>S-Ride M300 (11 \u2013 36 z.)<\/td>\n<\/tr>\n<tr>\n<td><strong>\u0158et\u011bz:<\/strong><\/td>\n<td>KMC X9<\/td>\n<\/tr>\n<tr>\n<td><strong>Poplatky :<\/strong><\/td>\n<td>Formule DC-20LW<\/td>\n<\/tr>\n<tr>\n<td><strong>R\u00e1fky:<\/strong><\/td>\n<td>Remerx Rocky Disc (622 x 22 mm)<\/td>\n<\/tr>\n<tr>\n<td><strong>Kab\u00e1ty:<\/strong><\/td>\n<td>CST Gaballero 29 x 2,25\u2033 (57 \u2013 622)<\/td>\n<\/tr>\n<tr>\n<td><strong>Gripy:<\/strong><\/td>\n<td>Herrmans DD36 Lock-on<\/td>\n<\/tr>\n<tr>\n<td><strong>\u0159\u00edd\u00edtka:<\/strong><\/td>\n<td>Spec Stage 31,8 x 740 mm<\/td>\n<\/tr>\n<tr>\n<td><strong>Stonek:<\/strong><\/td>\n<td>Spec Stage 75 mm (19\u2033), 90 mm (21\u2033)<\/td>\n<\/tr>\n<tr>\n<td><strong>Sedlo :<\/strong><\/td>\n<td>Selle Royal 1216 HRN<\/td>\n<\/tr>\n<tr>\n<td><strong>Sedlovka:<\/strong><\/td>\n<td>Spec Stage 30,9 x 400 mm<\/td>\n<\/tr>\n<tr>\n<td><strong>ped\u00e1ly:<\/strong><\/td>\n<td>Slitina<\/td>\n<\/tr>\n<tr>\n<td><strong>Hmotnost :<\/strong><\/td>\n<td>23,5 kg<\/td>\n<\/tr>\n<\/tbody>\n<\/table>","protected":false},"excerpt":{"rendered":"<p><strong>Levit Muan HD je elektrick\u00e9 kolo\u00a0<\/strong>kter\u00e1 je vynikaj\u00edc\u00ed volbou pro cyklisty, kte\u0159\u00ed hledaj\u00ed kombinaci pohodln\u00e9 j\u00edzdy a v\u00fdkonn\u00e9 elektrick\u00e9 asistence. Tento model je vybaven\u00a0\u00a0<strong>s motorem v zadn\u00edm n\u00e1boji,\u00a0<\/strong>\u00a0co\u017e mu d\u00e1v\u00e1 vynikaj\u00edc\u00ed trakci a umo\u017e\u0148uje plynul\u00fd p\u0159enos energie p\u0159i \u0161lap\u00e1n\u00ed.<\/p>\n<p>Kl\u00ed\u010dov\u00fdm prvkem elektrokola je\u00a0\u00a0<strong>baterie s kapacitou 630 Wh\u00a0<\/strong>, integrovan\u00fd do r\u00e1mu, kter\u00fd zaji\u0161\u0165uje vysok\u00fd dojezd a dlouhodobou v\u00fddr\u017e, co\u017e je ide\u00e1ln\u00ed na del\u0161\u00ed v\u00fdlety nebo ka\u017edodenn\u00ed doj\u00ed\u017ed\u011bn\u00ed. S touto bateri\u00ed se nemus\u00edte b\u00e1t, \u017ee by v\u00e1s v nevhodnou chv\u00edli opustila energie.<\/p>\n<p>Kolo je d\u00e1le vybaveno kvalitn\u00edmi komponenty, jako je odpru\u017een\u00e1 vidlice zaji\u0161\u0165uj\u00edc\u00ed pohodl\u00ed i na nerovn\u00e9m ter\u00e9nu a hydraulick\u00e9 kotou\u010dov\u00e9 brzdy pro okam\u017eit\u00e9 a spolehliv\u00e9 brzd\u011bn\u00ed.<\/p>\n<p>Hlin\u00edkov\u00fd r\u00e1m nab\u00edz\u00ed dobr\u00fd kompromis mezi pevnost\u00ed a hmotnost\u00ed, co\u017e je d\u016fle\u017eit\u00e9 pro hbit\u00e9 ovl\u00e1d\u00e1n\u00ed kola. P\u0159evodov\u00fd syst\u00e9m Microshift zaji\u0161\u0165uje plynul\u00e9 \u0159azen\u00ed a efektivn\u00ed p\u0159enos s\u00edly na kola, co\u017e p\u0159isp\u00edv\u00e1 k celkov\u00e9mu z\u00e1\u017eitku z j\u00edzdy.<\/p>\n<p>Levit Muan HD je tak v\u00fdbornou volbou pro ty, kte\u0159\u00ed cht\u011bj\u00ed technologicky vysp\u011bl\u00e9 a spolehliv\u00e9 elektrokolo do r\u016fzn\u00fdch typ\u016f ter\u00e9nu.<\/p>","protected":false},"featured_media":4631,"comment_status":"closed","ping_status":"closed","template":"","meta":[],"product_brand":[],"product_cat":[73],"product_tag":[100,98,97],"class_list":{"0":"post-3312","1":"product","2":"type-product","3":"status-publish","4":"has-post-thumbnail","6":"type-mountain","7":"manufacturer-olpran","8":"product_cat-ebikes","9":"product_tag-accessories","10":"product_tag-bikes","11":"product_tag-scooters","13":"first","14":"instock","15":"taxable","16":"shipping-taxable","17":"purchasable","18":"product-type-ovacrs_car_rental"},"_links":{"self":[{"href":"https:\/\/cbikes.gr\/cs\/wp-json\/wp\/v2\/product\/3312","targetHints":{"allow":["GET"]}}],"collection":[{"href":"https:\/\/cbikes.gr\/cs\/wp-json\/wp\/v2\/product"}],"about":[{"href":"https:\/\/cbikes.gr\/cs\/wp-json\/wp\/v2\/types\/product"}],"replies":[{"embeddable":true,"href":"https:\/\/cbikes.gr\/cs\/wp-json\/wp\/v2\/comments?post=3312"}],"wp:featuredmedia":[{"embeddable":true,"href":"https:\/\/cbikes.gr\/cs\/wp-json\/wp\/v2\/media\/4631"}],"wp:attachment":[{"href":"https:\/\/cbikes.gr\/cs\/wp-json\/wp\/v2\/media?parent=3312"}],"wp:term":[{"taxonomy":"product_brand","embeddable":true,"href":"https:\/\/cbikes.gr\/cs\/wp-json\/wp\/v2\/product_brand?post=3312"},{"taxonomy":"product_cat","embeddable":true,"href":"https:\/\/cbikes.gr\/cs\/wp-json\/wp\/v2\/product_cat?post=3312"},{"taxonomy":"product_tag","embeddable":true,"href":"https:\/\/cbikes.gr\/cs\/wp-json\/wp\/v2\/product_tag?post=3312"}],"curies":[{"name":"wp","href":"https:\/\/api.w.org\/{rel}","templated":true}]}}