{"id":3438,"date":"2024-03-06T13:23:40","date_gmt":"2024-03-06T11:23:40","guid":{"rendered":"https:\/\/cbikes.gr\/?post_type=product&#038;p=3438"},"modified":"2026-03-20T10:32:05","modified_gmt":"2026-03-20T08:32:05","slug":"levit-musca-hd-630-pres-zelena-seda-perla-19","status":"publish","type":"product","link":"https:\/\/cbikes.gr\/cs\/produkt\/levit-musca-hd-630-pres-zelena-seda-perla-19\/","title":{"rendered":"Elektrokolo LEVIT MUSCA zelen\u00e1 \u0161ed\u00e1 perle\u0165ov\u00e1 19&quot;"},"content":{"rendered":"<table style=\"border-collapse: collapse; width: 428px; border-spacing: 0px; text-align: start; height: 745px;\" border=\"0\" width=\"128\" cellspacing=\"0\" cellpadding=\"0\">\n<tbody>\n<tr style=\"height: 15.0pt;\">\n<td class=\"xl65\" style=\"height: 15.0pt; width: 48pt;\" align=\"left\" width=\"64\" height=\"20\">Motor:<\/td>\n<td style=\"width: 48pt; padding-bottom: 0px; padding-top: 0px;\" align=\"left\" width=\"64\">Levit HD<\/td>\n<\/tr>\n<tr style=\"height: 15.0pt;\">\n<td class=\"xl65\" style=\"height: 15.0pt;\" align=\"left\" height=\"20\">Baterie:<\/td>\n<td style=\"padding-bottom: 0px; padding-top: 0px;\" align=\"left\">Levit SP2.1 630 Wh (17,5 Ah)<\/td>\n<\/tr>\n<tr style=\"height: 15.0pt;\">\n<td class=\"xl65\" style=\"height: 15.0pt;\" align=\"left\" height=\"20\">Ovlada\u010d:<\/td>\n<td style=\"padding-bottom: 0px; padding-top: 0px;\" align=\"left\">LCD Levit Codac<\/td>\n<\/tr>\n<tr style=\"height: 15.0pt;\">\n<td class=\"xl65\" style=\"height: 15.0pt;\" align=\"left\" height=\"20\">RAM:<\/td>\n<td style=\"padding-bottom: 0px; padding-top: 0px;\" align=\"left\">Slitina 6061<\/td>\n<\/tr>\n<tr style=\"height: 15.0pt;\">\n<td class=\"xl65\" style=\"height: 15.0pt;\" align=\"left\" height=\"20\">Vyr\u00e1b\u011bn\u00e9 velikosti:<\/td>\n<td style=\"padding-bottom: 0px; padding-top: 0px;\" align=\"left\">M, L, XL<\/td>\n<\/tr>\n<tr style=\"height: 15.0pt;\">\n<td class=\"xl65\" style=\"height: 15.0pt;\" align=\"left\" height=\"20\">Vidlice:<\/td>\n<td style=\"padding-bottom: 0px; padding-top: 0px;\" align=\"left\">RST Volant TnL (80 mm, se zamyk\u00e1n\u00edm z korunky)<\/td>\n<\/tr>\n<tr style=\"height: 15.0pt;\">\n<td class=\"xl65\" style=\"height: 15.0pt;\" align=\"left\" height=\"20\">Zadn\u00ed tlumi\u010d:<\/td>\n<td class=\"xl65\" style=\"padding-bottom: 0px; padding-top: 0px;\" align=\"left\">&#8211;<\/td>\n<\/tr>\n<tr style=\"height: 15.0pt;\">\n<td class=\"xl65\" style=\"height: 15.0pt;\" align=\"left\" height=\"20\">Hlavov\u00e9 slo\u017een\u00ed:<\/td>\n<td style=\"padding-bottom: 0px; padding-top: 0px;\" align=\"left\">Spec (polointegrovan\u00e9)<\/td>\n<\/tr>\n<tr style=\"height: 15.0pt;\">\n<td class=\"xl65\" style=\"height: 15.0pt;\" align=\"left\" height=\"20\">Brzdy:<\/td>\n<td style=\"padding-bottom: 0px; padding-top: 0px;\" align=\"left\">Zoom HB-875<\/td>\n<\/tr>\n<tr style=\"height: 15.0pt;\">\n<td class=\"xl65\" style=\"height: 15.0pt;\" align=\"left\" height=\"20\">Brzdov\u00e9 kotou\u010de:<\/td>\n<td style=\"padding-bottom: 0px; padding-top: 0px;\" align=\"left\">180 mm<\/td>\n<\/tr>\n<tr style=\"height: 15.0pt;\">\n<td class=\"xl65\" style=\"height: 15.0pt;\" align=\"left\" height=\"20\">St\u0159edov\u00e9 slo\u017een\u00ed:<\/td>\n<td style=\"padding-bottom: 0px; padding-top: 0px;\" align=\"left\">Thun JIVE 3.0<\/td>\n<\/tr>\n<tr style=\"height: 15.0pt;\">\n<td class=\"xl65\" style=\"height: 15.0pt;\" align=\"left\" height=\"20\">Klikn\u011bte:<\/td>\n<td style=\"padding-bottom: 0px; padding-top: 0px;\" align=\"left\">Spec NW (170 mm, 44 z.)<\/td>\n<\/tr>\n<tr style=\"height: 15.0pt;\">\n<td class=\"xl65\" style=\"height: 15.0pt;\" align=\"left\" height=\"20\">\u0158azen\u00ed:<\/td>\n<td style=\"padding-bottom: 0px; padding-top: 0px;\" align=\"left\">Microshift Marvo-LT<\/td>\n<\/tr>\n<tr style=\"height: 15.0pt;\">\n<td class=\"xl65\" style=\"height: 15.0pt;\" align=\"left\" height=\"20\">P\u0159ehazova\u010dka:<\/td>\n<td style=\"padding-bottom: 0px; padding-top: 0px;\" align=\"left\">Microshift RD-M46L<\/td>\n<\/tr>\n<tr style=\"height: 15.0pt;\">\n<td class=\"xl65\" style=\"height: 15.0pt;\" align=\"left\" height=\"20\">Kazeta:<\/td>\n<td style=\"padding-bottom: 0px; padding-top: 0px;\" align=\"left\">S-Ride M300 (11 \u2013 36 z.)<\/td>\n<\/tr>\n<tr style=\"height: 15.0pt;\">\n<td class=\"xl65\" style=\"height: 15.0pt;\" align=\"left\" height=\"20\">\u0158et\u011bz:<\/td>\n<td style=\"padding-bottom: 0px; padding-top: 0px;\" align=\"left\">KMC X9<\/td>\n<\/tr>\n<tr style=\"height: 15.0pt;\">\n<td class=\"xl65\" style=\"height: 15.0pt;\" align=\"left\" height=\"20\">N\u00e1boje:<\/td>\n<td style=\"padding-bottom: 0px; padding-top: 0px;\" align=\"left\">Formule DC-20LW<\/td>\n<\/tr>\n<tr style=\"height: 15.0pt;\">\n<td class=\"xl65\" style=\"height: 15.0pt;\" align=\"left\" height=\"20\">R\u00e1fky:<\/td>\n<td style=\"padding-bottom: 0px; padding-top: 0px;\" align=\"left\">Remerx Top Disc (622 x 19 mm)<\/td>\n<\/tr>\n<tr style=\"height: 15.0pt;\">\n<td class=\"xl65\" style=\"height: 15.0pt;\" align=\"left\" height=\"20\">Pl\u00e1\u0161t\u011b:<\/td>\n<td style=\"padding-bottom: 0px; padding-top: 0px;\" align=\"left\">CST Control Viva 28 x 1,75\u2033 (47-622)<\/td>\n<\/tr>\n<tr style=\"height: 15.0pt;\">\n<td class=\"xl65\" style=\"height: 15.0pt;\" align=\"left\" height=\"20\">Gripy:<\/td>\n<td style=\"padding-bottom: 0px; padding-top: 0px;\" align=\"left\">Herrmans DD36 Lock-on<\/td>\n<\/tr>\n<tr style=\"height: 15.0pt;\">\n<td class=\"xl65\" style=\"height: 15.0pt;\" align=\"left\" height=\"20\">\u0158\u00edd\u00edtka:<\/td>\n<td style=\"padding-bottom: 0px; padding-top: 0px;\" align=\"left\">Spec Stage 31,8 x 680 mm (17\u2033), 700 mm (19\u2033, 21\u2033)<\/td>\n<\/tr>\n<tr style=\"height: 15.0pt;\">\n<td class=\"xl65\" style=\"height: 15.0pt;\" align=\"left\" height=\"20\">P\u0159edstavec:<\/td>\n<td style=\"padding-bottom: 0px; padding-top: 0px;\" align=\"left\">Spec Stage 60 mm (17\u2033), 75 mm (19\u2033), 90 mm (21\u2033)<\/td>\n<\/tr>\n<tr style=\"height: 15.0pt;\">\n<td class=\"xl65\" style=\"height: 15.0pt;\" align=\"left\" height=\"20\">Sedlo:<\/td>\n<td style=\"padding-bottom: 0px; padding-top: 0px;\" align=\"left\">Selle Royal 1405 HRN<\/td>\n<\/tr>\n<tr style=\"height: 15.0pt;\">\n<td class=\"xl65\" style=\"height: 15.0pt;\" align=\"left\" height=\"20\">Sedlovka:<\/td>\n<td style=\"padding-bottom: 0px; padding-top: 0px;\" align=\"left\">Spec Stage 30,9 x 400 mm<\/td>\n<\/tr>\n<tr style=\"height: 15.0pt;\">\n<td class=\"xl65\" style=\"height: 15.0pt;\" align=\"left\" height=\"20\">Ped\u00e1ly:<\/td>\n<td style=\"padding-bottom: 0px; padding-top: 0px;\" align=\"left\">Slitina<\/td>\n<\/tr>\n<tr style=\"height: 15.0pt;\">\n<td class=\"xl65\" style=\"height: 15.0pt;\" align=\"left\" height=\"20\">Hmotnost:<\/td>\n<td style=\"padding-bottom: 0px; padding-top: 0px;\" align=\"left\">25 kg<\/td>\n<\/tr>\n<\/tbody>\n<\/table>","protected":false},"excerpt":{"rendered":"<p>Levit Musca HD je modern\u00ed <strong>elektrick\u00e9 kolo<\/strong> kter\u00fd zt\u011bles\u0148uje kombinaci pohodln\u00e9 geometrie r\u00e1mu a v\u00fdkonn\u00e9 elektrick\u00e9 podpory.<\/p>\n<p>Srdce tohoto <strong>elektrokolo<\/strong> je motor um\u00edst\u011bn\u00fd v zadn\u00edm n\u00e1boji, kter\u00fd zaji\u0161\u0165uje plynulou a nen\u00e1padnou j\u00edzdu a p\u0159itom m\u00e1 st\u00e1le dostatek v\u00fdkonu pro stoup\u00e1n\u00ed do svah\u016f a rychlou j\u00edzdu na rovn\u00e9m ter\u00e9nu.<\/p>\n<p>Zdroj energie tvo\u0159\u00ed v\u00fdkonn\u00e1 baterie s kapacitou 630 Wh, integrovan\u00e1 p\u0159\u00edmo do r\u00e1mu, co\u017e zvy\u0161uje estetickou str\u00e1nku a z\u00e1rove\u0148 p\u0159isp\u00edv\u00e1 k ni\u017e\u0161\u00edmu t\u011b\u017ei\u0161ti pro lep\u0161\u00ed manipulaci.<\/p>\n<p>Tato baterie poskytuje velk\u00fd dojezd a je ide\u00e1ln\u00ed pro dlouh\u00e9 cesty bez nutnosti \u010dast\u00e9ho dob\u00edjen\u00ed.<\/p>\n<p>Odpru\u017een\u00e1 vidlice pohlcuje nerovnosti, hydraulick\u00e9 kotou\u010dov\u00e9 brzdy pro spolehliv\u00e9 zastaven\u00ed i na mokru a p\u0159evodov\u00fd syst\u00e9m Microshift pro plynul\u00e9 \u0159azen\u00ed, to v\u0161e p\u0159isp\u00edv\u00e1 k p\u0159\u00edjemn\u00e9mu z\u00e1\u017eitku z j\u00edzdy. Hlin\u00edkov\u00fd r\u00e1m je lehk\u00fd a odoln\u00fd, poskytuje pevnou oporu a z\u00e1rove\u0148 umo\u017e\u0148uje snadnou manipulaci s kolem.<\/p>\n<p>Levit Musca HD je tak ide\u00e1ln\u00ed volbou pro cyklisty, kte\u0159\u00ed hledaj\u00ed v\u00fdkonn\u00e9 a spolehliv\u00e9 elektrokolo s dlouh\u00fdm dojezdem a kvalitn\u00edmi komponenty, vhodn\u00e9 pro r\u016fzn\u00e9 typy ter\u00e9nu i ka\u017edodenn\u00ed pou\u017eit\u00ed.<\/p>","protected":false},"featured_media":4650,"comment_status":"open","ping_status":"closed","template":"","meta":[],"product_brand":[],"product_cat":[73],"product_tag":[100,98,97],"class_list":{"0":"post-3438","1":"product","2":"type-product","3":"status-publish","4":"has-post-thumbnail","6":"type-city-bike","7":"manufacturer-olpran","8":"product_cat-ebikes","9":"product_tag-accessories","10":"product_tag-bikes","11":"product_tag-scooters","13":"first","14":"instock","15":"taxable","16":"shipping-taxable","17":"purchasable","18":"product-type-ovacrs_car_rental"},"_links":{"self":[{"href":"https:\/\/cbikes.gr\/cs\/wp-json\/wp\/v2\/product\/3438","targetHints":{"allow":["GET"]}}],"collection":[{"href":"https:\/\/cbikes.gr\/cs\/wp-json\/wp\/v2\/product"}],"about":[{"href":"https:\/\/cbikes.gr\/cs\/wp-json\/wp\/v2\/types\/product"}],"replies":[{"embeddable":true,"href":"https:\/\/cbikes.gr\/cs\/wp-json\/wp\/v2\/comments?post=3438"}],"wp:featuredmedia":[{"embeddable":true,"href":"https:\/\/cbikes.gr\/cs\/wp-json\/wp\/v2\/media\/4650"}],"wp:attachment":[{"href":"https:\/\/cbikes.gr\/cs\/wp-json\/wp\/v2\/media?parent=3438"}],"wp:term":[{"taxonomy":"product_brand","embeddable":true,"href":"https:\/\/cbikes.gr\/cs\/wp-json\/wp\/v2\/product_brand?post=3438"},{"taxonomy":"product_cat","embeddable":true,"href":"https:\/\/cbikes.gr\/cs\/wp-json\/wp\/v2\/product_cat?post=3438"},{"taxonomy":"product_tag","embeddable":true,"href":"https:\/\/cbikes.gr\/cs\/wp-json\/wp\/v2\/product_tag?post=3438"}],"curies":[{"name":"wp","href":"https:\/\/api.w.org\/{rel}","templated":true}]}}