{"id":3441,"date":"2024-03-11T19:41:26","date_gmt":"2024-03-11T17:41:26","guid":{"rendered":"https:\/\/cbikes.gr\/?post_type=product&#038;p=3441"},"modified":"2025-03-27T10:03:48","modified_gmt":"2025-03-27T08:03:48","slug":"levit-musca-hd-630-elektrokolo-v-zelene-sede-perletove-19","status":"publish","type":"product","link":"https:\/\/cbikes.gr\/cs\/produkt\/levit-musca-hd-630-elektrokolo-v-zelene-sede-perletove-19\/","title":{"rendered":"LEVIT MUSCA HD 630: Electric Bike in Green Gray Pearl 19&#8221;"},"content":{"rendered":"<table style=\"border-collapse: collapse; width: 621px; border-spacing: 0px; text-align: start; height: 1473px;\" border=\"0\" width=\"128\" cellspacing=\"0\" cellpadding=\"0\">\n<tbody>\n<tr style=\"height: 15.0pt;\">\n<td class=\"xl65\" style=\"height: 15.0pt; width: 48pt;\" align=\"left\" width=\"64\" height=\"20\">Motor:<\/td>\n<td style=\"width: 48pt; padding-bottom: 0px; padding-top: 0px;\" align=\"left\" width=\"64\">Levit HD<\/td>\n<\/tr>\n<tr style=\"height: 15.0pt;\">\n<td class=\"xl65\" style=\"height: 15.0pt;\" align=\"left\" height=\"20\">Baterie:<\/td>\n<td style=\"padding-bottom: 0px; padding-top: 0px;\" align=\"left\">Levit SP2.1 630 Wh (17,5 Ah)<\/td>\n<\/tr>\n<tr style=\"height: 15.0pt;\">\n<td class=\"xl65\" style=\"height: 15.0pt;\" align=\"left\" height=\"20\">Ovlada\u010d:<\/td>\n<td style=\"padding-bottom: 0px; padding-top: 0px;\" align=\"left\">LCD Levit Codac<\/td>\n<\/tr>\n<tr style=\"height: 15.0pt;\">\n<td class=\"xl65\" style=\"height: 15.0pt;\" align=\"left\" height=\"20\">RAM:<\/td>\n<td style=\"padding-bottom: 0px; padding-top: 0px;\" align=\"left\">Slitina 6061<\/td>\n<\/tr>\n<tr style=\"height: 15.0pt;\">\n<td class=\"xl65\" style=\"height: 15.0pt;\" align=\"left\" height=\"20\">Vyr\u00e1b\u011bn\u00e9 velikosti:<\/td>\n<td style=\"padding-bottom: 0px; padding-top: 0px;\" align=\"left\">M, L, XL<\/td>\n<\/tr>\n<tr style=\"height: 15.0pt;\">\n<td class=\"xl65\" style=\"height: 15.0pt;\" align=\"left\" height=\"20\">Vidlice:<\/td>\n<td style=\"padding-bottom: 0px; padding-top: 0px;\" align=\"left\">RST Volant TnL (80 mm, se zamyk\u00e1n\u00edm z korunky)<\/td>\n<\/tr>\n<tr style=\"height: 15.0pt;\">\n<td class=\"xl65\" style=\"height: 15.0pt;\" align=\"left\" height=\"20\">Zadn\u00ed tlumi\u010d:<\/td>\n<td class=\"xl65\" style=\"padding-bottom: 0px; padding-top: 0px;\" align=\"left\">&#8211;<\/td>\n<\/tr>\n<tr style=\"height: 15.0pt;\">\n<td class=\"xl65\" style=\"height: 15.0pt;\" align=\"left\" height=\"20\">Hlavov\u00e9 slo\u017een\u00ed:<\/td>\n<td style=\"padding-bottom: 0px; padding-top: 0px;\" align=\"left\">Spec (polointegrovan\u00e9)<\/td>\n<\/tr>\n<tr style=\"height: 15.0pt;\">\n<td class=\"xl65\" style=\"height: 15.0pt;\" align=\"left\" height=\"20\">Brzdy:<\/td>\n<td style=\"padding-bottom: 0px; padding-top: 0px;\" align=\"left\">Zoom HB-875<\/td>\n<\/tr>\n<tr style=\"height: 15.0pt;\">\n<td class=\"xl65\" style=\"height: 15.0pt;\" align=\"left\" height=\"20\">Brzdov\u00e9 kotou\u010de:<\/td>\n<td style=\"padding-bottom: 0px; padding-top: 0px;\" align=\"left\">180 mm<\/td>\n<\/tr>\n<tr style=\"height: 15.0pt;\">\n<td class=\"xl65\" style=\"height: 15.0pt;\" align=\"left\" height=\"20\">St\u0159edov\u00e9 slo\u017een\u00ed:<\/td>\n<td style=\"padding-bottom: 0px; padding-top: 0px;\" align=\"left\">Thun JIVE 3.0<\/td>\n<\/tr>\n<tr style=\"height: 15.0pt;\">\n<td class=\"xl65\" style=\"height: 15.0pt;\" align=\"left\" height=\"20\">Klikn\u011bte:<\/td>\n<td style=\"padding-bottom: 0px; padding-top: 0px;\" align=\"left\">Spec NW (170 mm, 44 z.)<\/td>\n<\/tr>\n<tr style=\"height: 15.0pt;\">\n<td class=\"xl65\" style=\"height: 15.0pt;\" align=\"left\" height=\"20\">\u0158azen\u00ed:<\/td>\n<td style=\"padding-bottom: 0px; padding-top: 0px;\" align=\"left\">Microshift Marvo-LT<\/td>\n<\/tr>\n<tr style=\"height: 15.0pt;\">\n<td class=\"xl65\" style=\"height: 15.0pt;\" align=\"left\" height=\"20\">P\u0159ehazova\u010dka:<\/td>\n<td style=\"padding-bottom: 0px; padding-top: 0px;\" align=\"left\">Microshift RD-M46L<\/td>\n<\/tr>\n<tr style=\"height: 15.0pt;\">\n<td class=\"xl65\" style=\"height: 15.0pt;\" align=\"left\" height=\"20\">Kazeta:<\/td>\n<td style=\"padding-bottom: 0px; padding-top: 0px;\" align=\"left\">S-Ride M300 (11 \u2013 36 z.)<\/td>\n<\/tr>\n<tr style=\"height: 15.0pt;\">\n<td class=\"xl65\" style=\"height: 15.0pt;\" align=\"left\" height=\"20\">\u0158et\u011bz:<\/td>\n<td style=\"padding-bottom: 0px; padding-top: 0px;\" align=\"left\">KMC X9<\/td>\n<\/tr>\n<tr style=\"height: 15.0pt;\">\n<td class=\"xl65\" style=\"height: 15.0pt;\" align=\"left\" height=\"20\">N\u00e1boje:<\/td>\n<td style=\"padding-bottom: 0px; padding-top: 0px;\" align=\"left\">Formule DC-20LW<\/td>\n<\/tr>\n<tr style=\"height: 15.0pt;\">\n<td class=\"xl65\" style=\"height: 15.0pt;\" align=\"left\" height=\"20\">R\u00e1fky:<\/td>\n<td style=\"padding-bottom: 0px; padding-top: 0px;\" align=\"left\">Remerx Top Disc (622 x 19 mm)<\/td>\n<\/tr>\n<tr style=\"height: 15.0pt;\">\n<td class=\"xl65\" style=\"height: 15.0pt;\" align=\"left\" height=\"20\">Pl\u00e1\u0161t\u011b:<\/td>\n<td style=\"padding-bottom: 0px; padding-top: 0px;\" align=\"left\">CST Control Viva 28 x 1,75\u2033 (47-622)<\/td>\n<\/tr>\n<tr style=\"height: 15.0pt;\">\n<td class=\"xl65\" style=\"height: 15.0pt;\" align=\"left\" height=\"20\">Gripy:<\/td>\n<td style=\"padding-bottom: 0px; padding-top: 0px;\" align=\"left\">Herrmans DD36 Lock-on<\/td>\n<\/tr>\n<tr style=\"height: 15.0pt;\">\n<td class=\"xl65\" style=\"height: 15.0pt;\" align=\"left\" height=\"20\">\u0158\u00edd\u00edtka:<\/td>\n<td style=\"padding-bottom: 0px; padding-top: 0px;\" align=\"left\">Spec Stage 31,8 x 680 mm (17\u2033), 700 mm (19\u2033, 21\u2033)<\/td>\n<\/tr>\n<tr style=\"height: 15.0pt;\">\n<td class=\"xl65\" style=\"height: 15.0pt;\" align=\"left\" height=\"20\">P\u0159edstavec:<\/td>\n<td style=\"padding-bottom: 0px; padding-top: 0px;\" align=\"left\">Spec Stage 60 mm (17\u2033), 75 mm (19\u2033), 90 mm (21\u2033)<\/td>\n<\/tr>\n<tr style=\"height: 15.0pt;\">\n<td class=\"xl65\" style=\"height: 15.0pt;\" align=\"left\" height=\"20\">Sedlo:<\/td>\n<td style=\"padding-bottom: 0px; padding-top: 0px;\" align=\"left\">Selle Royal 1405 HRN<\/td>\n<\/tr>\n<tr style=\"height: 15.0pt;\">\n<td class=\"xl65\" style=\"height: 15.0pt;\" align=\"left\" height=\"20\">Sedlovka:<\/td>\n<td style=\"padding-bottom: 0px; padding-top: 0px;\" align=\"left\">Spec Stage 30,9 x 400 mm<\/td>\n<\/tr>\n<tr style=\"height: 15.0pt;\">\n<td class=\"xl65\" style=\"height: 15.0pt;\" align=\"left\" height=\"20\">Ped\u00e1ly:<\/td>\n<td style=\"padding-bottom: 0px; padding-top: 0px;\" align=\"left\">Slitina<\/td>\n<\/tr>\n<tr style=\"height: 15.0pt;\">\n<td class=\"xl65\" style=\"height: 15.0pt;\" align=\"left\" height=\"20\">Hmotnost:<\/td>\n<td style=\"padding-bottom: 0px; padding-top: 0px;\" align=\"left\">25 kg<\/td>\n<\/tr>\n<\/tbody>\n<\/table>\n<p>&nbsp;<\/p>","protected":false},"excerpt":{"rendered":"<p>The Levit Musca HD is a modern electric bike that embodies a combination of comfortable frame geometry and powerful electric support. The heart of this e-bike is the motor located in the rear hub, which ensures a smooth and unobtrusive ride, while still having enough power to climb slopes and ride fast on flat terrain. The energy source consists of a powerful battery with a capacity of 630 Wh, integrated directly into the frame, which increases the aesthetic side and at the same time contributes to a lower center of gravity for better handling.<\/p>\n<p>This battery provides a long range and is ideal for long trips without the need for frequent recharging. The suspension fork absorbs uneven terrain, hydraulic disc brakes for reliable stopping even in the wet, and the Microshift transmission system for smooth shifting, all contribute to a pleasant driving experience.<\/p>\n<p>The aluminum frame is light and durable, providing solid support while allowing easy handling of the bike. The Levit Musca HD is thus the ideal choice for cyclists looking for a powerful and reliable electric bike with a long range and quality components, suitable for various types of terrain and everyday use.<\/p>","protected":false},"featured_media":3439,"comment_status":"open","ping_status":"closed","template":"","meta":[],"product_brand":[],"product_cat":[84],"product_tag":[100,98,97],"class_list":{"0":"post-3441","1":"product","2":"type-product","3":"status-publish","4":"has-post-thumbnail","6":"type-city-bike","7":"manufacturer-olpran","8":"product_cat-e-bikes-retail","9":"product_tag-accessories","10":"product_tag-bikes","11":"product_tag-scooters","12":"product_shipping_class-retail-bikes","14":"first","15":"instock","16":"sale","17":"taxable","18":"shipping-taxable","19":"purchasable","20":"product-type-simple"},"_links":{"self":[{"href":"https:\/\/cbikes.gr\/cs\/wp-json\/wp\/v2\/product\/3441","targetHints":{"allow":["GET"]}}],"collection":[{"href":"https:\/\/cbikes.gr\/cs\/wp-json\/wp\/v2\/product"}],"about":[{"href":"https:\/\/cbikes.gr\/cs\/wp-json\/wp\/v2\/types\/product"}],"replies":[{"embeddable":true,"href":"https:\/\/cbikes.gr\/cs\/wp-json\/wp\/v2\/comments?post=3441"}],"wp:featuredmedia":[{"embeddable":true,"href":"https:\/\/cbikes.gr\/cs\/wp-json\/wp\/v2\/media\/3439"}],"wp:attachment":[{"href":"https:\/\/cbikes.gr\/cs\/wp-json\/wp\/v2\/media?parent=3441"}],"wp:term":[{"taxonomy":"product_brand","embeddable":true,"href":"https:\/\/cbikes.gr\/cs\/wp-json\/wp\/v2\/product_brand?post=3441"},{"taxonomy":"product_cat","embeddable":true,"href":"https:\/\/cbikes.gr\/cs\/wp-json\/wp\/v2\/product_cat?post=3441"},{"taxonomy":"product_tag","embeddable":true,"href":"https:\/\/cbikes.gr\/cs\/wp-json\/wp\/v2\/product_tag?post=3441"}],"curies":[{"name":"wp","href":"https:\/\/api.w.org\/{rel}","templated":true}]}}