{"id":3454,"date":"2024-03-11T19:13:51","date_gmt":"2024-03-11T17:13:51","guid":{"rendered":"https:\/\/cbikes.gr\/?post_type=product&#038;p=3454"},"modified":"2026-05-02T11:24:32","modified_gmt":"2026-05-02T08:24:32","slug":"canull-maot-hd-over-630-green","status":"publish","type":"product","link":"https:\/\/cbikes.gr\/cs\/produkt\/canull-maot-hd-over-630-green\/","title":{"rendered":"CANULL MAOT HD ebike nad 630 zelen\u00fd 21\u2033"},"content":{"rendered":"<table style=\"border-collapse: collapse; width: 711px; height: 543px;\" border=\"0\" width=\"128\" cellspacing=\"0\" cellpadding=\"0\">\n<tbody>\n<tr style=\"height: 15.0pt;\">\n<td style=\"height: 15.0pt; width: 48pt; padding-bottom: 0px; padding-top: 0px;\" align=\"left\" width=\"64\" height=\"20\">Motor:<\/td>\n<td style=\"width: 48pt;\" align=\"left\" width=\"64\">Levit HD<\/td>\n<\/tr>\n<tr style=\"height: 15.0pt;\">\n<td style=\"height: 15.0pt; padding-bottom: 0px; padding-top: 0px;\" align=\"left\" height=\"20\">Baterie:<\/td>\n<td align=\"left\">Levit SP2.1 630 Wh (17,5 Ah)<\/td>\n<\/tr>\n<tr style=\"height: 15.0pt;\">\n<td style=\"height: 15.0pt; padding-bottom: 0px; padding-top: 0px;\" align=\"left\" height=\"20\">Ovlada\u010d:<\/td>\n<td align=\"left\">LCD Levit Codac<\/td>\n<\/tr>\n<tr style=\"height: 15.0pt;\">\n<td style=\"height: 15.0pt; padding-bottom: 0px; padding-top: 0px;\" align=\"left\" height=\"20\">R\u00e1m:<\/td>\n<td align=\"left\">Slitina 6061<\/td>\n<\/tr>\n<tr style=\"height: 15.0pt;\">\n<td style=\"height: 15.0pt; padding-bottom: 0px; padding-top: 0px;\" align=\"left\" height=\"20\">Vyr\u00e1b\u011bn\u00e9 velikosti:<\/td>\n<td align=\"left\">L, XL<\/td>\n<\/tr>\n<tr style=\"height: 15.0pt;\">\n<td style=\"height: 15.0pt; padding-bottom: 0px; padding-top: 0px;\" align=\"left\" height=\"20\">Vidli\u010dka:<\/td>\n<td align=\"left\">RST Gila TnL (100 mm, se zamyk\u00e1n\u00edm z korunky)<\/td>\n<\/tr>\n<tr style=\"height: 15.0pt;\">\n<td style=\"height: 15.0pt; padding-bottom: 0px; padding-top: 0px;\" align=\"left\" height=\"20\">Zadn\u00ed tlumi\u010d:<\/td>\n<td align=\"left\">&#8211;<\/td>\n<\/tr>\n<tr style=\"height: 15.0pt;\">\n<td style=\"height: 15.0pt; padding-bottom: 0px; padding-top: 0px;\" align=\"left\" height=\"20\">Hlavn\u00ed slo\u017een\u00ed:<\/td>\n<td align=\"left\">Spec (polointegrovan\u00e9)<\/td>\n<\/tr>\n<tr style=\"height: 15.0pt;\">\n<td style=\"height: 15.0pt; padding-bottom: 0px; padding-top: 0px;\" align=\"left\" height=\"20\">brzdy:<\/td>\n<td align=\"left\">Zoom HB-875<\/td>\n<\/tr>\n<tr style=\"height: 15.0pt;\">\n<td style=\"height: 15.0pt; padding-bottom: 0px; padding-top: 0px;\" align=\"left\" height=\"20\">Brzdov\u00e9 kotou\u010de:<\/td>\n<td align=\"left\">180 mm<\/td>\n<\/tr>\n<tr style=\"height: 15.0pt;\">\n<td style=\"height: 15.0pt; padding-bottom: 0px; padding-top: 0px;\" align=\"left\" height=\"20\">St\u0159edn\u00ed slo\u017een\u00ed:<\/td>\n<td align=\"left\">Thun JIVE 3.0<\/td>\n<\/tr>\n<tr style=\"height: 15.0pt;\">\n<td style=\"height: 15.0pt; padding-bottom: 0px; padding-top: 0px;\" align=\"left\" height=\"20\">kliky:<\/td>\n<td align=\"left\">Spec NW (170 mm, 38 z.)<\/td>\n<\/tr>\n<tr style=\"height: 15.0pt;\">\n<td style=\"height: 15.0pt; padding-bottom: 0px; padding-top: 0px;\" align=\"left\" height=\"20\">\u0159azen\u00ed:<\/td>\n<td align=\"left\">Microshift Marvo-LT<\/td>\n<\/tr>\n<tr style=\"height: 15.0pt;\">\n<td style=\"height: 15.0pt; padding-bottom: 0px; padding-top: 0px;\" align=\"left\" height=\"20\">P\u0159ehazova\u010dka:<\/td>\n<td align=\"left\">Microshift RD-M46L<\/td>\n<\/tr>\n<tr style=\"height: 15.0pt;\">\n<td style=\"height: 15.0pt; padding-bottom: 0px; padding-top: 0px;\" align=\"left\" height=\"20\">Kazeta:<\/td>\n<td align=\"left\">S-Ride M300 (11 \u2013 36 z.)<\/td>\n<\/tr>\n<tr style=\"height: 15.0pt;\">\n<td style=\"height: 15.0pt; padding-bottom: 0px; padding-top: 0px;\" align=\"left\" height=\"20\">\u0158et\u011bz:<\/td>\n<td align=\"left\">KMC X9<\/td>\n<\/tr>\n<tr style=\"height: 15.0pt;\">\n<td style=\"height: 15.0pt; padding-bottom: 0px; padding-top: 0px;\" align=\"left\" height=\"20\">Poplatky:<\/td>\n<td align=\"left\">Formule DC-20LW<\/td>\n<\/tr>\n<tr style=\"height: 15.0pt;\">\n<td style=\"height: 15.0pt; padding-bottom: 0px; padding-top: 0px;\" align=\"left\" height=\"20\">R\u00e1fky:<\/td>\n<td align=\"left\">Remerx Rocky Disc (622 x 22 mm)<\/td>\n<\/tr>\n<tr style=\"height: 15.0pt;\">\n<td style=\"height: 15.0pt; padding-bottom: 0px; padding-top: 0px;\" align=\"left\" height=\"20\">Kab\u00e1ty:<\/td>\n<td align=\"left\">CST Gaballero 29 x 2,25\u2033 (57 \u2013 622)<\/td>\n<\/tr>\n<tr style=\"height: 15.0pt;\">\n<td style=\"height: 15.0pt; padding-bottom: 0px; padding-top: 0px;\" align=\"left\" height=\"20\">Gripy:<\/td>\n<td align=\"left\">Herrmans DD36 Lock-on<\/td>\n<\/tr>\n<tr style=\"height: 15.0pt;\">\n<td style=\"height: 15.0pt; padding-bottom: 0px; padding-top: 0px;\" align=\"left\" height=\"20\">\u0158\u00edd\u00edtka:<\/td>\n<td align=\"left\">Spec Stage 31,8 x 740 mm<\/td>\n<\/tr>\n<tr style=\"height: 15.0pt;\">\n<td style=\"height: 15.0pt; padding-bottom: 0px; padding-top: 0px;\" align=\"left\" height=\"20\">Zastavit:<\/td>\n<td align=\"left\">Spec Stage 75 mm (19\u2033), 90 mm (21\u2033)<\/td>\n<\/tr>\n<tr style=\"height: 15.0pt;\">\n<td style=\"height: 15.0pt; padding-bottom: 0px; padding-top: 0px;\" align=\"left\" height=\"20\">Sedadlo:<\/td>\n<td align=\"left\">Selle Royal 1216 HRN<\/td>\n<\/tr>\n<tr style=\"height: 15.0pt;\">\n<td style=\"height: 15.0pt; padding-bottom: 0px; padding-top: 0px;\" align=\"left\" height=\"20\">Sedlovka:<\/td>\n<td align=\"left\">Spec Stage 30,9 x 400 mm<\/td>\n<\/tr>\n<tr style=\"height: 15.0pt;\">\n<td style=\"height: 15.0pt; padding-bottom: 0px; padding-top: 0px;\" align=\"left\" height=\"20\">ped\u00e1ly:<\/td>\n<td align=\"left\">Slitina<\/td>\n<\/tr>\n<tr style=\"height: 15.0pt;\">\n<td style=\"height: 15.0pt; padding-bottom: 0px; padding-top: 0px;\" align=\"left\" height=\"20\">Hmotnost:<\/td>\n<td align=\"left\">23,5 kg<\/td>\n<\/tr>\n<\/tbody>\n<\/table>","protected":false},"excerpt":{"rendered":"<p>Canull MAOT+ je an <strong>elektrick\u00e9 kolo<\/strong> kter\u00e1 je vynikaj\u00edc\u00ed volbou pro cyklisty, kte\u0159\u00ed hledaj\u00ed kombinaci pohodln\u00e9 j\u00edzdy a v\u00fdkonn\u00e9 elektrick\u00e9 asistence.<\/p>\n<p>Tento model je vybaven motorem v zadn\u00edm n\u00e1boji, kter\u00fd mu dod\u00e1v\u00e1 vynikaj\u00edc\u00ed trakci a umo\u017e\u0148uje plynul\u00fd p\u0159enos energie p\u0159i \u0161lap\u00e1n\u00ed.<\/p>\n<p>Kl\u00ed\u010dov\u00fdm prvkem <strong>elektrokolo<\/strong> je 630 Wh baterie, integrovan\u00e1 do r\u00e1mu, kter\u00e1 zaji\u0161\u0165uje vysok\u00fd dojezd a dlouhodobou v\u00fddr\u017e, co\u017e je ide\u00e1ln\u00ed pro del\u0161\u00ed v\u00fdlety nebo ka\u017edodenn\u00ed doj\u00ed\u017ed\u011bn\u00ed.<\/p>\n<p>S touto bateri\u00ed se nemus\u00edte b\u00e1t, \u017ee by v\u00e1s v nevhodnou chv\u00edli opustila energie.<\/p>\n<p>The <strong>kolo<\/strong> je tak\u00e9 vybavena kvalitn\u00edmi komponenty, jako je odpru\u017een\u00e1 vidlice zaji\u0161\u0165uj\u00edc\u00ed komfort i na nerovn\u00e9m ter\u00e9nu a hydraulick\u00e9 kotou\u010dov\u00e9 brzdy pro okam\u017eit\u00e9 a spolehliv\u00e9 brzd\u011bn\u00ed.<\/p>\n<p>Hlin\u00edkov\u00fd r\u00e1m nab\u00edz\u00ed dobr\u00fd kompromis mezi pevnost\u00ed a hmotnost\u00ed, co\u017e je d\u016fle\u017eit\u00e9 pro hbit\u00e9 ovl\u00e1d\u00e1n\u00ed kola.<\/p>\n<p>P\u0159evodov\u00fd syst\u00e9m Microshift zaji\u0161\u0165uje plynul\u00e9 \u0159azen\u00ed a efektivn\u00ed p\u0159enos s\u00edly na kola, co\u017e p\u0159isp\u00edv\u00e1 k celkov\u00e9mu z\u00e1\u017eitku z j\u00edzdy.<\/p>\n<p>Canull Maot+ je tak v\u00fdbornou volbou pro ty, kte\u0159\u00ed cht\u011bj\u00ed technologicky vysp\u011bl\u00e9 a spolehliv\u00e9 elektrokolo do r\u016fzn\u00fdch typ\u016f ter\u00e9nu.<\/p>","protected":false},"featured_media":3450,"comment_status":"open","ping_status":"closed","template":"","meta":[],"product_brand":[],"product_cat":[84],"product_tag":[100,98,96,99],"class_list":{"0":"post-3454","1":"product","2":"type-product","3":"status-publish","4":"has-post-thumbnail","6":"type-mountain","7":"manufacturer-olpran","8":"product_cat-e-bikes-retail","9":"product_tag-accessories","10":"product_tag-bikes","11":"product_tag-e-bikes","12":"product_tag-retail","13":"product_shipping_class-retail-bikes","15":"first","16":"onbackorder","17":"sale","18":"taxable","19":"shipping-taxable","20":"purchasable","21":"product-type-simple"},"_links":{"self":[{"href":"https:\/\/cbikes.gr\/cs\/wp-json\/wp\/v2\/product\/3454","targetHints":{"allow":["GET"]}}],"collection":[{"href":"https:\/\/cbikes.gr\/cs\/wp-json\/wp\/v2\/product"}],"about":[{"href":"https:\/\/cbikes.gr\/cs\/wp-json\/wp\/v2\/types\/product"}],"replies":[{"embeddable":true,"href":"https:\/\/cbikes.gr\/cs\/wp-json\/wp\/v2\/comments?post=3454"}],"wp:featuredmedia":[{"embeddable":true,"href":"https:\/\/cbikes.gr\/cs\/wp-json\/wp\/v2\/media\/3450"}],"wp:attachment":[{"href":"https:\/\/cbikes.gr\/cs\/wp-json\/wp\/v2\/media?parent=3454"}],"wp:term":[{"taxonomy":"product_brand","embeddable":true,"href":"https:\/\/cbikes.gr\/cs\/wp-json\/wp\/v2\/product_brand?post=3454"},{"taxonomy":"product_cat","embeddable":true,"href":"https:\/\/cbikes.gr\/cs\/wp-json\/wp\/v2\/product_cat?post=3454"},{"taxonomy":"product_tag","embeddable":true,"href":"https:\/\/cbikes.gr\/cs\/wp-json\/wp\/v2\/product_tag?post=3454"}],"curies":[{"name":"wp","href":"https:\/\/api.w.org\/{rel}","templated":true}]}}