{"id":3478,"date":"2024-03-07T12:58:41","date_gmt":"2024-03-07T10:58:41","guid":{"rendered":"https:\/\/cbikes.gr\/?post_type=product&#038;p=3478"},"modified":"2026-03-18T19:18:03","modified_gmt":"2026-03-18T17:18:03","slug":"panske-kolo-olpran-modra-billia-27-5","status":"publish","type":"product","link":"https:\/\/cbikes.gr\/cs\/produkt\/panske-kolo-olpran-modra-billia-27-5\/","title":{"rendered":"OLPRAN  27.5&#8243; Men&#8217;s MTB bike Light Blue or Similar"},"content":{"rendered":"<table style=\"border-collapse: collapse; width: 426px; height: 1058px;\" border=\"0\" width=\"64\" cellspacing=\"0\" cellpadding=\"0\">\n<tbody>\n<tr style=\"height: 15.0pt;\">\n<td style=\"height: 15.0pt; width: 48pt;\" width=\"64\" height=\"20\">Materi\u00e1l r\u00e1mu: HI-TEN STEEL<\/td>\n<\/tr>\n<tr style=\"height: 15.0pt;\">\n<td style=\"height: 15.0pt;\" height=\"20\"><\/td>\n<\/tr>\n<tr style=\"height: 15.0pt;\">\n<td style=\"height: 15.0pt;\" height=\"20\">Velikost r\u00e1mu: 18\u2033<\/td>\n<\/tr>\n<tr style=\"height: 15.0pt;\">\n<td style=\"height: 15.0pt;\" height=\"20\"><\/td>\n<\/tr>\n<tr style=\"height: 15.0pt;\">\n<td style=\"height: 15.0pt;\" height=\"20\">V\u00fd\u0161ka postavy: 165-185 cm<\/td>\n<\/tr>\n<tr style=\"height: 15.0pt;\">\n<td style=\"height: 15.0pt;\" height=\"20\"><\/td>\n<\/tr>\n<tr style=\"height: 15.0pt;\">\n<td style=\"height: 15.0pt;\" height=\"20\">V\u011bk: pro dosp\u011bl\u00e9<\/td>\n<\/tr>\n<tr style=\"height: 15.0pt;\">\n<td style=\"height: 15.0pt;\" height=\"20\"><\/td>\n<\/tr>\n<tr style=\"height: 15.0pt;\">\n<td style=\"height: 15.0pt;\" height=\"20\">D\u00e9lka doln\u00edch kon\u010detin: neuvedena<\/td>\n<\/tr>\n<tr style=\"height: 15.0pt;\">\n<td style=\"height: 15.0pt;\" height=\"20\"><\/td>\n<\/tr>\n<tr style=\"height: 15.0pt;\">\n<td style=\"height: 15.0pt;\" height=\"20\">Vidlice: zna\u010dka OLPRAN \u2013 HI-TEN STEEL s odpru\u017een\u00edm<\/td>\n<\/tr>\n<tr style=\"height: 15.0pt;\">\n<td style=\"height: 15.0pt;\" height=\"20\"><\/td>\n<\/tr>\n<tr style=\"height: 15.0pt;\">\n<td style=\"height: 15.0pt;\" height=\"20\">Nosnost: 90 kg<\/td>\n<\/tr>\n<tr style=\"height: 15.0pt;\">\n<td style=\"height: 15.0pt;\" height=\"20\"><\/td>\n<\/tr>\n<tr style=\"height: 15.0pt;\">\n<td style=\"height: 15.0pt;\" height=\"20\">Hmotnost kola v\u010detn\u011b ped\u00e1l\u016f: 16,3 kg<\/td>\n<\/tr>\n<tr style=\"height: 15.0pt;\">\n<td style=\"height: 15.0pt;\" height=\"20\"><\/td>\n<\/tr>\n<tr style=\"height: 15.0pt;\">\n<td style=\"height: 15.0pt;\" height=\"20\">Hlavov\u00e9 slo\u017een\u00ed: klasika \u2013 ocel<\/td>\n<\/tr>\n<tr style=\"height: 15.0pt;\">\n<td style=\"height: 15.0pt;\" height=\"20\"><\/td>\n<\/tr>\n<tr style=\"height: 15.0pt;\">\n<td style=\"height: 15.0pt;\" height=\"20\">P\u0159edn\u00ed brzda: kotou\u010dov\u00e1, kotou\u010d 160 mm<\/td>\n<\/tr>\n<tr style=\"height: 15.0pt;\">\n<td style=\"height: 15.0pt;\" height=\"20\"><\/td>\n<\/tr>\n<tr style=\"height: 15.0pt;\">\n<td style=\"height: 15.0pt;\" height=\"20\">Zadn\u00ed brzda: kotou\u010dov\u00e1 brzda, kotou\u010d 160 mm<\/td>\n<\/tr>\n<tr style=\"height: 15.0pt;\">\n<td style=\"height: 15.0pt;\" height=\"20\"><\/td>\n<\/tr>\n<tr style=\"height: 15.0pt;\">\n<td style=\"height: 15.0pt;\" height=\"20\">St\u0159edov\u00e9 slo\u017een\u00ed: ocel, osa 119 mm<\/td>\n<\/tr>\n<tr style=\"height: 15.0pt;\">\n<td style=\"height: 15.0pt;\" height=\"20\"><\/td>\n<\/tr>\n<tr style=\"height: 15.0pt;\">\n<td style=\"height: 15.0pt;\" height=\"20\">\u0158azen\u00ed: SHIMANO, INDEX<\/td>\n<\/tr>\n<tr style=\"height: 15.0pt;\">\n<td style=\"height: 15.0pt;\" height=\"20\"><\/td>\n<\/tr>\n<tr style=\"height: 15.0pt;\">\n<td style=\"height: 15.0pt;\" height=\"20\">P\u0159ehazova\u010dka: SHIMANO<\/td>\n<\/tr>\n<tr style=\"height: 15.0pt;\">\n<td style=\"height: 15.0pt;\" height=\"20\"><\/td>\n<\/tr>\n<tr style=\"height: 15.0pt;\">\n<td style=\"height: 15.0pt;\" height=\"20\">Po\u010det rychlost\u00ed: 18<\/td>\n<\/tr>\n<tr style=\"height: 15.0pt;\">\n<td style=\"height: 15.0pt;\" height=\"20\"><\/td>\n<\/tr>\n<tr style=\"height: 15.0pt;\">\n<td style=\"height: 15.0pt;\" height=\"20\">\u0158et\u011bz: ocel, Z6<\/td>\n<\/tr>\n<tr style=\"height: 15.0pt;\">\n<td style=\"height: 15.0pt;\" height=\"20\"><\/td>\n<\/tr>\n<tr style=\"height: 15.0pt;\">\n<td style=\"height: 15.0pt;\" height=\"20\">Kazeta: Shimano, 14-28T<\/td>\n<\/tr>\n<tr style=\"height: 15.0pt;\">\n<td style=\"height: 15.0pt;\" height=\"20\"><\/td>\n<\/tr>\n<tr style=\"height: 15.0pt;\">\n<td style=\"height: 15.0pt;\" height=\"20\">Zadn\u00ed n\u00e1boj: ocel, 36 d\u011br, pro kotou\u010dovou brzdu<\/td>\n<\/tr>\n<tr style=\"height: 15.0pt;\">\n<td style=\"height: 15.0pt;\" height=\"20\"><\/td>\n<\/tr>\n<tr style=\"height: 15.0pt;\">\n<td style=\"height: 15.0pt;\" height=\"20\">\u0158\u00edd\u00edtka: ocelov\u00e1, rovn\u00e1, 580 mm<\/td>\n<\/tr>\n<tr style=\"height: 15.0pt;\">\n<td style=\"height: 15.0pt;\" height=\"20\"><\/td>\n<\/tr>\n<tr style=\"height: 15.0pt;\">\n<td style=\"height: 15.0pt;\" height=\"20\">P\u0159edstavec: ocel, klasick\u00fd, 80 mm<\/td>\n<\/tr>\n<tr style=\"height: 15.0pt;\">\n<td style=\"height: 15.0pt;\" height=\"20\"><\/td>\n<\/tr>\n<tr style=\"height: 15.0pt;\">\n<td style=\"height: 15.0pt;\" height=\"20\">Sedlo: 280\u00d7160 mm \u010dern\u00e9, PU, se svorkou<\/td>\n<\/tr>\n<tr style=\"height: 15.0pt;\">\n<td style=\"height: 15.0pt;\" height=\"20\"><\/td>\n<\/tr>\n<tr style=\"height: 15.0pt;\">\n<td style=\"height: 15.0pt;\" height=\"20\">Sedlovka: ocel, rovn\u00e1, 28,6\u00d7270 mm<\/td>\n<\/tr>\n<tr style=\"height: 15.0pt;\">\n<td style=\"height: 15.0pt;\" height=\"20\"><\/td>\n<\/tr>\n<tr style=\"height: 15.0pt;\">\n<td style=\"height: 15.0pt;\" height=\"20\">Ped\u00e1ly: plastov\u00e9, kuli\u010dkov\u00e9, odrazky, borov\u00e1 osa<\/td>\n<\/tr>\n<tr style=\"height: 15.0pt;\">\n<td style=\"height: 15.0pt;\" height=\"20\"><\/td>\n<\/tr>\n<tr style=\"height: 15.0pt;\">\n<td style=\"height: 15.0pt;\" height=\"20\">Pneumatiky: 27,5\u2033 Trek dez\u00e9n<\/td>\n<\/tr>\n<tr style=\"height: 15.0pt;\">\n<td style=\"height: 15.0pt;\" height=\"20\"><\/td>\n<\/tr>\n<tr style=\"height: 15.0pt;\">\n<td style=\"height: 15.0pt;\" height=\"20\">P\u0159\u00edslu\u0161enstv\u00ed: stojan<\/td>\n<\/tr>\n<\/tbody>\n<\/table>","protected":false},"excerpt":{"rendered":"<h2>P\u0159edstavujeme horsk\u00e9 kolo Olrpran<\/h2>\n<p>Jste p\u0159ipraveni zdolat stezky a za\u017e\u00edt vzru\u0161en\u00ed z ter\u00e9nn\u00ed cyklistiky? Nehledejte nic jin\u00e9ho ne\u017e horsk\u00e9 kolo Olrpran. Toto kolo bylo navr\u017eeno pro milovn\u00edky dobrodru\u017estv\u00ed a adrenalinov\u00e9 nad\u0161ence a je vyrobeno tak, aby snadno zvl\u00e1dlo jak\u00fdkoli ter\u00e9n.<\/p>\n<h2>Uvoln\u011bte sv\u00e9ho vnit\u0159n\u00edho pr\u016fzkumn\u00edka<\/h2>\n<p>D\u00edky sv\u00e9mu robustn\u00edmu r\u00e1mu a odoln\u00fdm komponent\u016fm je horsk\u00e9 kolo Olrpran p\u0159ipraveno vz\u00edt v\u00e1s na nezapomenuteln\u00e9 cesty. A\u0165 u\u017e zdol\u00e1v\u00e1te strm\u00e9 kopce, proplouv\u00e1te kamenit\u00fdmi cestami nebo k\u0159i\u017eujete bahnit\u00fdmi stezkami, toto kolo v\u00e1s udr\u017e\u00ed pod kontrolou a dod\u00e1 v\u00e1m sebed\u016fv\u011bru k p\u0159ekon\u00e1n\u00ed va\u0161ich limit\u016f.<\/p>","protected":false},"featured_media":3806,"comment_status":"open","ping_status":"closed","template":"","meta":[],"product_brand":[],"product_cat":[79],"product_tag":[100,96,97],"class_list":{"0":"post-3478","1":"product","2":"type-product","3":"status-publish","4":"has-post-thumbnail","6":"type-mountain","7":"manufacturer-olpran","8":"product_cat-bikes","9":"product_tag-accessories","10":"product_tag-e-bikes","11":"product_tag-scooters","13":"first","14":"instock","15":"taxable","16":"shipping-taxable","17":"purchasable","18":"product-type-ovacrs_car_rental"},"_links":{"self":[{"href":"https:\/\/cbikes.gr\/cs\/wp-json\/wp\/v2\/product\/3478","targetHints":{"allow":["GET"]}}],"collection":[{"href":"https:\/\/cbikes.gr\/cs\/wp-json\/wp\/v2\/product"}],"about":[{"href":"https:\/\/cbikes.gr\/cs\/wp-json\/wp\/v2\/types\/product"}],"replies":[{"embeddable":true,"href":"https:\/\/cbikes.gr\/cs\/wp-json\/wp\/v2\/comments?post=3478"}],"wp:featuredmedia":[{"embeddable":true,"href":"https:\/\/cbikes.gr\/cs\/wp-json\/wp\/v2\/media\/3806"}],"wp:attachment":[{"href":"https:\/\/cbikes.gr\/cs\/wp-json\/wp\/v2\/media?parent=3478"}],"wp:term":[{"taxonomy":"product_brand","embeddable":true,"href":"https:\/\/cbikes.gr\/cs\/wp-json\/wp\/v2\/product_brand?post=3478"},{"taxonomy":"product_cat","embeddable":true,"href":"https:\/\/cbikes.gr\/cs\/wp-json\/wp\/v2\/product_cat?post=3478"},{"taxonomy":"product_tag","embeddable":true,"href":"https:\/\/cbikes.gr\/cs\/wp-json\/wp\/v2\/product_tag?post=3478"}],"curies":[{"name":"wp","href":"https:\/\/api.w.org\/{rel}","templated":true}]}}