{"id":3492,"date":"2024-03-07T13:36:18","date_gmt":"2024-03-07T11:36:18","guid":{"rendered":"https:\/\/cbikes.gr\/?post_type=product&#038;p=3492"},"modified":"2026-03-18T19:12:22","modified_gmt":"2026-03-18T17:12:22","slug":"rtut-28-zen","status":"publish","type":"product","link":"https:\/\/cbikes.gr\/cs\/produkt\/rtut-28-zen\/","title":{"rendered":"MERCURY 28&#8243; Women&#8217;s City bike White or Similar"},"content":{"rendered":"<table style=\"border-collapse: collapse; width: 410px; height: 305px;\" border=\"0\" width=\"64\" cellspacing=\"0\" cellpadding=\"0\">\n<tbody>\n<tr style=\"height: 15.0pt;\">\n<td style=\"height: 15.0pt; width: 48pt;\" width=\"64\" height=\"20\">Materi\u00e1l r\u00e1mu: HI-TEN STEEL<\/td>\n<\/tr>\n<tr style=\"height: 15.0pt;\">\n<td style=\"height: 15.0pt;\" height=\"20\">Velikost r\u00e1mu: 19\u2033 p\u00e1nsk\u00e9 a L18\u2033 d\u00e1msk\u00e9<\/td>\n<\/tr>\n<tr style=\"height: 15.0pt;\">\n<td style=\"height: 15.0pt;\" height=\"20\">V\u00fd\u0161ka: 165 \u2013 185 cm<\/td>\n<\/tr>\n<tr style=\"height: 15.0pt;\">\n<td style=\"height: 15.0pt;\" height=\"20\">V\u011bk: pro dosp\u011bl\u00e9<\/td>\n<\/tr>\n<tr style=\"height: 15.0pt;\">\n<td style=\"height: 15.0pt;\" height=\"20\">D\u00e9lka doln\u00edch kon\u010detin: neuvedena<\/td>\n<\/tr>\n<tr style=\"height: 15.0pt;\">\n<td style=\"height: 15.0pt;\" height=\"20\">Vidlice: HI-TEN STEEL (pevn\u00e1)<\/td>\n<\/tr>\n<tr style=\"height: 15.0pt;\">\n<td style=\"height: 15.0pt;\" height=\"20\">Nosnost: 90 kg<\/td>\n<\/tr>\n<tr style=\"height: 15.0pt;\">\n<td style=\"height: 15.0pt;\" height=\"20\">Hmotnost kola: 17,2 kg<\/td>\n<\/tr>\n<tr style=\"height: 15.0pt;\">\n<td style=\"height: 15.0pt;\" height=\"20\">: Hmotnost v\u010detn\u011b ped\u00e1l\u016f<\/td>\n<\/tr>\n<tr style=\"height: 15.0pt;\">\n<td style=\"height: 15.0pt;\" height=\"20\">Hlavov\u00e9 slo\u017een\u00ed: klasika \u2013 ocel<\/td>\n<\/tr>\n<tr style=\"height: 15.0pt;\">\n<td style=\"height: 15.0pt;\" height=\"20\">P\u0159edn\u00ed brzda: r\u00e1fkov\u00e1 V brzda, hlin\u00edk 110 mm<\/td>\n<\/tr>\n<tr style=\"height: 15.0pt;\">\n<td style=\"height: 15.0pt;\" height=\"20\">Zadn\u00ed brzda: r\u00e1fkov\u00e1 V brzda, hlin\u00edk 110 mm<\/td>\n<\/tr>\n<tr style=\"height: 15.0pt;\">\n<td style=\"height: 15.0pt;\" height=\"20\">St\u0159edov\u00e9 slo\u017een\u00ed: ocel, osa 119 mm<\/td>\n<\/tr>\n<tr style=\"height: 15.0pt;\">\n<td style=\"height: 15.0pt;\" height=\"20\">Kliky s p\u0159evodn\u00edky: ocel, 24-34-42\/170 mm<\/td>\n<\/tr>\n<tr style=\"height: 15.0pt;\">\n<td style=\"height: 15.0pt;\" height=\"20\">\u0158azen\u00ed: SHIMANO, INDEX<\/td>\n<\/tr>\n<tr style=\"height: 15.0pt;\">\n<td style=\"height: 15.0pt;\" height=\"20\">P\u0159ehazova\u010dka: SHIMANO<\/td>\n<\/tr>\n<tr style=\"height: 15.0pt;\">\n<td style=\"height: 15.0pt;\" height=\"20\">Po\u010det rychlost\u00ed: 18<\/td>\n<\/tr>\n<tr style=\"height: 15.0pt;\">\n<td style=\"height: 15.0pt;\" height=\"20\">\u0158et\u011bz: ocel, Z6<\/td>\n<\/tr>\n<tr style=\"height: 15.0pt;\">\n<td style=\"height: 15.0pt;\" height=\"20\">Kazeta: Shimano, 14-28T<\/td>\n<\/tr>\n<tr style=\"height: 15.0pt;\">\n<td style=\"height: 15.0pt;\" height=\"20\">P\u0159edn\u00ed n\u00e1boj: ocel, 36 otvor\u016f<\/td>\n<\/tr>\n<tr style=\"height: 15.0pt;\">\n<td style=\"height: 15.0pt;\" height=\"20\">Zadn\u00ed n\u00e1boj: ocel, 36 d\u011br<\/td>\n<\/tr>\n<tr style=\"height: 15.0pt;\">\n<td style=\"height: 15.0pt;\" height=\"20\">R\u00e1fky: hlin\u00edkov\u00e9 jednost\u011bnn\u00e9<\/td>\n<\/tr>\n<tr style=\"height: 15.0pt;\">\n<td style=\"height: 15.0pt;\" height=\"20\">\u0158\u00edd\u00edtka: ocelov\u00e1, rovn\u00e1, 580 mm<\/td>\n<\/tr>\n<tr style=\"height: 15.0pt;\">\n<td style=\"height: 15.0pt;\" height=\"20\">P\u0159edstavec: ocel, klasick\u00fd, 80 mm<\/td>\n<\/tr>\n<tr style=\"height: 15.0pt;\">\n<td style=\"height: 15.0pt;\" height=\"20\">Sed\u00e1k: 280\u00d7160 mm \u010dern\u00fd, PU, se svorkou<\/td>\n<\/tr>\n<tr style=\"height: 15.0pt;\">\n<td style=\"height: 15.0pt;\" height=\"20\">Sedlovka: ocel, rovn\u00e1, 28,6\u00d7250 mm<\/td>\n<\/tr>\n<tr style=\"height: 15.0pt;\">\n<td style=\"height: 15.0pt;\" height=\"20\">Ped\u00e1ly: plastov\u00e9, kuli\u010dkov\u00e9, odrazky, borov\u00e1 osa<\/td>\n<\/tr>\n<tr style=\"height: 15.0pt;\">\n<td style=\"height: 15.0pt;\" height=\"20\">Pneumatiky: 28\u2033 Trek dez\u00e9n<\/td>\n<\/tr>\n<tr style=\"height: 15.0pt;\">\n<td style=\"height: 15.0pt;\" height=\"20\">P\u0159\u00edslu\u0161enstv\u00ed: blatn\u00edky, stojan, p\u0159edn\u00ed + zadn\u00ed sv\u011btlo<\/td>\n<\/tr>\n<\/tbody>\n<\/table>","protected":false},"excerpt":{"rendered":"<h2>Introducing the Olrpran Mercury Bike<\/h2>\n<p>Are you ready to conquer the trails and experience the thrill of off-road cycling? Look no further than the Olrpran Mercury Bike. Designed for adventure seekers and adrenaline junkies, this bike is built to handle any terrain with ease.<\/p>\n<h2>Uvoln\u011bte sv\u00e9ho vnit\u0159n\u00edho pr\u016fzkumn\u00edka<\/h2>\n<p>With its rugged frame and durable components, the Olrpran Mercury Bike is ready to take you on unforgettable journeys. Whether you&#8217;re tackling steep hills, navigating rocky paths, or cruising through muddy trails, this bike will keep you in control and give you the confidence to push your limits.<\/p>","protected":false},"featured_media":3493,"comment_status":"open","ping_status":"closed","template":"","meta":[],"product_brand":[],"product_cat":[79],"product_tag":[100,96,97],"class_list":{"0":"post-3492","1":"product","2":"type-product","3":"status-publish","4":"has-post-thumbnail","6":"type-city-bike","7":"manufacturer-olpran","8":"product_cat-bikes","9":"product_tag-accessories","10":"product_tag-e-bikes","11":"product_tag-scooters","13":"first","14":"instock","15":"taxable","16":"shipping-taxable","17":"purchasable","18":"product-type-ovacrs_car_rental"},"_links":{"self":[{"href":"https:\/\/cbikes.gr\/cs\/wp-json\/wp\/v2\/product\/3492","targetHints":{"allow":["GET"]}}],"collection":[{"href":"https:\/\/cbikes.gr\/cs\/wp-json\/wp\/v2\/product"}],"about":[{"href":"https:\/\/cbikes.gr\/cs\/wp-json\/wp\/v2\/types\/product"}],"replies":[{"embeddable":true,"href":"https:\/\/cbikes.gr\/cs\/wp-json\/wp\/v2\/comments?post=3492"}],"wp:featuredmedia":[{"embeddable":true,"href":"https:\/\/cbikes.gr\/cs\/wp-json\/wp\/v2\/media\/3493"}],"wp:attachment":[{"href":"https:\/\/cbikes.gr\/cs\/wp-json\/wp\/v2\/media?parent=3492"}],"wp:term":[{"taxonomy":"product_brand","embeddable":true,"href":"https:\/\/cbikes.gr\/cs\/wp-json\/wp\/v2\/product_brand?post=3492"},{"taxonomy":"product_cat","embeddable":true,"href":"https:\/\/cbikes.gr\/cs\/wp-json\/wp\/v2\/product_cat?post=3492"},{"taxonomy":"product_tag","embeddable":true,"href":"https:\/\/cbikes.gr\/cs\/wp-json\/wp\/v2\/product_tag?post=3492"}],"curies":[{"name":"wp","href":"https:\/\/api.w.org\/{rel}","templated":true}]}}