{"id":3529,"date":"2024-03-11T10:02:06","date_gmt":"2024-03-11T08:02:06","guid":{"rendered":"https:\/\/cbikes.gr\/?post_type=product&#038;p=3529"},"modified":"2026-05-02T11:24:32","modified_gmt":"2026-05-02T08:24:32","slug":"childrens-glasses-max1-kids-pink-mint","status":"publish","type":"product","link":"https:\/\/cbikes.gr\/cs\/produkt\/childrens-glasses-max1-kids-pink-mint\/","title":{"rendered":"D\u011btsk\u00e9 br\u00fdle MAX1 Kids r\u016f\u017eov\u00e9\/mint"},"content":{"rendered":"<p>Sportovn\u00ed d\u011btsk\u00e9 br\u00fdle MAX1 Kids.<\/p>\n<p>\u2022 Ochrana p\u0159ed slune\u010dn\u00edm z\u00e1\u0159en\u00edm \u2013 REVO glass cat. 3, 100% UV filtr<br \/>\n\u2022 Odolnost \u2013 polykarbon\u00e1tov\u00e9 br\u00fdle jsou odoln\u00e9 proti n\u00e1razu, kompozitn\u00ed plast r\u00e1mu snese velk\u00e9 zat\u00ed\u017een\u00ed<\/p>\n<p>Specifikace:<br \/>\n\u2022 odoln\u00fd kompozitn\u00ed r\u00e1m<br \/>\n\u2022 polykarbon\u00e1tov\u00e1 skla jsou odoln\u00e1 proti n\u00e1razu<br \/>\n\u2022 sou\u010d\u00e1st\u00ed balen\u00ed je ochrann\u00fd textiln\u00ed vak<br \/>\n\u2022 barevn\u00e9 proveden\u00ed r\u016f\u017eov\u00e1\/mint<\/p>\n<p>Specifikace skla:<br \/>\n\u2022 instalovan\u00e9 sklo REVO Rose Gold, kat.\u010d. 3<\/p>","protected":false},"excerpt":{"rendered":"<p>D\u011btsk\u00e9 slune\u010dn\u00ed br\u00fdle MAX1 s UV ochranou, odoln\u00e1 polykarbon\u00e1tov\u00e1 skla REVO Rose Gold, kat. 3<\/p>","protected":false},"featured_media":5022,"comment_status":"open","ping_status":"closed","template":"","meta":[],"product_brand":[],"product_cat":[81],"product_tag":[100,98,96,97],"class_list":{"0":"post-3529","1":"product","2":"type-product","3":"status-publish","4":"has-post-thumbnail","6":"type-accessories","7":"manufacturer-cyclomax","8":"product_cat-accessories","9":"product_tag-accessories","10":"product_tag-bikes","11":"product_tag-e-bikes","12":"product_tag-scooters","14":"first","15":"instock","16":"taxable","17":"shipping-taxable","18":"purchasable","19":"product-type-simple"},"_links":{"self":[{"href":"https:\/\/cbikes.gr\/cs\/wp-json\/wp\/v2\/product\/3529","targetHints":{"allow":["GET"]}}],"collection":[{"href":"https:\/\/cbikes.gr\/cs\/wp-json\/wp\/v2\/product"}],"about":[{"href":"https:\/\/cbikes.gr\/cs\/wp-json\/wp\/v2\/types\/product"}],"replies":[{"embeddable":true,"href":"https:\/\/cbikes.gr\/cs\/wp-json\/wp\/v2\/comments?post=3529"}],"wp:featuredmedia":[{"embeddable":true,"href":"https:\/\/cbikes.gr\/cs\/wp-json\/wp\/v2\/media\/5022"}],"wp:attachment":[{"href":"https:\/\/cbikes.gr\/cs\/wp-json\/wp\/v2\/media?parent=3529"}],"wp:term":[{"taxonomy":"product_brand","embeddable":true,"href":"https:\/\/cbikes.gr\/cs\/wp-json\/wp\/v2\/product_brand?post=3529"},{"taxonomy":"product_cat","embeddable":true,"href":"https:\/\/cbikes.gr\/cs\/wp-json\/wp\/v2\/product_cat?post=3529"},{"taxonomy":"product_tag","embeddable":true,"href":"https:\/\/cbikes.gr\/cs\/wp-json\/wp\/v2\/product_tag?post=3529"}],"curies":[{"name":"wp","href":"https:\/\/api.w.org\/{rel}","templated":true}]}}