{"id":3539,"date":"2024-03-11T10:14:59","date_gmt":"2024-03-11T08:14:59","guid":{"rendered":"https:\/\/cbikes.gr\/?post_type=product&#038;p=3539"},"modified":"2026-05-02T11:24:32","modified_gmt":"2026-05-02T08:24:32","slug":"cable-lock-max1-650x8-mm-black-coded","status":"publish","type":"product","link":"https:\/\/cbikes.gr\/cs\/produkt\/cable-lock-max1-650x8-mm-black-coded\/","title":{"rendered":"Lankov\u00fd z\u00e1mek MAX1 650\u00d78 mm \u010dern\u00fd k\u00f3dovan\u00fd"},"content":{"rendered":"","protected":false},"excerpt":{"rendered":"<p>Standardn\u00ed kabelov\u00fd k\u00f3dov\u00fd z\u00e1mek MAX1.<\/p>\n<p>\u2013 4m\u00edstn\u00fd PIN<br \/>\n\u2013 vysoce kvalitn\u00ed z\u00e1mek s kabelem pota\u017een\u00fdm vinylem<\/p>","protected":false},"featured_media":5021,"comment_status":"open","ping_status":"closed","template":"","meta":[],"product_brand":[],"product_cat":[81],"product_tag":[100,98,96,97],"class_list":{"0":"post-3539","1":"product","2":"type-product","3":"status-publish","4":"has-post-thumbnail","6":"type-accessories","7":"manufacturer-cyclomax","8":"product_cat-accessories","9":"product_tag-accessories","10":"product_tag-bikes","11":"product_tag-e-bikes","12":"product_tag-scooters","14":"first","15":"instock","16":"taxable","17":"shipping-taxable","18":"purchasable","19":"product-type-simple"},"_links":{"self":[{"href":"https:\/\/cbikes.gr\/cs\/wp-json\/wp\/v2\/product\/3539","targetHints":{"allow":["GET"]}}],"collection":[{"href":"https:\/\/cbikes.gr\/cs\/wp-json\/wp\/v2\/product"}],"about":[{"href":"https:\/\/cbikes.gr\/cs\/wp-json\/wp\/v2\/types\/product"}],"replies":[{"embeddable":true,"href":"https:\/\/cbikes.gr\/cs\/wp-json\/wp\/v2\/comments?post=3539"}],"wp:featuredmedia":[{"embeddable":true,"href":"https:\/\/cbikes.gr\/cs\/wp-json\/wp\/v2\/media\/5021"}],"wp:attachment":[{"href":"https:\/\/cbikes.gr\/cs\/wp-json\/wp\/v2\/media?parent=3539"}],"wp:term":[{"taxonomy":"product_brand","embeddable":true,"href":"https:\/\/cbikes.gr\/cs\/wp-json\/wp\/v2\/product_brand?post=3539"},{"taxonomy":"product_cat","embeddable":true,"href":"https:\/\/cbikes.gr\/cs\/wp-json\/wp\/v2\/product_cat?post=3539"},{"taxonomy":"product_tag","embeddable":true,"href":"https:\/\/cbikes.gr\/cs\/wp-json\/wp\/v2\/product_tag?post=3539"}],"curies":[{"name":"wp","href":"https:\/\/api.w.org\/{rel}","templated":true}]}}