{"id":3545,"date":"2024-03-11T10:22:46","date_gmt":"2024-03-11T08:22:46","guid":{"rendered":"https:\/\/cbikes.gr\/?post_type=product&#038;p=3545"},"modified":"2025-03-27T08:48:39","modified_gmt":"2025-03-27T06:48:39","slug":"tubeless-repair-sealant-kit-max1-100ml","status":"publish","type":"product","link":"https:\/\/cbikes.gr\/cs\/produkt\/tubeless-repair-sealant-kit-max1-100ml\/","title":{"rendered":"Sada bezdu\u0161ov\u00fdch opravn\u00fdch tmel\u016f MAX1 100ml"},"content":{"rendered":"","protected":false},"excerpt":{"rendered":"<p>Opravn\u00fd sprej MAX1 100 ml pro do\u010dasnou opravu defekt\u016f standardn\u00edch a UST pl\u00e1\u0161\u0165\u016f j\u00edzdn\u00edch kol.<br \/>\nUt\u011bsn\u00ed vznikl\u00fd otvor a\u017e do 2 mm a z\u00e1rove\u0148 v jednom kroku ut\u011bsn\u00ed pl\u00e1\u0161\u0165 (s nebo bez du\u0161e). Obsah kontejneru vysta\u010d\u00ed na opravu pneumatiky minim\u00e1ln\u011b 26\u2033\/29\u2033.<br \/>\nNelze aplikovat v p\u0159\u00edpad\u011b v\u011bt\u0161\u00edho po\u0161kozen\u00ed, prora\u017een\u00ed boku nebo v p\u0159\u00edpad\u011b po\u0161kozen\u00ed r\u00e1fku.<br \/>\nSou\u010d\u00e1st\u00ed je dr\u017e\u00e1k pro mont\u00e1\u017e na sedlovku nebo r\u00e1m. Lze pou\u017e\u00edt na AV nebo FV ventily s redukc\u00ed (sou\u010d\u00e1st\u00ed balen\u00ed).<\/p>\n<p>Sprej uchov\u00e1vejte na such\u00e9m m\u00edst\u011b, uchov\u00e1vejte mimo dosah d\u011bt\u00ed, nevystavujte teplot\u00e1m nad 40\u00b0C a pr\u00e1zdnou n\u00e1dobu nepropichujte ani nevhazujte do ohn\u011b. Likvidujte na m\u00edstech k tomu ur\u010den\u00fdch k n\u00e1sledn\u00e9 ekologick\u00e9 likvidaci.<\/p>\n<p>Nebezpe\u010d\u00ed.<br \/>\nHo\u0159lav\u00fd F+ \u2013 extr\u00e9mn\u011b ho\u0159lav\u00fd.<\/p>","protected":false},"featured_media":5017,"comment_status":"open","ping_status":"closed","template":"","meta":[],"product_brand":[],"product_cat":[81],"product_tag":[100,98,96,97],"class_list":{"0":"post-3545","1":"product","2":"type-product","3":"status-publish","4":"has-post-thumbnail","6":"type-accessories","7":"manufacturer-cyclomax","8":"product_cat-accessories","9":"product_tag-accessories","10":"product_tag-bikes","11":"product_tag-e-bikes","12":"product_tag-scooters","14":"first","15":"instock","16":"taxable","17":"shipping-taxable","18":"purchasable","19":"product-type-simple"},"_links":{"self":[{"href":"https:\/\/cbikes.gr\/cs\/wp-json\/wp\/v2\/product\/3545","targetHints":{"allow":["GET"]}}],"collection":[{"href":"https:\/\/cbikes.gr\/cs\/wp-json\/wp\/v2\/product"}],"about":[{"href":"https:\/\/cbikes.gr\/cs\/wp-json\/wp\/v2\/types\/product"}],"replies":[{"embeddable":true,"href":"https:\/\/cbikes.gr\/cs\/wp-json\/wp\/v2\/comments?post=3545"}],"wp:featuredmedia":[{"embeddable":true,"href":"https:\/\/cbikes.gr\/cs\/wp-json\/wp\/v2\/media\/5017"}],"wp:attachment":[{"href":"https:\/\/cbikes.gr\/cs\/wp-json\/wp\/v2\/media?parent=3545"}],"wp:term":[{"taxonomy":"product_brand","embeddable":true,"href":"https:\/\/cbikes.gr\/cs\/wp-json\/wp\/v2\/product_brand?post=3545"},{"taxonomy":"product_cat","embeddable":true,"href":"https:\/\/cbikes.gr\/cs\/wp-json\/wp\/v2\/product_cat?post=3545"},{"taxonomy":"product_tag","embeddable":true,"href":"https:\/\/cbikes.gr\/cs\/wp-json\/wp\/v2\/product_tag?post=3545"}],"curies":[{"name":"wp","href":"https:\/\/api.w.org\/{rel}","templated":true}]}}