{"id":3550,"date":"2024-03-11T10:27:28","date_gmt":"2024-03-11T08:27:28","guid":{"rendered":"https:\/\/cbikes.gr\/?post_type=product&#038;p=3550"},"modified":"2026-05-02T11:24:55","modified_gmt":"2026-05-02T08:24:55","slug":"rear-seat-hamax-amaze-lock-grey-petrol-reflex","status":"publish","type":"product","link":"https:\/\/cbikes.gr\/cs\/produkt\/rear-seat-hamax-amaze-lock-grey-petrol-reflex\/","title":{"rendered":"Zadn\u00ed sedadlo HAMAX Amaze lock \u0161ed\u00fd\/benz\u00ednov\u00fd reflex"},"content":{"rendered":"<p>Mont\u00e1\u017e na r\u00e1m<\/p>\n<p>Nastaviteln\u00e1, od 9 m\u011bs\u00edc\u016f* do 22 kg 12,5\u00b0 ergonomick\u00e1 poloha<\/p>\n<p>Jednoduch\u00fd skl\u00e1dac\u00ed \u010d\u00edseln\u00edk lze nastavit jednou rukou bez nutnosti sund\u00e1vat kole\u010dko. Variabiln\u00ed n\u00e1klony a\u017e do 12,5\u00b0 umo\u017e\u0148uj\u00ed va\u0161emu d\u00edt\u011bti pohodlnou j\u00edzdu a udr\u017een\u00ed ide\u00e1ln\u00ed polohy hlavy.<\/p>\n<p>Tlumen\u00ed n\u00e1razu<\/p>\n<p>Seda\u010dka je navr\u017eena tak, aby v\u00e1m i va\u0161emu spolujezdci poskytovala optim\u00e1ln\u00ed pohodl\u00ed, m\u00e1 dvojit\u00fd ocelov\u00fd syst\u00e9m odpru\u017een\u00ed, kter\u00fd va\u0161emu d\u00edt\u011bti zajist\u00ed bezprobl\u00e9movou a hladkou j\u00edzdu.<\/p>\n<p>Prohlube\u0148 na p\u0159ilbu<\/p>\n<p>Umo\u017e\u0148uje hlav\u011b d\u00edt\u011bte pohodln\u011b sed\u011bt, ani\u017e by byla tla\u010dena dop\u0159edu.<\/p>\n<p>Reflektory pro lep\u0161\u00ed viditelnost<\/p>\n<p>P\u0159ilepen\u00e9 k zadn\u00ed \u010d\u00e1sti sedadla pro viditelnost v noci.<\/p>\n<p>Ochrann\u00e9 kryty<\/p>\n<p>Zajist\u011bte ochranu nohou kryty.<\/p>\n<p>Extra pevn\u00e9 a pohodln\u00e9 polstrov\u00e1n\u00ed<\/p>\n<p>Popruh s ramenn\u00edmi vycp\u00e1vkami<\/p>\n<p>Reflexn\u00ed tkanina na zadn\u00ed stran\u011b pro lep\u0161\u00ed viditelnost<\/p>\n<p>Lze namontovat na kolo s nosi\u010dem zavazadel nebo bez n\u011bj<\/p>\n<p>Snadn\u00e1 mont\u00e1\u017e \u2013 pouze \u010dty\u0159i \u0161rouby<\/p>\n<p>Poskytuje odpru\u017een\u00ed sedadla<\/p>\n<p>Kdy\u017e je konzola bezpe\u010dn\u011b upevn\u011bna, usly\u0161\u00edte \u201ecvaknut\u00ed\u201c.<\/p>\n<p>Kdy\u017e jsou ty\u010de spr\u00e1vn\u011b nasazeny, objev\u00ed se zelen\u00e9 indik\u00e1tory<\/p>\n<p>Rychloup\u00ednac\u00ed syst\u00e9m, stiskn\u011bte p\u0159edn\u00ed \u010d\u00e1st dr\u017e\u00e1ku a sejm\u011bte li\u0161tu<\/p>\n<p>Minim\u00e1ln\u00ed v\u011bk: 9 m\u011bs\u00edc\u016f*<br \/>\nPolohovateln\u00e9: 12,5\u00b0<\/p>\n<p>* 9 m\u011bs\u00edc\u016f odr\u00e1\u017e\u00ed p\u0159ibli\u017en\u00fd v\u011bk, kdy d\u00edt\u011b m\u016f\u017ee dr\u017eet hlavu vzp\u0159\u00edmen\u011b bez opory.<\/p>","protected":false},"excerpt":{"rendered":"<p>D\u011btsk\u00e1 cykloseda\u010dka Amaze je bezpe\u010dn\u00e1 a elegantn\u011b za\u0159\u00edzen\u00e1 ve vesel\u00fdch barv\u00e1ch. Seda\u010dka m\u00e1 funkci n\u00e1klonu 12,5\u00b0. V\u0161echna nastaven\u00ed jsou navr\u017eena pro ovl\u00e1d\u00e1n\u00ed jednou rukou, tak\u017ee druhou rukou m\u016f\u017eete kolo stabilizovat p\u0159i ji\u0161t\u011bn\u00ed d\u00edt\u011bte.<\/p>","protected":false},"featured_media":5016,"comment_status":"open","ping_status":"closed","template":"","meta":[],"product_brand":[],"product_cat":[81],"product_tag":[100,98,96,97],"class_list":{"0":"post-3550","1":"product","2":"type-product","3":"status-publish","4":"has-post-thumbnail","6":"type-accessories","7":"manufacturer-cyclomax","8":"product_cat-accessories","9":"product_tag-accessories","10":"product_tag-bikes","11":"product_tag-e-bikes","12":"product_tag-scooters","14":"first","15":"instock","16":"taxable","17":"shipping-taxable","18":"purchasable","19":"product-type-simple"},"_links":{"self":[{"href":"https:\/\/cbikes.gr\/cs\/wp-json\/wp\/v2\/product\/3550","targetHints":{"allow":["GET"]}}],"collection":[{"href":"https:\/\/cbikes.gr\/cs\/wp-json\/wp\/v2\/product"}],"about":[{"href":"https:\/\/cbikes.gr\/cs\/wp-json\/wp\/v2\/types\/product"}],"replies":[{"embeddable":true,"href":"https:\/\/cbikes.gr\/cs\/wp-json\/wp\/v2\/comments?post=3550"}],"wp:featuredmedia":[{"embeddable":true,"href":"https:\/\/cbikes.gr\/cs\/wp-json\/wp\/v2\/media\/5016"}],"wp:attachment":[{"href":"https:\/\/cbikes.gr\/cs\/wp-json\/wp\/v2\/media?parent=3550"}],"wp:term":[{"taxonomy":"product_brand","embeddable":true,"href":"https:\/\/cbikes.gr\/cs\/wp-json\/wp\/v2\/product_brand?post=3550"},{"taxonomy":"product_cat","embeddable":true,"href":"https:\/\/cbikes.gr\/cs\/wp-json\/wp\/v2\/product_cat?post=3550"},{"taxonomy":"product_tag","embeddable":true,"href":"https:\/\/cbikes.gr\/cs\/wp-json\/wp\/v2\/product_tag?post=3550"}],"curies":[{"name":"wp","href":"https:\/\/api.w.org\/{rel}","templated":true}]}}