{"id":3555,"date":"2024-03-11T10:38:44","date_gmt":"2024-03-11T08:38:44","guid":{"rendered":"https:\/\/cbikes.gr\/?post_type=product&#038;p=3555"},"modified":"2026-05-02T11:24:32","modified_gmt":"2026-05-02T08:24:32","slug":"helmet-rm-edge-blue-orange-size-s-m-55-58cm","status":"publish","type":"product","link":"https:\/\/cbikes.gr\/cs\/produkt\/helmet-rm-edge-blue-orange-size-s-m-55-58cm\/","title":{"rendered":"Helma RM Edge modr\u00e1\/oran\u017eov\u00e1 velikost S\/M 55-58cm"},"content":{"rendered":"<p>Technologie In-mould p\u0159in\u00e1\u0161\u00ed dokonal\u00e9 spojen\u00ed barevn\u00e9ho skeletu se sav\u00fdm materi\u00e1lem EPS.<br \/>\nProdlou\u017een\u00e1 t\u00fdln\u00ed \u010d\u00e1st je z\u00e1rukou zv\u00fd\u0161en\u00e9 bezpe\u010dnosti ve v\u0161ech cyklistick\u00fdch discipl\u00edn\u00e1ch.<br \/>\n22 v\u011btrac\u00edch otvor\u016f zaji\u0161\u0165uje efektivn\u00ed v\u011btr\u00e1n\u00ed i v t\u011bch nejteplej\u0161\u00edch letn\u00edch dnech.<br \/>\nObvodov\u00fd up\u00ednac\u00ed syst\u00e9m Head Lock s technologi\u00ed Flexible Ring dokonale fixuje helmu na hlav\u011b a nab\u00edz\u00ed mo\u017enost individu\u00e1ln\u00edho nastaven\u00ed dle specifikac\u00ed jezdce.<br \/>\nSou\u010d\u00e1st\u00ed balen\u00ed jsou dva r\u016f\u017eov\u011b zbarven\u00e9 \u0161t\u00edtky pro individu\u00e1ln\u00ed dolad\u011bn\u00ed vzhledu.<\/p>\n<div><img decoding=\"async\" src=\"https:\/\/data.cyklomax.cz\/docs\/RM18\/RM_Edge_1.jpg\" \/><\/div>\n<p>\u2013 Technologie konstrukce p\u0159ilby IN-MOULD<br \/>\n\u2013 mo\u017enost individu\u00e1ln\u00ed \u00fapravy barev d\u00edky dv\u011bma barv\u00e1m etikety<br \/>\n\u2013 up\u00ednac\u00ed syst\u00e9m HEAD LOCK, obvod se nastavuje v\u00e1le\u010dkem, snadno i v rukavic\u00edch<br \/>\n\u2013 ROCK MACHINE FLEXIBLE RING \u2013 up\u00ednac\u00ed syst\u00e9m se t\u0159emi polohami nastaven\u00ed v\u00fd\u0161ky<br \/>\n\u2013 s\u00ed\u0165ka proti hmyzu je sou\u010d\u00e1st\u00ed v\u00fdstelky uvnit\u0159 helmy<br \/>\n\u2013 zap\u00edn\u00e1n\u00ed pomoc\u00ed syst\u00e9mu \u201eROCK STRAP\u201c pro v\u011bt\u0161\u00ed pohodl\u00ed a jednoduch\u00e9 nastaven\u00ed popruhu<br \/>\n\u2013 chladic\u00ed syst\u00e9m d\u00edky aerodynamick\u00e9mu tvaru a 22 ventila\u010dn\u00edm otvor\u016fm<br \/>\n- velikost helmy:<br \/>\nS\/M 55-58 cm<br \/>\nM\/D 58-61 cm<br \/>\n- hmotnost: 290g (velikost S\/M)<\/p>\n<p>\u2013 spl\u0148uje bezpe\u010dnostn\u00ed normu CE pro cyklistick\u00e9 p\u0159ilby<\/p>","protected":false},"excerpt":{"rendered":"<p>Sportovn\u00ed helma ROCK MACHINE Edge poskytuj\u00edc\u00ed dokonalou bezpe\u010dnost p\u0159i va\u0161ich trailov\u00fdch, endurov\u00fdch nebo dokonce singletrackov\u00fdch aktivit\u00e1ch.<\/p>\n<p>Zajist\u00ed va\u0161i bezpe\u010dnost i na jednodenn\u00edm v\u00fdletu!<\/p>","protected":false},"featured_media":5014,"comment_status":"open","ping_status":"closed","template":"","meta":[],"product_brand":[],"product_cat":[81],"product_tag":[100,98,96,97],"class_list":{"0":"post-3555","1":"product","2":"type-product","3":"status-publish","4":"has-post-thumbnail","6":"type-accessories","7":"manufacturer-cyclomax","8":"product_cat-accessories","9":"product_tag-accessories","10":"product_tag-bikes","11":"product_tag-e-bikes","12":"product_tag-scooters","14":"first","15":"instock","16":"taxable","17":"shipping-taxable","18":"purchasable","19":"product-type-simple"},"_links":{"self":[{"href":"https:\/\/cbikes.gr\/cs\/wp-json\/wp\/v2\/product\/3555","targetHints":{"allow":["GET"]}}],"collection":[{"href":"https:\/\/cbikes.gr\/cs\/wp-json\/wp\/v2\/product"}],"about":[{"href":"https:\/\/cbikes.gr\/cs\/wp-json\/wp\/v2\/types\/product"}],"replies":[{"embeddable":true,"href":"https:\/\/cbikes.gr\/cs\/wp-json\/wp\/v2\/comments?post=3555"}],"wp:featuredmedia":[{"embeddable":true,"href":"https:\/\/cbikes.gr\/cs\/wp-json\/wp\/v2\/media\/5014"}],"wp:attachment":[{"href":"https:\/\/cbikes.gr\/cs\/wp-json\/wp\/v2\/media?parent=3555"}],"wp:term":[{"taxonomy":"product_brand","embeddable":true,"href":"https:\/\/cbikes.gr\/cs\/wp-json\/wp\/v2\/product_brand?post=3555"},{"taxonomy":"product_cat","embeddable":true,"href":"https:\/\/cbikes.gr\/cs\/wp-json\/wp\/v2\/product_cat?post=3555"},{"taxonomy":"product_tag","embeddable":true,"href":"https:\/\/cbikes.gr\/cs\/wp-json\/wp\/v2\/product_tag?post=3555"}],"curies":[{"name":"wp","href":"https:\/\/api.w.org\/{rel}","templated":true}]}}