{"id":3560,"date":"2024-03-11T10:46:21","date_gmt":"2024-03-11T08:46:21","guid":{"rendered":"https:\/\/cbikes.gr\/?post_type=product&#038;p=3560"},"modified":"2026-05-02T11:24:32","modified_gmt":"2026-05-02T08:24:32","slug":"helmet-rm-flash-kids-blue-size-xs-44-48cm","status":"publish","type":"product","link":"https:\/\/cbikes.gr\/cs\/produkt\/helmet-rm-flash-kids-blue-size-xs-44-48cm\/","title":{"rendered":"D\u011btsk\u00e1 p\u0159ilba RM Flash modr\u00e1 vel. XS 44-48cm"},"content":{"rendered":"<p>D\u011btsk\u00e1 p\u0159ilba ROCK MACHINE Flash poskytuj\u00edc\u00ed dokonalou bezpe\u010dnost p\u0159i v\u0161ech cyklistick\u00fdch aktivit\u00e1ch ka\u017ed\u00e9ho mal\u00e9ho cyklisty.<br \/>\n6 v\u011btrac\u00edch otvor\u016f zaji\u0161\u0165uje efektivn\u00ed v\u011btr\u00e1n\u00ed i v t\u011bch nejteplej\u0161\u00edch letn\u00edch dnech.<br \/>\nS\u00ed\u0165ka v p\u0159edn\u00edch otvorech zaji\u0161\u0165uje ochranu p\u0159ed ne\u017e\u00e1douc\u00edm vniknut\u00edm nebezpe\u010dn\u00e9ho hmyzu.<br \/>\nObvodov\u00fd up\u00ednac\u00ed syst\u00e9m Head Lock s technologi\u00ed Flexible Ring dokonale fixuje helmu na hlav\u011b a nab\u00edz\u00ed mo\u017enost individu\u00e1ln\u00edho nastaven\u00ed dle specifikace u\u017eivatele.<\/p>\n<p>\u2013 up\u00ednac\u00ed syst\u00e9m HEAD LOCK, obvod se nastavuje pogumovan\u00fdm v\u00e1le\u010dkem, snadno i v rukavic\u00edch<br \/>\n\u2013 zap\u00edn\u00e1n\u00ed pomoc\u00ed syst\u00e9mu \u201eROCK STRAP\u201c pro v\u011bt\u0161\u00ed pohodl\u00ed a jednoduch\u00e9 nastaven\u00ed popruh\u016f<br \/>\n- 6 v\u011btrac\u00edch otvor\u016f<br \/>\n\u2013 reflexn\u00ed prvky v zadn\u00ed \u010d\u00e1sti helmy<br \/>\n\u2013 velikost helmy: XS 44-48 cm<br \/>\n- hmotnost: 185g<br \/>\n\u2013 spl\u0148uje bezpe\u010dnostn\u00ed normu CE pro cyklistick\u00e9 p\u0159ilby<\/p>","protected":false},"excerpt":{"rendered":"<p>ROCK MACHINE Flash children&#8217;s helmet providing perfect safety during all cycling activities of every young cyclist. 6 ventilation holes ensure effective ventilation even on the hottest summer days. The mesh in the front openings ensures protection against the unwanted entry of dangerous insects. The Head Lock circumferential clamping system with Flexible Ring technology perfectly fixes [&hellip;]<\/p>\n","protected":false},"featured_media":5011,"comment_status":"open","ping_status":"closed","template":"","meta":[],"product_brand":[],"product_cat":[81],"product_tag":[100,98,96,97],"class_list":{"0":"post-3560","1":"product","2":"type-product","3":"status-publish","4":"has-post-thumbnail","6":"type-accessories","7":"manufacturer-cyclomax","8":"product_cat-accessories","9":"product_tag-accessories","10":"product_tag-bikes","11":"product_tag-e-bikes","12":"product_tag-scooters","14":"first","15":"instock","16":"taxable","17":"shipping-taxable","18":"purchasable","19":"product-type-simple"},"_links":{"self":[{"href":"https:\/\/cbikes.gr\/cs\/wp-json\/wp\/v2\/product\/3560","targetHints":{"allow":["GET"]}}],"collection":[{"href":"https:\/\/cbikes.gr\/cs\/wp-json\/wp\/v2\/product"}],"about":[{"href":"https:\/\/cbikes.gr\/cs\/wp-json\/wp\/v2\/types\/product"}],"replies":[{"embeddable":true,"href":"https:\/\/cbikes.gr\/cs\/wp-json\/wp\/v2\/comments?post=3560"}],"wp:featuredmedia":[{"embeddable":true,"href":"https:\/\/cbikes.gr\/cs\/wp-json\/wp\/v2\/media\/5011"}],"wp:attachment":[{"href":"https:\/\/cbikes.gr\/cs\/wp-json\/wp\/v2\/media?parent=3560"}],"wp:term":[{"taxonomy":"product_brand","embeddable":true,"href":"https:\/\/cbikes.gr\/cs\/wp-json\/wp\/v2\/product_brand?post=3560"},{"taxonomy":"product_cat","embeddable":true,"href":"https:\/\/cbikes.gr\/cs\/wp-json\/wp\/v2\/product_cat?post=3560"},{"taxonomy":"product_tag","embeddable":true,"href":"https:\/\/cbikes.gr\/cs\/wp-json\/wp\/v2\/product_tag?post=3560"}],"curies":[{"name":"wp","href":"https:\/\/api.w.org\/{rel}","templated":true}]}}