{"id":3564,"date":"2024-03-11T10:52:19","date_gmt":"2024-03-11T08:52:19","guid":{"rendered":"https:\/\/cbikes.gr\/?post_type=product&#038;p=3564"},"modified":"2026-05-02T11:25:26","modified_gmt":"2026-05-02T08:25:26","slug":"rm-peak-glasses-black","status":"publish","type":"product","link":"https:\/\/cbikes.gr\/cs\/produkt\/rm-peak-glasses-black\/","title":{"rendered":"Br\u00fdle RM Peak \u010dern\u00e9"},"content":{"rendered":"<p>\u2022 Ochrana p\u0159ed slune\u010dn\u00edm z\u00e1\u0159en\u00edm \u2013 REVO glass cat. 3, 100% UV filtr<br \/>\n\u2022 Odolnost \u2013 polykarbon\u00e1tov\u00e9 \u010do\u010dky jsou odoln\u00e9 proti n\u00e1razu, kompozitn\u00ed plast r\u00e1mu odol\u00e1 velk\u00e9 z\u00e1t\u011b\u017ei<br \/>\n\u2022 Fixace \u2013 uchycen\u00ed na konc\u00edch no\u017ei\u010dek zabra\u0148uje sklouznut\u00ed br\u00fdl\u00ed<\/p>\n<p>Specifikace:<br \/>\n\u2022 odoln\u00fd kompozitn\u00ed r\u00e1m<br \/>\n\u2022 polykarbon\u00e1tov\u00e9 sklo odol\u00e1v\u00e1 n\u00e1raz\u016fm<br \/>\n\u2022 fixa\u010dn\u00ed konce nohou<br \/>\n\u2022 sou\u010d\u00e1st\u00ed balen\u00ed je ochrann\u00fd textiln\u00ed vak<\/p>\n<p>Specifikace skla:<br \/>\n\u2022 Instalov\u00e1no \u017elut\u00e9 sklo REVO, kat.\u010d. 3<\/p>","protected":false},"excerpt":{"rendered":"<p>Sportovn\u00ed br\u00fdle ROCK MACHINE \u0160pi\u010dkov\u00e9.<\/p>","protected":false},"featured_media":5023,"comment_status":"open","ping_status":"closed","template":"","meta":[],"product_brand":[],"product_cat":[81],"product_tag":[100,98,96,97],"class_list":{"0":"post-3564","1":"product","2":"type-product","3":"status-publish","4":"has-post-thumbnail","6":"type-accessories","7":"manufacturer-cyclomax","8":"product_cat-accessories","9":"product_tag-accessories","10":"product_tag-bikes","11":"product_tag-e-bikes","12":"product_tag-scooters","14":"first","15":"instock","16":"taxable","17":"shipping-taxable","18":"purchasable","19":"product-type-simple"},"_links":{"self":[{"href":"https:\/\/cbikes.gr\/cs\/wp-json\/wp\/v2\/product\/3564","targetHints":{"allow":["GET"]}}],"collection":[{"href":"https:\/\/cbikes.gr\/cs\/wp-json\/wp\/v2\/product"}],"about":[{"href":"https:\/\/cbikes.gr\/cs\/wp-json\/wp\/v2\/types\/product"}],"replies":[{"embeddable":true,"href":"https:\/\/cbikes.gr\/cs\/wp-json\/wp\/v2\/comments?post=3564"}],"wp:featuredmedia":[{"embeddable":true,"href":"https:\/\/cbikes.gr\/cs\/wp-json\/wp\/v2\/media\/5023"}],"wp:attachment":[{"href":"https:\/\/cbikes.gr\/cs\/wp-json\/wp\/v2\/media?parent=3564"}],"wp:term":[{"taxonomy":"product_brand","embeddable":true,"href":"https:\/\/cbikes.gr\/cs\/wp-json\/wp\/v2\/product_brand?post=3564"},{"taxonomy":"product_cat","embeddable":true,"href":"https:\/\/cbikes.gr\/cs\/wp-json\/wp\/v2\/product_cat?post=3564"},{"taxonomy":"product_tag","embeddable":true,"href":"https:\/\/cbikes.gr\/cs\/wp-json\/wp\/v2\/product_tag?post=3564"}],"curies":[{"name":"wp","href":"https:\/\/api.w.org\/{rel}","templated":true}]}}