{"id":3790,"date":"2024-03-13T11:32:31","date_gmt":"2024-03-13T09:32:31","guid":{"rendered":"https:\/\/cbikes.gr\/?post_type=product&#038;p=3790"},"modified":"2026-05-02T11:24:32","modified_gmt":"2026-05-02T08:24:32","slug":"cruez-sus-28-zen-2","status":"publish","type":"product","link":"https:\/\/cbikes.gr\/cs\/produkt\/cruez-sus-28-zen-2\/","title":{"rendered":"CRUEZ SUS 28\u2033 D\u00e1msk\u00e9"},"content":{"rendered":"<table style=\"border-collapse: collapse; width: 616px; height: 609px;\" border=\"0\" width=\"64\" cellspacing=\"0\" cellpadding=\"0\">\n<tbody>\n<tr style=\"height: 15.0pt;\">\n<td style=\"height: 15.0pt; width: 48pt;\" width=\"64\" height=\"20\">Materi\u00e1l r\u00e1mu: HI-TEN STEEL<\/td>\n<\/tr>\n<tr style=\"height: 15.0pt;\">\n<td style=\"height: 15.0pt;\" height=\"20\">Velikost r\u00e1mu: 19\u2033<\/td>\n<\/tr>\n<tr style=\"height: 15.0pt;\">\n<td style=\"height: 15.0pt;\" height=\"20\">V\u00fd\u0161ka: 165 \u2013 185 cm<\/td>\n<\/tr>\n<tr style=\"height: 15.0pt;\">\n<td style=\"height: 15.0pt;\" height=\"20\">V\u011bk: pro dosp\u011bl\u00e9<\/td>\n<\/tr>\n<tr style=\"height: 15.0pt;\">\n<td style=\"height: 15.0pt;\" height=\"20\">D\u00e9lka doln\u00edch kon\u010detin: neuvedena<\/td>\n<\/tr>\n<tr style=\"height: 15.0pt;\">\n<td style=\"height: 15.0pt;\" height=\"20\">Vidlice: zna\u010dka OLPRAN \u2013 HI-TEN STEEL s odpru\u017een\u00edm<\/td>\n<\/tr>\n<tr style=\"height: 15.0pt;\">\n<td style=\"height: 15.0pt;\" height=\"20\">Nosnost: 90 kg<\/td>\n<\/tr>\n<tr style=\"height: 15.0pt;\">\n<td style=\"height: 15.0pt;\" height=\"20\">Hmotnost kola: 17,2 kg<\/td>\n<\/tr>\n<tr style=\"height: 15.0pt;\">\n<td style=\"height: 15.0pt;\" height=\"20\">: Hmotnost v\u010detn\u011b ped\u00e1l\u016f<\/td>\n<\/tr>\n<tr style=\"height: 15.0pt;\">\n<td style=\"height: 15.0pt;\" height=\"20\">Hlavov\u00e9 slo\u017een\u00ed: klasika \u2013 ocel<\/td>\n<\/tr>\n<tr style=\"height: 15.0pt;\">\n<td style=\"height: 15.0pt;\" height=\"20\">P\u0159edn\u00ed brzda: r\u00e1fkov\u00e1 V brzda, hlin\u00edk 110 mm<\/td>\n<\/tr>\n<tr style=\"height: 15.0pt;\">\n<td style=\"height: 15.0pt;\" height=\"20\">Zadn\u00ed brzda: r\u00e1fkov\u00e1 V brzda, hlin\u00edk 110 mm<\/td>\n<\/tr>\n<tr style=\"height: 15.0pt;\">\n<td style=\"height: 15.0pt;\" height=\"20\">St\u0159edov\u00e9 slo\u017een\u00ed: ocel, osa 119 mm<\/td>\n<\/tr>\n<tr style=\"height: 15.0pt;\">\n<td style=\"height: 15.0pt;\" height=\"20\">Kliky s p\u0159evodn\u00edky: ocel, 24-34-42\/170 mm<\/td>\n<\/tr>\n<tr style=\"height: 15.0pt;\">\n<td style=\"height: 15.0pt;\" height=\"20\">\u0158azen\u00ed: SHIMANO, INDEX<\/td>\n<\/tr>\n<tr style=\"height: 15.0pt;\">\n<td style=\"height: 15.0pt;\" height=\"20\">P\u0159ehazova\u010dka: SHIMANO<\/td>\n<\/tr>\n<tr style=\"height: 15.0pt;\">\n<td style=\"height: 15.0pt;\" height=\"20\">Po\u010det rychlost\u00ed: 18<\/td>\n<\/tr>\n<tr style=\"height: 15.0pt;\">\n<td style=\"height: 15.0pt;\" height=\"20\">\u0158et\u011bz: ocel, Z6<\/td>\n<\/tr>\n<tr style=\"height: 15.0pt;\">\n<td style=\"height: 15.0pt;\" height=\"20\">Kazeta: Shimano, 14-28T<\/td>\n<\/tr>\n<tr style=\"height: 15.0pt;\">\n<td style=\"height: 15.0pt;\" height=\"20\">P\u0159edn\u00ed n\u00e1boj: ocel, 36 otvor\u016f<\/td>\n<\/tr>\n<tr style=\"height: 15.0pt;\">\n<td style=\"height: 15.0pt;\" height=\"20\">Zadn\u00ed n\u00e1boj: ocel, 36 d\u011br<\/td>\n<\/tr>\n<tr style=\"height: 15.0pt;\">\n<td style=\"height: 15.0pt;\" height=\"20\">R\u00e1fky: hlin\u00edkov\u00e9 jednost\u011bnn\u00e9<\/td>\n<\/tr>\n<tr style=\"height: 15.0pt;\">\n<td style=\"height: 15.0pt;\" height=\"20\">\u0158\u00edd\u00edtka: ocelov\u00e1, rovn\u00e1, 580 mm<\/td>\n<\/tr>\n<tr style=\"height: 15.0pt;\">\n<td style=\"height: 15.0pt;\" height=\"20\">P\u0159edstavec: ocel, klasick\u00fd, 80 mm<\/td>\n<\/tr>\n<tr style=\"height: 15.0pt;\">\n<td style=\"height: 15.0pt;\" height=\"20\">Sed\u00e1k: 280\u00d7160 mm \u010dern\u00fd, PU, se svorkou<\/td>\n<\/tr>\n<tr style=\"height: 15.0pt;\">\n<td style=\"height: 15.0pt;\" height=\"20\">Sedlovka: ocel, rovn\u00e1, 28,6\u00d7250 mm<\/td>\n<\/tr>\n<tr style=\"height: 15.0pt;\">\n<td style=\"height: 15.0pt;\" height=\"20\">Ped\u00e1ly: plastov\u00e9, kuli\u010dkov\u00e9, odrazky, borov\u00e1 osa<\/td>\n<\/tr>\n<tr style=\"height: 15.0pt;\">\n<td style=\"height: 15.0pt;\" height=\"20\">Pneumatiky: 28\u2033 Trek dez\u00e9n<\/td>\n<\/tr>\n<tr style=\"height: 15.0pt;\">\n<td style=\"height: 15.0pt;\" height=\"20\">P\u0159\u00edslu\u0161enstv\u00ed: stojan<\/td>\n<\/tr>\n<\/tbody>\n<\/table>","protected":false},"excerpt":{"rendered":"<p>The Olpran Cruzez Sus has a strong and durable frame that features a suspension fork and shock absorber, giving you a comfortable and stable ride on rough terrain. The bike is equipped with 18 speeds that allow you to easily adjust your speed and intensity of riding to suit your needs.<\/p>\n<p>Kolo m\u00e1 kotou\u010dov\u00e9 brzdy, kter\u00e9 poskytuj\u00ed vysok\u00fd v\u00fdkon brzd\u011bn\u00ed za ka\u017ed\u00e9ho po\u010das\u00ed a v jak\u00e9mkoli ter\u00e9nu. V\u00fdkonn\u00e9 pneumatiky s dr\u00e1\u017ekovan\u00fdm b\u011bhounem v\u00e1m poskytuj\u00ed dobrou trakci a stabilitu v n\u00e1ro\u010dn\u00fdch podm\u00ednk\u00e1ch.<\/p>\n<p>Olpran Cruzez Sus je skv\u011blou volbou pro nad\u0161en\u00e9 cyklisty na horsk\u00fdch kolech, kte\u0159\u00ed hledaj\u00ed kolo s odpru\u017een\u00edm, kter\u00e9 poskytne pohodlnou a v\u00fdkonnou j\u00edzdu v n\u00e1ro\u010dn\u00e9m ter\u00e9nu.<\/p>","protected":false},"featured_media":3483,"comment_status":"open","ping_status":"closed","template":"","meta":[],"product_brand":[],"product_cat":[85],"product_tag":[],"class_list":{"0":"post-3790","1":"product","2":"type-product","3":"status-publish","4":"has-post-thumbnail","6":"type-city-bike","7":"manufacturer-olpran","8":"product_cat-bikes-retail","9":"product_shipping_class-retail-bikes","11":"first","12":"instock","13":"taxable","14":"shipping-taxable","15":"purchasable","16":"product-type-simple"},"_links":{"self":[{"href":"https:\/\/cbikes.gr\/cs\/wp-json\/wp\/v2\/product\/3790","targetHints":{"allow":["GET"]}}],"collection":[{"href":"https:\/\/cbikes.gr\/cs\/wp-json\/wp\/v2\/product"}],"about":[{"href":"https:\/\/cbikes.gr\/cs\/wp-json\/wp\/v2\/types\/product"}],"replies":[{"embeddable":true,"href":"https:\/\/cbikes.gr\/cs\/wp-json\/wp\/v2\/comments?post=3790"}],"wp:featuredmedia":[{"embeddable":true,"href":"https:\/\/cbikes.gr\/cs\/wp-json\/wp\/v2\/media\/3483"}],"wp:attachment":[{"href":"https:\/\/cbikes.gr\/cs\/wp-json\/wp\/v2\/media?parent=3790"}],"wp:term":[{"taxonomy":"product_brand","embeddable":true,"href":"https:\/\/cbikes.gr\/cs\/wp-json\/wp\/v2\/product_brand?post=3790"},{"taxonomy":"product_cat","embeddable":true,"href":"https:\/\/cbikes.gr\/cs\/wp-json\/wp\/v2\/product_cat?post=3790"},{"taxonomy":"product_tag","embeddable":true,"href":"https:\/\/cbikes.gr\/cs\/wp-json\/wp\/v2\/product_tag?post=3790"}],"curies":[{"name":"wp","href":"https:\/\/api.w.org\/{rel}","templated":true}]}}