{"id":3797,"date":"2024-03-13T12:13:39","date_gmt":"2024-03-13T10:13:39","guid":{"rendered":"https:\/\/cbikes.gr\/?post_type=product&#038;p=3797"},"modified":"2026-03-18T19:07:53","modified_gmt":"2026-03-18T17:07:53","slug":"objevit-sus-disk-29","status":"publish","type":"product","link":"https:\/\/cbikes.gr\/cs\/produkt\/objevit-sus-disk-29\/","title":{"rendered":"DISCOVER SUS DISC MTB 29&#8243; White or Similar"},"content":{"rendered":"<table style=\"border-collapse: collapse; width: 355px; height: 345px;\" border=\"0\" width=\"64\" cellspacing=\"0\" cellpadding=\"0\">\n<tbody>\n<tr style=\"height: 15.0pt;\">\n<td style=\"height: 15.0pt; width: 48pt;\" width=\"64\" height=\"20\">R\u00e1m: pevn\u00fd, ocelov\u00fd<\/td>\n<\/tr>\n<tr style=\"height: 15.0pt;\">\n<td style=\"height: 15.0pt;\" height=\"20\">Pr\u016fm\u011br r\u00e1fku: 29\u2033<\/td>\n<\/tr>\n<tr style=\"height: 15.0pt;\">\n<td style=\"height: 15.0pt;\" height=\"20\">Velikost r\u00e1mu: 18\u2033<\/td>\n<\/tr>\n<tr style=\"height: 15.0pt;\">\n<td style=\"height: 15.0pt;\" height=\"20\">P\u0159edn\u00ed vidlice: odpru\u017een\u00ed zdvihu 100 mm<\/td>\n<\/tr>\n<tr style=\"height: 15.0pt;\">\n<td style=\"height: 15.0pt;\" height=\"20\">\u0158\u00edd\u00edtka: ocelov\u00e1 560 mm<\/td>\n<\/tr>\n<tr style=\"height: 15.0pt;\">\n<td style=\"height: 15.0pt;\" height=\"20\">P\u0159ehazova\u010dka: QD \u2013 04<\/td>\n<\/tr>\n<tr style=\"height: 15.0pt;\">\n<td style=\"height: 15.0pt;\" height=\"20\">P\u0159ehazova\u010dka: Shimano<\/td>\n<\/tr>\n<tr style=\"height: 15.0pt;\">\n<td style=\"height: 15.0pt;\" height=\"20\">\u0158azen\u00ed: indexov\u00e9 p\u00e1\u010dky Shimano<\/td>\n<\/tr>\n<tr style=\"height: 15.0pt;\">\n<td style=\"height: 15.0pt;\" height=\"20\">Pastorek: index \u2013 6 zub<\/td>\n<\/tr>\n<tr style=\"height: 15.0pt;\">\n<td style=\"height: 15.0pt;\" height=\"20\">\u0158et\u011bz: Z 30<\/td>\n<\/tr>\n<tr style=\"height: 15.0pt;\">\n<td style=\"height: 15.0pt;\" height=\"20\">Brzdy: P\u0159edn\u00ed kotou\u010dov\u00e9, zadn\u00ed V-brake<\/td>\n<\/tr>\n<tr style=\"height: 15.0pt;\">\n<td style=\"height: 15.0pt;\" height=\"20\">Brzdov\u00e9 p\u00e1ky: AL\/plast<\/td>\n<\/tr>\n<tr style=\"height: 15.0pt;\">\n<td style=\"height: 15.0pt;\" height=\"20\">R\u00e1fky: ALU 26\u2033 s dvojitou st\u011bnou<\/td>\n<\/tr>\n<tr style=\"height: 15.0pt;\">\n<td style=\"height: 15.0pt;\" height=\"20\">Pl\u00e1\u0161t\u011b: MTB \u2013 AV<\/td>\n<\/tr>\n<tr style=\"height: 15.0pt;\">\n<td style=\"height: 15.0pt;\" height=\"20\">Ped\u00e1ly: Plast<\/td>\n<\/tr>\n<tr style=\"height: 15.0pt;\">\n<td style=\"height: 15.0pt;\" height=\"20\">Sedlo: Olpran<\/td>\n<\/tr>\n<tr style=\"height: 15.0pt;\">\n<td style=\"height: 15.0pt;\" height=\"20\">Po\u010det rychlost\u00ed: 18<\/td>\n<\/tr>\n<\/tbody>\n<\/table>","protected":false},"excerpt":{"rendered":"<h2>P\u0159edstavujeme 29\u2033 horsk\u00e9 kolo SUS Disc<\/h2>\n<p>Za\u017eijte vzru\u0161en\u00ed z dob\u00fdv\u00e1n\u00ed jak\u00e9koli stezky s 29\u2033 horsk\u00fdm kolem SUS Disc. Toto kolo, navr\u017een\u00e9 pro dobrodru\u017en\u00e9 jezdce, kombinuje odolnost, v\u00fdkon a styl, aby poskytlo bezkonkuren\u010dn\u00ed off-roadov\u00fd z\u00e1\u017eitek.<\/p>\n<h2>Bezkonkuren\u010dn\u00ed v\u00fdkon<\/h2>\n<p>SUS Disc 29\u2033 se vyzna\u010duje vysoce kvalitn\u00edm syst\u00e9mem odpru\u017een\u00ed, kter\u00fd absorbuje n\u00e1razy a nerovnosti, co\u017e v\u00e1m umo\u017e\u0148uje udr\u017eet kontrolu a stabilitu na nerovn\u00e9m ter\u00e9nu. 29\u2033 kola poskytuj\u00ed vynikaj\u00edc\u00ed trakci a snadno se p\u0159evaluj\u00ed p\u0159es p\u0159ek\u00e1\u017eky a zaji\u0161\u0165uj\u00ed hladkou a pohodlnou j\u00edzdu.<\/p>\n<p>Toto horsk\u00e9 kolo, vybaven\u00e9 v\u00fdkonn\u00fdm syst\u00e9mem kotou\u010dov\u00fdch brzd, nab\u00edz\u00ed spolehlivou brzdnou s\u00edlu za v\u0161ech podm\u00ednek. A\u0165 u\u017e sj\u00ed\u017ed\u00edte strm\u00e9 svahy nebo se pohybujete v \u00fazk\u00fdch zat\u00e1\u010dk\u00e1ch, m\u016f\u017eete d\u016fv\u011b\u0159ovat 29\u2033 SUS Disc, \u017ee poskytne v\u00fdjime\u010dn\u00fd brzdn\u00fd v\u00fdkon.<\/p>","protected":false},"featured_media":3798,"comment_status":"open","ping_status":"closed","template":"","meta":[],"product_brand":[],"product_cat":[79],"product_tag":[100,96,97],"class_list":{"0":"post-3797","1":"product","2":"type-product","3":"status-publish","4":"has-post-thumbnail","6":"type-mountain","7":"manufacturer-olpran","8":"product_cat-bikes","9":"product_tag-accessories","10":"product_tag-e-bikes","11":"product_tag-scooters","13":"first","14":"instock","15":"taxable","16":"shipping-taxable","17":"purchasable","18":"product-type-ovacrs_car_rental"},"_links":{"self":[{"href":"https:\/\/cbikes.gr\/cs\/wp-json\/wp\/v2\/product\/3797","targetHints":{"allow":["GET"]}}],"collection":[{"href":"https:\/\/cbikes.gr\/cs\/wp-json\/wp\/v2\/product"}],"about":[{"href":"https:\/\/cbikes.gr\/cs\/wp-json\/wp\/v2\/types\/product"}],"replies":[{"embeddable":true,"href":"https:\/\/cbikes.gr\/cs\/wp-json\/wp\/v2\/comments?post=3797"}],"wp:featuredmedia":[{"embeddable":true,"href":"https:\/\/cbikes.gr\/cs\/wp-json\/wp\/v2\/media\/3798"}],"wp:attachment":[{"href":"https:\/\/cbikes.gr\/cs\/wp-json\/wp\/v2\/media?parent=3797"}],"wp:term":[{"taxonomy":"product_brand","embeddable":true,"href":"https:\/\/cbikes.gr\/cs\/wp-json\/wp\/v2\/product_brand?post=3797"},{"taxonomy":"product_cat","embeddable":true,"href":"https:\/\/cbikes.gr\/cs\/wp-json\/wp\/v2\/product_cat?post=3797"},{"taxonomy":"product_tag","embeddable":true,"href":"https:\/\/cbikes.gr\/cs\/wp-json\/wp\/v2\/product_tag?post=3797"}],"curies":[{"name":"wp","href":"https:\/\/api.w.org\/{rel}","templated":true}]}}