{"id":4193,"date":"2024-04-08T11:30:23","date_gmt":"2024-04-08T08:30:23","guid":{"rendered":"https:\/\/cbikes.gr\/?post_type=product&#038;p=4193"},"modified":"2025-04-14T17:41:16","modified_gmt":"2025-04-14T14:41:16","slug":"skupina-honda-vision-110cc-a","status":"publish","type":"product","link":"https:\/\/cbikes.gr\/cs\/produkt\/skupina-honda-vision-110cc-a\/","title":{"rendered":"Sk\u00fatr Honda Vision 110cc | Skupina A nebo podobn\u00e1"},"content":{"rendered":"<table class=\"w-100 table table-hover\" style=\"height: 353px;\" width=\"887\">\n<tbody>\n<tr>\n<td class=\"text-grey4d\"><strong>Kapacita baterie<\/strong><\/td>\n<td class=\"text-grey4d\">GTZ6V 5,3Ah MF<\/td>\n<\/tr>\n<tr>\n<td class=\"text-grey4d\"><strong>\u00dahel kole\u010dka<\/strong><\/td>\n<td class=\"text-grey4d\">26,5\u00b0<\/td>\n<\/tr>\n<tr>\n<td class=\"text-grey4d\"><strong>Polom\u011br ot\u00e1\u010den\u00ed (m)<\/strong><\/td>\n<td class=\"text-grey4d\">&#8211;<\/td>\n<\/tr>\n<tr>\n<td class=\"text-grey4d\"><strong>Vzd\u00e1lenost od zem\u011b (mm)<\/strong><\/td>\n<td class=\"text-grey4d\">175<\/td>\n<\/tr>\n<tr>\n<td class=\"text-grey4d\"><strong>Pln\u011b tekut\u00e1 hmotnost (kg)<\/strong><\/td>\n<td class=\"text-grey4d\">100<\/td>\n<\/tr>\n<tr>\n<td class=\"text-grey4d\"><strong>Rozm\u011bry (d\u00e9lka x \u0161\u00ed\u0159ka x v\u00fd\u0161ka) (mm)<\/strong><\/td>\n<td class=\"text-grey4d\">1 925 x 686 x 1 125<\/td>\n<\/tr>\n<tr>\n<td class=\"text-grey4d\"><strong>Spot\u0159eba paliva (l\/km)<\/strong><\/td>\n<td class=\"text-grey4d\">1.9 \/ 100<\/td>\n<\/tr>\n<tr>\n<td class=\"text-grey4d\"><strong>Rozvor (mm)<\/strong><\/td>\n<td class=\"text-grey4d\">1280<\/td>\n<\/tr>\n<tr>\n<td class=\"text-grey4d\"><strong>Typ r\u00e1mu<\/strong><\/td>\n<td class=\"text-grey4d\">Enhanced Smart Architecture Frame (eSAF) z lisovan\u00e9 oceli<\/td>\n<\/tr>\n<tr>\n<td class=\"text-grey4d\"><strong>V\u00fd\u0161ka sedla (mm)<\/strong><\/td>\n<td class=\"text-grey4d\">785<\/td>\n<\/tr>\n<tr>\n<td class=\"text-grey4d\"><strong>Objem palivov\u00e9 n\u00e1dr\u017ee (litry)<\/strong><\/td>\n<td class=\"text-grey4d\">4.9<\/td>\n<\/tr>\n<tr>\n<td class=\"text-grey4d\"><strong>Stopa (mm)<\/strong><\/td>\n<td class=\"text-grey4d\">71<\/td>\n<\/tr>\n<\/tbody>\n<\/table>","protected":false},"excerpt":{"rendered":"<h3 class=\"fs-3\">V\u00fdb\u011br cenov\u011b dostupn\u00e9 kolob\u011b\u017eky nen\u00ed slo\u017eit\u00e1 z\u00e1le\u017eitost.<\/h3>\n<div class=\"unhelvetica\">\n<p>Abychom v\u00e1m v\u0161e usnadnili, navrhli jsme nov\u00fd Vision 110 tak, aby v\u00e1m poskytl v\u0161e, co pot\u0159ebujete, a je\u0161t\u011b v\u00edce. Dynamick\u00fd, nov\u00fd design poskytuje v\u00edce \u00falo\u017en\u00e9ho prostoru pod sedlem a u\u017eivatelsky p\u0159\u00edv\u011btiv\u00fd LCD p\u0159\u00edstrojov\u00fd panel. Syst\u00e9m Smart Key tak\u00e9 nab\u00edz\u00ed zv\u00fd\u0161enou prakti\u010dnost.<\/p>\n<\/div>","protected":false},"featured_media":4195,"comment_status":"open","ping_status":"closed","template":"","meta":[],"product_brand":[],"product_cat":[80],"product_tag":[100,93],"class_list":{"0":"post-4193","1":"product","2":"type-product","3":"status-publish","4":"has-post-thumbnail","6":"type-scooters","7":"manufacturer-honda","8":"product_cat-scooters","9":"product_tag-accessories","10":"product_tag-e-bike","12":"first","13":"instock","14":"taxable","15":"shipping-taxable","16":"purchasable","17":"product-type-ovacrs_car_rental"},"_links":{"self":[{"href":"https:\/\/cbikes.gr\/cs\/wp-json\/wp\/v2\/product\/4193","targetHints":{"allow":["GET"]}}],"collection":[{"href":"https:\/\/cbikes.gr\/cs\/wp-json\/wp\/v2\/product"}],"about":[{"href":"https:\/\/cbikes.gr\/cs\/wp-json\/wp\/v2\/types\/product"}],"replies":[{"embeddable":true,"href":"https:\/\/cbikes.gr\/cs\/wp-json\/wp\/v2\/comments?post=4193"}],"wp:featuredmedia":[{"embeddable":true,"href":"https:\/\/cbikes.gr\/cs\/wp-json\/wp\/v2\/media\/4195"}],"wp:attachment":[{"href":"https:\/\/cbikes.gr\/cs\/wp-json\/wp\/v2\/media?parent=4193"}],"wp:term":[{"taxonomy":"product_brand","embeddable":true,"href":"https:\/\/cbikes.gr\/cs\/wp-json\/wp\/v2\/product_brand?post=4193"},{"taxonomy":"product_cat","embeddable":true,"href":"https:\/\/cbikes.gr\/cs\/wp-json\/wp\/v2\/product_cat?post=4193"},{"taxonomy":"product_tag","embeddable":true,"href":"https:\/\/cbikes.gr\/cs\/wp-json\/wp\/v2\/product_tag?post=4193"}],"curies":[{"name":"wp","href":"https:\/\/api.w.org\/{rel}","templated":true}]}}