{"id":4196,"date":"2024-04-08T11:35:48","date_gmt":"2024-04-08T08:35:48","guid":{"rendered":"https:\/\/cbikes.gr\/?post_type=product&#038;p=4196"},"modified":"2025-04-14T17:41:00","modified_gmt":"2025-04-14T14:41:00","slug":"skupina-honda-vision-110cc-a-2","status":"publish","type":"product","link":"https:\/\/cbikes.gr\/cs\/produkt\/skupina-honda-vision-110cc-a-2\/","title":{"rendered":"Sk\u00fatr Honda FSA\/ANC 125ccm | Skupina B nebo podobn\u00e1"},"content":{"rendered":"<p>Upgraded ride quality.<br \/>\nCarefully redesigned rear suspension geometry has improved ride quality and comfort for you and your passenger. Your daily commutes on roads with bad construction are more comfortable and safe.<\/p>","protected":false},"excerpt":{"rendered":"<h3 class=\"fs-3\">V\u00fdb\u011br cenov\u011b dostupn\u00e9 kolob\u011b\u017eky nen\u00ed slo\u017eit\u00e1 z\u00e1le\u017eitost.<\/h3>\n<div class=\"unhelvetica\">\n<p>Abychom v\u00e1m v\u0161e usnadnili, navrhli jsme nov\u00fd Vision 110 tak, aby v\u00e1m poskytl v\u0161e, co pot\u0159ebujete, a je\u0161t\u011b v\u00edce. Dynamick\u00fd, nov\u00fd design poskytuje v\u00edce \u00falo\u017en\u00e9ho prostoru pod sedlem a u\u017eivatelsky p\u0159\u00edv\u011btiv\u00fd LCD p\u0159\u00edstrojov\u00fd panel. Syst\u00e9m Smart Key tak\u00e9 nab\u00edz\u00ed zv\u00fd\u0161enou prakti\u010dnost.<\/p>\n<\/div>","protected":false},"featured_media":4197,"comment_status":"open","ping_status":"closed","template":"","meta":[],"product_brand":[],"product_cat":[80],"product_tag":[100,93],"class_list":{"0":"post-4196","1":"product","2":"type-product","3":"status-publish","4":"has-post-thumbnail","6":"product_cat-scooters","7":"product_tag-accessories","8":"product_tag-e-bike","10":"first","11":"instock","12":"taxable","13":"shipping-taxable","14":"purchasable","15":"product-type-ovacrs_car_rental"},"_links":{"self":[{"href":"https:\/\/cbikes.gr\/cs\/wp-json\/wp\/v2\/product\/4196","targetHints":{"allow":["GET"]}}],"collection":[{"href":"https:\/\/cbikes.gr\/cs\/wp-json\/wp\/v2\/product"}],"about":[{"href":"https:\/\/cbikes.gr\/cs\/wp-json\/wp\/v2\/types\/product"}],"replies":[{"embeddable":true,"href":"https:\/\/cbikes.gr\/cs\/wp-json\/wp\/v2\/comments?post=4196"}],"wp:featuredmedia":[{"embeddable":true,"href":"https:\/\/cbikes.gr\/cs\/wp-json\/wp\/v2\/media\/4197"}],"wp:attachment":[{"href":"https:\/\/cbikes.gr\/cs\/wp-json\/wp\/v2\/media?parent=4196"}],"wp:term":[{"taxonomy":"product_brand","embeddable":true,"href":"https:\/\/cbikes.gr\/cs\/wp-json\/wp\/v2\/product_brand?post=4196"},{"taxonomy":"product_cat","embeddable":true,"href":"https:\/\/cbikes.gr\/cs\/wp-json\/wp\/v2\/product_cat?post=4196"},{"taxonomy":"product_tag","embeddable":true,"href":"https:\/\/cbikes.gr\/cs\/wp-json\/wp\/v2\/product_tag?post=4196"}],"curies":[{"name":"wp","href":"https:\/\/api.w.org\/{rel}","templated":true}]}}