{"id":5264,"date":"2025-11-13T18:35:09","date_gmt":"2025-11-13T16:35:09","guid":{"rendered":"https:\/\/cbikes.gr\/?post_type=product&#038;p=5264"},"modified":"2026-04-16T10:55:26","modified_gmt":"2026-04-16T07:55:26","slug":"city-tour-follow-the-minoans-low-difficulty","status":"publish","type":"product","link":"https:\/\/cbikes.gr\/cs\/produkt\/city-tour-follow-the-minoans-low-difficulty\/","title":{"rendered":"City tour &#8211; Follow the Minoans &#8211; Low difficulty"},"content":{"rendered":"<div class=\"container\">\n<h1>\ud83d\uddd3\ufe0f Weekly Excursion Schedule<\/h1>\n<p class=\"date-header\">Period: 01\/04 \u2013 31\/10 2026<\/p>\n<div class=\"trips-grid\">\n<div class=\"trip-card trip-1\">\n<h3>\ud83d\udfe2 Heraklion City tour<\/h3>\n<p><i>Ideal for: Families<\/i><\/p>\n<ul class=\"info-list\">\n<li>\ud83d\udcc5<b>When:<\/b> Tuesday &amp; Saturday<\/li>\n<li>\u23f3<b>Dur\u00e9e : env. 6\u20137 h<\/b> 4 hours<\/li>\n<li>\ud83d\udcb0<b>Cost:<\/b> 60\u20ac<\/li>\n<\/ul>\n<p>A pleasant e-bike trip around Heraklion.<\/p>\n<\/div>\n<h2>\ud83d\udcca Excursion Comparison<\/h2>\n<table>\n<thead>\n<tr>\n<th>Features<\/th>\n<th>City tour<\/th>\n<th>Archanes tour<\/th>\n<th>Anogeia tour<\/th>\n<\/tr>\n<\/thead>\n<tbody>\n<tr>\n<td><b>Difficulty<\/b><\/td>\n<td>Easy<\/td>\n<td>Medium<\/td>\n<td>High<\/td>\n<\/tr>\n<tr>\n<td><b>Meal<\/b><\/td>\n<td>Not Included<\/td>\n<td>Included<\/td>\n<td>Included<\/td>\n<\/tr>\n<tr>\n<td><b>Transport<\/b><\/td>\n<td>As per Request<\/td>\n<td>As per Request<\/td>\n<td>As per Request<\/td>\n<\/tr>\n<tr>\n<td><b>Departure Time<\/b><\/td>\n<td>10.00am<\/td>\n<td>09.30 a.m<\/td>\n<td>08.30am<\/td>\n<\/tr>\n<tr>\n<td><b> Distance( aprox )<\/b><\/td>\n<td>22 km.<\/td>\n<td>55 km.<\/td>\n<td>80 km.<\/td>\n<\/tr>\n<tr>\n<td><b> Duration ( aprox )<\/b><\/td>\n<td>4 hours.<\/td>\n<td>6-7 hours.<\/td>\n<td>8 hours.<\/td>\n<\/tr>\n<tr>\n<td><b>Meeting Point<\/b><\/td>\n<td><a href=\"https:\/\/www.google.gr\/maps\/place\/CBikes\/@35.3379921,25.1187191,17z\/data=!3m1!4b1!4m6!3m5!1s0x149a5713418f6b77:0x2dd4bc4f9640f23d!8m2!3d35.3379878!4d25.121294!16s%2Fg%2F11ldc_wkcx?hl=el&amp;entry=ttu&amp;g_ep=EgoyMDI2MDIyMy4wIKXMDSoASAFQAw%3D%3D\" target=\"_blank\" rel=\"noopener\"><br \/>\nCBikes Location<br \/>\n<\/a><\/td>\n<td><a href=\"https:\/\/www.google.gr\/maps\/place\/CBikes\/@35.3379921,25.1187191,17z\/data=!3m1!4b1!4m6!3m5!1s0x149a5713418f6b77:0x2dd4bc4f9640f23d!8m2!3d35.3379878!4d25.121294!16s%2Fg%2F11ldc_wkcx?hl=el&amp;entry=ttu&amp;g_ep=EgoyMDI2MDIyMy4wIKXMDSoASAFQAw%3D%3D\" target=\"_blank\" rel=\"noopener\"><br \/>\nCBikes Location<br \/>\n<\/a><\/td>\n<td><a href=\"https:\/\/www.google.gr\/maps\/place\/CBikes\/@35.3379921,25.1187191,17z\/data=!3m1!4b1!4m6!3m5!1s0x149a5713418f6b77:0x2dd4bc4f9640f23d!8m2!3d35.3379878!4d25.121294!16s%2Fg%2F11ldc_wkcx?hl=el&amp;entry=ttu&amp;g_ep=EgoyMDI2MDIyMy4wIKXMDSoASAFQAw%3D%3D\" target=\"_blank\" rel=\"noopener\"><br \/>\nCBikes Location<br \/>\n<\/a><\/td>\n<\/tr>\n<\/tbody>\n<\/table>\n<div class=\"footer\" style=\"font-family: 'Segoe UI', Arial, sans-serif; text-align: center; padding: 20px;\">\n<h3 style=\"margin-bottom: 8px;\">\ud83d\udcde Information &amp; Bookings<\/h3>\n<p style=\"margin-bottom: 25px; color: #444;\">Phone: <b>+30 2811 813244<\/b> | Email: <b>info@cbikes.gr<\/b><\/p>\n<p><a class=\"btn\" style=\"display: inline-block; color: #0066cc; background-color: #ffffff; border: 2px solid #0066cc; padding: 12px 35px; text-decoration: none; border-radius: 50px; font-size: 14px; font-weight: bold; text-transform: uppercase; letter-spacing: 1.5px; transition: all 0.3s ease; box-shadow: 0 4px 10px rgba(0, 102, 204, 0.1);\" href=\"mailto:info@cbikes.gr\"><br \/>\nKontaktujte n\u00e1s<br \/>\n<\/a><\/p>\n<\/div>\n<\/div>\n<\/div>","protected":false},"excerpt":{"rendered":"<p>R\u00e1di byste nav\u0161t\u00edvili jedno z nejv\u011bt\u0161\u00edch m\u011bst na Kr\u00e9t\u011b, ale nev\u00edte kam j\u00edt a co vid\u011bt? Cht\u011bli byste za\u017e\u00edt trochu adrenalinu? Pokud je Va\u0161e odpov\u011b\u010f ano, tak tento v\u00fdlet bude nejlep\u0161\u00ed volbou.<\/p>\n<p>Poj\u010fte s n\u00e1mi objevit hlavn\u00ed m\u011bsto Kr\u00e9ty - Heraklion! Vyzvedneme V\u00e1s v rann\u00edch hodin\u00e1ch u Va\u0161eho ubytov\u00e1ni a odvezeme do na\u0161\u00ed p\u016fj\u010dovny. Tam V\u00e1m zap\u016fj\u010d\u00edme kvalitn\u00ed elektro kola, vybav\u00edme V\u00e1s tak\u00e9 helmou a z\u00e1mkem na kolo. A jsme p\u0159ipraveni vyrazit!<\/p>\n<p>Ru\u0161n\u011bj\u0161\u00ed \u010d\u00e1st\u00ed Heraklionu se postupn\u011b dostaneme do t\u00e9 klidn\u011bj\u0161\u00ed, kde se budete moci kochat kr\u00e1sn\u00fdmi v\u00fdhledy, cestou tak\u00e9 nav\u0161t\u00edv\u00edme kl\u00e1\u0161ter a nejzn\u00e1mn\u011bj\u0161\u00ed historick\u00e9 pam\u00e1tky v centru m\u011bsta. Budete m\u00edt tak\u00e9 \u010das na n\u00e1kupy a n\u00e1v\u0161t\u011bvu jednoho z nejhez\u010d\u00edch pravoslavn\u00fdch kostel\u016f.<\/p>\n<p>N\u00e1\u0161 v\u00fdlet zakon\u010d\u00edme zase v p\u016fj\u010dovn\u011b, odkud V\u00e1s odvezeme zp\u011bt do ubytov\u00e1n\u00ed. Cel\u00fd v\u00fdlet je v doprovodu pr\u016fvodce.<\/p>\n<p>&nbsp;<\/p>","protected":false},"featured_media":5945,"comment_status":"open","ping_status":"closed","template":"","meta":[],"product_brand":[],"product_cat":[128],"product_tag":[100,98,96],"class_list":{"0":"post-5264","1":"product","2":"type-product","3":"status-publish","4":"has-post-thumbnail","6":"product_cat-e-bike-trips","7":"product_tag-accessories","8":"product_tag-bikes","9":"product_tag-e-bikes","11":"first","12":"instock","13":"taxable","14":"shipping-taxable","15":"purchasable","16":"product-type-ovacrs_car_rental"},"_links":{"self":[{"href":"https:\/\/cbikes.gr\/cs\/wp-json\/wp\/v2\/product\/5264","targetHints":{"allow":["GET"]}}],"collection":[{"href":"https:\/\/cbikes.gr\/cs\/wp-json\/wp\/v2\/product"}],"about":[{"href":"https:\/\/cbikes.gr\/cs\/wp-json\/wp\/v2\/types\/product"}],"replies":[{"embeddable":true,"href":"https:\/\/cbikes.gr\/cs\/wp-json\/wp\/v2\/comments?post=5264"}],"wp:featuredmedia":[{"embeddable":true,"href":"https:\/\/cbikes.gr\/cs\/wp-json\/wp\/v2\/media\/5945"}],"wp:attachment":[{"href":"https:\/\/cbikes.gr\/cs\/wp-json\/wp\/v2\/media?parent=5264"}],"wp:term":[{"taxonomy":"product_brand","embeddable":true,"href":"https:\/\/cbikes.gr\/cs\/wp-json\/wp\/v2\/product_brand?post=5264"},{"taxonomy":"product_cat","embeddable":true,"href":"https:\/\/cbikes.gr\/cs\/wp-json\/wp\/v2\/product_cat?post=5264"},{"taxonomy":"product_tag","embeddable":true,"href":"https:\/\/cbikes.gr\/cs\/wp-json\/wp\/v2\/product_tag?post=5264"}],"curies":[{"name":"wp","href":"https:\/\/api.w.org\/{rel}","templated":true}]}}