{"id":5336,"date":"2025-12-08T10:09:06","date_gmt":"2025-12-08T08:09:06","guid":{"rendered":"https:\/\/cbikes.gr\/?post_type=product&#038;p=5336"},"modified":"2026-04-16T10:56:23","modified_gmt":"2026-04-16T07:56:23","slug":"archanes-tour-taste-the-wine-medium-difficulty","status":"publish","type":"product","link":"https:\/\/cbikes.gr\/cs\/produkt\/archanes-tour-taste-the-wine-medium-difficulty\/","title":{"rendered":"Archanes tour &#8211; Taste the wine &#8211; Medium difficulty"},"content":{"rendered":"<p>&nbsp;<\/p>\n<style>\n        body { font-family: sans-serif; }<br \/>        .container { max-width: 900px; margin: auto; padding: 20px; }<br \/>        h1, h2, .date-header { text-align: center; }<br \/>        .trip-card { border: 1px solid #ccc; padding: 15px; border-radius: 8px; margin-bottom: 20px; }<br \/>        .info-list { list-style: none; padding: 0; }<\/p>\n<p>        \/* General Table Styling *\/<br \/>        table { width: 100%; border-collapse: collapse; margin-top: 20px; }<br \/>        th, td { border: 1px solid #ddd; padding: 12px; text-align: center; }<br \/>        th { background-color: #f2f2f2; }<\/p>\n<p>        \/* KEY UPDATE: THIS ALIGNS CONTENT EXACTLY IN THE CENTER *\/<br \/>        table td {<br \/>            vertical-align: middle; \/* Vertical centering *\/<br \/>            text-align: center;     \/* Horizontal centering *\/<br \/>        }<\/p>\n<p>        .footer { text-align: center; margin-top: 30px; border-top: 1px solid #eee; padding-top: 20px; }<br \/>        .btn { display: inline-block; padding: 10px 20px; background-color: #007bff; color: white; text-decoration: none; border-radius: 5px; }<br \/>    <\/style>\n<p>&nbsp;<\/p>\n<div class=\"container\">\n<h1>\ud83d\uddd3\ufe0f Weekly Excursion Schedule<\/h1>\n<p class=\"date-header\">Period: 01\/04 \u2013 31\/10 2026<\/p>\n<div class=\"trip-card trip-2\">\n<h3>\ud83d\udd35 Archanes tour \u2013 Taste the wine<\/h3>\n<p><i>Ideal for: Foodies &amp; wine lovers<\/i><\/p>\n<p>\ud83d\udcc5<b>When:<\/b> Monday, Wednesday, Friday<\/p>\n<ul class=\"info-list\">\n<li>\u23f3<b>Dur\u00e9e : env. 6\u20137 h<\/b> 4 hours<\/li>\n<li>\ud83d\udcb0<b>Cost:<\/b> 120\u20ac<\/li>\n<\/ul>\n<p>Discover the traditional village &#8220;Archanes&#8221;.<\/p>\n<\/div>\n<h2>\ud83d\udcca Excursion Comparison<\/h2>\n<table>\n<thead>\n<tr>\n<th>Features<\/th>\n<th>City Tour<\/th>\n<th>Archanes tour<\/th>\n<th>Anogeia Tour<\/th>\n<\/tr>\n<\/thead>\n<tbody>\n<tr>\n<td><b>Difficulty<\/b><\/td>\n<td>Easy<\/td>\n<td>Medium<\/td>\n<td>High<\/td>\n<\/tr>\n<tr>\n<td><b>Meal<\/b><\/td>\n<td>Not Included<\/td>\n<td>Included<\/td>\n<td>Included<\/td>\n<\/tr>\n<tr>\n<td><b>Transport<\/b><\/td>\n<td>As per Request<\/td>\n<td>As per Request<\/td>\n<td>As per Request<\/td>\n<\/tr>\n<tr>\n<td><b>Departure Time<\/b><\/td>\n<td>10.00am<\/td>\n<td>09.30am<\/td>\n<td>8.30am<\/td>\n<\/tr>\n<tr>\n<td><b> Distance( aprox )<\/b><\/td>\n<td>22 km.<\/td>\n<td>55 km.<\/td>\n<td>80 km.<\/td>\n<\/tr>\n<tr>\n<td><b> Duration ( aprox )<\/b><\/td>\n<td>4 hours.<\/td>\n<td>6-7 hours.<\/td>\n<td>8 hours.<\/td>\n<\/tr>\n<tr>\n<td><b>Meeting Point<\/b><\/td>\n<td><a href=\"https:\/\/www.google.gr\/maps\/place\/CBikes\/@35.3379921,25.1187191,17z\/data=!3m1!4b1!4m6!3m5!1s0x149a5713418f6b77:0x2dd4bc4f9640f23d!8m2!3d35.3379878!4d25.121294!16s%2Fg%2F11ldc_wkcx?hl=el&amp;entry=ttu&amp;g_ep=EgoyMDI2MDIyMy4wIKXMDSoASAFQAw%3D%3D\" target=\"_blank\" rel=\"noopener\"><br \/>\nCBikes Location<br \/>\n<\/a><\/td>\n<td><a href=\"https:\/\/www.google.gr\/maps\/place\/CBikes\/@35.3379921,25.1187191,17z\/data=!3m1!4b1!4m6!3m5!1s0x149a5713418f6b77:0x2dd4bc4f9640f23d!8m2!3d35.3379878!4d25.121294!16s%2Fg%2F11ldc_wkcx?hl=el&amp;entry=ttu&amp;g_ep=EgoyMDI2MDIyMy4wIKXMDSoASAFQAw%3D%3D\" target=\"_blank\" rel=\"noopener\"><br \/>\nCBikes Location<br \/>\n<\/a><\/td>\n<td><a href=\"https:\/\/www.google.gr\/maps\/place\/CBikes\/@35.3379921,25.1187191,17z\/data=!3m1!4b1!4m6!3m5!1s0x149a5713418f6b77:0x2dd4bc4f9640f23d!8m2!3d35.3379878!4d25.121294!16s%2Fg%2F11ldc_wkcx?hl=el&amp;entry=ttu&amp;g_ep=EgoyMDI2MDIyMy4wIKXMDSoASAFQAw%3D%3D\" target=\"_blank\" rel=\"noopener\"><br \/>\nCBikes Location<br \/>\n<\/a><\/td>\n<\/tr>\n<\/tbody>\n<\/table>\n<div class=\"footer\" style=\"font-family: 'Segoe UI', Arial, sans-serif; text-align: center; padding: 20px;\">\n<h3 style=\"margin-bottom: 8px;\">\ud83d\udcde Information &amp; Bookings<\/h3>\n<p style=\"margin-bottom: 25px; color: #444;\">Phone: <b>+30 2811 813244<\/b> | Email: <b>info@cbikes.gr<\/b><\/p>\n<p><a class=\"btn\" style=\"display: inline-block; color: #0066cc; background-color: #ffffff; border: 2px solid #0066cc; padding: 12px 35px; text-decoration: none; border-radius: 50px; font-size: 14px; font-weight: bold; text-transform: uppercase; letter-spacing: 1.5px; transition: all 0.3s ease; box-shadow: 0 4px 10px rgba(0, 102, 204, 0.1);\" href=\"mailto:info@cbikes.gr\"><br \/>\nKontaktujte n\u00e1s<br \/>\n<\/a><\/p>\n<\/div>\n<\/div>","protected":false},"excerpt":{"rendered":"<p><span style=\"text-decoration: underline;\"><strong>TRADI\u010cN\u00cd VESNI\u010cKA ARCHANES S OCHUTN\u00c1VKOU KR\u00c9TSK\u00ddCH V\u00cdN<\/strong><\/span><\/p>\n<div dir=\"auto\"><\/div>\n<div dir=\"auto\">P\u0159\u00edjemn\u00fd v\u00fdlet na elektrokolech v\u00e1s zavede z pob\u0159e\u017e\u00ed u Heraklionu do malebn\u00e9 horsk\u00e9 vesnice Archanes, zn\u00e1m\u00e9 sv\u00fdmi tradi\u010dn\u00edmi domky a pohodovou atmosf\u00e9rou. Po cest\u011b m\u00edrn\u011b vystoup\u00e1te krajinou plnou vinic a olivovn\u00edk\u016f, odkud se otev\u00edraj\u00ed kr\u00e1sn\u00e9 v\u00fdhledy na severn\u00ed pob\u0159e\u017e\u00ed i okoln\u00ed kopce.<\/div>\n<div dir=\"auto\">In Archanes, enjoy lunch at a local taverna, where you can taste traditional Cretan cuisine. After lunch, continue to the family-owned Winery, where you will tour the vineyards and cellar, followed by a tasting of selected Cretan wines.<\/div>\n<div dir=\"auto\">Cesta zp\u011bt je p\u0159ev\u00e1\u017en\u011b z kopce, tak\u017ee si u\u017eijete pohodlnou a relaxa\u010dn\u00ed j\u00edzdu zp\u011bt.<\/div>\n<div dir=\"auto\"><\/div>","protected":false},"featured_media":5958,"comment_status":"open","ping_status":"closed","template":"","meta":[],"product_brand":[],"product_cat":[128],"product_tag":[100,98,96],"class_list":{"0":"post-5336","1":"product","2":"type-product","3":"status-publish","4":"has-post-thumbnail","6":"product_cat-e-bike-trips","7":"product_tag-accessories","8":"product_tag-bikes","9":"product_tag-e-bikes","11":"first","12":"instock","13":"taxable","14":"shipping-taxable","15":"purchasable","16":"product-type-ovacrs_car_rental"},"_links":{"self":[{"href":"https:\/\/cbikes.gr\/cs\/wp-json\/wp\/v2\/product\/5336","targetHints":{"allow":["GET"]}}],"collection":[{"href":"https:\/\/cbikes.gr\/cs\/wp-json\/wp\/v2\/product"}],"about":[{"href":"https:\/\/cbikes.gr\/cs\/wp-json\/wp\/v2\/types\/product"}],"replies":[{"embeddable":true,"href":"https:\/\/cbikes.gr\/cs\/wp-json\/wp\/v2\/comments?post=5336"}],"wp:featuredmedia":[{"embeddable":true,"href":"https:\/\/cbikes.gr\/cs\/wp-json\/wp\/v2\/media\/5958"}],"wp:attachment":[{"href":"https:\/\/cbikes.gr\/cs\/wp-json\/wp\/v2\/media?parent=5336"}],"wp:term":[{"taxonomy":"product_brand","embeddable":true,"href":"https:\/\/cbikes.gr\/cs\/wp-json\/wp\/v2\/product_brand?post=5336"},{"taxonomy":"product_cat","embeddable":true,"href":"https:\/\/cbikes.gr\/cs\/wp-json\/wp\/v2\/product_cat?post=5336"},{"taxonomy":"product_tag","embeddable":true,"href":"https:\/\/cbikes.gr\/cs\/wp-json\/wp\/v2\/product_tag?post=5336"}],"curies":[{"name":"wp","href":"https:\/\/api.w.org\/{rel}","templated":true}]}}