{"id":5338,"date":"2025-12-08T10:42:50","date_gmt":"2025-12-08T08:42:50","guid":{"rendered":"https:\/\/cbikes.gr\/?post_type=product&#038;p=5338"},"modified":"2026-04-16T10:56:55","modified_gmt":"2026-04-16T07:56:55","slug":"anogeia-tour-where-the-bike-meets-the-nature-experienced-difficulty","status":"publish","type":"product","link":"https:\/\/cbikes.gr\/cs\/produkt\/anogeia-tour-where-the-bike-meets-the-nature-experienced-difficulty\/","title":{"rendered":"Anogeia tour &#8211; Where the bike meets the nature &#8211; Experienced difficulty"},"content":{"rendered":"<div class=\"container\">\n<h2 style=\"padding-left: 40px;\">\ud83d\uddd3\ufe0f Weekly Excursion Schedule<\/h2>\n<p class=\"date-header\">Period: 01\/04 \u2013 31\/10 2026<\/p>\n<div class=\"trip-card trip-3\">\n<h3>\ud83d\udd34 Adrenaline Rush<\/h3>\n<p><i>Ideal for: Action<\/i><\/p>\n<ul class=\"info-list\">\n<li style=\"text-align: left;\">\ud83d\udcc5<b>When:<\/b> Every Thursday<br \/>\n<hr \/>\n<\/li>\n<li>\u23f3<b>Dur\u00e9e : env. 6\u20137 h<\/b> 8 hours ( aprox )<\/li>\n<li>\ud83d\udcb0<b>Cost:<\/b> 135\u20ac<\/li>\n<\/ul>\n<p>A pleasant combination of coastal atmosphere and the Cretan mountains, that will be unforgettable.<\/p>\n<\/div>\n<\/div>\n<h2>\ud83d\udcca Excursion Comparison<\/h2>\n<table>\n<thead>\n<tr>\n<th>Features<\/th>\n<th>City Tour<\/th>\n<th>Archanes tour<\/th>\n<th>Anogeia tour<\/th>\n<\/tr>\n<\/thead>\n<tbody>\n<tr>\n<td><b>Difficulty<\/b><\/td>\n<td>Easy<\/td>\n<td>Medium<\/td>\n<td>High<\/td>\n<\/tr>\n<tr>\n<td><b>Meal<\/b><\/td>\n<td>Not Included<\/td>\n<td>Included<\/td>\n<td>Included<\/td>\n<\/tr>\n<tr>\n<td><b>Transport<\/b><\/td>\n<td>As per Request<\/td>\n<td>As per Request<\/td>\n<td>As per Request<\/td>\n<\/tr>\n<tr>\n<td><b>Departure Time<\/b><\/td>\n<td>10.00am<\/td>\n<td>09.30am<\/td>\n<td>08.30am<\/td>\n<\/tr>\n<tr>\n<td><b> Distance( aprox )<\/b><\/td>\n<td>22 km.<\/td>\n<td>55 km.<\/td>\n<td>80 km.<\/td>\n<\/tr>\n<tr>\n<td><b> Duration ( aprox )<\/b><\/td>\n<td>4 hours.<\/td>\n<td>6-7 hours.<\/td>\n<td>8 hours.<\/td>\n<\/tr>\n<tr>\n<td><b>Meeting Point<\/b><\/td>\n<td><a href=\"https:\/\/www.google.gr\/maps\/place\/CBikes\/@35.3379921,25.1187191,17z\/data=!3m1!4b1!4m6!3m5!1s0x149a5713418f6b77:0x2dd4bc4f9640f23d!8m2!3d35.3379878!4d25.121294!16s%2Fg%2F11ldc_wkcx?hl=el&amp;entry=ttu&amp;g_ep=EgoyMDI2MDIyMy4wIKXMDSoASAFQAw%3D%3D\" target=\"_blank\" rel=\"noopener\"><br \/>\nCBikes Location<br \/>\n<\/a><\/td>\n<td><a href=\"https:\/\/www.google.gr\/maps\/place\/CBikes\/@35.3379921,25.1187191,17z\/data=!3m1!4b1!4m6!3m5!1s0x149a5713418f6b77:0x2dd4bc4f9640f23d!8m2!3d35.3379878!4d25.121294!16s%2Fg%2F11ldc_wkcx?hl=el&amp;entry=ttu&amp;g_ep=EgoyMDI2MDIyMy4wIKXMDSoASAFQAw%3D%3D\" target=\"_blank\" rel=\"noopener\"><br \/>\nCBikes Location<br \/>\n<\/a><\/td>\n<td><a href=\"https:\/\/www.google.gr\/maps\/place\/CBikes\/@35.3379921,25.1187191,17z\/data=!3m1!4b1!4m6!3m5!1s0x149a5713418f6b77:0x2dd4bc4f9640f23d!8m2!3d35.3379878!4d25.121294!16s%2Fg%2F11ldc_wkcx?hl=el&amp;entry=ttu&amp;g_ep=EgoyMDI2MDIyMy4wIKXMDSoASAFQAw%3D%3D\" target=\"_blank\" rel=\"noopener\"><br \/>\nCBikes Location<br \/>\n<\/a><\/td>\n<\/tr>\n<\/tbody>\n<\/table>\n<div class=\"footer\" style=\"font-family: 'Segoe UI', Arial, sans-serif; text-align: center; padding: 20px;\">\n<h3 style=\"margin-bottom: 8px;\">\ud83d\udcde Information &amp; Bookings<\/h3>\n<p style=\"margin-bottom: 25px; color: #444;\">Phone: <b>+30 2811 813244<\/b> | Email: <b>info@cbikes.gr<\/b><\/p>\n<p><a class=\"btn\" style=\"display: inline-block; color: #0066cc; background-color: #ffffff; border: 2px solid #0066cc; padding: 12px 35px; text-decoration: none; border-radius: 50px; font-size: 14px; font-weight: bold; text-transform: uppercase; letter-spacing: 1.5px; transition: all 0.3s ease; box-shadow: 0 4px 10px rgba(0, 102, 204, 0.1);\" href=\"mailto:info@cbikes.gr\"><br \/>\nKontaktujte n\u00e1s<br \/>\n<\/a><\/p>\n<\/div>","protected":false},"excerpt":{"rendered":"<div dir=\"auto\">\n<p>&nbsp;<\/p>\n<p><span style=\"text-decoration: underline;\"><strong>HORSK\u00c1 VESNICE ANOGEIA - TA PRAV\u00c1 KR\u00c9TA!<\/strong><\/span><\/p>\n<div dir=\"auto\"><\/div>\n<div dir=\"auto\">V\u00fdlet na elektrokolech do horsk\u00e9 vesnice Anogeia je p\u0159\u00edjemn\u00e1 kombinace pob\u0159e\u017en\u00ed atmosf\u00e9ry a kr\u00e9tsk\u00fdch hor. Trasa za\u010d\u00edn\u00e1 v centru Heraklionu, odkud se postupn\u011b budeme vzdalovat od ruchu m\u011bsta a m\u00edrn\u011b stoupat krajinou plnou olivovn\u00edk\u016f. S p\u0159ib\u00fdvaj\u00edc\u00ed nadmo\u0159skou v\u00fd\u0161kou se n\u00e1m otev\u0159ou kr\u00e1sn\u00e9 v\u00fdhledy na okoln\u00ed \u00fadol\u00ed i horsk\u00fd masiv Psiloritis.<\/div>\n<div dir=\"auto\">Po p\u0159\u00edjezdu do Anogeie n\u00e1s \u010dek\u00e1 autentick\u00e1 kr\u00e9tsk\u00e1 atmosf\u00e9ra, \u00fazk\u00e9 uli\u010dky a mal\u00e9 kav\u00e1rny ide\u00e1ln\u00ed na kr\u00e1tk\u00fd odpo\u010dinek, mo\u017enost nav\u0161t\u00edvit tradi\u010dn\u00ed v\u00fdrobnu koberc\u016f. Sou\u010d\u00e1st\u00ed v\u00fdletu bude tak\u00e9 ob\u011bd v m\u00edstn\u00ed tavern\u011b, kde ochutn\u00e1te pravou kr\u00e9tskou kuchyni. Cesta zp\u011bt bude p\u0159\u00edjemn\u011bj\u0161\u00ed d\u00edky del\u0161\u00edmu kles\u00e1n\u00ed, tak\u017ee si vychutn\u00e1me okoln\u00ed p\u0159\u00edrodu i volnou j\u00edzdu. Cel\u00fd okruh je zhruba 80km dlouh\u00fd a nab\u00edz\u00ed skv\u011bl\u00fd z\u00e1\u017eitek z vnitrozem\u00ed Kr\u00e9ty.<\/div>\n<\/div>","protected":false},"featured_media":5952,"comment_status":"open","ping_status":"closed","template":"","meta":[],"product_brand":[],"product_cat":[128],"product_tag":[100,98,96],"class_list":{"0":"post-5338","1":"product","2":"type-product","3":"status-publish","4":"has-post-thumbnail","6":"product_cat-e-bike-trips","7":"product_tag-accessories","8":"product_tag-bikes","9":"product_tag-e-bikes","11":"first","12":"instock","13":"taxable","14":"shipping-taxable","15":"purchasable","16":"product-type-ovacrs_car_rental"},"_links":{"self":[{"href":"https:\/\/cbikes.gr\/cs\/wp-json\/wp\/v2\/product\/5338","targetHints":{"allow":["GET"]}}],"collection":[{"href":"https:\/\/cbikes.gr\/cs\/wp-json\/wp\/v2\/product"}],"about":[{"href":"https:\/\/cbikes.gr\/cs\/wp-json\/wp\/v2\/types\/product"}],"replies":[{"embeddable":true,"href":"https:\/\/cbikes.gr\/cs\/wp-json\/wp\/v2\/comments?post=5338"}],"wp:featuredmedia":[{"embeddable":true,"href":"https:\/\/cbikes.gr\/cs\/wp-json\/wp\/v2\/media\/5952"}],"wp:attachment":[{"href":"https:\/\/cbikes.gr\/cs\/wp-json\/wp\/v2\/media?parent=5338"}],"wp:term":[{"taxonomy":"product_brand","embeddable":true,"href":"https:\/\/cbikes.gr\/cs\/wp-json\/wp\/v2\/product_brand?post=5338"},{"taxonomy":"product_cat","embeddable":true,"href":"https:\/\/cbikes.gr\/cs\/wp-json\/wp\/v2\/product_cat?post=5338"},{"taxonomy":"product_tag","embeddable":true,"href":"https:\/\/cbikes.gr\/cs\/wp-json\/wp\/v2\/product_tag?post=5338"}],"curies":[{"name":"wp","href":"https:\/\/api.w.org\/{rel}","templated":true}]}}