{"id":3441,"date":"2024-03-11T19:41:26","date_gmt":"2024-03-11T17:41:26","guid":{"rendered":"https:\/\/cbikes.gr\/?post_type=product&#038;p=3441"},"modified":"2025-03-27T10:03:48","modified_gmt":"2025-03-27T08:03:48","slug":"levit-musca-hd-630-%ce%ad%ce%bd%ce%b1-%ce%b7%ce%bb%ce%b5%ce%ba%cf%84%cf%81%ce%b9%ce%ba%cf%8c-%cf%80%ce%bf%ce%b4%ce%ae%ce%bb%ce%b1%cf%84%ce%bf-%cf%83%ce%b5-%cf%80%cf%81%ce%ac%cf%83%ce%b9%ce%bd%ce%bf","status":"publish","type":"product","link":"https:\/\/cbikes.gr\/el\/%cf%80%cf%81%ce%bf%cf%8a%cf%8c%ce%bd\/levit-musca-hd-630-%ce%ad%ce%bd%ce%b1-%ce%b7%ce%bb%ce%b5%ce%ba%cf%84%cf%81%ce%b9%ce%ba%cf%8c-%cf%80%ce%bf%ce%b4%ce%ae%ce%bb%ce%b1%cf%84%ce%bf-%cf%83%ce%b5-%cf%80%cf%81%ce%ac%cf%83%ce%b9%ce%bd%ce%bf\/","title":{"rendered":"LEVIT MUSCA HD 630: Electric Bike in Green Gray Pearl 19&#8221;"},"content":{"rendered":"<table style=\"border-collapse: collapse; width: 621px; border-spacing: 0px; text-align: start; height: 1473px;\" border=\"0\" width=\"128\" cellspacing=\"0\" cellpadding=\"0\">\n<tbody>\n<tr style=\"height: 15.0pt;\">\n<td class=\"xl65\" style=\"height: 15.0pt; width: 48pt;\" align=\"left\" width=\"64\" height=\"20\">\u039c\u03bf\u03c4\u03ad\u03c1:<\/td>\n<td style=\"width: 48pt; padding-bottom: 0px; padding-top: 0px;\" align=\"left\" width=\"64\">Levit HD<\/td>\n<\/tr>\n<tr style=\"height: 15.0pt;\">\n<td class=\"xl65\" style=\"height: 15.0pt;\" align=\"left\" height=\"20\">\u039c\u03c0\u03b1\u03c4\u03b1\u03c1\u03af\u03b1:<\/td>\n<td style=\"padding-bottom: 0px; padding-top: 0px;\" align=\"left\">Levit SP2.1 630 Wh (17,5 Ah)<\/td>\n<\/tr>\n<tr style=\"height: 15.0pt;\">\n<td class=\"xl65\" style=\"height: 15.0pt;\" align=\"left\" height=\"20\">Ovlada\u010d:<\/td>\n<td style=\"padding-bottom: 0px; padding-top: 0px;\" align=\"left\">Levit Codac LCD<\/td>\n<\/tr>\n<tr style=\"height: 15.0pt;\">\n<td class=\"xl65\" style=\"height: 15.0pt;\" align=\"left\" height=\"20\">\u0395\u03bc\u03b2\u03bf\u03bb\u03bf:<\/td>\n<td style=\"padding-bottom: 0px; padding-top: 0px;\" align=\"left\">\u039a\u03c1\u03ac\u03bc\u03b1 6061<\/td>\n<\/tr>\n<tr style=\"height: 15.0pt;\">\n<td class=\"xl65\" style=\"height: 15.0pt;\" align=\"left\" height=\"20\">Vyr\u00e1b\u011bn\u00e9 velikosti:<\/td>\n<td style=\"padding-bottom: 0px; padding-top: 0px;\" align=\"left\">M, L, XL<\/td>\n<\/tr>\n<tr style=\"height: 15.0pt;\">\n<td class=\"xl65\" style=\"height: 15.0pt;\" align=\"left\" height=\"20\">Vidlice:<\/td>\n<td style=\"padding-bottom: 0px; padding-top: 0px;\" align=\"left\">RST Volant TnL (80 mm, se zamyk\u00e1n\u00edm z korunky)<\/td>\n<\/tr>\n<tr style=\"height: 15.0pt;\">\n<td class=\"xl65\" style=\"height: 15.0pt;\" align=\"left\" height=\"20\">Zadn\u00ed tlumi\u010d:<\/td>\n<td class=\"xl65\" style=\"padding-bottom: 0px; padding-top: 0px;\" align=\"left\">&#8211;<\/td>\n<\/tr>\n<tr style=\"height: 15.0pt;\">\n<td class=\"xl65\" style=\"height: 15.0pt;\" align=\"left\" height=\"20\">Hlavov\u00e9 slo\u017een\u00ed:<\/td>\n<td style=\"padding-bottom: 0px; padding-top: 0px;\" align=\"left\">\u03a0\u03c1\u03bf\u03b4\u03b9\u03b1\u03b3\u03c1\u03b1\u03c6\u03ad\u03c2 (\u03b7\u03bc\u03b9-\u03b5\u03bd\u03c3\u03c9\u03bc\u03b1\u03c4\u03c9\u03bc\u03ad\u03bd\u03bf)<\/td>\n<\/tr>\n<tr style=\"height: 15.0pt;\">\n<td class=\"xl65\" style=\"height: 15.0pt;\" align=\"left\" height=\"20\">Brzdy:<\/td>\n<td style=\"padding-bottom: 0px; padding-top: 0px;\" align=\"left\">\u0396\u03bf\u03c5\u03bc HB-875<\/td>\n<\/tr>\n<tr style=\"height: 15.0pt;\">\n<td class=\"xl65\" style=\"height: 15.0pt;\" align=\"left\" height=\"20\">Brzdov\u00e9 kotou\u010de:<\/td>\n<td style=\"padding-bottom: 0px; padding-top: 0px;\" align=\"left\">180 mm<\/td>\n<\/tr>\n<tr style=\"height: 15.0pt;\">\n<td class=\"xl65\" style=\"height: 15.0pt;\" align=\"left\" height=\"20\">St\u0159edov\u00e9 slo\u017een\u00ed:<\/td>\n<td style=\"padding-bottom: 0px; padding-top: 0px;\" align=\"left\">Thun JIVE 3.0<\/td>\n<\/tr>\n<tr style=\"height: 15.0pt;\">\n<td class=\"xl65\" style=\"height: 15.0pt;\" align=\"left\" height=\"20\">Kliky:<\/td>\n<td style=\"padding-bottom: 0px; padding-top: 0px;\" align=\"left\">Spec NW (170 mm, 44 z.)<\/td>\n<\/tr>\n<tr style=\"height: 15.0pt;\">\n<td class=\"xl65\" style=\"height: 15.0pt;\" align=\"left\" height=\"20\">\u0158azen\u00ed:<\/td>\n<td style=\"padding-bottom: 0px; padding-top: 0px;\" align=\"left\">Microshift Marvo-LT<\/td>\n<\/tr>\n<tr style=\"height: 15.0pt;\">\n<td class=\"xl65\" style=\"height: 15.0pt;\" align=\"left\" height=\"20\">P\u0159ehazova\u010dka:<\/td>\n<td style=\"padding-bottom: 0px; padding-top: 0px;\" align=\"left\">Microshift RD-M46L<\/td>\n<\/tr>\n<tr style=\"height: 15.0pt;\">\n<td class=\"xl65\" style=\"height: 15.0pt;\" align=\"left\" height=\"20\">\u039a\u03b1\u03b6\u03ad\u03c4\u03b1:<\/td>\n<td style=\"padding-bottom: 0px; padding-top: 0px;\" align=\"left\">S-Ride M300 (11 \u2013 36 z.)<\/td>\n<\/tr>\n<tr style=\"height: 15.0pt;\">\n<td class=\"xl65\" style=\"height: 15.0pt;\" align=\"left\" height=\"20\">\u0158et\u011bz:<\/td>\n<td style=\"padding-bottom: 0px; padding-top: 0px;\" align=\"left\">KMC X9<\/td>\n<\/tr>\n<tr style=\"height: 15.0pt;\">\n<td class=\"xl65\" style=\"height: 15.0pt;\" align=\"left\" height=\"20\">\u038c\u03bd\u03bf\u03bc\u03b1:<\/td>\n<td style=\"padding-bottom: 0px; padding-top: 0px;\" align=\"left\">\u03a6\u03cc\u03c1\u03bc\u03bf\u03c5\u03bb\u03b1 DC-20LW<\/td>\n<\/tr>\n<tr style=\"height: 15.0pt;\">\n<td class=\"xl65\" style=\"height: 15.0pt;\" align=\"left\" height=\"20\">R\u00e1fky:<\/td>\n<td style=\"padding-bottom: 0px; padding-top: 0px;\" align=\"left\">\u039a\u03bf\u03c1\u03c5\u03c6\u03b1\u03af\u03bf\u03c2 \u03b4\u03af\u03c3\u03ba\u03bf\u03c2 Remerx (622 x 19 mm)<\/td>\n<\/tr>\n<tr style=\"height: 15.0pt;\">\n<td class=\"xl65\" style=\"height: 15.0pt;\" align=\"left\" height=\"20\">\u03a0\u03bb\u03b1\u03c4\u03b5\u03af\u03b1:<\/td>\n<td style=\"padding-bottom: 0px; padding-top: 0px;\" align=\"left\">CST Control Viva 28 x 1,75\u2033 (47 -622)<\/td>\n<\/tr>\n<tr style=\"height: 15.0pt;\">\n<td class=\"xl65\" style=\"height: 15.0pt;\" align=\"left\" height=\"20\">Gripy:<\/td>\n<td style=\"padding-bottom: 0px; padding-top: 0px;\" align=\"left\">\u039a\u03bb\u03b5\u03af\u03b4\u03c9\u03bc\u03b1 Herrmans DD36<\/td>\n<\/tr>\n<tr style=\"height: 15.0pt;\">\n<td class=\"xl65\" style=\"height: 15.0pt;\" align=\"left\" height=\"20\">\u0158\u00edd\u00edtka:<\/td>\n<td style=\"padding-bottom: 0px; padding-top: 0px;\" align=\"left\">\u03a3\u03c4\u03ac\u03b4\u03b9\u03bf \u03c0\u03c1\u03bf\u03b4\u03b9\u03b1\u03b3\u03c1\u03b1\u03c6\u03ce\u03bd 31,8 x 680 mm (17\u2033), 700 mm (19\u2033, 21\u2033)<\/td>\n<\/tr>\n<tr style=\"height: 15.0pt;\">\n<td class=\"xl65\" style=\"height: 15.0pt;\" align=\"left\" height=\"20\">P\u0159edstavec:<\/td>\n<td style=\"padding-bottom: 0px; padding-top: 0px;\" align=\"left\">\u03a3\u03c4\u03ac\u03b4\u03b9\u03bf \u03c0\u03c1\u03bf\u03b4\u03b9\u03b1\u03b3\u03c1\u03b1\u03c6\u03ce\u03bd 60 mm (17\u2033), 75 mm (19\u2033), 90 mm (21\u2033)<\/td>\n<\/tr>\n<tr style=\"height: 15.0pt;\">\n<td class=\"xl65\" style=\"height: 15.0pt;\" align=\"left\" height=\"20\">Sedlo:<\/td>\n<td style=\"padding-bottom: 0px; padding-top: 0px;\" align=\"left\">Selle Royal 1405 HRN<\/td>\n<\/tr>\n<tr style=\"height: 15.0pt;\">\n<td class=\"xl65\" style=\"height: 15.0pt;\" align=\"left\" height=\"20\">Sedlovka:<\/td>\n<td style=\"padding-bottom: 0px; padding-top: 0px;\" align=\"left\">Spec Stage 30,9 x 400 mm<\/td>\n<\/tr>\n<tr style=\"height: 15.0pt;\">\n<td class=\"xl65\" style=\"height: 15.0pt;\" align=\"left\" height=\"20\">Ped\u00e1ly:<\/td>\n<td style=\"padding-bottom: 0px; padding-top: 0px;\" align=\"left\">\u039a\u03c1\u03ac\u03bc\u03b1<\/td>\n<\/tr>\n<tr style=\"height: 15.0pt;\">\n<td class=\"xl65\" style=\"height: 15.0pt;\" align=\"left\" height=\"20\">Hmotnost:<\/td>\n<td style=\"padding-bottom: 0px; padding-top: 0px;\" align=\"left\">25 \u03ba\u03b9\u03bb\u03ac<\/td>\n<\/tr>\n<\/tbody>\n<\/table>\n<p>&nbsp;<\/p>","protected":false},"excerpt":{"rendered":"<p>\u03a4\u03bf Levit Musca HD \u03b5\u03af\u03bd\u03b1\u03b9 \u03ad\u03bd\u03b1 \u03c3\u03cd\u03b3\u03c7\u03c1\u03bf\u03bd\u03bf \u03b7\u03bb\u03b5\u03ba\u03c4\u03c1\u03b9\u03ba\u03cc \u03c0\u03bf\u03b4\u03ae\u03bb\u03b1\u03c4\u03bf \u03c0\u03bf\u03c5 \u03b5\u03bd\u03c3\u03c9\u03bc\u03b1\u03c4\u03ce\u03bd\u03b5\u03b9 \u03ad\u03bd\u03b1\u03bd \u03c3\u03c5\u03bd\u03b4\u03c5\u03b1\u03c3\u03bc\u03cc \u03ac\u03bd\u03b5\u03c4\u03b7\u03c2 \u03b3\u03b5\u03c9\u03bc\u03b5\u03c4\u03c1\u03af\u03b1\u03c2 \u03c0\u03bb\u03b1\u03b9\u03c3\u03af\u03bf\u03c5 \u03ba\u03b1\u03b9 \u03b9\u03c3\u03c7\u03c5\u03c1\u03ae\u03c2 \u03b7\u03bb\u03b5\u03ba\u03c4\u03c1\u03b9\u03ba\u03ae\u03c2 \u03c5\u03c0\u03bf\u03c3\u03c4\u03ae\u03c1\u03b9\u03be\u03b7\u03c2. \u0397 \u03ba\u03b1\u03c1\u03b4\u03b9\u03ac \u03b1\u03c5\u03c4\u03bf\u03cd \u03c4\u03bf\u03c5 e-bike \u03b5\u03af\u03bd\u03b1\u03b9 \u03bf \u03ba\u03b9\u03bd\u03b7\u03c4\u03ae\u03c1\u03b1\u03c2 \u03c0\u03bf\u03c5 \u03b2\u03c1\u03af\u03c3\u03ba\u03b5\u03c4\u03b1\u03b9 \u03c3\u03c4\u03b7\u03bd \u03c0\u03af\u03c3\u03c9 \u03c0\u03bb\u03ae\u03bc\u03bd\u03b7, \u03bf \u03bf\u03c0\u03bf\u03af\u03bf\u03c2 \u03b5\u03be\u03b1\u03c3\u03c6\u03b1\u03bb\u03af\u03b6\u03b5\u03b9 \u03bc\u03b9\u03b1 \u03bf\u03bc\u03b1\u03bb\u03ae \u03ba\u03b1\u03b9 \u03b4\u03b9\u03b1\u03ba\u03c1\u03b9\u03c4\u03b9\u03ba\u03ae \u03bf\u03b4\u03ae\u03b3\u03b7\u03c3\u03b7, \u03b5\u03bd\u03ce \u03b5\u03be\u03b1\u03ba\u03bf\u03bb\u03bf\u03c5\u03b8\u03b5\u03af \u03bd\u03b1 \u03ad\u03c7\u03b5\u03b9 \u03b1\u03c1\u03ba\u03b5\u03c4\u03ae \u03b4\u03cd\u03bd\u03b1\u03bc\u03b7 \u03b3\u03b9\u03b1 \u03bd\u03b1 \u03b1\u03bd\u03ad\u03b2\u03b5\u03b9 \u03c3\u03b5 \u03c0\u03bb\u03b1\u03b3\u03b9\u03ad\u03c2 \u03ba\u03b1\u03b9 \u03bd\u03b1 \u03bf\u03b4\u03b7\u03b3\u03b5\u03af \u03b3\u03c1\u03ae\u03b3\u03bf\u03c1\u03b1 \u03c3\u03b5 \u03b5\u03c0\u03af\u03c0\u03b5\u03b4\u03bf \u03ad\u03b4\u03b1\u03c6\u03bf\u03c2. \u0397 \u03c0\u03b7\u03b3\u03ae \u03b5\u03bd\u03ad\u03c1\u03b3\u03b5\u03b9\u03b1\u03c2 \u03b1\u03c0\u03bf\u03c4\u03b5\u03bb\u03b5\u03af\u03c4\u03b1\u03b9 \u03b1\u03c0\u03cc \u03bc\u03b9\u03b1 \u03b9\u03c3\u03c7\u03c5\u03c1\u03ae \u03bc\u03c0\u03b1\u03c4\u03b1\u03c1\u03af\u03b1 \u03c7\u03c9\u03c1\u03b7\u03c4\u03b9\u03ba\u03cc\u03c4\u03b7\u03c4\u03b1\u03c2 630 Wh, \u03b5\u03bd\u03c3\u03c9\u03bc\u03b1\u03c4\u03c9\u03bc\u03ad\u03bd\u03b7 \u03b1\u03c0\u03b5\u03c5\u03b8\u03b5\u03af\u03b1\u03c2 \u03c3\u03c4\u03bf \u03c0\u03bb\u03b1\u03af\u03c3\u03b9\u03bf, \u03b7 \u03bf\u03c0\u03bf\u03af\u03b1 \u03b1\u03c5\u03be\u03ac\u03bd\u03b5\u03b9 \u03c4\u03b7\u03bd \u03b1\u03b9\u03c3\u03b8\u03b7\u03c4\u03b9\u03ba\u03ae \u03c0\u03bb\u03b5\u03c5\u03c1\u03ac \u03ba\u03b1\u03b9 \u03c4\u03b1\u03c5\u03c4\u03cc\u03c7\u03c1\u03bf\u03bd\u03b1 \u03c3\u03c5\u03bc\u03b2\u03ac\u03bb\u03bb\u03b5\u03b9 \u03c3\u03b5 \u03c7\u03b1\u03bc\u03b7\u03bb\u03cc\u03c4\u03b5\u03c1\u03bf \u03ba\u03ad\u03bd\u03c4\u03c1\u03bf \u03b2\u03ac\u03c1\u03bf\u03c5\u03c2 \u03b3\u03b9\u03b1 \u03ba\u03b1\u03bb\u03cd\u03c4\u03b5\u03c1\u03bf \u03c7\u03b5\u03b9\u03c1\u03b9\u03c3\u03bc\u03cc.<\/p>\n<p>\u0391\u03c5\u03c4\u03ae \u03b7 \u03bc\u03c0\u03b1\u03c4\u03b1\u03c1\u03af\u03b1 \u03c0\u03b1\u03c1\u03ad\u03c7\u03b5\u03b9 \u03bc\u03b5\u03b3\u03ac\u03bb\u03b7 \u03b1\u03c5\u03c4\u03bf\u03bd\u03bf\u03bc\u03af\u03b1 \u03ba\u03b1\u03b9 \u03b5\u03af\u03bd\u03b1\u03b9 \u03b9\u03b4\u03b1\u03bd\u03b9\u03ba\u03ae \u03b3\u03b9\u03b1 \u03bc\u03b5\u03b3\u03ac\u03bb\u03b1 \u03c4\u03b1\u03be\u03af\u03b4\u03b9\u03b1 \u03c7\u03c9\u03c1\u03af\u03c2 \u03c4\u03b7\u03bd \u03b1\u03bd\u03ac\u03b3\u03ba\u03b7 \u03c3\u03c5\u03c7\u03bd\u03ae\u03c2 \u03b5\u03c0\u03b1\u03bd\u03b1\u03c6\u03cc\u03c1\u03c4\u03b9\u03c3\u03b7\u03c2. \u03a4\u03bf \u03c0\u03b9\u03c1\u03bf\u03cd\u03bd\u03b9 \u03c4\u03b7\u03c2 \u03b1\u03bd\u03ac\u03c1\u03c4\u03b7\u03c3\u03b7\u03c2 \u03b1\u03c0\u03bf\u03c1\u03c1\u03bf\u03c6\u03ac \u03b1\u03bd\u03ce\u03bc\u03b1\u03bb\u03bf \u03ad\u03b4\u03b1\u03c6\u03bf\u03c2, \u03c4\u03b1 \u03c5\u03b4\u03c1\u03b1\u03c5\u03bb\u03b9\u03ba\u03ac \u03b4\u03b9\u03c3\u03ba\u03cc\u03c6\u03c1\u03b5\u03bd\u03b1 \u03b3\u03b9\u03b1 \u03b1\u03be\u03b9\u03cc\u03c0\u03b9\u03c3\u03c4\u03bf \u03c3\u03c4\u03b1\u03bc\u03ac\u03c4\u03b7\u03bc\u03b1 \u03b1\u03ba\u03cc\u03bc\u03b1 \u03ba\u03b1\u03b9 \u03c3\u03c4\u03bf \u03b2\u03c1\u03b5\u03b3\u03bc\u03ad\u03bd\u03bf \u03ba\u03b1\u03b9 \u03c4\u03bf \u03c3\u03cd\u03c3\u03c4\u03b7\u03bc\u03b1 \u03bc\u03b5\u03c4\u03ac\u03b4\u03bf\u03c3\u03b7\u03c2 Microshift \u03b3\u03b9\u03b1 \u03bf\u03bc\u03b1\u03bb\u03ae \u03b1\u03bb\u03bb\u03b1\u03b3\u03ae \u03c4\u03b1\u03c7\u03c5\u03c4\u03ae\u03c4\u03c9\u03bd, \u03cc\u03bb\u03b1 \u03c3\u03c5\u03bc\u03b2\u03ac\u03bb\u03bb\u03bf\u03c5\u03bd \u03c3\u03b5 \u03bc\u03b9\u03b1 \u03b5\u03c5\u03c7\u03ac\u03c1\u03b9\u03c3\u03c4\u03b7 \u03bf\u03b4\u03b7\u03b3\u03b9\u03ba\u03ae \u03b5\u03bc\u03c0\u03b5\u03b9\u03c1\u03af\u03b1.<\/p>\n<p>\u03a4\u03bf \u03c0\u03bb\u03b1\u03af\u03c3\u03b9\u03bf \u03b1\u03bb\u03bf\u03c5\u03bc\u03b9\u03bd\u03af\u03bf\u03c5 \u03b5\u03af\u03bd\u03b1\u03b9 \u03b5\u03bb\u03b1\u03c6\u03c1\u03cd \u03ba\u03b1\u03b9 \u03b1\u03bd\u03b8\u03b5\u03ba\u03c4\u03b9\u03ba\u03cc, \u03c0\u03b1\u03c1\u03ad\u03c7\u03bf\u03bd\u03c4\u03b1\u03c2 \u03c3\u03c4\u03b1\u03b8\u03b5\u03c1\u03ae \u03c3\u03c4\u03ae\u03c1\u03b9\u03be\u03b7 \u03b5\u03bd\u03ce \u03b5\u03c0\u03b9\u03c4\u03c1\u03ad\u03c0\u03b5\u03b9 \u03c4\u03bf\u03bd \u03b5\u03cd\u03ba\u03bf\u03bb\u03bf \u03c7\u03b5\u03b9\u03c1\u03b9\u03c3\u03bc\u03cc \u03c4\u03bf\u03c5 \u03c0\u03bf\u03b4\u03b7\u03bb\u03ac\u03c4\u03bf\u03c5. \u03a4\u03bf Levit Musca HD \u03b5\u03af\u03bd\u03b1\u03b9 \u03b5\u03c0\u03bf\u03bc\u03ad\u03bd\u03c9\u03c2 \u03b7 \u03b9\u03b4\u03b1\u03bd\u03b9\u03ba\u03ae \u03b5\u03c0\u03b9\u03bb\u03bf\u03b3\u03ae \u03b3\u03b9\u03b1 \u03c0\u03bf\u03b4\u03b7\u03bb\u03ac\u03c4\u03b5\u03c2 \u03c0\u03bf\u03c5 \u03b1\u03bd\u03b1\u03b6\u03b7\u03c4\u03bf\u03cd\u03bd \u03ad\u03bd\u03b1 \u03b9\u03c3\u03c7\u03c5\u03c1\u03cc \u03ba\u03b1\u03b9 \u03b1\u03be\u03b9\u03cc\u03c0\u03b9\u03c3\u03c4\u03bf \u03b7\u03bb\u03b5\u03ba\u03c4\u03c1\u03b9\u03ba\u03cc \u03c0\u03bf\u03b4\u03ae\u03bb\u03b1\u03c4\u03bf \u03bc\u03b5 \u03bc\u03b5\u03b3\u03ac\u03bb\u03b7 \u03b5\u03bc\u03b2\u03ad\u03bb\u03b5\u03b9\u03b1 \u03ba\u03b1\u03b9 \u03c0\u03bf\u03b9\u03bf\u03c4\u03b9\u03ba\u03ac \u03b5\u03be\u03b1\u03c1\u03c4\u03ae\u03bc\u03b1\u03c4\u03b1, \u03ba\u03b1\u03c4\u03ac\u03bb\u03bb\u03b7\u03bb\u03bf \u03b3\u03b9\u03b1 \u03b4\u03b9\u03ac\u03c6\u03bf\u03c1\u03bf\u03c5\u03c2 \u03c4\u03cd\u03c0\u03bf\u03c5\u03c2 \u03b5\u03b4\u03ac\u03c6\u03bf\u03c5\u03c2 \u03ba\u03b1\u03b9 \u03ba\u03b1\u03b8\u03b7\u03bc\u03b5\u03c1\u03b9\u03bd\u03ae \u03c7\u03c1\u03ae\u03c3\u03b7.<\/p>","protected":false},"featured_media":3439,"comment_status":"open","ping_status":"closed","template":"","meta":[],"product_brand":[],"product_cat":[84],"product_tag":[100,98,97],"class_list":{"0":"post-3441","1":"product","2":"type-product","3":"status-publish","4":"has-post-thumbnail","6":"type-city-bike","7":"manufacturer-olpran","8":"product_cat-e-bikes-retail","9":"product_tag-accessories","10":"product_tag-bikes","11":"product_tag-scooters","12":"product_shipping_class-retail-bikes","14":"first","15":"instock","16":"sale","17":"taxable","18":"shipping-taxable","19":"purchasable","20":"product-type-simple"},"_links":{"self":[{"href":"https:\/\/cbikes.gr\/el\/wp-json\/wp\/v2\/product\/3441","targetHints":{"allow":["GET"]}}],"collection":[{"href":"https:\/\/cbikes.gr\/el\/wp-json\/wp\/v2\/product"}],"about":[{"href":"https:\/\/cbikes.gr\/el\/wp-json\/wp\/v2\/types\/product"}],"replies":[{"embeddable":true,"href":"https:\/\/cbikes.gr\/el\/wp-json\/wp\/v2\/comments?post=3441"}],"wp:featuredmedia":[{"embeddable":true,"href":"https:\/\/cbikes.gr\/el\/wp-json\/wp\/v2\/media\/3439"}],"wp:attachment":[{"href":"https:\/\/cbikes.gr\/el\/wp-json\/wp\/v2\/media?parent=3441"}],"wp:term":[{"taxonomy":"product_brand","embeddable":true,"href":"https:\/\/cbikes.gr\/el\/wp-json\/wp\/v2\/product_brand?post=3441"},{"taxonomy":"product_cat","embeddable":true,"href":"https:\/\/cbikes.gr\/el\/wp-json\/wp\/v2\/product_cat?post=3441"},{"taxonomy":"product_tag","embeddable":true,"href":"https:\/\/cbikes.gr\/el\/wp-json\/wp\/v2\/product_tag?post=3441"}],"curies":[{"name":"wp","href":"https:\/\/api.w.org\/{rel}","templated":true}]}}