{"id":3513,"date":"2024-03-07T13:55:55","date_gmt":"2024-03-07T11:55:55","guid":{"rendered":"https:\/\/cbikes.gr\/?post_type=product&#038;p=3513"},"modified":"2026-03-18T19:10:00","modified_gmt":"2026-03-18T17:10:00","slug":"%ce%bf%ce%bb%cf%80%cf%81%ce%ac%ce%bd-29-%ce%ac%ce%bd%cf%84%cf%81%ce%b5%cf%82","status":"publish","type":"product","link":"https:\/\/cbikes.gr\/el\/%cf%80%cf%81%ce%bf%cf%8a%cf%8c%ce%bd\/%ce%bf%ce%bb%cf%80%cf%81%ce%ac%ce%bd-29-%ce%ac%ce%bd%cf%84%cf%81%ce%b5%cf%82\/","title":{"rendered":"Olpran 29&#8243; MTB Men&#8217;s Black or Similar"},"content":{"rendered":"<table style=\"border-collapse: collapse; width: 564px; height: 557px;\" border=\"0\" width=\"64\" cellspacing=\"0\" cellpadding=\"0\">\n<tbody>\n<tr style=\"height: 15.0pt;\">\n<td style=\"height: 15.0pt; width: 48pt;\" width=\"64\" height=\"20\">\u038e\u03c8\u03bf\u03c2: 165 \u2013 185 cm<\/td>\n<\/tr>\n<tr style=\"height: 15.0pt;\">\n<td style=\"height: 15.0pt;\" height=\"20\">\u0395\u03c1\u03ce\u03c4\u03b7\u03c3\u03b7: \u03b5\u03c0\u03b1\u03b3\u03b3\u03b5\u03bb\u03bc\u03b1\u03c4\u03af\u03b5\u03c2 \u03b5\u03bd\u03ae\u03bb\u03b9\u03ba\u03b5\u03c2<\/td>\n<\/tr>\n<tr style=\"height: 15.0pt;\">\n<td style=\"height: 15.0pt;\" height=\"20\">D\u00e9lka d\u00f3lnich kon\u010detin: neuv\u00e1di se<\/td>\n<\/tr>\n<tr style=\"height: 15.0pt;\">\n<td style=\"height: 15.0pt;\" height=\"20\">Vidlice: z\u00e1\u010dka OLPRAN \u2013 HI-TEN OCEL s odpru\u017een\u00edm<\/td>\n<\/tr>\n<tr style=\"height: 15.0pt;\">\n<td style=\"height: 15.0pt;\" height=\"20\">\u0392\u03ac\u03c1\u03bf\u03c2: 90 kg<\/td>\n<\/tr>\n<tr style=\"height: 15.0pt;\">\n<td style=\"height: 15.0pt;\" height=\"20\">\u0392\u03ac\u03c1\u03bf\u03c2 \u03c0\u03bf\u03b4\u03b7\u03bb\u03ac\u03c4\u03bf\u03c5 \u03bc\u03b5 \u03c4\u03b1 \u03c0\u03b5\u03bd\u03c4\u03ac\u03bb: 17,1 kg<\/td>\n<\/tr>\n<tr style=\"height: 15.0pt;\">\n<td style=\"height: 15.0pt;\" height=\"20\">\u03a3\u03cd\u03bd\u03b8\u03b5\u03c3\u03b7 Hlavov\u00e9: classic \u2013 ocelov\u00e9<\/td>\n<\/tr>\n<tr style=\"height: 15.0pt;\">\n<td style=\"height: 15.0pt;\" height=\"20\">Brzda \u03b5\u03bc\u03c0\u03c1\u03cc\u03c2: discov\u00e1 brzda, \u03b4\u03af\u03c3\u03ba\u03bf\u03c2 160 mm<\/td>\n<\/tr>\n<tr style=\"height: 15.0pt;\">\n<td style=\"height: 15.0pt;\" height=\"20\">\u03a0\u03af\u03c3\u03c9 \u03c6\u03c1\u03ad\u03bd\u03bf: \u03b4\u03b9\u03c3\u03ba\u03cc\u03c6\u03c1\u03b5\u03bd\u03bf, \u03b4\u03af\u03c3\u03ba\u03bf\u03c2 160 mm<\/td>\n<\/tr>\n<tr style=\"height: 15.0pt;\">\n<td style=\"height: 15.0pt;\" height=\"20\">\u03a3\u03cd\u03bd\u03b8\u03b5\u03c3\u03b7 St\u0159edov\u00e9: ocelov\u00e9, osa 119 mm<\/td>\n<\/tr>\n<tr style=\"height: 15.0pt;\">\n<td style=\"height: 15.0pt;\" height=\"20\">\u0158azen\u00ed: SHIMANO, INDEX<\/td>\n<\/tr>\n<tr style=\"height: 15.0pt;\">\n<td style=\"height: 15.0pt;\" height=\"20\">P\u0159ehazova\u010dka: SHIMANO<\/td>\n<\/tr>\n<tr style=\"height: 15.0pt;\">\n<td style=\"height: 15.0pt;\" height=\"20\">\u03a4\u03b1\u03c7\u03cd\u03c4\u03b7\u03c4\u03b5\u03c2 \u03c6\u03b1\u03ba\u03ad\u03bb\u03bf\u03c5: 18<\/td>\n<\/tr>\n<tr style=\"height: 15.0pt;\">\n<td style=\"height: 15.0pt;\" height=\"20\">\u03a4\u03af\u03c4\u03bb\u03bf\u03c2: ocel, Z6<\/td>\n<\/tr>\n<tr style=\"height: 15.0pt;\">\n<td style=\"height: 15.0pt;\" height=\"20\">\u039a\u03b1\u03c3\u03ad\u03c4\u03b1: Shimano, 14\u201328T<\/td>\n<\/tr>\n<tr style=\"height: 15.0pt;\">\n<td style=\"height: 15.0pt;\" height=\"20\">\u03a0\u03af\u03c3\u03c9 \u03c0\u03bb\u03ae\u03bc\u03bd\u03b7: Ocel, 36 \u03bf\u03c0\u03ad\u03c2, \u03b5\u03c0\u03b1\u03b3\u03b3\u03b5\u03bb\u03bc\u03b1\u03c4\u03b9\u03ba\u03cc \u03b4\u03b9\u03c3\u03ba\u03cc\u03c6\u03c1\u03b5\u03bd\u03bf<\/td>\n<\/tr>\n<tr style=\"height: 15.0pt;\">\n<td style=\"height: 15.0pt;\" height=\"20\">\u0158\u00edd\u00edtka: ocelov\u00e1, rovna, 580 mm<\/td>\n<\/tr>\n<tr style=\"height: 15.0pt;\">\n<td style=\"height: 15.0pt;\" height=\"20\">\u039c\u03bf\u03bd\u03c4\u03ad\u03bb\u03bf: ocel, classic, 80 mm<\/td>\n<\/tr>\n<tr style=\"height: 15.0pt;\">\n<td style=\"height: 15.0pt;\" height=\"20\">\u03a3\u03ad\u03bb\u03b1: 280\u00d7160 mm \u03bc\u03b1\u03cd\u03c1\u03b7, PU, \u03c3\u03b5 \u03c3\u03b2\u03cc\u03c1\u03ba\u03bf\u03c5<\/td>\n<\/tr>\n<tr style=\"height: 15.0pt;\">\n<td style=\"height: 15.0pt;\" height=\"20\">Sedlovka: ocel, rovna, 28,6\u00d7270 mm<\/td>\n<\/tr>\n<tr style=\"height: 15.0pt;\">\n<td style=\"height: 15.0pt;\" height=\"20\">\u03a0\u03b5\u03bd\u03c4\u03ac\u03bb: plastov\u00fd, kuli\u010dkov\u00fd, odrazky, boron osa<\/td>\n<\/tr>\n<tr style=\"height: 15.0pt;\">\n<td style=\"height: 15.0pt;\" height=\"20\">\u03a0\u03bb\u03b1\u03c4\u03b5\u03af\u03b1: 29\u2033 \u03bc\u03bf\u03c4\u03af\u03b2\u03bf \u03c0\u03b5\u03b6\u03bf\u03c0\u03bf\u03c1\u03af\u03b1\u03c2<\/td>\n<\/tr>\n<tr style=\"height: 15.0pt;\">\n<td style=\"height: 15.0pt;\" height=\"20\">\u0391\u03be\u03b5\u03c3\u03bf\u03c5\u03ac\u03c1: stoj\u00e1nek<\/td>\n<\/tr>\n<\/tbody>\n<\/table>","protected":false},"excerpt":{"rendered":"<h2>\u03a0\u03b1\u03c1\u03bf\u03c5\u03c3\u03b9\u03ac\u03b6\u03bf\u03c5\u03bc\u03b5 \u03c4\u03bf Olrpran Mountain Bike<\/h2>\n<p>\u0395\u03af\u03c3\u03c4\u03b5 \u03ad\u03c4\u03bf\u03b9\u03bc\u03bf\u03b9 \u03bd\u03b1 \u03ba\u03b1\u03c4\u03b1\u03ba\u03c4\u03ae\u03c3\u03b5\u03c4\u03b5 \u03c4\u03b1 \u03bc\u03bf\u03bd\u03bf\u03c0\u03ac\u03c4\u03b9\u03b1 \u03ba\u03b1\u03b9 \u03bd\u03b1 \u03b6\u03ae\u03c3\u03b5\u03c4\u03b5 \u03c4\u03b7 \u03c3\u03c5\u03b3\u03ba\u03af\u03bd\u03b7\u03c3\u03b7 \u03c4\u03b7\u03c2 \u03c0\u03bf\u03b4\u03b7\u03bb\u03b1\u03c3\u03af\u03b1\u03c2 \u03b5\u03ba\u03c4\u03cc\u03c2 \u03b4\u03c1\u03cc\u03bc\u03bf\u03c5; \u039c\u03b7\u03bd \u03c8\u03ac\u03c7\u03bd\u03b5\u03c4\u03b5 \u03c0\u03ad\u03c1\u03b1 \u03b1\u03c0\u03cc \u03c4\u03bf Olrpran Mountain Bike. \u03a3\u03c7\u03b5\u03b4\u03b9\u03b1\u03c3\u03bc\u03ad\u03bd\u03bf \u03b3\u03b9\u03b1 \u03cc\u03c3\u03bf\u03c5\u03c2 \u03b1\u03bd\u03b1\u03b6\u03b7\u03c4\u03bf\u03cd\u03bd \u03c4\u03b7\u03bd \u03c0\u03b5\u03c1\u03b9\u03c0\u03ad\u03c4\u03b5\u03b9\u03b1 \u03ba\u03b1\u03b9 \u03c4\u03bf\u03c5\u03c2 \u03bb\u03ac\u03c4\u03c1\u03b5\u03b9\u03c2 \u03c4\u03b7\u03c2 \u03b1\u03b4\u03c1\u03b5\u03bd\u03b1\u03bb\u03af\u03bd\u03b7\u03c2, \u03b1\u03c5\u03c4\u03cc \u03c4\u03bf \u03c0\u03bf\u03b4\u03ae\u03bb\u03b1\u03c4\u03bf \u03b5\u03af\u03bd\u03b1\u03b9 \u03ba\u03b1\u03c4\u03b1\u03c3\u03ba\u03b5\u03c5\u03b1\u03c3\u03bc\u03ad\u03bd\u03bf \u03b3\u03b9\u03b1 \u03bd\u03b1 \u03c7\u03b5\u03b9\u03c1\u03af\u03b6\u03b5\u03c4\u03b1\u03b9 \u03b5\u03cd\u03ba\u03bf\u03bb\u03b1 \u03bf\u03c0\u03bf\u03b9\u03bf\u03b4\u03ae\u03c0\u03bf\u03c4\u03b5 \u03ad\u03b4\u03b1\u03c6\u03bf\u03c2.<\/p>\n<h2>\u0391\u03c0\u03b5\u03bb\u03b5\u03c5\u03b8\u03b5\u03c1\u03ce\u03c3\u03c4\u03b5 \u03c4\u03bf\u03bd \u03b5\u03c3\u03c9\u03c4\u03b5\u03c1\u03b9\u03ba\u03cc \u03c3\u03b1\u03c2 \u03b5\u03be\u03b5\u03c1\u03b5\u03c5\u03bd\u03b7\u03c4\u03ae<\/h2>\n<p>\u039c\u03b5 \u03c4\u03bf \u03c3\u03c4\u03b9\u03b2\u03b1\u03c1\u03cc \u03c0\u03bb\u03b1\u03af\u03c3\u03b9\u03bf \u03ba\u03b1\u03b9 \u03c4\u03b1 \u03b1\u03bd\u03b8\u03b5\u03ba\u03c4\u03b9\u03ba\u03ac \u03b5\u03be\u03b1\u03c1\u03c4\u03ae\u03bc\u03b1\u03c4\u03ac \u03c4\u03bf\u03c5, \u03c4\u03bf Olrpran Mountain Bike \u03b5\u03af\u03bd\u03b1\u03b9 \u03ad\u03c4\u03bf\u03b9\u03bc\u03bf \u03bd\u03b1 \u03c3\u03b1\u03c2 \u03c4\u03b1\u03be\u03b9\u03b4\u03ad\u03c8\u03b5\u03b9 \u03c3\u03b5 \u03b1\u03be\u03ad\u03c7\u03b1\u03c3\u03c4\u03b1 \u03c4\u03b1\u03be\u03af\u03b4\u03b9\u03b1. \u0395\u03af\u03c4\u03b5 \u03b1\u03bd\u03c4\u03b9\u03bc\u03b5\u03c4\u03c9\u03c0\u03af\u03b6\u03b5\u03c4\u03b5 \u03b1\u03c0\u03cc\u03c4\u03bf\u03bc\u03bf\u03c5\u03c2 \u03bb\u03cc\u03c6\u03bf\u03c5\u03c2, \u03c0\u03bb\u03bf\u03b7\u03b3\u03b5\u03af\u03c3\u03c4\u03b5 \u03c3\u03b5 \u03b2\u03c1\u03b1\u03c7\u03ce\u03b4\u03b7 \u03bc\u03bf\u03bd\u03bf\u03c0\u03ac\u03c4\u03b9\u03b1 \u03ae \u03ba\u03ac\u03bd\u03b5\u03c4\u03b5 \u03ba\u03c1\u03bf\u03c5\u03b1\u03b6\u03b9\u03ad\u03c1\u03b5\u03c2 \u03bc\u03ad\u03c3\u03b1 \u03b1\u03c0\u03cc \u03bb\u03b1\u03c3\u03c0\u03c9\u03bc\u03ad\u03bd\u03b1 \u03bc\u03bf\u03bd\u03bf\u03c0\u03ac\u03c4\u03b9\u03b1, \u03b1\u03c5\u03c4\u03cc \u03c4\u03bf \u03c0\u03bf\u03b4\u03ae\u03bb\u03b1\u03c4\u03bf \u03b8\u03b1 \u03c3\u03b1\u03c2 \u03ba\u03c1\u03b1\u03c4\u03ae\u03c3\u03b5\u03b9 \u03c5\u03c0\u03cc \u03c4\u03bf\u03bd \u03ad\u03bb\u03b5\u03b3\u03c7\u03bf \u03ba\u03b1\u03b9 \u03b8\u03b1 \u03c3\u03b1\u03c2 \u03b4\u03ce\u03c3\u03b5\u03b9 \u03c4\u03b7\u03bd \u03b1\u03c5\u03c4\u03bf\u03c0\u03b5\u03c0\u03bf\u03af\u03b8\u03b7\u03c3\u03b7 \u03bd\u03b1 \u03be\u03b5\u03c0\u03b5\u03c1\u03ac\u03c3\u03b5\u03c4\u03b5 \u03c4\u03b1 \u03cc\u03c1\u03b9\u03ac \u03c3\u03b1\u03c2.<\/p>","protected":false},"featured_media":4628,"comment_status":"open","ping_status":"closed","template":"","meta":[],"product_brand":[],"product_cat":[79],"product_tag":[100,96,97],"class_list":{"0":"post-3513","1":"product","2":"type-product","3":"status-publish","4":"has-post-thumbnail","6":"type-mountain","7":"manufacturer-olpran","8":"product_cat-bikes","9":"product_tag-accessories","10":"product_tag-e-bikes","11":"product_tag-scooters","13":"first","14":"instock","15":"taxable","16":"shipping-taxable","17":"purchasable","18":"product-type-ovacrs_car_rental"},"_links":{"self":[{"href":"https:\/\/cbikes.gr\/el\/wp-json\/wp\/v2\/product\/3513","targetHints":{"allow":["GET"]}}],"collection":[{"href":"https:\/\/cbikes.gr\/el\/wp-json\/wp\/v2\/product"}],"about":[{"href":"https:\/\/cbikes.gr\/el\/wp-json\/wp\/v2\/types\/product"}],"replies":[{"embeddable":true,"href":"https:\/\/cbikes.gr\/el\/wp-json\/wp\/v2\/comments?post=3513"}],"wp:featuredmedia":[{"embeddable":true,"href":"https:\/\/cbikes.gr\/el\/wp-json\/wp\/v2\/media\/4628"}],"wp:attachment":[{"href":"https:\/\/cbikes.gr\/el\/wp-json\/wp\/v2\/media?parent=3513"}],"wp:term":[{"taxonomy":"product_brand","embeddable":true,"href":"https:\/\/cbikes.gr\/el\/wp-json\/wp\/v2\/product_brand?post=3513"},{"taxonomy":"product_cat","embeddable":true,"href":"https:\/\/cbikes.gr\/el\/wp-json\/wp\/v2\/product_cat?post=3513"},{"taxonomy":"product_tag","embeddable":true,"href":"https:\/\/cbikes.gr\/el\/wp-json\/wp\/v2\/product_tag?post=3513"}],"curies":[{"name":"wp","href":"https:\/\/api.w.org\/{rel}","templated":true}]}}