{"id":3348,"date":"2024-03-01T14:37:43","date_gmt":"2024-03-01T12:37:43","guid":{"rendered":"https:\/\/cbikes.gr\/?page_id=3348"},"modified":"2024-03-01T14:37:43","modified_gmt":"2024-03-01T12:37:43","slug":"conditions-generales-de-location-de-vehicules","status":"publish","type":"page","link":"https:\/\/cbikes.gr\/fr\/conditions-generales-de-location-de-vehicules\/","title":{"rendered":"Conditions g\u00e9n\u00e9rales de location de v\u00e9los"},"content":{"rendered":"<p>\u00c2GE DU CONDUCTEUR : Pour les cat\u00e9gories A, B, J, V2 \u00e2ge minimum 21 ans et pour toutes les autres cat\u00e9gories<br>25 ans.<\/p>\n\n\n\n<p>PERMIS DE CONDUIRE : Le conducteur doit \u00eatre titulaire d&#039;un permis depuis au moins un an. Le permis de conduire<br>doit \u00eatre grec, europ\u00e9en (pour les pays de l\u2019UE) ou international (pour les pays non membres de l\u2019UE). Pour<br>plus d&#039;informations sur le permis de conduire accept\u00e9 par pays, voir ici.<\/p>\n\n\n\n<p>MODE DE PAIEMENT : Pour toutes les cat\u00e9gories le locataire doit pr\u00e9senter une carte de cr\u00e9dit\/d\u00e9bit accept\u00e9e<br>par Cbikes pour couvrir les sommes li\u00e9es \u00e0 la caution et au paiement du co\u00fbt de la location<br>(pour les r\u00e9servations non pr\u00e9pay\u00e9es).<\/p>\n\n\n\n<p>Nous tenons \u00e0 vous informer que, malgr\u00e9 nos efforts continus pour garantir que tous les prix<br>r\u00e9pertori\u00e9s sur nos sites Web sont exacts, des erreurs peuvent survenir dans des cas individuels en raison du syst\u00e8me<br>\u00e9chec. Dans ce cas, nous vous informerons dans les plus brefs d\u00e9lais si nous d\u00e9couvrons une erreur dans le prix<br>de votre r\u00e9servation et nous vous donnerons la possibilit\u00e9 de la confirmer, si vous le souhaitez, au<br>prix correct actuel ou l&#039;annuler. Les frais d&#039;annulation standard ne s&#039;appliqueront pas si vous choisissez de<br>annuler votre r\u00e9servation. Si vous annulez et avez d\u00e9j\u00e0 pay\u00e9 votre location de v\u00e9hicule, vous<br>recevoir un remboursement complet. Si nous ne parvenons pas \u00e0 vous contacter, nous consid\u00e9rerons votre r\u00e9servation comme<br>annul\u00e9.<\/p>\n\n\n\n<p>GARANTIE : Pour les locations en Gr\u00e8ce, \u00e0 r\u00e9ception du v\u00e9hicule, un montant de garantie sera<br>bloqu\u00e9 sur la carte de cr\u00e9dit\/d\u00e9bit du conducteur qui lui sera restitu\u00e9e comme telle \u00e0 la fin du<br>location, si aucun autre frais ne survient. Le d\u00e9blocage du montant peut prendre jusqu&#039;\u00e0 14 jours<br>en fonction de la banque \u00e9mettrice de la carte. Le montant de la garantie varie selon le v\u00e9hicule<br>cat\u00e9gorie.<br>Analytiquement\u00a0:<br>Trottinette : 350 \u20ac<br>V\u00e9los \u00e9lectriques : 150 \u20ac<br>AMENDES ET VIOLATIONS\u00a0: Toutes les amendes et sanctions administratives d\u00e9coulant de la faute du conducteur<br>sont enti\u00e8rement \u00e0 la charge du locataire.<br>ASSURANCE\u00a0: Tous les conducteurs de v\u00e9hicules autoris\u00e9s par Cbikes sont exon\u00e9r\u00e9s des dommages caus\u00e9s au<br>v\u00e9hicule lou\u00e9 contre l&#039;incendie, et sont assur\u00e9s en responsabilit\u00e9 civile en cas de d\u00e9c\u00e8s, de dommages corporels<br>et les d\u00e9g\u00e2ts mat\u00e9riels. Les 2 couvertures sont soumises aux conditions g\u00e9n\u00e9rales du contrat Cbikes<br>avec sa compagnie d&#039;assurance. COUVERTURE VOL (TUE)\u00a0: La couverture antivol est une option facultative.<br>service qui, s&#039;il est accept\u00e9, le locataire peut limiter sa responsabilit\u00e9 en cas de vol total des Cbikes<br>voiture de location \u00e0 650 \u20ac pour les groupes A, B, J, Z, 800 \u20ac pour les groupes C, D, F, K, M, P, R, T, \u00e0 1.000 \u20ac,<\/p>\n\n\n\n<p>pour les groupes E, EM, EE, ZE, FE, DE, N, O, NM, U, V, Y, YL, 1, 5, 8, \u00e0 1.300 \u20ac pour la cat\u00e9gorie<br>9, SE, SY, 9F, V6 et \u00e0 3.000 \u20ac pour les cat\u00e9gories 3, 9L &amp; YP, en payant les montants de 6 \u20ac, 9 \u20ac,<br>respectivement 12 \u20ac, 18 \u20ac et 40 \u20ac par jour de location. SERVICE D&#039;ASSISTANCE ROUTI\u00c8RE : Le<br>le service est disponible moyennant un suppl\u00e9ment de \u20ac60,00 par incident. FRAIS DOSSIER ACCIDENT<br>(IAF) : Le conducteur est factur\u00e9 30,00 \u20ac en cas d&#039;accident, quelle que soit la faute. Ce<br>le montant n\u2019est pas remboursable. FRAIS DE DOSSIER AMENDE\u00a0: Le conducteur est factur\u00e9 15,00\u00a0\u20ac en cas de<br>amende r\u00e9sultant d\u2019une infraction au code de la route. Ce montant n&#039;est pas remboursable. SUPPL\u00c9MENTAIRE<br>CONDUCTEUR(S) : Forfait journalier 5,00 \u20ac pour chaque conducteur suppl\u00e9mentaire. FRAIS D&#039;A\u00c9ROPORT<br>LIVRAISON : Les frais de livraison et de retrait \u00e0 l&#039;a\u00e9roport sont de 20,00\u20ac.<br>POLITIQUE DE CHARGE\u00a0: Pour les v\u00e9hicules \u00e9lectriques, le locataire est tenu de restituer le v\u00e9hicule avec<br>le niveau de la batterie qui l&#039;a re\u00e7u. Si ce montant est inf\u00e9rieur, les \u00ab\u00a0frais de service de recharge\u00a0\u00bb seront factur\u00e9s.<br>appliquer. Il sera demand\u00e9 au locataire d&#039;indemniser int\u00e9gralement la perte ou les dommages caus\u00e9s au chargeur de la voiture.<br>c\u00e2ble quel que soit le forfait de couverture choisi. Le co\u00fbt varie selon le mod\u00e8le et<br>fabricant. FRAIS DE SERVICE DE CHARGE: \u20ac10,00. SI\u00c8GES ENFANTS\u00a0: Disponibles uniquement<br>apr\u00e8s r\u00e9servation et avec un tarif journalier de \u20ac10,00. PLOIGOS \u2013 GPS : Disponible uniquement apr\u00e8s<br>r\u00e9servation et avec un suppl\u00e9ment de \u20ac10,00 par jour (si disponible). CHANGEMENTS DE V\u00c9HICULE<br>TYPE : La soci\u00e9t\u00e9 se r\u00e9serve le droit, selon disponibilit\u00e9, de proposer un mod\u00e8le diff\u00e9rent<br>type de v\u00e9hicule que celui initialement r\u00e9serv\u00e9 avec une cat\u00e9gorie \u00e9quivalente ou sup\u00e9rieure.<br>PICK-UP : La prise en charge\/livraison du v\u00e9hicule en dehors des stations Cbikes est possible avec un<br>tarif \u00e0 partir de 20,00 \u20ac pour une livraison urbaine. En dehors de la ville, le tarif sera de<br>suppl\u00e9mentaire 0,60 \u20ac\/. Les frais pour chaque livraison ou retrait en dehors des heures d&#039;ouverture seront<br>50,00 \u20ac. SYST\u00c8ME \u00ab LOCATION ICI-PARTIR L\u00c0 \u00bb : Il est propos\u00e9 entre les stations Cbikes<br>uniquement apr\u00e8s approbation \u00e9crite et moyennant des frais sp\u00e9ciaux en accord avec Cbikes.<br>TRANSPORT PAR BATEAU\u00a0: Il n&#039;est autoris\u00e9 qu&#039;avec l&#039;accord \u00e9crit pr\u00e9alable de<br>V\u00e9los C. TAXES\u00a0: Tous les prix et frais ci-dessus sont soumis \u00e0 la TVA et dans certaines zones<br>une taxe de s\u00e9jour de 0,5% est pr\u00e9lev\u00e9e sur le prix de la location. D\u00e9couvrez tout ce que vous devez savoir<br>sur la location d&#039;un v\u00e9hicule sur www.cbikes.gr.<\/p>","protected":false},"excerpt":{"rendered":"<p>DRIVER&#8217;S AGE: For categories A, B, J, V2 minimum age 21 years and for all other categories25 years. DRIVING LICENSE: The driver must hold a license for at least one year. The driving licensemust be Greek, European (for EU countries) or International (for non-EU countries). Formore information on the accepted driver&#8217;s license by country, see [&hellip;]<\/p>\n","protected":false},"author":1,"featured_media":0,"parent":0,"menu_order":0,"comment_status":"closed","ping_status":"closed","template":"","meta":{"footnotes":""},"class_list":["post-3348","page","type-page","status-publish","hentry"],"_links":{"self":[{"href":"https:\/\/cbikes.gr\/fr\/wp-json\/wp\/v2\/pages\/3348","targetHints":{"allow":["GET"]}}],"collection":[{"href":"https:\/\/cbikes.gr\/fr\/wp-json\/wp\/v2\/pages"}],"about":[{"href":"https:\/\/cbikes.gr\/fr\/wp-json\/wp\/v2\/types\/page"}],"author":[{"embeddable":true,"href":"https:\/\/cbikes.gr\/fr\/wp-json\/wp\/v2\/users\/1"}],"replies":[{"embeddable":true,"href":"https:\/\/cbikes.gr\/fr\/wp-json\/wp\/v2\/comments?post=3348"}],"version-history":[{"count":0,"href":"https:\/\/cbikes.gr\/fr\/wp-json\/wp\/v2\/pages\/3348\/revisions"}],"wp:attachment":[{"href":"https:\/\/cbikes.gr\/fr\/wp-json\/wp\/v2\/media?parent=3348"}],"curies":[{"name":"wp","href":"https:\/\/api.w.org\/{rel}","templated":true}]}}