{"id":3350,"date":"2024-03-01T14:38:39","date_gmt":"2024-03-01T12:38:39","guid":{"rendered":"https:\/\/cbikes.gr\/?page_id=3350"},"modified":"2024-04-04T23:23:54","modified_gmt":"2024-04-04T20:23:54","slug":"termes-et-conditions","status":"publish","type":"page","link":"https:\/\/cbikes.gr\/fr\/termes-et-conditions\/","title":{"rendered":"Termes et conditions"},"content":{"rendered":"<p>L&#039;ensemble du contenu des informations ainsi que les services qui apparaissent sur Cbikes.gr appartiennent exclusivement \u00e0 Cbikes ou \u00e0 leur propri\u00e9taire l\u00e9gitime, tout en \u00e9tant prot\u00e9g\u00e9s par le droit de la propri\u00e9t\u00e9 intellectuelle.<br>Il est interdit de copier, reproduire, distribuer, diffuser et g\u00e9n\u00e9ralement utiliser les informations et les services<br>de Cbikes par ses visiteurs, utilisateurs ou partenaires pour toute autre raison qu&#039;un usage personnel.<br>L&#039;utilisation des informations et autres services et \u00e9l\u00e9ments contenus dans ce site Web, \u00e0 des fins commerciales<br>\u00e0 des fins commerciales, n\u2019est autoris\u00e9 qu\u2019apr\u00e8s autorisation \u00e9crite.<br>Le site Web de Cbikes fournit \u00e0 de nombreux endroits des r\u00e9f\u00e9rences (hyperliens) vers d&#039;autres n\u0153uds Web (site). Leur navigation se fait uniquement \u00e0 vos propres risques.<br>Les visiteurs ont l&#039;obligation de respecter toutes les r\u00e8gles du droit grec et international ainsi que les<br>r\u00e8gles d&#039;ordre moral. La compl\u00e9tion des informations de base du formulaire d\u2019inscription est n\u00e9cessaire pour vous fournir le service. Les g\u00e9rants de Cbikes ont le droit d&#039;annuler le service demand\u00e9 en cas de violation de ce qui pr\u00e9c\u00e8de.<br>Les noms commerciaux et signes distinctifs de toute nature (par exemple signes, images, logos, etc.) repr\u00e9sentant Cbikes ou toute personne physique ou morale tierce sont prot\u00e9g\u00e9s par la l\u00e9gislation sur la Propri\u00e9t\u00e9 Industrielle et leur utilisation sur le site ne constitue en aucun cas ni ne peut \u00eatre interpr\u00e9t\u00e9e. comme une cession de ceux-ci ou l&#039;octroi du droit de les utiliser sous quelque forme que ce soit.<br>Tout le contenu de la boutique en ligne, y compris les titres distinctifs, les marques, les images, les graphiques, les photos, les designs,<br>les textes, etc. sont la propri\u00e9t\u00e9 intellectuelle de Cbikes et sont prot\u00e9g\u00e9s conform\u00e9ment aux dispositions pertinentes du<br>Droit grec, droit europ\u00e9en et conventions internationales ou propri\u00e9t\u00e9 intellectuelle de tiers pour lesquels<br>Cbikes a obtenu une licence d&#039;utilisation pour ses propres besoins exclusifs et pour le fonctionnement de la boutique en ligne.<br>Toute copie, transfert ou cr\u00e9ation d&#039;une \u0153uvre d\u00e9riv\u00e9e bas\u00e9e sur ce contenu ou induisant le public en erreur<br>sur le fournisseur r\u00e9el de la boutique en ligne est interdite. Reproduction, r\u00e9\u00e9dition, t\u00e9l\u00e9chargement,<br>communication, diffusion ou transmission ou toute autre utilisation du contenu de quelque mani\u00e8re ou sur quelque support que ce soit<br>\u00e0 des fins commerciales ou autres n&#039;est autoris\u00e9 qu&#039;avec le consentement \u00e9crit de Cbikes ou de tout autre<br>titulaire du droit d&#039;auteur. <\/p>\n\n\n\n<p>Les noms, images, logos et signes distinctifs r\u00e9pertori\u00e9s et d\u00e9crivant les Cbikes<br>boutique en ligne ou les produits ou services de Cbikes ou de tiers sont la propri\u00e9t\u00e9 de Cbikes ou de tiers<br>parties respectivement, prot\u00e9g\u00e9s par les lois pertinentes sur le droit d&#039;auteur. Leur utilisation dans la boutique en ligne<br>ne conc\u00e8de en aucun cas une licence ou le droit de les utiliser par des tiers.<br>Les gestionnaires de Cbikes ont \u00e9galement le droit d&#039;apporter des modifications au contenu ou aux services de ce site Web.<br>comme les conditions sup\u00e9rieures sans aucun pr\u00e9avis.<br>Le site Cbikes peut collecter des informations d&#039;identification de ses utilisateurs \u00e0 l&#039;aide de technologies telles que les cookies.<br>Vous pouvez param\u00e9trer votre programme de navigation sur Internet (navigateur web) de mani\u00e8re \u00e0 ce qu&#039;il vous avertisse<br>sur l&#039;utilisation de cookies dans des services sp\u00e9cifiques ou ne permet pas l&#039;acceptation de l&#039;utilisation de cookies dans<br>en tout cas. Si vous ne souhaitez pas utiliser de cookies pour votre identification, vous ne pouvez pas avoir d&#039;autres acc\u00e8s<br>\u00e0 ces services et pages.<br>En aucun cas, nous ne fournissons vos informations personnelles \u00e0 des tiers (article 11 de la loi 2472\/1997). Ces informations sont utilis\u00e9es exclusivement par le site Cbikes pour am\u00e9liorer continuellement votre service.<br>Ce site Web utilise Google Analytics ou d&#039;autres services statistiques. Ce service utilise des \u00ab cookies \u00bb, qui sont<br>fichiers texte plac\u00e9s sur votre ordinateur, aidant le site Web \u00e0 analyser la fa\u00e7on dont les utilisateurs l&#039;utilisent. L&#039;information<br>g\u00e9n\u00e9r\u00e9 par le cookie concernant votre utilisation du site Internet (y compris votre adresse IP) sera transmis \u00e0<br>et stock\u00e9s par Google ou votre fournisseur d&#039;h\u00e9bergement. Le site Web Cbikes utilisera ces informations aux fins<br>d&#039;\u00e9valuer votre utilisation du site Web, de compiler des rapports sur l&#039;activit\u00e9 du site Web pour les op\u00e9rateurs du site Web et<br>fournir d&#039;autres services li\u00e9s \u00e0 l&#039;activit\u00e9 du site Web et \u00e0 l&#039;utilisation d&#039;Internet. Les v\u00e9los C peuvent \u00e9galement transf\u00e9rer<br>ces informations \u00e0 des tiers, dans la mesure o\u00f9 elles.<br><\/p>\n\n\n\n<p>Confidentialit\u00e9<br>Nous collectons et traitons vos donn\u00e9es personnelles uniquement lorsque cela est absolument n\u00e9cessaire.<br>Nous ne vendrons, louerons, distribuerons ou ne rendrons jamais publiques vos informations personnelles.<br>Si vous avez moins de 16 ans, vous devez avoir le consentement de vos parents avant d&#039;utiliser les services de ce site.<br>site web.<\/p>\n\n\n\n<p>L\u00e9gislation pertinente<br>Parall\u00e8lement aux syst\u00e8mes informatiques internes de notre entreprise, ce site Internet a \u00e9t\u00e9 con\u00e7u pour respecter les<br>lois\/r\u00e8glements suivants concernant la protection des donn\u00e9es personnelles des utilisateurs\u00a0:<br>Directive europ\u00e9enne sur la protection des donn\u00e9es 1995 (DPD)<br>R\u00e8glement g\u00e9n\u00e9ral de l&#039;UE sur la protection des donn\u00e9es (RGPD) 2018<br>Ce site Web collecte et utilise des informations personnelles pour les raisons suivantes :<br><\/p>\n\n\n\n<p>Surveillance du trafic du site Web<br>Comme la plupart des sites Web, celui-ci utilise Google Analytics (GA) pour suivre l&#039;activit\u00e9 des utilisateurs. Nous utilisons ces donn\u00e9es pour<br>d\u00e9terminer le nombre de personnes utilisant notre site Web, pour mieux comprendre comment elles trouvent et utilisent notre<br>sites Web et de suivre leur parcours \u00e0 travers le site Web. Bien que GA enregistre des donn\u00e9es telles que votre<br>emplacement g\u00e9ographique, appareil, navigateur Web et syst\u00e8me d&#039;exploitation, aucune de ces informations ne vous<br>personnellement identifiable pour nous. GA enregistre \u00e9galement l&#039;adresse IP de votre ordinateur, qui pourrait \u00eatre utilis\u00e9e pour identifier<br>vous, mais Google ne nous y donne pas acc\u00e8s. Nous consid\u00e9rons Google comme un sous-traitant tiers<br>ce qui est compatible avec les exigences de la l\u00e9gislation europ\u00e9enne.<\/p>\n\n\n\n<p>Formulaires de contact et liens e-mail<br>Dans le cas o\u00f9 vous choisissez de nous contacter en utilisant un formulaire de contact ou un lien dans notre email, aucune des donn\u00e9es<br>que vous fournissez seront stock\u00e9s par ce site Web ou transf\u00e9r\u00e9s ou trait\u00e9s par tout processeur de donn\u00e9es tiers<br>tel que d\u00e9fini ci-dessous sous \u00ab\u00a0Nos processeurs de donn\u00e9es tiers\u00a0\u00bb. Au lieu de cela, ces donn\u00e9es nous seront envoy\u00e9es dans un<br>e-mail via SMTP (Simple Mail Transfer Protocol). Nos serveurs SMTP sont prot\u00e9g\u00e9s par TLS<br>(parfois appel\u00e9 SSL), protocole de s\u00e9curit\u00e9, ce qui signifie que le contenu des e-mails est crypt\u00e9 avant d&#039;\u00eatre envoy\u00e9.<br>envoy\u00e9 sur Internet. Le contenu des e-mails est d\u00e9chiffr\u00e9 par nos ordinateurs et appareils locaux.<br><\/p>\n\n\n\n<p>\u00c0 propos des cookies<br>Qu&#039;est-ce qu&#039;un cookie ? Le terme \u00ab cookie \u00bb d\u00e9signe un petit fichier de donn\u00e9es constitu\u00e9 uniquement d&#039;une s\u00e9rie d&#039;informations<br>sous forme de texte, que le site Internet transf\u00e8re \u00e0 votre navigateur Internet situ\u00e9 sur le disque dur de votre ordinateur,<br>soit temporairement lors de votre visite, soit parfois pour des p\u00e9riodes plus longues, selon le type de cookie.<br>Les cookies remplissent diverses fonctions (par exemple, vous distinguer des autres visiteurs du m\u00eame<br>site Web ou m\u00e9moriser certaines choses vous concernant, telles que vos pr\u00e9f\u00e9rences) et sont utilis\u00e9s par la plupart<br>sites Web pour am\u00e9liorer votre exp\u00e9rience utilisateur.<br>Chaque cookie est unique \u00e0 votre navigateur et contient certaines informations anonymes. Un cookie g\u00e9n\u00e9ralement<br>contient le nom du champ d&#039;o\u00f9 est issu le cookie, la \u00ab dur\u00e9e de vie \u00bb du cookie et une valeur<br>(g\u00e9n\u00e9ralement sous la forme d&#039;un num\u00e9ro unique g\u00e9n\u00e9r\u00e9 al\u00e9atoirement).<br>Types de cookies :<br>Les principaux types de cookies que les sites Web peuvent utiliser sont d\u00e9crits ci-dessous.<br>Cookies de session<br>Il s&#039;agit de cookies temporaires qui restent dans le fichier cookie du navigateur de votre appareil uniquement lors de votre visite.<br>et sont supprim\u00e9s lorsque vous fermez le navigateur.<br>Cookies persistants<br>Ceux-ci restent dans le fichier cookie du navigateur de votre appareil m\u00eame apr\u00e8s la fermeture du navigateur, parfois pendant un an.<br>ou plus (la dur\u00e9e exacte du s\u00e9jour d\u00e9pend de la dur\u00e9e de vie de chaque cookie). Des cookies persistants sont utilis\u00e9s<br>lorsque l&#039;administrateur du site Web peut avoir besoin de savoir qui vous \u00eates lors de plusieurs visites (par exemple, pour se souvenir<br>votre nom d&#039;utilisateur ou vos pr\u00e9f\u00e9rences de personnalisation du site).<br>Cookies propri\u00e9taires<br>Il s&#039;agit de cookies install\u00e9s sur votre navigateur et\/ou sur le disque dur de votre appareil par le site Internet.<br>vous \u00eates en visite. Cela inclut l\u2019attribution d\u2019un identifiant unique.<br>Cookies des r\u00e9seaux sociaux<br>Les r\u00e9seaux sociaux tiers peuvent placer des cookies sur votre appareil si vous choisissez de partager du mat\u00e9riel de notre<br>site Web avec eux en cliquant sur l&#039;un des boutons de partage int\u00e9gr\u00e9s.<\/p>\n\n\n\n<p>Si vous d\u00e9sactivez ces cookies, la fonction \u00ab Partager \u00bb ne sera pas disponible.<br>\u00c0 propos du serveur de ce site Web&gt;br\/&gt; Tout le trafic Internet (transfert de fichiers) entre ce site Web et votre navigateur est<br>crypt\u00e9 et transf\u00e9r\u00e9 via le protocole HTTPS utilisant SSL (Secure Sockets Layer).<br>Nos processeurs de donn\u00e9es tiers<br>Nous faisons appel \u00e0 un certain nombre de tiers pour traiter les donn\u00e9es personnelles pour notre compte. Ces agences ont \u00e9t\u00e9 soigneusement<br>s\u00e9lectionn\u00e9s pour se conformer \u00e0 la l\u00e9gislation mentionn\u00e9e aux pr\u00e9sentes.<br>Violations de donn\u00e9es Pour toutes vos informations personnelles stock\u00e9es dans notre base de donn\u00e9es, toutes les mesures n\u00e9cessaires seront<br>prises pour le s\u00e9curiser.<br>Nous signalerons toute violation ill\u00e9gale de la base de donn\u00e9es de ce site Web ou de la base de donn\u00e9es de donn\u00e9es tierces.<br>sous-traitant \u00e0 toutes les personnes directement concern\u00e9es ainsi qu&#039;aux autorit\u00e9s dans les 72 heures suivant la violation, ainsi que<br>tant qu&#039;il est \u00e9vident que les donn\u00e9es personnelles stock\u00e9es dans un format reconnaissable ont \u00e9t\u00e9 vol\u00e9es.<br>Les conditions d&#039;utilisation sont r\u00e9gies et interpr\u00e9t\u00e9es par le droit grec. Tout litige d\u00e9coulant de la<br>Les conditions d&#039;utilisation sont soumises \u00e0 la juridiction exclusive des tribunaux d&#039;Ath\u00e8nes.<br>En utilisant le site Cbikes, vous acceptez express\u00e9ment et sans r\u00e9serve les conditions ci-dessus.<\/p>","protected":false},"excerpt":{"rendered":"<p>The entire content of the information as well as the services that appear on Cbikes.gr belong exclusively to Cbikes or to their rightful owner, while they are protected by intellectual property law.It is prohibited to copy, reproduce, distribute, disseminate and generally use the information and servicesof Cbikes by its visitors, users or partners for any [&hellip;]<\/p>\n","protected":false},"author":1,"featured_media":0,"parent":0,"menu_order":0,"comment_status":"closed","ping_status":"closed","template":"","meta":{"footnotes":""},"class_list":["post-3350","page","type-page","status-publish","hentry"],"_links":{"self":[{"href":"https:\/\/cbikes.gr\/fr\/wp-json\/wp\/v2\/pages\/3350","targetHints":{"allow":["GET"]}}],"collection":[{"href":"https:\/\/cbikes.gr\/fr\/wp-json\/wp\/v2\/pages"}],"about":[{"href":"https:\/\/cbikes.gr\/fr\/wp-json\/wp\/v2\/types\/page"}],"author":[{"embeddable":true,"href":"https:\/\/cbikes.gr\/fr\/wp-json\/wp\/v2\/users\/1"}],"replies":[{"embeddable":true,"href":"https:\/\/cbikes.gr\/fr\/wp-json\/wp\/v2\/comments?post=3350"}],"version-history":[{"count":0,"href":"https:\/\/cbikes.gr\/fr\/wp-json\/wp\/v2\/pages\/3350\/revisions"}],"wp:attachment":[{"href":"https:\/\/cbikes.gr\/fr\/wp-json\/wp\/v2\/media?parent=3350"}],"curies":[{"name":"wp","href":"https:\/\/api.w.org\/{rel}","templated":true}]}}