{"id":3352,"date":"2024-03-01T14:39:06","date_gmt":"2024-03-01T12:39:06","guid":{"rendered":"https:\/\/cbikes.gr\/?page_id=3352"},"modified":"2024-04-09T19:09:37","modified_gmt":"2024-04-09T16:09:37","slug":"methodes-de-payement","status":"publish","type":"page","link":"https:\/\/cbikes.gr\/fr\/methodes-de-payement\/","title":{"rendered":"M\u00e9thodes de payement"},"content":{"rendered":"<p>1) D\u00e9p\u00f4t sur un compte bancaire.<br>Vous pouvez choisir la banque du PIRAEUS pour d\u00e9poser le montant de votre r\u00e9servation. Dans le d\u00e9positaire de la banque, vous devez indiquer<br>votre nom complet dans la message. Ensuite quand votre r\u00e9servation est r\u00e9gl\u00e9e, vous devrez nous envoyer la preuve de votre paiement \u00e0<br>l&#039;e-mail info@cbikes.gr.<br>The bank account where you can deposit the money are:<br>Company Name: Anastasakis Nikolaos ( Cbikes )<br>IBAN : GR06 0172 7610 0057 6111 1511 437<br>BIC\u00a0: PIRBGRAA<br>2) Par carte de cr\u00e9dit<br>Paiement par carte bancaire : VISA, MasterCard.<br>Le processus de compensation de votre paiement est entrepris par la banque coop\u00e9rante, garantissant ainsi la s\u00e9curit\u00e9 absolue de votre paiement.<br>votre transaction.<br>Transactions s\u00e9curis\u00e9es.<br>Tous les paiements effectu\u00e9s par carte sont trait\u00e9s via la plateforme de paiement \u00e9lectronique de la banque partenaire.<br>www.cbikes.gr ne collecte ni ne stocke les informations de votre carte de cr\u00e9dit de quelque mani\u00e8re que ce soit, et pour cette raison, vous devez re-<br>saisissez-le chaque fois que vous utilisez votre carte de cr\u00e9dit pour des transactions via cette page.<br>www.cbikes.gr n&#039;a rien \u00e0 voir avec les frais que la banque peut vous facturer.<\/p>\n\n\n\n<p>3) En esp\u00e8ces \u00e0 r\u00e9ception du magasin.<br>En choisissant le retrait en magasin, vous pouvez r\u00e9gler votre r\u00e9servation en magasin.<\/p>\n\n\n\n<p>4) Avec Paypal, (via Visa, Mastercard, American Express ou solde paypal).<\/p>\n\n\n\n<p>Pour l&#039;entreprise : Cbikes<br>Si\u00e8ge social : Rue Andrea Papandreou 139, Ammoudara<br>AFM : 123151336 \u2013 DOY : H\u00c9RAKLION<\/p>","protected":false},"excerpt":{"rendered":"<p>1) Deposit to a bank account.You can choose PIRAEUS bank to deposit the amount of your reservation. In the bank&#8217;s depository, you must stateyour full name as a reason. Then and once your reservation is paid, you should send us the proof of your payment tothe e-mail info@cbikes.gr.The bank account where you can deposit the [&hellip;]<\/p>\n","protected":false},"author":1,"featured_media":0,"parent":0,"menu_order":0,"comment_status":"closed","ping_status":"closed","template":"","meta":{"footnotes":""},"class_list":["post-3352","page","type-page","status-publish","hentry"],"_links":{"self":[{"href":"https:\/\/cbikes.gr\/fr\/wp-json\/wp\/v2\/pages\/3352","targetHints":{"allow":["GET"]}}],"collection":[{"href":"https:\/\/cbikes.gr\/fr\/wp-json\/wp\/v2\/pages"}],"about":[{"href":"https:\/\/cbikes.gr\/fr\/wp-json\/wp\/v2\/types\/page"}],"author":[{"embeddable":true,"href":"https:\/\/cbikes.gr\/fr\/wp-json\/wp\/v2\/users\/1"}],"replies":[{"embeddable":true,"href":"https:\/\/cbikes.gr\/fr\/wp-json\/wp\/v2\/comments?post=3352"}],"version-history":[{"count":0,"href":"https:\/\/cbikes.gr\/fr\/wp-json\/wp\/v2\/pages\/3352\/revisions"}],"wp:attachment":[{"href":"https:\/\/cbikes.gr\/fr\/wp-json\/wp\/v2\/media?parent=3352"}],"curies":[{"name":"wp","href":"https:\/\/api.w.org\/{rel}","templated":true}]}}