{"id":3362,"date":"2024-03-04T12:03:20","date_gmt":"2024-03-04T10:03:20","guid":{"rendered":"https:\/\/cbikes.gr\/?page_id=3362"},"modified":"2024-03-16T10:49:20","modified_gmt":"2024-03-16T08:49:20","slug":"politique-de-cookies","status":"publish","type":"page","link":"https:\/\/cbikes.gr\/fr\/politique-de-cookies\/","title":{"rendered":"Politique de cookies"},"content":{"rendered":"<p>Nous utilisons des cookies sur notre site Web pour g\u00e9rer les sessions, fournir des pages Web personnalis\u00e9es et<br>pour adapter la publicit\u00e9 et tout autre contenu \u00e0 vos besoins et int\u00e9r\u00eats particuliers. Biscuits<br>peut \u00e9galement \u00eatre utilis\u00e9 pour compiler des statistiques anonymes et agr\u00e9g\u00e9es qui nous permettent de comprendre<br>comment le public utilise notre site Web et contribuer \u00e0 am\u00e9liorer sa structure et son contenu. Nous ne pouvons pas<br>v\u00e9rifier votre identit\u00e9 personnelle \u00e0 partir de ces informations. Vous pouvez modifier les param\u00e8tres de votre navigateur<br>de refuser tout ou partie des cookies, \u00e0 l&#039;exception de ceux qui sont absolument n\u00e9cessaires. Tu devrais \u00eatre<br>conscient que certaines fonctionnalit\u00e9s ne sont disponibles que gr\u00e2ce \u00e0 l\u2019utilisation de cookies et si vous choisissez de<br>refuser les cookies, ces fonctionnalit\u00e9s peuvent ne pas \u00eatre disponibles.<\/p>\n\n\n\n<p>Que sont les cookies ?<br>Les \u00ab cookies \u00bb sont de petits fichiers au format texte, stock\u00e9s dans le navigateur de l&#039;utilisateur.<br>lorsqu&#039;il visite un site Web. Les informations stock\u00e9es sur l&#039;ordinateur de l&#039;Utilisateur peuvent contenir<br>des informations telles que les pages visit\u00e9es par l&#039;Utilisateur, la date et l&#039;heure de la visite ainsi qu&#039;un<br>num\u00e9ro d\u2019identification al\u00e9atoire et unique de l\u2019Utilisateur. Gr\u00e2ce \u00e0 cette utilisation, le Site est en mesure de stocker<br>informations utiles relatives \u00e0 la navigation de l&#039;Utilisateur sur le Site, ainsi que de prendre connaissance de ces informations<br>afin d&#039;offrir \u00e0 l&#039;Utilisateur une exp\u00e9rience de navigation unifi\u00e9e.<br>Il existe deux types diff\u00e9rents de cookies : de session et persistants. Ils sont utilis\u00e9s pour diff\u00e9rents<br>choses et contiennent des informations diff\u00e9rentes<br>Les cookies de session contiennent des informations utilis\u00e9es lors de la navigation en cours sur votre navigateur. Ces<br>les cookies sont automatiquement supprim\u00e9s lorsque vous fermez votre navigateur. Il ne reste rien sur votre<br>ordinateur apr\u00e8s avoir quitt\u00e9 le site.<br>Les cookies persistants sont utilis\u00e9s pour stocker les informations utilis\u00e9es entre les visites. Ces donn\u00e9es permettent<br>sites pour reconna\u00eetre que vous \u00eates un client fid\u00e8le et r\u00e9agir en cons\u00e9quence. Persistant<br>les cookies ont une dur\u00e9e de vie d\u00e9finie par le site Internet, qui peut aller de quelques minutes \u00e0<br>plusieurs ann\u00e9es.<\/p>\n\n\n\n<p>Quels cookies utilisons-nous sur notre site Web ?<br>Les cookies que nous utilisons sont appel\u00e9s \u00ab cookies persistants \u00bb.<br>Les cookies persistants sont stock\u00e9s sous forme de fichiers sur votre ordinateur et y restent lorsque vous fermez le<br>navigateur, sauf si vous les supprimez. Nous n&#039;utilisons pas de cookies pour extraire des informations sur votre<br>trafic sur d\u2019autres sites Web, ou pour v\u00e9rifier des informations personnelles autres que celles que vous avez fournies<br>nous, volontairement. Les cookies ne corrompent ni n&#039;endommagent votre ordinateur, vos programmes ou fichiers sur votre<br>ordinateur. Dans tous les cas, les cookies facilitent un meilleur service et une meilleure exp\u00e9rience utilisateur lors de la visite du<br>Site Web de l&#039;entreprise et nous vous recommandons de les activer.<\/p>\n\n\n\n<p>M\u00eame si vous choisissez de ne pas autoriser leur utilisation, vous pouvez toujours profiter de toutes les fonctionnalit\u00e9s de notre<br>site web. Mais vous devrez alors ressaisir certaines de vos coordonn\u00e9es \u00e0 chaque visite. Si vous permettez<br>cookies et utilisez un ordinateur partag\u00e9, veuillez vous d\u00e9connecter \u00e0 la fin de votre visite.<\/p>\n\n\n\n<p>Cookies strictement n\u00e9cessaires<br>Les cookies strictement n\u00e9cessaires sont indispensables au bon fonctionnement du site internet, ils permettent<br>vous permettre de parcourir et d&#039;utiliser ses fonctionnalit\u00e9s, comme l&#039;acc\u00e8s aux espaces s\u00e9curis\u00e9s ou l&#039;utilisation du service shopping<br>Chariot. Ces cookies ne reconnaissent pas votre identit\u00e9 individuelle. Sans ces cookies, nous<br>ne peut pas offrir un fonctionnement efficace de notre site Web.<br>Cookies de performances<br>Ces cookies collectent des informations sur la mani\u00e8re dont les visiteurs utilisent le site Web, par exemple,<br>les pages qu&#039;ils visitent le plus souvent et s&#039;ils re\u00e7oivent des messages d&#039;erreur de sites Web. Ces<br>les cookies collectent des informations agr\u00e9g\u00e9es et anonymes qui n\u2019identifient aucun visiteur. Ils<br>sont utilis\u00e9s exclusivement pour am\u00e9liorer les performances d\u2019un site Web.<\/p>\n\n\n\n<p>Cookies tiers<br>Ces cookies sont plac\u00e9s par nos partenaires en notre nom. Avec ces cookies, ils collectent des donn\u00e9es<br>sur les performances de nos publicit\u00e9s et votre interaction avec notre site Web. Ces donn\u00e9es peuvent \u00eatre<br>utilis\u00e9 par nos partenaires ci-dessus pour tirer des conclusions statistiques et am\u00e9liorer votre publicit\u00e9<br>exp\u00e9rience en tant que visiteur.<br>Cookies de fonctionnalit\u00e9<br>Ces cookies permettent au site Web de m\u00e9moriser les choix de l&#039;utilisateur tels que le nom d&#039;utilisateur,<br>langue ou r\u00e9gion afin de fournir des fonctionnalit\u00e9s am\u00e9lior\u00e9es et personnalis\u00e9es. Ils peuvent \u00e9galement \u00eatre<br>utilis\u00e9 pour fournir les services demand\u00e9s par l&#039;utilisateur, tels que le visionnage de vid\u00e9os ou l&#039;utilisation des r\u00e9seaux sociaux.<br>Les informations collect\u00e9es par ces cookies peuvent \u00eatre rendues anonymes et il n&#039;est pas possible de<br>suivre l&#039;activit\u00e9 de navigation sur d&#039;autres sites Web. Si vous n&#039;acceptez pas ces cookies, le<br>les performances et les fonctionnalit\u00e9s du site Web peuvent \u00eatre affect\u00e9es et votre acc\u00e8s \u00e0 son contenu<br>peut \u00eatre limit\u00e9.<\/p>\n\n\n\n<p>Cookies d&#039;analyse<br>Ces cookies collectent des informations sur votre comportement de navigation sur notre site Web, telles que<br>quelles pages de notre site Web sont fr\u00e9quemment visit\u00e9es et si vous recevez des messages d&#039;erreur.<br>Gr\u00e2ce \u00e0 cela, nous sommes en mesure de rendre la structure, la navigation et le contenu du site Web aussi<br>amical que possible avec vous. Nous ne lions pas les statistiques et autres donn\u00e9es de reporting aux individus<br>personnes physiques.<br>Nous utilisons ces cookies pour :<\/p>\n\n\n\n<ul class=\"wp-block-list\">\n<li>Enregistrer le nombre de visiteurs sur nos sites Web<\/li>\n\n\n\n<li>Enregistrer la dur\u00e9e de chaque visite sur nos sites Web<\/li>\n\n\n\n<li>D\u00e9terminer l&#039;ordre\/l&#039;ordre dans lequel vous visitez les diff\u00e9rentes pages de notre site Internet<\/li>\n\n\n\n<li>L\u2019\u00e9valuation des points du site Internet \u00e0 am\u00e9liorer<\/li>\n\n\n\n<li>Optimisation du site Web<br>Nous pouvons utiliser des logiciels tels que Google Analytics pour analyser l&#039;utilisation des pages, les interactions avec les pages et<br>chemins parcourus \u00e0 travers nos sites Internet. Celles-ci sont connues sous le nom de \u00ab m\u00e9triques de site Web \u00bb ou \u00ab analyses \u00bb.<br>Google Analytics est un service d&#039;analyse en ligne propos\u00e9 par Google Inc. (Google). Google<br>Analytics utilise des cookies pour analyser l&#039;utilisation du site Web par les utilisateurs. Google utilise l&#039;agr\u00e9gat<br>des statistiques pour nous donner un aper\u00e7u de la mani\u00e8re dont les utilisateurs utilisent le site Web.<\/li>\n<\/ul>\n\n\n\n<p>Les cookies d&#039;analyse Web, de nos partenaires Google et Adobe, nous permettent \u00e9galement de suivre les clients<br>interaction au sein de notre site Web. Ceux-ci nous donnent des informations pr\u00e9cieuses qui nous permettent d&#039;am\u00e9liorer<br>le site Web, les produits et services que nous proposons.<\/p>\n\n\n\n<p>Google ne peut fournir ces informations \u00e0 des tiers que si la loi l&#039;exige.<br>Cookies de ciblage\/publicit\u00e9<br>Ces cookies sont utilis\u00e9s sur notre site Web pour fournir un contenu plus pertinent pour vous et<br>vos int\u00e9r\u00eats. Ils peuvent \u00eatre utilis\u00e9s pour envoyer des publicit\u00e9s\/offres cibl\u00e9es, limiter les impressions publicitaires ou<br>mesurer l\u2019efficacit\u00e9 de notre campagne publicitaire. Ces cookies peuvent \u00eatre utilis\u00e9s pour<br>m\u00e9morisez les sites Web que vous avez visit\u00e9s pour d\u00e9terminer quels canaux de marketing en ligne sont<br>les plus efficaces et nous permettent de r\u00e9compenser les sites et partenaires externes qui vous ont r\u00e9f\u00e9r\u00e9<br>nous.<\/p>\n\n\n\n<p>Gestion du trafic<br>Nos programmes de gestion du trafic sur nos sites Web sont utilis\u00e9s pour d\u00e9tecter les probl\u00e8mes techniques qui peuvent<br>se produisent lorsque vous naviguez sur le site Web. Sur la base des informations que nous collectons via<br>ces programmes, nous corrigeons les erreurs et probl\u00e8mes techniques et am\u00e9liorons constamment le<br>services propos\u00e9s sur le site Web pour r\u00e9pondre aux besoins personnels de l&#039;utilisateur.<\/p>\n\n\n\n<p>Cookies de r\u00e9seaux sociaux.<br>Ces cookies sont n\u00e9cessaires pour connecter votre compte de r\u00e9seau social \u00e0 notre site Web. Pour<br>exemple, pour vous permettre de reposter et de partager avec vos amis sur les r\u00e9seaux sociaux des informations<\/p>\n\n\n\n<p>trouv\u00e9 sur notre site Web ou pour indiquer que vous souhaitez suivre notre page de m\u00e9dias sociaux. Sociale<br>Les cookies de r\u00e9seautage ne sont pas n\u00e9cessaires \u00e0 votre navigation sur notre site Internet.<\/p>\n\n\n\n<p>Comment contr\u00f4ler les cookies ?<br>Il est \u00e0 votre discr\u00e9tion de retirer votre consentement \u00e0 tout moment ou de vous opposer \u00e0 l&#039;utilisation de<br>cookies par notre site Web sur votre ordinateur ou appareil, et pour contr\u00f4ler et\/ou supprimer les cookies.<br>Vous pouvez modifier vos options personnelles en param\u00e9trant le navigateur utilis\u00e9, permettant soit<br>accepter uniquement certains types de cookies ou refuser leur utilisation<br>Vous pouvez supprimer les cookies de l&#039;ordinateur ou de l&#039;appareil que vous utilisez, \u00e0 tout moment en<br>en suivant le chemin pour les supprimer de la m\u00e9moire du navigateur que vous utilisez<br>Vous pouvez \u00e9galement configurer le navigateur que vous utilisez de mani\u00e8re \u00e0 ce qu&#039;il vous avertisse de l&#039;utilisation<br>de cookies dans des services sp\u00e9cifiques des sites Web que vous naviguez, ou ne permet pas le<br>acceptation de l\u2019utilisation de cookies en toutes circonstances.<\/p>\n\n\n\n<p>Quels sont vos droits ?<br>Vous avez les droits de :<br>Acc\u00e8s \u00e0 vos donn\u00e9es<br>Correction ou suppression de vos donn\u00e9es<br>Portabilit\u00e9 de vos donn\u00e9es<br>Limiter le traitement de vos donn\u00e9es<br>Opposition au traitement de vos donn\u00e9es<br>Retrait de votre consentement pour l&#039;utilisation de tout ou partie des cookies et par extension pour<br>le traitement de vos donn\u00e9es.<br>Pour exercer vos droits ci-dessus sur Cbikes.gr, vous pouvez soumettre votre demande aux bureaux de<br>Cbikes \u00e0 l&#039;adresse postale A. Papandreou 139, Ammoudara , H\u00e9raklion , Cr\u00e8te. ou au<br>adresse e-mail info@cbikes.gr, ainsi que de soumettre, au cas o\u00f9 vous consid\u00e9rez que le traitement<br>de vos donn\u00e9es personnelles viole la l\u00e9gislation applicable en mati\u00e8re de protection des donn\u00e9es personnelles, un<br>plainte aupr\u00e8s de l&#039;Autorit\u00e9 de protection des donn\u00e9es personnelles (adresse postale Kifisias 1- 3, PO Box 115<br>23, Ath\u00e8nes, t\u00e9l. 210. 6475600, courrier \u00e9lectronique contact@dpa.gr).<br>O\u00f9 pouvez-vous trouver plus d&#039;informations sur la protection des donn\u00e9es personnelles collect\u00e9es par<br>biscuits?<br>Des informations sur la protection de vos donn\u00e9es personnelles, mais \u00e9galement sur vos droits, sont disponibles dans<br>la Politique de Protection des Donn\u00e9es Personnelles.<\/p>\n\n\n\n<p>O\u00f9 pouvez-vous trouver plus d&#039;informations sur l&#039;utilisation g\u00e9n\u00e9rale des cookies ?<br>Plus d&#039;informations sur l&#039;utilisation g\u00e9n\u00e9rale des cookies, ainsi que sur les m\u00e9thodes de blocage ou<br>les limitant, peut \u00eatre trouv\u00e9 sur http:\/\/cookiepedia.co.uk\/all-about-cookies et<br>http:\/\/www.allaboutcookies.org\/ .<\/p>\n\n\n\n<p>Modifications de la politique de cookies.<br>Cette Politique de Cookies peut \u00eatre modifi\u00e9e \u00e0 tout moment. Pour cette raison, nous consid\u00e9rons qu&#039;il est appropri\u00e9<br>que vous vous r\u00e9f\u00e9riez r\u00e9guli\u00e8rement \u00e0 cette politique. Celui-ci est entr\u00e9 en vigueur le 24\/05\/2018. Dans le cas d&#039;un<br>modification, la date \u00e0 laquelle elle a \u00e9t\u00e9 effectu\u00e9e sera indiqu\u00e9e. La Politique de Cookies, telle que configur\u00e9e<br>par la modification la plus r\u00e9cente, est toujours consid\u00e9r\u00e9e comme valable.<\/p>","protected":false},"excerpt":{"rendered":"<p>We use cookies on our website to manage sessions, to provide personalized web pages andto tailor advertising and other content to reflect your particular needs and interests. Cookiescan also be used to compile anonymous, aggregated statistics that allow us to understandhow the public uses our website and help improve its structure and content. We cannotascertain [&hellip;]<\/p>\n","protected":false},"author":1,"featured_media":0,"parent":0,"menu_order":0,"comment_status":"closed","ping_status":"closed","template":"","meta":{"footnotes":""},"class_list":["post-3362","page","type-page","status-publish","hentry"],"_links":{"self":[{"href":"https:\/\/cbikes.gr\/fr\/wp-json\/wp\/v2\/pages\/3362","targetHints":{"allow":["GET"]}}],"collection":[{"href":"https:\/\/cbikes.gr\/fr\/wp-json\/wp\/v2\/pages"}],"about":[{"href":"https:\/\/cbikes.gr\/fr\/wp-json\/wp\/v2\/types\/page"}],"author":[{"embeddable":true,"href":"https:\/\/cbikes.gr\/fr\/wp-json\/wp\/v2\/users\/1"}],"replies":[{"embeddable":true,"href":"https:\/\/cbikes.gr\/fr\/wp-json\/wp\/v2\/comments?post=3362"}],"version-history":[{"count":0,"href":"https:\/\/cbikes.gr\/fr\/wp-json\/wp\/v2\/pages\/3362\/revisions"}],"wp:attachment":[{"href":"https:\/\/cbikes.gr\/fr\/wp-json\/wp\/v2\/media?parent=3362"}],"curies":[{"name":"wp","href":"https:\/\/api.w.org\/{rel}","templated":true}]}}