{"id":3309,"date":"2024-03-16T10:00:42","date_gmt":"2024-03-16T08:00:42","guid":{"rendered":"https:\/\/cbikes.gr\/?post_type=product&#038;p=3309"},"modified":"2026-03-20T10:29:42","modified_gmt":"2026-03-20T08:29:42","slug":"levit-muan-velo-electrique-mi-champagne-perle-16","status":"publish","type":"product","link":"https:\/\/cbikes.gr\/fr\/produit\/levit-muan-velo-electrique-mi-champagne-perle-16\/","title":{"rendered":"LEVIT MUAN v\u00e9lo \u00e9lectrique mi-champagne perle 16&quot;"},"content":{"rendered":"<table>\n<tbody>\n<tr>\n<td><strong>Moteur :<\/strong><\/td>\n<td>L\u00e9vi HD<\/td>\n<\/tr>\n<tr>\n<td><strong>Batterie :<\/strong><\/td>\n<td>Levit SP2.1 630 Wh (17,5 Ah)<\/td>\n<\/tr>\n<tr>\n<td><strong>Manette :<\/strong><\/td>\n<td>Levit Codac LCD<\/td>\n<\/tr>\n<tr>\n<td><strong>Cadre :<\/strong><\/td>\n<td>Alliage 6061<\/td>\n<\/tr>\n<tr>\n<td><strong>Tailles produites :<\/strong><\/td>\n<td>L, XL<\/td>\n<\/tr>\n<tr>\n<td><strong>Fourchettes :<\/strong><\/td>\n<td>RST Gila TnL (100 mm, avec serrure \u00e0 couronne)<\/td>\n<\/tr>\n<tr>\n<td><strong>Amortisseur arri\u00e8re :<\/strong><\/td>\n<td>&#8211;<\/td>\n<\/tr>\n<tr>\n<td><strong>Composition principale :<\/strong><\/td>\n<td>Spec (semi-int\u00e9gr\u00e9)<\/td>\n<\/tr>\n<tr>\n<td><strong>Freins :<\/strong><\/td>\n<td>Zoom HB-875<\/td>\n<\/tr>\n<tr>\n<td><strong>Disques de frein :<\/strong><\/td>\n<td>180 millim\u00e8tres<\/td>\n<\/tr>\n<tr>\n<td><strong>Composition interm\u00e9diaire :<\/strong><\/td>\n<td>Thoune JIVE 3.0<\/td>\n<\/tr>\n<tr>\n<td><strong>Manivelles :<\/strong><\/td>\n<td>Spec NW (170 mm, 38 z.)<\/td>\n<\/tr>\n<tr>\n<td><strong>D\u00e9calage\u00a0:<\/strong><\/td>\n<td>Microshift Marvo-LT<\/td>\n<\/tr>\n<tr>\n<td><strong>D\u00e9railleur :<\/strong><\/td>\n<td>Microshift RD-M46L<\/td>\n<\/tr>\n<tr>\n<td><strong>Cassette :<\/strong><\/td>\n<td>S-Ride M300 (11 \u2013 36 pouces)<\/td>\n<\/tr>\n<tr>\n<td><strong>Cha\u00eene :<\/strong><\/td>\n<td>KMC X9<\/td>\n<\/tr>\n<tr>\n<td><strong>Des charges :<\/strong><\/td>\n<td>Formule DC-20LW<\/td>\n<\/tr>\n<tr>\n<td><strong>Jantes :<\/strong><\/td>\n<td>Disque rocheux Remerx (622 x 22 mm)<\/td>\n<\/tr>\n<tr>\n<td><strong>Manteaux :<\/strong><\/td>\n<td>CST Gaballero 29 x 2,25\u2033 (57 \u2013 622)<\/td>\n<\/tr>\n<tr>\n<td><strong>Poign\u00e9es :<\/strong><\/td>\n<td>Herrmans DD36 Verrouillage<\/td>\n<\/tr>\n<tr>\n<td><strong>Guidon :<\/strong><\/td>\n<td>Sc\u00e8ne de sp\u00e9cification 31,8 x 740 mm<\/td>\n<\/tr>\n<tr>\n<td><strong>Tige :<\/strong><\/td>\n<td>Spec Stage 75 mm (19\u2033), 90 mm (21\u2033)<\/td>\n<\/tr>\n<tr>\n<td><strong>Selle :<\/strong><\/td>\n<td>Selle Royal 1216 HRN<\/td>\n<\/tr>\n<tr>\n<td><strong>Tige de selle :<\/strong><\/td>\n<td>Sc\u00e8ne de sp\u00e9cification 30,9 x 400 mm<\/td>\n<\/tr>\n<tr>\n<td><strong>P\u00e9dales :<\/strong><\/td>\n<td>Alliage<\/td>\n<\/tr>\n<tr>\n<td><strong>Masse :<\/strong><\/td>\n<td>23,5kg<\/td>\n<\/tr>\n<\/tbody>\n<\/table>","protected":false},"excerpt":{"rendered":"<p><strong>Levit Muan HD est un v\u00e9lo \u00e9lectrique\u00a0<\/strong>c&#039;est un excellent choix pour les cyclistes recherchant une combinaison de confort de conduite et d&#039;assistance \u00e9lectrique puissante.<\/p>\n<p>Ce mod\u00e8le est \u00e9quip\u00e9\u00a0\u00a0<strong>avec un moteur dans le moyeu arri\u00e8re,\u00a0<\/strong>\u00a0ce qui lui conf\u00e8re une excellente traction et permet un transfert d&#039;\u00e9nergie en douceur lors du p\u00e9dalage. L&#039;\u00e9l\u00e9ment cl\u00e9 du v\u00e9lo \u00e9lectrique est\u00a0\u00a0<strong>la batterie de 630 Wh\u00a0<\/strong>, int\u00e9gr\u00e9 au cadre, qui garantit une autonomie \u00e9lev\u00e9e et une endurance \u00e0 long terme, id\u00e9ale pour les longs trajets ou les d\u00e9placements quotidiens.<\/p>\n<p>Avec cette batterie, vous n&#039;avez pas \u00e0 vous soucier de l&#039;\u00e9nergie qui vous quitte \u00e0 un moment inopportun. Le v\u00e9lo est \u00e9galement \u00e9quip\u00e9 de composants de qualit\u00e9, comme une fourche \u00e0 suspension qui assure un confort m\u00eame sur terrain accident\u00e9, et des freins \u00e0 disque hydrauliques pour un freinage imm\u00e9diat et fiable.<\/p>\n<p>Le cadre en aluminium offre un bon compromis entre r\u00e9sistance et poids, ce qui est important pour une maniabilit\u00e9 agile du v\u00e9lo. Le syst\u00e8me de transmission Microshift assure des changements de vitesse fluides et une transmission efficace de la puissance aux roues, ce qui contribue \u00e0 l&#039;exp\u00e9rience de conduite globale.<\/p>\n<p>Le Levit Muan HD est donc un excellent choix pour ceux qui recherchent un v\u00e9lo \u00e9lectrique technologiquement avanc\u00e9 et fiable pour diff\u00e9rents types de terrains.<\/p>","protected":false},"featured_media":5086,"comment_status":"open","ping_status":"closed","template":"","meta":[],"product_brand":[],"product_cat":[73],"product_tag":[100,98,97],"class_list":{"0":"post-3309","1":"product","2":"type-product","3":"status-publish","4":"has-post-thumbnail","6":"type-mountain","7":"manufacturer-olpran","8":"product_cat-ebikes","9":"product_tag-accessories","10":"product_tag-bikes","11":"product_tag-scooters","13":"first","14":"instock","15":"taxable","16":"shipping-taxable","17":"purchasable","18":"product-type-ovacrs_car_rental"},"_links":{"self":[{"href":"https:\/\/cbikes.gr\/fr\/wp-json\/wp\/v2\/product\/3309","targetHints":{"allow":["GET"]}}],"collection":[{"href":"https:\/\/cbikes.gr\/fr\/wp-json\/wp\/v2\/product"}],"about":[{"href":"https:\/\/cbikes.gr\/fr\/wp-json\/wp\/v2\/types\/product"}],"replies":[{"embeddable":true,"href":"https:\/\/cbikes.gr\/fr\/wp-json\/wp\/v2\/comments?post=3309"}],"wp:featuredmedia":[{"embeddable":true,"href":"https:\/\/cbikes.gr\/fr\/wp-json\/wp\/v2\/media\/5086"}],"wp:attachment":[{"href":"https:\/\/cbikes.gr\/fr\/wp-json\/wp\/v2\/media?parent=3309"}],"wp:term":[{"taxonomy":"product_brand","embeddable":true,"href":"https:\/\/cbikes.gr\/fr\/wp-json\/wp\/v2\/product_brand?post=3309"},{"taxonomy":"product_cat","embeddable":true,"href":"https:\/\/cbikes.gr\/fr\/wp-json\/wp\/v2\/product_cat?post=3309"},{"taxonomy":"product_tag","embeddable":true,"href":"https:\/\/cbikes.gr\/fr\/wp-json\/wp\/v2\/product_tag?post=3309"}],"curies":[{"name":"wp","href":"https:\/\/api.w.org\/{rel}","templated":true}]}}