{"id":3438,"date":"2024-03-06T13:23:40","date_gmt":"2024-03-06T11:23:40","guid":{"rendered":"https:\/\/cbikes.gr\/?post_type=product&#038;p=3438"},"modified":"2026-03-20T10:32:05","modified_gmt":"2026-03-20T08:32:05","slug":"velo-electrique-levit-musca-vert-gris-perle-19","status":"publish","type":"product","link":"https:\/\/cbikes.gr\/fr\/produit\/velo-electrique-levit-musca-vert-gris-perle-19\/","title":{"rendered":"LEVIT MUSCA v\u00e9lo \u00e9lectrique vert gris perle 19\u201d"},"content":{"rendered":"<table style=\"border-collapse: collapse; width: 428px; border-spacing: 0px; text-align: start; height: 745px;\" border=\"0\" width=\"128\" cellspacing=\"0\" cellpadding=\"0\">\n<tbody>\n<tr style=\"height: 15.0pt;\">\n<td class=\"xl65\" style=\"height: 15.0pt; width: 48pt;\" align=\"left\" width=\"64\" height=\"20\">Moteur:<\/td>\n<td style=\"width: 48pt; padding-bottom: 0px; padding-top: 0px;\" align=\"left\" width=\"64\">L\u00e9vit HD<\/td>\n<\/tr>\n<tr style=\"height: 15.0pt;\">\n<td class=\"xl65\" style=\"height: 15.0pt;\" align=\"left\" height=\"20\">Batterie\u00a0:<\/td>\n<td style=\"padding-bottom: 0px; padding-top: 0px;\" align=\"left\">Levit SP2.1 630 Wh (17,5 Ah)<\/td>\n<\/tr>\n<tr style=\"height: 15.0pt;\">\n<td class=\"xl65\" style=\"height: 15.0pt;\" align=\"left\" height=\"20\">Ovladac\u00a0:<\/td>\n<td style=\"padding-bottom: 0px; padding-top: 0px;\" align=\"left\">Levit Codac LCD<\/td>\n<\/tr>\n<tr style=\"height: 15.0pt;\">\n<td class=\"xl65\" style=\"height: 15.0pt;\" align=\"left\" height=\"20\">RAM:<\/td>\n<td style=\"padding-bottom: 0px; padding-top: 0px;\" align=\"left\">Alliage 6061<\/td>\n<\/tr>\n<tr style=\"height: 15.0pt;\">\n<td class=\"xl65\" style=\"height: 15.0pt;\" align=\"left\" height=\"20\">Vyr\u00e1b\u011bn\u00e9 velikosti\u00a0:<\/td>\n<td style=\"padding-bottom: 0px; padding-top: 0px;\" align=\"left\">M, L, XL<\/td>\n<\/tr>\n<tr style=\"height: 15.0pt;\">\n<td class=\"xl65\" style=\"height: 15.0pt;\" align=\"left\" height=\"20\">Vidlice\u00a0:<\/td>\n<td style=\"padding-bottom: 0px; padding-top: 0px;\" align=\"left\">RST Volant TnL (80 mm, se zamyk\u00e1n\u00edm z korunky)<\/td>\n<\/tr>\n<tr style=\"height: 15.0pt;\">\n<td class=\"xl65\" style=\"height: 15.0pt;\" align=\"left\" height=\"20\">Zadn\u00ed tlumi\u010d\u00a0:<\/td>\n<td class=\"xl65\" style=\"padding-bottom: 0px; padding-top: 0px;\" align=\"left\">&#8211;<\/td>\n<\/tr>\n<tr style=\"height: 15.0pt;\">\n<td class=\"xl65\" style=\"height: 15.0pt;\" align=\"left\" height=\"20\">Hlavov\u00e9 slo\u017een\u00ed:<\/td>\n<td style=\"padding-bottom: 0px; padding-top: 0px;\" align=\"left\">Spec (semi-int\u00e9gr\u00e9)<\/td>\n<\/tr>\n<tr style=\"height: 15.0pt;\">\n<td class=\"xl65\" style=\"height: 15.0pt;\" align=\"left\" height=\"20\">Brzdy\u00a0:<\/td>\n<td style=\"padding-bottom: 0px; padding-top: 0px;\" align=\"left\">Zoom HB-875<\/td>\n<\/tr>\n<tr style=\"height: 15.0pt;\">\n<td class=\"xl65\" style=\"height: 15.0pt;\" align=\"left\" height=\"20\">Brzdov\u00e9 kotou\u010de:<\/td>\n<td style=\"padding-bottom: 0px; padding-top: 0px;\" align=\"left\">180 millim\u00e8tres<\/td>\n<\/tr>\n<tr style=\"height: 15.0pt;\">\n<td class=\"xl65\" style=\"height: 15.0pt;\" align=\"left\" height=\"20\">St\u0159edov\u00e9 slo\u017een\u00ed\u00a0:<\/td>\n<td style=\"padding-bottom: 0px; padding-top: 0px;\" align=\"left\">Thoune JIVE 3.0<\/td>\n<\/tr>\n<tr style=\"height: 15.0pt;\">\n<td class=\"xl65\" style=\"height: 15.0pt;\" align=\"left\" height=\"20\">Cliquer\u00a0:<\/td>\n<td style=\"padding-bottom: 0px; padding-top: 0px;\" align=\"left\">Spec NW (170 mm, 44 z.)<\/td>\n<\/tr>\n<tr style=\"height: 15.0pt;\">\n<td class=\"xl65\" style=\"height: 15.0pt;\" align=\"left\" height=\"20\">\u0158azeni\u00a0:<\/td>\n<td style=\"padding-bottom: 0px; padding-top: 0px;\" align=\"left\">Microshift Marvo-LT<\/td>\n<\/tr>\n<tr style=\"height: 15.0pt;\">\n<td class=\"xl65\" style=\"height: 15.0pt;\" align=\"left\" height=\"20\">Prehazova\u010dka\u00a0:<\/td>\n<td style=\"padding-bottom: 0px; padding-top: 0px;\" align=\"left\">Microshift RD-M46L<\/td>\n<\/tr>\n<tr style=\"height: 15.0pt;\">\n<td class=\"xl65\" style=\"height: 15.0pt;\" align=\"left\" height=\"20\">Kaz\u00e9ta\u00a0:<\/td>\n<td style=\"padding-bottom: 0px; padding-top: 0px;\" align=\"left\">S-Ride M300 (11 \u2013 36 pouces)<\/td>\n<\/tr>\n<tr style=\"height: 15.0pt;\">\n<td class=\"xl65\" style=\"height: 15.0pt;\" align=\"left\" height=\"20\">\u0158et\u011bz\u00a0:<\/td>\n<td style=\"padding-bottom: 0px; padding-top: 0px;\" align=\"left\">KMC X9<\/td>\n<\/tr>\n<tr style=\"height: 15.0pt;\">\n<td class=\"xl65\" style=\"height: 15.0pt;\" align=\"left\" height=\"20\">N\u00e1boje\u00a0:<\/td>\n<td style=\"padding-bottom: 0px; padding-top: 0px;\" align=\"left\">Formule DC-20LW<\/td>\n<\/tr>\n<tr style=\"height: 15.0pt;\">\n<td class=\"xl65\" style=\"height: 15.0pt;\" align=\"left\" height=\"20\">Rafky\u00a0:<\/td>\n<td style=\"padding-bottom: 0px; padding-top: 0px;\" align=\"left\">Disque sup\u00e9rieur Remerx (622 x 19 mm)<\/td>\n<\/tr>\n<tr style=\"height: 15.0pt;\">\n<td class=\"xl65\" style=\"height: 15.0pt;\" align=\"left\" height=\"20\">Pl\u00e1\u0161t\u011b\u00a0:<\/td>\n<td style=\"padding-bottom: 0px; padding-top: 0px;\" align=\"left\">CST Contr\u00f4le Viva 28 x 1,75\u2033 (47 -622)<\/td>\n<\/tr>\n<tr style=\"height: 15.0pt;\">\n<td class=\"xl65\" style=\"height: 15.0pt;\" align=\"left\" height=\"20\">Gripy\u00a0:<\/td>\n<td style=\"padding-bottom: 0px; padding-top: 0px;\" align=\"left\">Herrmans DD36 Verrouillage<\/td>\n<\/tr>\n<tr style=\"height: 15.0pt;\">\n<td class=\"xl65\" style=\"height: 15.0pt;\" align=\"left\" height=\"20\">Texte\u00a0:<\/td>\n<td style=\"padding-bottom: 0px; padding-top: 0px;\" align=\"left\">Spec Stage 31,8 x 680 mm (17\u2033), 700 mm (19\u2033, 21\u2033)<\/td>\n<\/tr>\n<tr style=\"height: 15.0pt;\">\n<td class=\"xl65\" style=\"height: 15.0pt;\" align=\"left\" height=\"20\">Preedstavec\u00a0:<\/td>\n<td style=\"padding-bottom: 0px; padding-top: 0px;\" align=\"left\">Spec Stage 60 mm (17\u2033), 75 mm (19\u2033), 90 mm (21\u2033)<\/td>\n<\/tr>\n<tr style=\"height: 15.0pt;\">\n<td class=\"xl65\" style=\"height: 15.0pt;\" align=\"left\" height=\"20\">S\u00e9dlo\u00a0:<\/td>\n<td style=\"padding-bottom: 0px; padding-top: 0px;\" align=\"left\">Selle Royal 1405 HRN<\/td>\n<\/tr>\n<tr style=\"height: 15.0pt;\">\n<td class=\"xl65\" style=\"height: 15.0pt;\" align=\"left\" height=\"20\">Sedlovka\u00a0:<\/td>\n<td style=\"padding-bottom: 0px; padding-top: 0px;\" align=\"left\">Sc\u00e8ne de sp\u00e9cifications 30,9 x 400 mm<\/td>\n<\/tr>\n<tr style=\"height: 15.0pt;\">\n<td class=\"xl65\" style=\"height: 15.0pt;\" align=\"left\" height=\"20\">P\u00e9dale\u00a0:<\/td>\n<td style=\"padding-bottom: 0px; padding-top: 0px;\" align=\"left\">Alliage<\/td>\n<\/tr>\n<tr style=\"height: 15.0pt;\">\n<td class=\"xl65\" style=\"height: 15.0pt;\" align=\"left\" height=\"20\">Hmotnost\u00a0:<\/td>\n<td style=\"padding-bottom: 0px; padding-top: 0px;\" align=\"left\">25kg<\/td>\n<\/tr>\n<\/tbody>\n<\/table>","protected":false},"excerpt":{"rendered":"<p>Le Levit Musca HD est un mod\u00e8le moderne <strong>v\u00e9lo \u00e9lectrique<\/strong> qui incarne une combinaison de g\u00e9om\u00e9trie de cadre confortable et d&#039;assistance \u00e9lectrique puissante.<\/p>\n<p>Le c\u0153ur de ceci <strong>v\u00e9lo \u00e9lectrique<\/strong> est le moteur situ\u00e9 dans le moyeu arri\u00e8re, qui assure une conduite douce et discr\u00e8te, tout en ayant suffisamment de puissance pour gravir des pentes et rouler vite sur un terrain plat.<\/p>\n<p>La source d&#039;\u00e9nergie est constitu\u00e9e d&#039;une batterie puissante d&#039;une capacit\u00e9 de 630 Wh, int\u00e9gr\u00e9e directement dans le cadre, ce qui augmente le c\u00f4t\u00e9 esth\u00e9tique et contribue en m\u00eame temps \u00e0 abaisser le centre de gravit\u00e9 pour une meilleure maniabilit\u00e9.<\/p>\n<p>Cette batterie offre une longue autonomie et est id\u00e9ale pour les longs trajets sans n\u00e9cessiter de recharges fr\u00e9quentes.<\/p>\n<p>La fourche \u00e0 suspension absorbe les irr\u00e9gularit\u00e9s du terrain, les freins \u00e0 disque hydrauliques pour un arr\u00eat fiable m\u00eame sur sol mouill\u00e9 et le syst\u00e8me de transmission Microshift pour des changements de vitesse en douceur contribuent tous \u00e0 une exp\u00e9rience de conduite agr\u00e9able. Le cadre en aluminium est l\u00e9ger et r\u00e9sistant, offrant un support solide tout en permettant une manipulation ais\u00e9e du v\u00e9lo.<\/p>\n<p>Le Levit Musca HD est ainsi le choix id\u00e9al pour les cyclistes \u00e0 la recherche d&#039;un v\u00e9lo \u00e9lectrique puissant et fiable, dot\u00e9 d&#039;une longue autonomie et de composants de qualit\u00e9, adapt\u00e9 \u00e0 diff\u00e9rents types de terrains et \u00e0 un usage quotidien.<\/p>","protected":false},"featured_media":4650,"comment_status":"open","ping_status":"closed","template":"","meta":[],"product_brand":[],"product_cat":[73],"product_tag":[100,98,97],"class_list":{"0":"post-3438","1":"product","2":"type-product","3":"status-publish","4":"has-post-thumbnail","6":"type-city-bike","7":"manufacturer-olpran","8":"product_cat-ebikes","9":"product_tag-accessories","10":"product_tag-bikes","11":"product_tag-scooters","13":"first","14":"instock","15":"taxable","16":"shipping-taxable","17":"purchasable","18":"product-type-ovacrs_car_rental"},"_links":{"self":[{"href":"https:\/\/cbikes.gr\/fr\/wp-json\/wp\/v2\/product\/3438","targetHints":{"allow":["GET"]}}],"collection":[{"href":"https:\/\/cbikes.gr\/fr\/wp-json\/wp\/v2\/product"}],"about":[{"href":"https:\/\/cbikes.gr\/fr\/wp-json\/wp\/v2\/types\/product"}],"replies":[{"embeddable":true,"href":"https:\/\/cbikes.gr\/fr\/wp-json\/wp\/v2\/comments?post=3438"}],"wp:featuredmedia":[{"embeddable":true,"href":"https:\/\/cbikes.gr\/fr\/wp-json\/wp\/v2\/media\/4650"}],"wp:attachment":[{"href":"https:\/\/cbikes.gr\/fr\/wp-json\/wp\/v2\/media?parent=3438"}],"wp:term":[{"taxonomy":"product_brand","embeddable":true,"href":"https:\/\/cbikes.gr\/fr\/wp-json\/wp\/v2\/product_brand?post=3438"},{"taxonomy":"product_cat","embeddable":true,"href":"https:\/\/cbikes.gr\/fr\/wp-json\/wp\/v2\/product_cat?post=3438"},{"taxonomy":"product_tag","embeddable":true,"href":"https:\/\/cbikes.gr\/fr\/wp-json\/wp\/v2\/product_tag?post=3438"}],"curies":[{"name":"wp","href":"https:\/\/api.w.org\/{rel}","templated":true}]}}