{"id":3492,"date":"2024-03-07T13:36:18","date_gmt":"2024-03-07T11:36:18","guid":{"rendered":"https:\/\/cbikes.gr\/?post_type=product&#038;p=3492"},"modified":"2026-03-18T19:12:22","modified_gmt":"2026-03-18T17:12:22","slug":"velo-mercure-28-femme","status":"publish","type":"product","link":"https:\/\/cbikes.gr\/fr\/produit\/velo-mercure-28-femme\/","title":{"rendered":"MERCURY 28&#8243; Women&#8217;s City bike White or Similar"},"content":{"rendered":"<table style=\"border-collapse: collapse; width: 410px; height: 305px;\" border=\"0\" width=\"64\" cellspacing=\"0\" cellpadding=\"0\">\n<tbody>\n<tr style=\"height: 15.0pt;\">\n<td style=\"height: 15.0pt; width: 48pt;\" width=\"64\" height=\"20\">Mat\u00e9riau du cadre\u00a0: ACIER HI-TEN<\/td>\n<\/tr>\n<tr style=\"height: 15.0pt;\">\n<td style=\"height: 15.0pt;\" height=\"20\">Taille du cadre : 19\u2033 hommes et L18\u2033 femmes<\/td>\n<\/tr>\n<tr style=\"height: 15.0pt;\">\n<td style=\"height: 15.0pt;\" height=\"20\">Hauteur : 165 \u2013 185 cm<\/td>\n<\/tr>\n<tr style=\"height: 15.0pt;\">\n<td style=\"height: 15.0pt;\" height=\"20\">\u00c2ge : pour les adultes<\/td>\n<\/tr>\n<tr style=\"height: 15.0pt;\">\n<td style=\"height: 15.0pt;\" height=\"20\">Longueur des membres inf\u00e9rieurs : non pr\u00e9cis\u00e9<\/td>\n<\/tr>\n<tr style=\"height: 15.0pt;\">\n<td style=\"height: 15.0pt;\" height=\"20\">Fourche\u00a0: HI-TEN STEEL (solide)<\/td>\n<\/tr>\n<tr style=\"height: 15.0pt;\">\n<td style=\"height: 15.0pt;\" height=\"20\">Capacit\u00e9 de charge : 90 kg<\/td>\n<\/tr>\n<tr style=\"height: 15.0pt;\">\n<td style=\"height: 15.0pt;\" height=\"20\">Poids des roues : 17,2 kg<\/td>\n<\/tr>\n<tr style=\"height: 15.0pt;\">\n<td style=\"height: 15.0pt;\" height=\"20\">: Le poids inclut les p\u00e9dales<\/td>\n<\/tr>\n<tr style=\"height: 15.0pt;\">\n<td style=\"height: 15.0pt;\" height=\"20\">Composition de la t\u00eate : classique \u2013 acier<\/td>\n<\/tr>\n<tr style=\"height: 15.0pt;\">\n<td style=\"height: 15.0pt;\" height=\"20\">Frein avant : jante V Brake, aluminium 110 mm<\/td>\n<\/tr>\n<tr style=\"height: 15.0pt;\">\n<td style=\"height: 15.0pt;\" height=\"20\">Frein arri\u00e8re : jante V Brake, aluminium 110 mm<\/td>\n<\/tr>\n<tr style=\"height: 15.0pt;\">\n<td style=\"height: 15.0pt;\" height=\"20\">Ensemble central : acier, axe 119 mm<\/td>\n<\/tr>\n<tr style=\"height: 15.0pt;\">\n<td style=\"height: 15.0pt;\" height=\"20\">Manivelles avec convertisseurs : acier, 24-34-42\/170 mm<\/td>\n<\/tr>\n<tr style=\"height: 15.0pt;\">\n<td style=\"height: 15.0pt;\" height=\"20\">Changement de vitesse\u00a0: SHIMANO, INDEX<\/td>\n<\/tr>\n<tr style=\"height: 15.0pt;\">\n<td style=\"height: 15.0pt;\" height=\"20\">D\u00e9railleur : SHIMANO<\/td>\n<\/tr>\n<tr style=\"height: 15.0pt;\">\n<td style=\"height: 15.0pt;\" height=\"20\">Nombre de vitesses : 18<\/td>\n<\/tr>\n<tr style=\"height: 15.0pt;\">\n<td style=\"height: 15.0pt;\" height=\"20\">Cha\u00eene : acier, Z6<\/td>\n<\/tr>\n<tr style=\"height: 15.0pt;\">\n<td style=\"height: 15.0pt;\" height=\"20\">Cassette : Shimano, 14-28 dents<\/td>\n<\/tr>\n<tr style=\"height: 15.0pt;\">\n<td style=\"height: 15.0pt;\" height=\"20\">Moyeu avant : Acier, 36 trous<\/td>\n<\/tr>\n<tr style=\"height: 15.0pt;\">\n<td style=\"height: 15.0pt;\" height=\"20\">Moyeu arri\u00e8re : Acier, 36 trous<\/td>\n<\/tr>\n<tr style=\"height: 15.0pt;\">\n<td style=\"height: 15.0pt;\" height=\"20\">Jantes : aluminium simple paroi<\/td>\n<\/tr>\n<tr style=\"height: 15.0pt;\">\n<td style=\"height: 15.0pt;\" height=\"20\">Guidon : acier, droit, 580 mm<\/td>\n<\/tr>\n<tr style=\"height: 15.0pt;\">\n<td style=\"height: 15.0pt;\" height=\"20\">Tige : acier, classique, 80 mm<\/td>\n<\/tr>\n<tr style=\"height: 15.0pt;\">\n<td style=\"height: 15.0pt;\" height=\"20\">Assise : 280\u00d7160 mm noir, PU, avec pince<\/td>\n<\/tr>\n<tr style=\"height: 15.0pt;\">\n<td style=\"height: 15.0pt;\" height=\"20\">Tige de selle : acier, droite, 28,6\u00d7250 mm<\/td>\n<\/tr>\n<tr style=\"height: 15.0pt;\">\n<td style=\"height: 15.0pt;\" height=\"20\">P\u00e9dales : plastique, bille, r\u00e9flecteurs, axe en bore<\/td>\n<\/tr>\n<tr style=\"height: 15.0pt;\">\n<td style=\"height: 15.0pt;\" height=\"20\">Pneus : 28\u2033 mod\u00e8le Trek<\/td>\n<\/tr>\n<tr style=\"height: 15.0pt;\">\n<td style=\"height: 15.0pt;\" height=\"20\">Accessoires : ailes, b\u00e9quille, feu avant + arri\u00e8re<\/td>\n<\/tr>\n<\/tbody>\n<\/table>","protected":false},"excerpt":{"rendered":"<h2>Introducing the Olrpran Mercury Bike<\/h2>\n<p>Are you ready to conquer the trails and experience the thrill of off-road cycling? Look no further than the Olrpran Mercury Bike. Designed for adventure seekers and adrenaline junkies, this bike is built to handle any terrain with ease.<\/p>\n<h2>Lib\u00e9rez votre explorateur int\u00e9rieur<\/h2>\n<p>With its rugged frame and durable components, the Olrpran Mercury Bike is ready to take you on unforgettable journeys. Whether you&#8217;re tackling steep hills, navigating rocky paths, or cruising through muddy trails, this bike will keep you in control and give you the confidence to push your limits.<\/p>","protected":false},"featured_media":3493,"comment_status":"open","ping_status":"closed","template":"","meta":[],"product_brand":[],"product_cat":[79],"product_tag":[100,96,97],"class_list":{"0":"post-3492","1":"product","2":"type-product","3":"status-publish","4":"has-post-thumbnail","6":"type-city-bike","7":"manufacturer-olpran","8":"product_cat-bikes","9":"product_tag-accessories","10":"product_tag-e-bikes","11":"product_tag-scooters","13":"first","14":"instock","15":"taxable","16":"shipping-taxable","17":"purchasable","18":"product-type-ovacrs_car_rental"},"_links":{"self":[{"href":"https:\/\/cbikes.gr\/fr\/wp-json\/wp\/v2\/product\/3492","targetHints":{"allow":["GET"]}}],"collection":[{"href":"https:\/\/cbikes.gr\/fr\/wp-json\/wp\/v2\/product"}],"about":[{"href":"https:\/\/cbikes.gr\/fr\/wp-json\/wp\/v2\/types\/product"}],"replies":[{"embeddable":true,"href":"https:\/\/cbikes.gr\/fr\/wp-json\/wp\/v2\/comments?post=3492"}],"wp:featuredmedia":[{"embeddable":true,"href":"https:\/\/cbikes.gr\/fr\/wp-json\/wp\/v2\/media\/3493"}],"wp:attachment":[{"href":"https:\/\/cbikes.gr\/fr\/wp-json\/wp\/v2\/media?parent=3492"}],"wp:term":[{"taxonomy":"product_brand","embeddable":true,"href":"https:\/\/cbikes.gr\/fr\/wp-json\/wp\/v2\/product_brand?post=3492"},{"taxonomy":"product_cat","embeddable":true,"href":"https:\/\/cbikes.gr\/fr\/wp-json\/wp\/v2\/product_cat?post=3492"},{"taxonomy":"product_tag","embeddable":true,"href":"https:\/\/cbikes.gr\/fr\/wp-json\/wp\/v2\/product_tag?post=3492"}],"curies":[{"name":"wp","href":"https:\/\/api.w.org\/{rel}","templated":true}]}}