{"id":3545,"date":"2024-03-11T10:22:46","date_gmt":"2024-03-11T08:22:46","guid":{"rendered":"https:\/\/cbikes.gr\/?post_type=product&#038;p=3545"},"modified":"2026-05-02T11:25:26","modified_gmt":"2026-05-02T08:25:26","slug":"tubeless-repair-sealant-kit-max1-100ml","status":"publish","type":"product","link":"https:\/\/cbikes.gr\/fr\/produit\/tubeless-repair-sealant-kit-max1-100ml\/","title":{"rendered":"Kit de mastic de r\u00e9paration tubeless MAX1 100ml"},"content":{"rendered":"","protected":false},"excerpt":{"rendered":"<p>Spray de r\u00e9paration MAX1 100 ml pour la r\u00e9paration temporaire des d\u00e9fauts des pneus de v\u00e9lo standards et UST.<br \/>\nIl bouche l&#039;ouverture r\u00e9sultante jusqu&#039;\u00e0 2 mm et ferme en m\u00eame temps le bo\u00eetier (avec ou sans chambre \u00e0 air) en une seule \u00e9tape. Le contenu du conteneur est suffisant pour r\u00e9parer un pneu de 26\u2033\/29\u2033 au minimum.<br \/>\nNe peut \u00eatre appliqu\u00e9 en cas de dommage important, de crevaison du flanc ou en cas de dommage sur la jante.<br \/>\nUn support pour le montage sur la tige de selle ou le cadre est inclus. Peut \u00eatre utilis\u00e9 sur les vannes AV ou FV avec un r\u00e9ducteur (inclus dans l&#039;emballage).<\/p>\n<p>Conservez le spray dans un endroit sec, gardez-le hors de port\u00e9e des enfants, ne l&#039;exposez pas \u00e0 des temp\u00e9ratures sup\u00e9rieures \u00e0 40\u00b0C et ne percez pas le r\u00e9cipient vide et ne le jetez pas au feu. \u00c9liminer dans les zones d\u00e9sign\u00e9es pour une \u00e9limination \u00e9cologique ult\u00e9rieure.<\/p>\n<p>Danger.<br \/>\nInflammable F+ \u2013 extr\u00eamement inflammable.<\/p>","protected":false},"featured_media":5017,"comment_status":"open","ping_status":"closed","template":"","meta":[],"product_brand":[],"product_cat":[81],"product_tag":[100,98,96,97],"class_list":{"0":"post-3545","1":"product","2":"type-product","3":"status-publish","4":"has-post-thumbnail","6":"type-accessories","7":"manufacturer-cyclomax","8":"product_cat-accessories","9":"product_tag-accessories","10":"product_tag-bikes","11":"product_tag-e-bikes","12":"product_tag-scooters","14":"first","15":"instock","16":"taxable","17":"shipping-taxable","18":"purchasable","19":"product-type-simple"},"_links":{"self":[{"href":"https:\/\/cbikes.gr\/fr\/wp-json\/wp\/v2\/product\/3545","targetHints":{"allow":["GET"]}}],"collection":[{"href":"https:\/\/cbikes.gr\/fr\/wp-json\/wp\/v2\/product"}],"about":[{"href":"https:\/\/cbikes.gr\/fr\/wp-json\/wp\/v2\/types\/product"}],"replies":[{"embeddable":true,"href":"https:\/\/cbikes.gr\/fr\/wp-json\/wp\/v2\/comments?post=3545"}],"wp:featuredmedia":[{"embeddable":true,"href":"https:\/\/cbikes.gr\/fr\/wp-json\/wp\/v2\/media\/5017"}],"wp:attachment":[{"href":"https:\/\/cbikes.gr\/fr\/wp-json\/wp\/v2\/media?parent=3545"}],"wp:term":[{"taxonomy":"product_brand","embeddable":true,"href":"https:\/\/cbikes.gr\/fr\/wp-json\/wp\/v2\/product_brand?post=3545"},{"taxonomy":"product_cat","embeddable":true,"href":"https:\/\/cbikes.gr\/fr\/wp-json\/wp\/v2\/product_cat?post=3545"},{"taxonomy":"product_tag","embeddable":true,"href":"https:\/\/cbikes.gr\/fr\/wp-json\/wp\/v2\/product_tag?post=3545"}],"curies":[{"name":"wp","href":"https:\/\/api.w.org\/{rel}","templated":true}]}}