{"id":3550,"date":"2024-03-11T10:27:28","date_gmt":"2024-03-11T08:27:28","guid":{"rendered":"https:\/\/cbikes.gr\/?post_type=product&#038;p=3550"},"modified":"2026-05-02T11:24:55","modified_gmt":"2026-05-02T08:24:55","slug":"banquette-arriere-hamax-amaze-lock-gris-essence-reflex","status":"publish","type":"product","link":"https:\/\/cbikes.gr\/fr\/produit\/banquette-arriere-hamax-amaze-lock-gris-essence-reflex\/","title":{"rendered":"Banquette arri\u00e8re HAMAX Amaze lock gris\/essence reflex"},"content":{"rendered":"<p>Montage sur le ch\u00e2ssis<\/p>\n<p>Ajustable, de 9 mois* \u00e0 22 kg Position ergonomique 12,5\u00b0<\/p>\n<p>Le simple cadran pliable peut \u00eatre r\u00e9gl\u00e9 d&#039;une seule main sans qu&#039;il soit n\u00e9cessaire de retirer la roue. Les inclinaisons variables jusqu&#039;\u00e0 12,5\u00b0 permettent \u00e0 votre enfant de rouler confortablement et de maintenir une position de t\u00eate id\u00e9ale.<\/p>\n<p>Absorption des chocs<\/p>\n<p>Con\u00e7u pour offrir un confort optimal \u00e0 vous et \u00e0 votre passager, le si\u00e8ge est dot\u00e9 d&#039;un syst\u00e8me de suspension double en acier pour offrir \u00e0 votre enfant une conduite fluide et sans tracas.<\/p>\n<p>\u00c9videment du casque<\/p>\n<p>Permet \u00e0 la t\u00eate de l&#039;enfant de s&#039;asseoir confortablement sans \u00eatre pouss\u00e9e vers l&#039;avant.<\/p>\n<p>R\u00e9flecteurs pour une meilleure visibilit\u00e9<\/p>\n<p>Coll\u00e9 au dossier du si\u00e8ge pour une visibilit\u00e9 de nuit.<\/p>\n<p>Housses de protection<\/p>\n<p>Pr\u00e9voir une protection des jambes avec des housses.<\/p>\n<p>Rembourrage extra solide et confortable<\/p>\n<p>Harnais avec rembourrage d&#039;\u00e9paule<\/p>\n<p>Tissu r\u00e9fl\u00e9chissant \u00e0 l&#039;arri\u00e8re pour une meilleure visibilit\u00e9<\/p>\n<p>Peut \u00eatre mont\u00e9 sur un v\u00e9lo avec ou sans porte-bagages<\/p>\n<p>Assemblage facile \u2013 seulement quatre vis<\/p>\n<p>Fournit un rembourrage de si\u00e8ge<\/p>\n<p>Vous entendrez un \u00ab clic \u00bb lorsque la console sera solidement fix\u00e9e<\/p>\n<p>Des indicateurs verts appara\u00eetront lorsque les barres sont correctement install\u00e9es<\/p>\n<p>Syst\u00e8me de lib\u00e9ration rapide, appuyez sur l&#039;avant du support et d\u00e9tachez la barre<\/p>\n<p>\u00c2ge minimum : 9 mois*<br \/>\nPositionnable : 12,5\u00b0<\/p>\n<p>* 9 mois correspond \u00e0 l&#039;\u00e2ge approximatif auquel un enfant peut tenir la t\u00eate droite sans soutien.<\/p>","protected":false},"excerpt":{"rendered":"<p>Le si\u00e8ge v\u00e9lo enfant Amaze est s\u00fbr et \u00e9l\u00e9gamment d\u00e9cor\u00e9 dans des couleurs gaies. Le si\u00e8ge a une fonction d&#039;inclinaison de 12,5\u00b0. Tous les r\u00e9glages sont con\u00e7us pour \u00eatre utilis\u00e9s d&#039;une seule main, vous pouvez donc utiliser votre autre main pour stabiliser le v\u00e9lo tout en s\u00e9curisant votre enfant.<\/p>","protected":false},"featured_media":5016,"comment_status":"open","ping_status":"closed","template":"","meta":[],"product_brand":[],"product_cat":[81],"product_tag":[100,98,96,97],"class_list":{"0":"post-3550","1":"product","2":"type-product","3":"status-publish","4":"has-post-thumbnail","6":"type-accessories","7":"manufacturer-cyclomax","8":"product_cat-accessories","9":"product_tag-accessories","10":"product_tag-bikes","11":"product_tag-e-bikes","12":"product_tag-scooters","14":"first","15":"instock","16":"taxable","17":"shipping-taxable","18":"purchasable","19":"product-type-simple"},"_links":{"self":[{"href":"https:\/\/cbikes.gr\/fr\/wp-json\/wp\/v2\/product\/3550","targetHints":{"allow":["GET"]}}],"collection":[{"href":"https:\/\/cbikes.gr\/fr\/wp-json\/wp\/v2\/product"}],"about":[{"href":"https:\/\/cbikes.gr\/fr\/wp-json\/wp\/v2\/types\/product"}],"replies":[{"embeddable":true,"href":"https:\/\/cbikes.gr\/fr\/wp-json\/wp\/v2\/comments?post=3550"}],"wp:featuredmedia":[{"embeddable":true,"href":"https:\/\/cbikes.gr\/fr\/wp-json\/wp\/v2\/media\/5016"}],"wp:attachment":[{"href":"https:\/\/cbikes.gr\/fr\/wp-json\/wp\/v2\/media?parent=3550"}],"wp:term":[{"taxonomy":"product_brand","embeddable":true,"href":"https:\/\/cbikes.gr\/fr\/wp-json\/wp\/v2\/product_brand?post=3550"},{"taxonomy":"product_cat","embeddable":true,"href":"https:\/\/cbikes.gr\/fr\/wp-json\/wp\/v2\/product_cat?post=3550"},{"taxonomy":"product_tag","embeddable":true,"href":"https:\/\/cbikes.gr\/fr\/wp-json\/wp\/v2\/product_tag?post=3550"}],"curies":[{"name":"wp","href":"https:\/\/api.w.org\/{rel}","templated":true}]}}