{"id":3552,"date":"2024-03-11T10:35:32","date_gmt":"2024-03-11T08:35:32","guid":{"rendered":"https:\/\/cbikes.gr\/?post_type=product&#038;p=3552"},"modified":"2026-05-02T11:24:32","modified_gmt":"2026-05-02T08:24:32","slug":"helmet-rm-edge-green-blue-size-m-l-58-61cm","status":"publish","type":"product","link":"https:\/\/cbikes.gr\/fr\/produit\/helmet-rm-edge-green-blue-size-m-l-58-61cm\/","title":{"rendered":"Casque RM Edge vert\/bleu taille M\/L 58-61cm"},"content":{"rendered":"<p>Le paquet comprend deux \u00e9tiquettes de couleur rose pour un r\u00e9glage individuel de l&#039;apparence.<\/p>\n<div><img decoding=\"async\" src=\"https:\/\/data.cyklomax.cz\/docs\/RM18\/RM_Edge_1.jpg\" \/><\/div>\n<p>\u2013 Technologie de construction de casque IN-MOULD<br \/>\n\u2013 la possibilit\u00e9 d&#039;ajustement individuel des couleurs gr\u00e2ce aux deux couleurs de l&#039;\u00e9tiquette<br \/>\n\u2013 Syst\u00e8me de serrage HEAD LOCK, la circonf\u00e9rence se r\u00e8gle avec un rouleau, facilement m\u00eame avec des gants<br \/>\n\u2013 ROCK MACHINE FLEXIBLE RING \u2013 syst\u00e8me de serrage avec trois positions de r\u00e9glage en hauteur<br \/>\n\u2013 le filet anti-insectes fait partie de la doublure \u00e0 l&#039;int\u00e9rieur du casque<br \/>\n\u2013 fixation par syst\u00e8me \u00ab ROCK STRAP \u00bb pour plus de confort et un r\u00e9glage simple de la sangle<br \/>\n\u2013 syst\u00e8me de refroidissement gr\u00e2ce \u00e0 la forme a\u00e9rodynamique et 22 trous d&#039;a\u00e9ration<br \/>\n\u2013 taille du casque :<br \/>\nS\/M55-58 cm<br \/>\nM\/L 58-61 cm<br \/>\n\u2013 poids : 290g (taille S\/M)<\/p>\n<p>\u2013 r\u00e9pond \u00e0 la norme de s\u00e9curit\u00e9 CE pour les casques de v\u00e9lo<\/p>","protected":false},"excerpt":{"rendered":"<p>Casque de sport ROCK MACHINE Edge offrant une s\u00e9curit\u00e9 parfaite lors de vos activit\u00e9s de trail, d&#039;enduro ou m\u00eame de singletrack. Ils assureront votre s\u00e9curit\u00e9 m\u00eame lors d\u2019une excursion d\u2019une journ\u00e9e !<br \/>\nLa technologie In-Mold apporte une combinaison parfaite du squelette color\u00e9 avec le mat\u00e9riau EPS absorbant.<br \/>\nLa partie occipitale allong\u00e9e est un gage de s\u00e9curit\u00e9 accrue dans toutes les disciplines cyclistes.<br \/>\n22 trous d&#039;a\u00e9ration assurent une ventilation efficace m\u00eame pendant les journ\u00e9es d&#039;\u00e9t\u00e9 les plus chaudes.<br \/>\nLe syst\u00e8me de serrage circonf\u00e9rentiel Head Lock avec technologie Flexible Ring fixe parfaitement le casque sur la t\u00eate et offre la possibilit\u00e9 d&#039;un r\u00e9glage individuel selon les sp\u00e9cifications du pilote.<\/p>","protected":false},"featured_media":5015,"comment_status":"open","ping_status":"closed","template":"","meta":[],"product_brand":[],"product_cat":[81],"product_tag":[100,98,96,97],"class_list":{"0":"post-3552","1":"product","2":"type-product","3":"status-publish","4":"has-post-thumbnail","6":"type-accessories","7":"manufacturer-cyclomax","8":"product_cat-accessories","9":"product_tag-accessories","10":"product_tag-bikes","11":"product_tag-e-bikes","12":"product_tag-scooters","14":"first","15":"instock","16":"taxable","17":"shipping-taxable","18":"purchasable","19":"product-type-simple"},"_links":{"self":[{"href":"https:\/\/cbikes.gr\/fr\/wp-json\/wp\/v2\/product\/3552","targetHints":{"allow":["GET"]}}],"collection":[{"href":"https:\/\/cbikes.gr\/fr\/wp-json\/wp\/v2\/product"}],"about":[{"href":"https:\/\/cbikes.gr\/fr\/wp-json\/wp\/v2\/types\/product"}],"replies":[{"embeddable":true,"href":"https:\/\/cbikes.gr\/fr\/wp-json\/wp\/v2\/comments?post=3552"}],"wp:featuredmedia":[{"embeddable":true,"href":"https:\/\/cbikes.gr\/fr\/wp-json\/wp\/v2\/media\/5015"}],"wp:attachment":[{"href":"https:\/\/cbikes.gr\/fr\/wp-json\/wp\/v2\/media?parent=3552"}],"wp:term":[{"taxonomy":"product_brand","embeddable":true,"href":"https:\/\/cbikes.gr\/fr\/wp-json\/wp\/v2\/product_brand?post=3552"},{"taxonomy":"product_cat","embeddable":true,"href":"https:\/\/cbikes.gr\/fr\/wp-json\/wp\/v2\/product_cat?post=3552"},{"taxonomy":"product_tag","embeddable":true,"href":"https:\/\/cbikes.gr\/fr\/wp-json\/wp\/v2\/product_tag?post=3552"}],"curies":[{"name":"wp","href":"https:\/\/api.w.org\/{rel}","templated":true}]}}