{"id":3560,"date":"2024-03-11T10:46:21","date_gmt":"2024-03-11T08:46:21","guid":{"rendered":"https:\/\/cbikes.gr\/?post_type=product&#038;p=3560"},"modified":"2026-05-02T11:24:32","modified_gmt":"2026-05-02T08:24:32","slug":"helmet-rm-flash-kids-blue-size-xs-44-48cm","status":"publish","type":"product","link":"https:\/\/cbikes.gr\/fr\/produit\/helmet-rm-flash-kids-blue-size-xs-44-48cm\/","title":{"rendered":"Casque RM Flash Kids bleu taille XS 44-48cm"},"content":{"rendered":"<p>Casque enfant ROCK MACHINE Flash offrant une s\u00e9curit\u00e9 parfaite lors de toutes les activit\u00e9s cyclistes de chaque jeune cycliste.<br \/>\n6 trous d&#039;a\u00e9ration assurent une ventilation efficace m\u00eame pendant les journ\u00e9es d&#039;\u00e9t\u00e9 les plus chaudes.<br \/>\nLe grillage dans les ouvertures avant assure une protection contre l&#039;entr\u00e9e ind\u00e9sirable d&#039;insectes dangereux.<br \/>\nLe syst\u00e8me de serrage circonf\u00e9rentiel Head Lock avec technologie Flexible Ring fixe parfaitement le casque sur la t\u00eate et offre la possibilit\u00e9 d&#039;un r\u00e9glage individuel selon les sp\u00e9cifications de l&#039;utilisateur.<\/p>\n<p>\u2013 Syst\u00e8me de serrage HEAD LOCK, la circonf\u00e9rence se r\u00e8gle avec un rouleau caoutchout\u00e9, facilement m\u00eame avec des gants<br \/>\n\u2013 fixation par syst\u00e8me \u00ab ROCK STRAP \u00bb pour plus de confort et un r\u00e9glage simple des bretelles<br \/>\n\u2013 6 trous d&#039;a\u00e9ration<br \/>\n\u2013 \u00e9l\u00e9ments r\u00e9fl\u00e9chissants \u00e0 l&#039;arri\u00e8re du casque<br \/>\n\u2013 taille du casque : XS 44-48cm<br \/>\n\u2013 poids : 185 g<br \/>\n\u2013 r\u00e9pond \u00e0 la norme de s\u00e9curit\u00e9 CE pour les casques de v\u00e9lo<\/p>","protected":false},"excerpt":{"rendered":"<p>ROCK MACHINE Flash children&#8217;s helmet providing perfect safety during all cycling activities of every young cyclist. 6 ventilation holes ensure effective ventilation even on the hottest summer days. The mesh in the front openings ensures protection against the unwanted entry of dangerous insects. The Head Lock circumferential clamping system with Flexible Ring technology perfectly fixes [&hellip;]<\/p>\n","protected":false},"featured_media":5011,"comment_status":"open","ping_status":"closed","template":"","meta":[],"product_brand":[],"product_cat":[81],"product_tag":[100,98,96,97],"class_list":{"0":"post-3560","1":"product","2":"type-product","3":"status-publish","4":"has-post-thumbnail","6":"type-accessories","7":"manufacturer-cyclomax","8":"product_cat-accessories","9":"product_tag-accessories","10":"product_tag-bikes","11":"product_tag-e-bikes","12":"product_tag-scooters","14":"first","15":"instock","16":"taxable","17":"shipping-taxable","18":"purchasable","19":"product-type-simple"},"_links":{"self":[{"href":"https:\/\/cbikes.gr\/fr\/wp-json\/wp\/v2\/product\/3560","targetHints":{"allow":["GET"]}}],"collection":[{"href":"https:\/\/cbikes.gr\/fr\/wp-json\/wp\/v2\/product"}],"about":[{"href":"https:\/\/cbikes.gr\/fr\/wp-json\/wp\/v2\/types\/product"}],"replies":[{"embeddable":true,"href":"https:\/\/cbikes.gr\/fr\/wp-json\/wp\/v2\/comments?post=3560"}],"wp:featuredmedia":[{"embeddable":true,"href":"https:\/\/cbikes.gr\/fr\/wp-json\/wp\/v2\/media\/5011"}],"wp:attachment":[{"href":"https:\/\/cbikes.gr\/fr\/wp-json\/wp\/v2\/media?parent=3560"}],"wp:term":[{"taxonomy":"product_brand","embeddable":true,"href":"https:\/\/cbikes.gr\/fr\/wp-json\/wp\/v2\/product_brand?post=3560"},{"taxonomy":"product_cat","embeddable":true,"href":"https:\/\/cbikes.gr\/fr\/wp-json\/wp\/v2\/product_cat?post=3560"},{"taxonomy":"product_tag","embeddable":true,"href":"https:\/\/cbikes.gr\/fr\/wp-json\/wp\/v2\/product_tag?post=3560"}],"curies":[{"name":"wp","href":"https:\/\/api.w.org\/{rel}","templated":true}]}}