{"id":3564,"date":"2024-03-11T10:52:19","date_gmt":"2024-03-11T08:52:19","guid":{"rendered":"https:\/\/cbikes.gr\/?post_type=product&#038;p=3564"},"modified":"2026-05-02T11:25:26","modified_gmt":"2026-05-02T08:25:26","slug":"lunettes-rm-peak-noires","status":"publish","type":"product","link":"https:\/\/cbikes.gr\/fr\/produit\/lunettes-rm-peak-noires\/","title":{"rendered":"Lunettes RM Peak noir"},"content":{"rendered":"<p>\u2022 Protection contre le soleil \u2013 verre REVO cat. 3, filtre UV 100%<br \/>\n\u2022 Durabilit\u00e9 \u2013 les verres en polycarbonate sont r\u00e9sistants aux chocs, le plastique composite de la monture peut supporter de lourdes charges<br \/>\n\u2022 Fixation \u2013 l&#039;adh\u00e9rence aux extr\u00e9mit\u00e9s des pattes emp\u00eache les lunettes de glisser<\/p>\n<p>Caract\u00e9ristiques:<br \/>\n\u2022 cadre composite durable<br \/>\n\u2022 Le verre en polycarbonate r\u00e9siste aux impacts<br \/>\n\u2022 fixation des extr\u00e9mit\u00e9s des pattes<br \/>\n\u2022 un sac textile de protection est inclus dans le colis<\/p>\n<p>Sp\u00e9cifications du verre\u00a0:<br \/>\n\u2022 Verre REVO Jaune install\u00e9, cat. 3<\/p>","protected":false},"excerpt":{"rendered":"<p>ROCK MACHINE Lunettes de sport Peak.<\/p>","protected":false},"featured_media":5023,"comment_status":"open","ping_status":"closed","template":"","meta":[],"product_brand":[],"product_cat":[81],"product_tag":[100,98,96,97],"class_list":{"0":"post-3564","1":"product","2":"type-product","3":"status-publish","4":"has-post-thumbnail","6":"type-accessories","7":"manufacturer-cyclomax","8":"product_cat-accessories","9":"product_tag-accessories","10":"product_tag-bikes","11":"product_tag-e-bikes","12":"product_tag-scooters","14":"first","15":"instock","16":"taxable","17":"shipping-taxable","18":"purchasable","19":"product-type-simple"},"_links":{"self":[{"href":"https:\/\/cbikes.gr\/fr\/wp-json\/wp\/v2\/product\/3564","targetHints":{"allow":["GET"]}}],"collection":[{"href":"https:\/\/cbikes.gr\/fr\/wp-json\/wp\/v2\/product"}],"about":[{"href":"https:\/\/cbikes.gr\/fr\/wp-json\/wp\/v2\/types\/product"}],"replies":[{"embeddable":true,"href":"https:\/\/cbikes.gr\/fr\/wp-json\/wp\/v2\/comments?post=3564"}],"wp:featuredmedia":[{"embeddable":true,"href":"https:\/\/cbikes.gr\/fr\/wp-json\/wp\/v2\/media\/5023"}],"wp:attachment":[{"href":"https:\/\/cbikes.gr\/fr\/wp-json\/wp\/v2\/media?parent=3564"}],"wp:term":[{"taxonomy":"product_brand","embeddable":true,"href":"https:\/\/cbikes.gr\/fr\/wp-json\/wp\/v2\/product_brand?post=3564"},{"taxonomy":"product_cat","embeddable":true,"href":"https:\/\/cbikes.gr\/fr\/wp-json\/wp\/v2\/product_cat?post=3564"},{"taxonomy":"product_tag","embeddable":true,"href":"https:\/\/cbikes.gr\/fr\/wp-json\/wp\/v2\/product_tag?post=3564"}],"curies":[{"name":"wp","href":"https:\/\/api.w.org\/{rel}","templated":true}]}}