{"id":3758,"date":"2024-03-13T10:56:19","date_gmt":"2024-03-13T08:56:19","guid":{"rendered":"https:\/\/cbikes.gr\/?post_type=product&#038;p=3758"},"modified":"2026-05-02T11:24:32","modified_gmt":"2026-05-02T08:24:32","slug":"decouvrez-sus-disc-29-blanc","status":"publish","type":"product","link":"https:\/\/cbikes.gr\/fr\/produit\/decouvrez-sus-disc-29-blanc\/","title":{"rendered":"D\u00c9COUVREZ SUS DISC 29\u2033 Blanc"},"content":{"rendered":"<table style=\"border-collapse: collapse; width: 589px; height: 400px;\" border=\"0\" width=\"64\" cellspacing=\"0\" cellpadding=\"0\">\n<tbody>\n<tr style=\"height: 15.0pt;\">\n<td style=\"height: 15.0pt; width: 48pt;\" width=\"64\" height=\"20\">Structure : solide, acier<\/td>\n<\/tr>\n<tr style=\"height: 15.0pt;\">\n<td style=\"height: 15.0pt;\" height=\"20\">Diam\u00e8tre de la jante : 29\u2033<\/td>\n<\/tr>\n<tr style=\"height: 15.0pt;\">\n<td style=\"height: 15.0pt;\" height=\"20\">Taille du cadre : 18\u2033<\/td>\n<\/tr>\n<tr style=\"height: 15.0pt;\">\n<td style=\"height: 15.0pt;\" height=\"20\">Fourche avant : suspension \u00e0 d\u00e9battement de 100 mm<\/td>\n<\/tr>\n<tr style=\"height: 15.0pt;\">\n<td style=\"height: 15.0pt;\" height=\"20\">Guidon : Acier 560 mm<\/td>\n<\/tr>\n<tr style=\"height: 15.0pt;\">\n<td style=\"height: 15.0pt;\" height=\"20\">D\u00e9railleur : QD-04<\/td>\n<\/tr>\n<tr style=\"height: 15.0pt;\">\n<td style=\"height: 15.0pt;\" height=\"20\">D\u00e9railleur : Shimano<\/td>\n<\/tr>\n<tr style=\"height: 15.0pt;\">\n<td style=\"height: 15.0pt;\" height=\"20\">Changement de vitesse\u00a0: leviers \u00e0 index Shimano<\/td>\n<\/tr>\n<tr style=\"height: 15.0pt;\">\n<td style=\"height: 15.0pt;\" height=\"20\">Pignon : index \u2013 6 pignons<\/td>\n<\/tr>\n<tr style=\"height: 15.0pt;\">\n<td style=\"height: 15.0pt;\" height=\"20\">Cha\u00eene : Z 30<\/td>\n<\/tr>\n<tr style=\"height: 15.0pt;\">\n<td style=\"height: 15.0pt;\" height=\"20\">Freins\u00a0: disque avant, frein arri\u00e8re en V<\/td>\n<\/tr>\n<tr style=\"height: 15.0pt;\">\n<td style=\"height: 15.0pt;\" height=\"20\">Leviers de frein : AL\/plastique<\/td>\n<\/tr>\n<tr style=\"height: 15.0pt;\">\n<td style=\"height: 15.0pt;\" height=\"20\">Jantes : ALU 26\u2033 double paroi<\/td>\n<\/tr>\n<tr style=\"height: 15.0pt;\">\n<td style=\"height: 15.0pt;\" height=\"20\">Pneus : VTT \u2013 AV<\/td>\n<\/tr>\n<tr style=\"height: 15.0pt;\">\n<td style=\"height: 15.0pt;\" height=\"20\">P\u00e9dales : Plastique<\/td>\n<\/tr>\n<tr style=\"height: 15.0pt;\">\n<td style=\"height: 15.0pt;\" height=\"20\">Selle : Olpran<\/td>\n<\/tr>\n<tr style=\"height: 15.0pt;\">\n<td style=\"height: 15.0pt;\" height=\"20\">Nombre de vitesses\u00a0:\u00a018<\/td>\n<\/tr>\n<\/tbody>\n<\/table>","protected":false},"excerpt":{"rendered":"<p>L&#039;Olpran Discover Sus Disc dispose \u00e9galement d&#039;une fourche \u00e0 suspension et d&#039;un amortisseur, qui assurent une conduite confortable et stable sur terrain accident\u00e9. Les freins \u00e0 disque puissants permettent un freinage s\u00fbr par tous les temps et sur tous les terrains.<\/p>\n<p>L&#039;Olpran Discover Sus Disc est le choix id\u00e9al pour les v\u00e9t\u00e9tistes passionn\u00e9s \u00e0 la recherche d&#039;un v\u00e9lo fiable et durable avec un cadre en acier offrant un haut niveau de performance et de confort de conduite. Achetez ce v\u00e9lo et pr\u00e9parez-vous pour une aventure sur un terrain difficile.<\/p>\n<p>Hey there! Ready for an adventurous bike trip? Grab your mountain bike and get ready to hit the trails. It&#8217;s going to be an amazing ride filled with breathtaking views and thrilling descents. Let&#8217;s embark on this exciting journey together!<\/p>","protected":false},"featured_media":3759,"comment_status":"open","ping_status":"closed","template":"","meta":[],"product_brand":[],"product_cat":[85],"product_tag":[],"class_list":{"0":"post-3758","1":"product","2":"type-product","3":"status-publish","4":"has-post-thumbnail","6":"type-mountain","7":"manufacturer-olpran","8":"product_cat-bikes-retail","9":"product_shipping_class-retail-bikes","11":"first","12":"instock","13":"taxable","14":"shipping-taxable","15":"purchasable","16":"product-type-simple"},"_links":{"self":[{"href":"https:\/\/cbikes.gr\/fr\/wp-json\/wp\/v2\/product\/3758","targetHints":{"allow":["GET"]}}],"collection":[{"href":"https:\/\/cbikes.gr\/fr\/wp-json\/wp\/v2\/product"}],"about":[{"href":"https:\/\/cbikes.gr\/fr\/wp-json\/wp\/v2\/types\/product"}],"replies":[{"embeddable":true,"href":"https:\/\/cbikes.gr\/fr\/wp-json\/wp\/v2\/comments?post=3758"}],"wp:featuredmedia":[{"embeddable":true,"href":"https:\/\/cbikes.gr\/fr\/wp-json\/wp\/v2\/media\/3759"}],"wp:attachment":[{"href":"https:\/\/cbikes.gr\/fr\/wp-json\/wp\/v2\/media?parent=3758"}],"wp:term":[{"taxonomy":"product_brand","embeddable":true,"href":"https:\/\/cbikes.gr\/fr\/wp-json\/wp\/v2\/product_brand?post=3758"},{"taxonomy":"product_cat","embeddable":true,"href":"https:\/\/cbikes.gr\/fr\/wp-json\/wp\/v2\/product_cat?post=3758"},{"taxonomy":"product_tag","embeddable":true,"href":"https:\/\/cbikes.gr\/fr\/wp-json\/wp\/v2\/product_tag?post=3758"}],"curies":[{"name":"wp","href":"https:\/\/api.w.org\/{rel}","templated":true}]}}