{"id":3787,"date":"2024-03-13T11:15:07","date_gmt":"2024-03-13T09:15:07","guid":{"rendered":"https:\/\/cbikes.gr\/?post_type=product&#038;p=3787"},"modified":"2026-05-02T11:24:44","modified_gmt":"2026-05-02T08:24:44","slug":"olpran-29-hommes-2","status":"publish","type":"product","link":"https:\/\/cbikes.gr\/fr\/produit\/olpran-29-hommes-2\/","title":{"rendered":"Olpran 29\u2033 Homme"},"content":{"rendered":"<table style=\"border-collapse: collapse; width: 564px; height: 557px;\" border=\"0\" width=\"64\" cellspacing=\"0\" cellpadding=\"0\">\n<tbody>\n<tr style=\"height: 15.0pt;\">\n<td style=\"height: 15.0pt; width: 48pt;\" width=\"64\" height=\"20\">Hauteur : 165 \u2013 185 cm<\/td>\n<\/tr>\n<tr style=\"height: 15.0pt;\">\n<td style=\"height: 15.0pt;\" height=\"20\">V\u011bk\u00a0: pro adultes<\/td>\n<\/tr>\n<tr style=\"height: 15.0pt;\">\n<td style=\"height: 15.0pt;\" height=\"20\">D\u00e9lka d\u00f3lnich kon\u010detin: neuv\u00e1di se<\/td>\n<\/tr>\n<tr style=\"height: 15.0pt;\">\n<td style=\"height: 15.0pt;\" height=\"20\">Vidlice: z\u00e1\u010dka OLPRAN \u2013 HI-TEN OCEL s odpru\u017een\u00edm<\/td>\n<\/tr>\n<tr style=\"height: 15.0pt;\">\n<td style=\"height: 15.0pt;\" height=\"20\">Poids : 90 kg<\/td>\n<\/tr>\n<tr style=\"height: 15.0pt;\">\n<td style=\"height: 15.0pt;\" height=\"20\">Poids du v\u00e9lo avec p\u00e9dales : 17,1 kg<\/td>\n<\/tr>\n<tr style=\"height: 15.0pt;\">\n<td style=\"height: 15.0pt;\" height=\"20\">Composition Hlavov\u00e9 : classique \u2013 ocelov\u00e9<\/td>\n<\/tr>\n<tr style=\"height: 15.0pt;\">\n<td style=\"height: 15.0pt;\" height=\"20\">Brzda avant : discov\u00e1 brzda, disque de 160 mm<\/td>\n<\/tr>\n<tr style=\"height: 15.0pt;\">\n<td style=\"height: 15.0pt;\" height=\"20\">Frein arri\u00e8re : frein \u00e0 disque, disque de 160 mm<\/td>\n<\/tr>\n<tr style=\"height: 15.0pt;\">\n<td style=\"height: 15.0pt;\" height=\"20\">Composition St\u0159edov\u00e9 : ocelov\u00e9, osa 119 mm<\/td>\n<\/tr>\n<tr style=\"height: 15.0pt;\">\n<td style=\"height: 15.0pt;\" height=\"20\">Liste\u00a0: SHIMANO, INDEX<\/td>\n<\/tr>\n<tr style=\"height: 15.0pt;\">\n<td style=\"height: 15.0pt;\" height=\"20\">Pr\u00e9sentation\u00a0: SHIMANO<\/td>\n<\/tr>\n<tr style=\"height: 15.0pt;\">\n<td style=\"height: 15.0pt;\" height=\"20\">Vitesses Pochet : 18<\/td>\n<\/tr>\n<tr style=\"height: 15.0pt;\">\n<td style=\"height: 15.0pt;\" height=\"20\">Choisissez\u00a0: ocel, Z6<\/td>\n<\/tr>\n<tr style=\"height: 15.0pt;\">\n<td style=\"height: 15.0pt;\" height=\"20\">Cassette : Shimano, 14-28 dents<\/td>\n<\/tr>\n<tr style=\"height: 15.0pt;\">\n<td style=\"height: 15.0pt;\" height=\"20\">Moyeu arri\u00e8re : Ocel, 36 trous, frein \u00e0 disque pro<\/td>\n<\/tr>\n<tr style=\"height: 15.0pt;\">\n<td style=\"height: 15.0pt;\" height=\"20\">Longueur : ocelov\u00e1, rovna, 580 mm<\/td>\n<\/tr>\n<tr style=\"height: 15.0pt;\">\n<td style=\"height: 15.0pt;\" height=\"20\">Mod\u00e8le : ocel, classique, 80 mm<\/td>\n<\/tr>\n<tr style=\"height: 15.0pt;\">\n<td style=\"height: 15.0pt;\" height=\"20\">Selle\u00a0: 280\u00d7160 mm noir, PU, se svorkou<\/td>\n<\/tr>\n<tr style=\"height: 15.0pt;\">\n<td style=\"height: 15.0pt;\" height=\"20\">Sedlovka : ocel, rovna, 28,6\u00d7270 mm<\/td>\n<\/tr>\n<tr style=\"height: 15.0pt;\">\n<td style=\"height: 15.0pt;\" height=\"20\">P\u00e9dales\u00a0: plastov\u00fd, kuli\u010dkov\u00fd, odrazky, bore osa<\/td>\n<\/tr>\n<tr style=\"height: 15.0pt;\">\n<td style=\"height: 15.0pt;\" height=\"20\">Pl\u00e1\u0161t\u011b\u00a0: mod\u00e8le de trekking 29\u2033<\/td>\n<\/tr>\n<tr style=\"height: 15.0pt;\">\n<td style=\"height: 15.0pt;\" height=\"20\">Accessoires\u00a0: stojanek<\/td>\n<\/tr>\n<\/tbody>\n<\/table>","protected":false},"excerpt":{"rendered":"<p>Olpran 29 Men<\/p>\n<p>The Olpran 29 Men is an exceptional mountain bike that combines durability, performance, and style. Crafted with precision engineering, this bike is built to withstand the toughest terrains, making it an ideal choice for avid off-road enthusiasts. With its 29-inch wheels, it offers enhanced stability and control, ensuring a smooth and comfortable ride. The sleek design and high-quality components of the Olpran 29 Men make it a reliable and impressive choice for both casual riders and serious mountain bikers alike. Experience the thrill of the outdoors with this top-of-the-line mountain bike from Olpran.<\/p>","protected":false},"featured_media":3514,"comment_status":"open","ping_status":"closed","template":"","meta":[],"product_brand":[],"product_cat":[85],"product_tag":[],"class_list":{"0":"post-3787","1":"product","2":"type-product","3":"status-publish","4":"has-post-thumbnail","6":"type-mountain","7":"manufacturer-olpran","8":"product_cat-bikes-retail","9":"product_shipping_class-retail-bikes","11":"first","12":"instock","13":"taxable","14":"shipping-taxable","15":"purchasable","16":"product-type-simple"},"_links":{"self":[{"href":"https:\/\/cbikes.gr\/fr\/wp-json\/wp\/v2\/product\/3787","targetHints":{"allow":["GET"]}}],"collection":[{"href":"https:\/\/cbikes.gr\/fr\/wp-json\/wp\/v2\/product"}],"about":[{"href":"https:\/\/cbikes.gr\/fr\/wp-json\/wp\/v2\/types\/product"}],"replies":[{"embeddable":true,"href":"https:\/\/cbikes.gr\/fr\/wp-json\/wp\/v2\/comments?post=3787"}],"wp:featuredmedia":[{"embeddable":true,"href":"https:\/\/cbikes.gr\/fr\/wp-json\/wp\/v2\/media\/3514"}],"wp:attachment":[{"href":"https:\/\/cbikes.gr\/fr\/wp-json\/wp\/v2\/media?parent=3787"}],"wp:term":[{"taxonomy":"product_brand","embeddable":true,"href":"https:\/\/cbikes.gr\/fr\/wp-json\/wp\/v2\/product_brand?post=3787"},{"taxonomy":"product_cat","embeddable":true,"href":"https:\/\/cbikes.gr\/fr\/wp-json\/wp\/v2\/product_cat?post=3787"},{"taxonomy":"product_tag","embeddable":true,"href":"https:\/\/cbikes.gr\/fr\/wp-json\/wp\/v2\/product_tag?post=3787"}],"curies":[{"name":"wp","href":"https:\/\/api.w.org\/{rel}","templated":true}]}}