{"id":4193,"date":"2024-04-08T11:30:23","date_gmt":"2024-04-08T08:30:23","guid":{"rendered":"https:\/\/cbikes.gr\/?post_type=product&#038;p=4193"},"modified":"2025-04-14T17:41:16","modified_gmt":"2025-04-14T14:41:16","slug":"honda-vision-110cc-groupe-a","status":"publish","type":"product","link":"https:\/\/cbikes.gr\/fr\/produit\/honda-vision-110cc-groupe-a\/","title":{"rendered":"Scooter Honda Vision 110cc | Groupe A ou similaire"},"content":{"rendered":"<table class=\"w-100 table table-hover\" style=\"height: 353px;\" width=\"887\">\n<tbody>\n<tr>\n<td class=\"text-grey4d\"><strong>Capacit\u00e9 de la batterie<\/strong><\/td>\n<td class=\"text-grey4d\">GTZ6V 5,3 Ah MF<\/td>\n<\/tr>\n<tr>\n<td class=\"text-grey4d\"><strong>Angle de chasse<\/strong><\/td>\n<td class=\"text-grey4d\">26,5\u00b0<\/td>\n<\/tr>\n<tr>\n<td class=\"text-grey4d\"><strong>Rayon de braquage (m)<\/strong><\/td>\n<td class=\"text-grey4d\">&#8211;<\/td>\n<\/tr>\n<tr>\n<td class=\"text-grey4d\"><strong>Distance au sol (mm)<\/strong><\/td>\n<td class=\"text-grey4d\">175<\/td>\n<\/tr>\n<tr>\n<td class=\"text-grey4d\"><strong>Poids enti\u00e8rement liquide (kg)<\/strong><\/td>\n<td class=\"text-grey4d\">100<\/td>\n<\/tr>\n<tr>\n<td class=\"text-grey4d\"><strong>Dimensions (Longueur x Largeur x Hauteur) (mm)<\/strong><\/td>\n<td class=\"text-grey4d\">1 925 x 686 x 1 125<\/td>\n<\/tr>\n<tr>\n<td class=\"text-grey4d\"><strong>Consommation de carburant (litres\/km)<\/strong><\/td>\n<td class=\"text-grey4d\">1.9 \/ 100<\/td>\n<\/tr>\n<tr>\n<td class=\"text-grey4d\"><strong>Empattement (mm)<\/strong><\/td>\n<td class=\"text-grey4d\">1280<\/td>\n<\/tr>\n<tr>\n<td class=\"text-grey4d\"><strong>Type de cadre<\/strong><\/td>\n<td class=\"text-grey4d\">Enhanced Smart Architecture Frame (eSAF) en acier embouti<\/td>\n<\/tr>\n<tr>\n<td class=\"text-grey4d\"><strong>Hauteur de selle (mm)<\/strong><\/td>\n<td class=\"text-grey4d\">785<\/td>\n<\/tr>\n<tr>\n<td class=\"text-grey4d\"><strong>Capacit\u00e9 du r\u00e9servoir de carburant (litres)<\/strong><\/td>\n<td class=\"text-grey4d\">4.9<\/td>\n<\/tr>\n<tr>\n<td class=\"text-grey4d\"><strong>Voie (mm)<\/strong><\/td>\n<td class=\"text-grey4d\">71<\/td>\n<\/tr>\n<\/tbody>\n<\/table>","protected":false},"excerpt":{"rendered":"<h3 class=\"fs-3\">Choisir un scooter abordable n\u2019est pas une affaire compliqu\u00e9e.<\/h3>\n<div class=\"unhelvetica\">\n<p>Pour faciliter les choses, nous avons con\u00e7u le nouveau Vision 110 pour vous offrir tout ce dont vous avez besoin, et bien plus encore. Le nouveau design dynamique offre plus d&#039;espace de rangement sous la selle et un tableau de bord LCD convivial. Le syst\u00e8me Smart Key offre \u00e9galement une praticit\u00e9 accrue.<\/p>\n<\/div>","protected":false},"featured_media":4195,"comment_status":"open","ping_status":"closed","template":"","meta":[],"product_brand":[],"product_cat":[80],"product_tag":[100,93],"class_list":{"0":"post-4193","1":"product","2":"type-product","3":"status-publish","4":"has-post-thumbnail","6":"type-scooters","7":"manufacturer-honda","8":"product_cat-scooters","9":"product_tag-accessories","10":"product_tag-e-bike","12":"first","13":"instock","14":"taxable","15":"shipping-taxable","16":"purchasable","17":"product-type-ovacrs_car_rental"},"_links":{"self":[{"href":"https:\/\/cbikes.gr\/fr\/wp-json\/wp\/v2\/product\/4193","targetHints":{"allow":["GET"]}}],"collection":[{"href":"https:\/\/cbikes.gr\/fr\/wp-json\/wp\/v2\/product"}],"about":[{"href":"https:\/\/cbikes.gr\/fr\/wp-json\/wp\/v2\/types\/product"}],"replies":[{"embeddable":true,"href":"https:\/\/cbikes.gr\/fr\/wp-json\/wp\/v2\/comments?post=4193"}],"wp:featuredmedia":[{"embeddable":true,"href":"https:\/\/cbikes.gr\/fr\/wp-json\/wp\/v2\/media\/4195"}],"wp:attachment":[{"href":"https:\/\/cbikes.gr\/fr\/wp-json\/wp\/v2\/media?parent=4193"}],"wp:term":[{"taxonomy":"product_brand","embeddable":true,"href":"https:\/\/cbikes.gr\/fr\/wp-json\/wp\/v2\/product_brand?post=4193"},{"taxonomy":"product_cat","embeddable":true,"href":"https:\/\/cbikes.gr\/fr\/wp-json\/wp\/v2\/product_cat?post=4193"},{"taxonomy":"product_tag","embeddable":true,"href":"https:\/\/cbikes.gr\/fr\/wp-json\/wp\/v2\/product_tag?post=4193"}],"curies":[{"name":"wp","href":"https:\/\/api.w.org\/{rel}","templated":true}]}}