{"id":4196,"date":"2024-04-08T11:35:48","date_gmt":"2024-04-08T08:35:48","guid":{"rendered":"https:\/\/cbikes.gr\/?post_type=product&#038;p=4196"},"modified":"2025-04-14T17:41:00","modified_gmt":"2025-04-14T14:41:00","slug":"honda-vision-110cc-groupe-a-2","status":"publish","type":"product","link":"https:\/\/cbikes.gr\/fr\/produit\/honda-vision-110cc-groupe-a-2\/","title":{"rendered":"Scooter Honda FSA\/ANC 125cc | Groupe B ou similaire"},"content":{"rendered":"<p>Upgraded ride quality.<br \/>\nCarefully redesigned rear suspension geometry has improved ride quality and comfort for you and your passenger. Your daily commutes on roads with bad construction are more comfortable and safe.<\/p>","protected":false},"excerpt":{"rendered":"<h3 class=\"fs-3\">Choisir un scooter abordable n\u2019est pas une affaire compliqu\u00e9e.<\/h3>\n<div class=\"unhelvetica\">\n<p>Pour faciliter les choses, nous avons con\u00e7u le nouveau Vision 110 pour vous offrir tout ce dont vous avez besoin, et bien plus encore. Le nouveau design dynamique offre plus d&#039;espace de rangement sous la selle et un tableau de bord LCD convivial. Le syst\u00e8me Smart Key offre \u00e9galement une praticit\u00e9 accrue.<\/p>\n<\/div>","protected":false},"featured_media":4197,"comment_status":"open","ping_status":"closed","template":"","meta":[],"product_brand":[],"product_cat":[80],"product_tag":[100,93],"class_list":{"0":"post-4196","1":"product","2":"type-product","3":"status-publish","4":"has-post-thumbnail","6":"product_cat-scooters","7":"product_tag-accessories","8":"product_tag-e-bike","10":"first","11":"instock","12":"taxable","13":"shipping-taxable","14":"purchasable","15":"product-type-ovacrs_car_rental"},"_links":{"self":[{"href":"https:\/\/cbikes.gr\/fr\/wp-json\/wp\/v2\/product\/4196","targetHints":{"allow":["GET"]}}],"collection":[{"href":"https:\/\/cbikes.gr\/fr\/wp-json\/wp\/v2\/product"}],"about":[{"href":"https:\/\/cbikes.gr\/fr\/wp-json\/wp\/v2\/types\/product"}],"replies":[{"embeddable":true,"href":"https:\/\/cbikes.gr\/fr\/wp-json\/wp\/v2\/comments?post=4196"}],"wp:featuredmedia":[{"embeddable":true,"href":"https:\/\/cbikes.gr\/fr\/wp-json\/wp\/v2\/media\/4197"}],"wp:attachment":[{"href":"https:\/\/cbikes.gr\/fr\/wp-json\/wp\/v2\/media?parent=4196"}],"wp:term":[{"taxonomy":"product_brand","embeddable":true,"href":"https:\/\/cbikes.gr\/fr\/wp-json\/wp\/v2\/product_brand?post=4196"},{"taxonomy":"product_cat","embeddable":true,"href":"https:\/\/cbikes.gr\/fr\/wp-json\/wp\/v2\/product_cat?post=4196"},{"taxonomy":"product_tag","embeddable":true,"href":"https:\/\/cbikes.gr\/fr\/wp-json\/wp\/v2\/product_tag?post=4196"}],"curies":[{"name":"wp","href":"https:\/\/api.w.org\/{rel}","templated":true}]}}