{"id":5264,"date":"2025-11-13T18:35:09","date_gmt":"2025-11-13T16:35:09","guid":{"rendered":"https:\/\/cbikes.gr\/?post_type=product&#038;p=5264"},"modified":"2026-04-16T10:55:26","modified_gmt":"2026-04-16T07:55:26","slug":"city-tour-follow-the-minoans-low-difficulty","status":"publish","type":"product","link":"https:\/\/cbikes.gr\/fr\/produit\/city-tour-follow-the-minoans-low-difficulty\/","title":{"rendered":"City tour &#8211; Follow the Minoans &#8211; Low difficulty"},"content":{"rendered":"<div class=\"container\">\n<h1>\ud83d\uddd3\ufe0f Weekly Excursion Schedule<\/h1>\n<p class=\"date-header\">Period: 01\/04 \u2013 31\/10 2026<\/p>\n<div class=\"trips-grid\">\n<div class=\"trip-card trip-1\">\n<h3>\ud83d\udfe2 Heraklion City tour<\/h3>\n<p><i>Ideal for: Families<\/i><\/p>\n<ul class=\"info-list\">\n<li>\ud83d\udcc5<b>When:<\/b> Tuesday &amp; Saturday<\/li>\n<li>\u23f3<b>Duration:<\/b> 4 hours<\/li>\n<li>\ud83d\udcb0<b>Cost:<\/b> 60\u20ac<\/li>\n<\/ul>\n<p>A pleasant e-bike trip around Heraklion.<\/p>\n<\/div>\n<h2>\ud83d\udcca Excursion Comparison<\/h2>\n<table>\n<thead>\n<tr>\n<th>Features<\/th>\n<th>City tour<\/th>\n<th>Archanes tour<\/th>\n<th>Anogeia tour<\/th>\n<\/tr>\n<\/thead>\n<tbody>\n<tr>\n<td><b>Difficulty<\/b><\/td>\n<td>Easy<\/td>\n<td>Medium<\/td>\n<td>High<\/td>\n<\/tr>\n<tr>\n<td><b>Meal<\/b><\/td>\n<td>Not Included<\/td>\n<td>Included<\/td>\n<td>Included<\/td>\n<\/tr>\n<tr>\n<td><b>Transport<\/b><\/td>\n<td>As per Request<\/td>\n<td>As per Request<\/td>\n<td>As per Request<\/td>\n<\/tr>\n<tr>\n<td><b>Departure Time<\/b><\/td>\n<td>10.00am<\/td>\n<td>09.30 a.m<\/td>\n<td>08.30am<\/td>\n<\/tr>\n<tr>\n<td><b> Distance( aprox )<\/b><\/td>\n<td>22 km.<\/td>\n<td>55 km.<\/td>\n<td>80 km.<\/td>\n<\/tr>\n<tr>\n<td><b> Duration ( aprox )<\/b><\/td>\n<td>4 hours.<\/td>\n<td>6-7 hours.<\/td>\n<td>8 hours.<\/td>\n<\/tr>\n<tr>\n<td><b>Meeting Point<\/b><\/td>\n<td><a href=\"https:\/\/www.google.gr\/maps\/place\/CBikes\/@35.3379921,25.1187191,17z\/data=!3m1!4b1!4m6!3m5!1s0x149a5713418f6b77:0x2dd4bc4f9640f23d!8m2!3d35.3379878!4d25.121294!16s%2Fg%2F11ldc_wkcx?hl=el&amp;entry=ttu&amp;g_ep=EgoyMDI2MDIyMy4wIKXMDSoASAFQAw%3D%3D\" target=\"_blank\" rel=\"noopener\"><br \/>\nCBikes Location<br \/>\n<\/a><\/td>\n<td><a href=\"https:\/\/www.google.gr\/maps\/place\/CBikes\/@35.3379921,25.1187191,17z\/data=!3m1!4b1!4m6!3m5!1s0x149a5713418f6b77:0x2dd4bc4f9640f23d!8m2!3d35.3379878!4d25.121294!16s%2Fg%2F11ldc_wkcx?hl=el&amp;entry=ttu&amp;g_ep=EgoyMDI2MDIyMy4wIKXMDSoASAFQAw%3D%3D\" target=\"_blank\" rel=\"noopener\"><br \/>\nCBikes Location<br \/>\n<\/a><\/td>\n<td><a href=\"https:\/\/www.google.gr\/maps\/place\/CBikes\/@35.3379921,25.1187191,17z\/data=!3m1!4b1!4m6!3m5!1s0x149a5713418f6b77:0x2dd4bc4f9640f23d!8m2!3d35.3379878!4d25.121294!16s%2Fg%2F11ldc_wkcx?hl=el&amp;entry=ttu&amp;g_ep=EgoyMDI2MDIyMy4wIKXMDSoASAFQAw%3D%3D\" target=\"_blank\" rel=\"noopener\"><br \/>\nCBikes Location<br \/>\n<\/a><\/td>\n<\/tr>\n<\/tbody>\n<\/table>\n<div class=\"footer\" style=\"font-family: 'Segoe UI', Arial, sans-serif; text-align: center; padding: 20px;\">\n<h3 style=\"margin-bottom: 8px;\">\ud83d\udcde Information &amp; Bookings<\/h3>\n<p style=\"margin-bottom: 25px; color: #444;\">Phone: <b>+30 2811 813244<\/b> | Email: <b>info@cbikes.gr<\/b><\/p>\n<p><a class=\"btn\" style=\"display: inline-block; color: #0066cc; background-color: #ffffff; border: 2px solid #0066cc; padding: 12px 35px; text-decoration: none; border-radius: 50px; font-size: 14px; font-weight: bold; text-transform: uppercase; letter-spacing: 1.5px; transition: all 0.3s ease; box-shadow: 0 4px 10px rgba(0, 102, 204, 0.1);\" href=\"mailto:info@cbikes.gr\"><br \/>\nContactez-nous<br \/>\n<\/a><\/p>\n<\/div>\n<\/div>\n<\/div>","protected":false},"excerpt":{"rendered":"<p>Envie de visiter H\u00e9raklion, l'une des plus grandes villes de Cr\u00e8te, mais vous ne savez pas o\u00f9 aller ni quoi voir ? Envie d'un peu d'adr\u00e9naline ? Si oui, cette excursion est faite pour vous !<\/p>\n<p>Partez \u00e0 la d\u00e9couverte d'H\u00e9raklion, la capitale de la Cr\u00e8te ! Nous viendrons vous chercher le matin \u00e0 votre h\u00e9bergement et vous emm\u00e8nerons \u00e0 notre agence de location. Nous vous pr\u00eaterons des v\u00e9los \u00e9lectriques de qualit\u00e9, et nous vous fournirons un casque et un antivol. C'est parti !<\/p>\n<p>Nous passerons progressivement des quartiers anim\u00e9s d'H\u00e9raklion aux zones plus calmes, o\u00f9 vous pourrez admirer de magnifiques panoramas. En chemin, nous visiterons le monast\u00e8re et les monuments historiques les plus embl\u00e9matiques du centre-ville. Vous aurez \u00e9galement du temps libre pour faire du shopping et visiter l'une des plus belles \u00e9glises orthodoxes.<\/p>\n<p>Nous terminerons notre excursion \u00e0 l'agence de location, d'o\u00f9 nous vous ram\u00e8nerons \u00e0 votre h\u00e9bergement. L'excursion est encadr\u00e9e par un guide.<\/p>\n<p>&nbsp;<\/p>","protected":false},"featured_media":5945,"comment_status":"open","ping_status":"closed","template":"","meta":[],"product_brand":[],"product_cat":[128],"product_tag":[100,98,96],"class_list":{"0":"post-5264","1":"product","2":"type-product","3":"status-publish","4":"has-post-thumbnail","6":"product_cat-e-bike-trips","7":"product_tag-accessories","8":"product_tag-bikes","9":"product_tag-e-bikes","11":"first","12":"instock","13":"taxable","14":"shipping-taxable","15":"purchasable","16":"product-type-ovacrs_car_rental"},"_links":{"self":[{"href":"https:\/\/cbikes.gr\/fr\/wp-json\/wp\/v2\/product\/5264","targetHints":{"allow":["GET"]}}],"collection":[{"href":"https:\/\/cbikes.gr\/fr\/wp-json\/wp\/v2\/product"}],"about":[{"href":"https:\/\/cbikes.gr\/fr\/wp-json\/wp\/v2\/types\/product"}],"replies":[{"embeddable":true,"href":"https:\/\/cbikes.gr\/fr\/wp-json\/wp\/v2\/comments?post=5264"}],"wp:featuredmedia":[{"embeddable":true,"href":"https:\/\/cbikes.gr\/fr\/wp-json\/wp\/v2\/media\/5945"}],"wp:attachment":[{"href":"https:\/\/cbikes.gr\/fr\/wp-json\/wp\/v2\/media?parent=5264"}],"wp:term":[{"taxonomy":"product_brand","embeddable":true,"href":"https:\/\/cbikes.gr\/fr\/wp-json\/wp\/v2\/product_brand?post=5264"},{"taxonomy":"product_cat","embeddable":true,"href":"https:\/\/cbikes.gr\/fr\/wp-json\/wp\/v2\/product_cat?post=5264"},{"taxonomy":"product_tag","embeddable":true,"href":"https:\/\/cbikes.gr\/fr\/wp-json\/wp\/v2\/product_tag?post=5264"}],"curies":[{"name":"wp","href":"https:\/\/api.w.org\/{rel}","templated":true}]}}