{"id":5338,"date":"2025-12-08T10:42:50","date_gmt":"2025-12-08T08:42:50","guid":{"rendered":"https:\/\/cbikes.gr\/?post_type=product&#038;p=5338"},"modified":"2026-04-16T10:56:55","modified_gmt":"2026-04-16T07:56:55","slug":"anogeia-tour-where-the-bike-meets-the-nature-experienced-difficulty","status":"publish","type":"product","link":"https:\/\/cbikes.gr\/fr\/produit\/anogeia-tour-where-the-bike-meets-the-nature-experienced-difficulty\/","title":{"rendered":"Anogeia tour &#8211; Where the bike meets the nature &#8211; Experienced difficulty"},"content":{"rendered":"<div class=\"container\">\n<h2 style=\"padding-left: 40px;\">\ud83d\uddd3\ufe0f Weekly Excursion Schedule<\/h2>\n<p class=\"date-header\">Period: 01\/04 \u2013 31\/10 2026<\/p>\n<div class=\"trip-card trip-3\">\n<h3>\ud83d\udd34 Adrenaline Rush<\/h3>\n<p><i>Ideal for: Action<\/i><\/p>\n<ul class=\"info-list\">\n<li style=\"text-align: left;\">\ud83d\udcc5<b>When:<\/b> Every Thursday<br \/>\n<hr \/>\n<\/li>\n<li>\u23f3<b>Duration:<\/b> 8 hours ( aprox )<\/li>\n<li>\ud83d\udcb0<b>Cost:<\/b> 135\u20ac<\/li>\n<\/ul>\n<p>A pleasant combination of coastal atmosphere and the Cretan mountains, that will be unforgettable.<\/p>\n<\/div>\n<\/div>\n<h2>\ud83d\udcca Excursion Comparison<\/h2>\n<table>\n<thead>\n<tr>\n<th>Features<\/th>\n<th>City Tour<\/th>\n<th>Archanes tour<\/th>\n<th>Anogeia tour<\/th>\n<\/tr>\n<\/thead>\n<tbody>\n<tr>\n<td><b>Difficulty<\/b><\/td>\n<td>Easy<\/td>\n<td>Medium<\/td>\n<td>High<\/td>\n<\/tr>\n<tr>\n<td><b>Meal<\/b><\/td>\n<td>Not Included<\/td>\n<td>Included<\/td>\n<td>Included<\/td>\n<\/tr>\n<tr>\n<td><b>Transport<\/b><\/td>\n<td>As per Request<\/td>\n<td>As per Request<\/td>\n<td>As per Request<\/td>\n<\/tr>\n<tr>\n<td><b>Departure Time<\/b><\/td>\n<td>10.00am<\/td>\n<td>09.30am<\/td>\n<td>08.30am<\/td>\n<\/tr>\n<tr>\n<td><b> Distance( aprox )<\/b><\/td>\n<td>22 km.<\/td>\n<td>55 km.<\/td>\n<td>80 km.<\/td>\n<\/tr>\n<tr>\n<td><b> Duration ( aprox )<\/b><\/td>\n<td>4 hours.<\/td>\n<td>6-7 hours.<\/td>\n<td>8 hours.<\/td>\n<\/tr>\n<tr>\n<td><b>Meeting Point<\/b><\/td>\n<td><a href=\"https:\/\/www.google.gr\/maps\/place\/CBikes\/@35.3379921,25.1187191,17z\/data=!3m1!4b1!4m6!3m5!1s0x149a5713418f6b77:0x2dd4bc4f9640f23d!8m2!3d35.3379878!4d25.121294!16s%2Fg%2F11ldc_wkcx?hl=el&amp;entry=ttu&amp;g_ep=EgoyMDI2MDIyMy4wIKXMDSoASAFQAw%3D%3D\" target=\"_blank\" rel=\"noopener\"><br \/>\nCBikes Location<br \/>\n<\/a><\/td>\n<td><a href=\"https:\/\/www.google.gr\/maps\/place\/CBikes\/@35.3379921,25.1187191,17z\/data=!3m1!4b1!4m6!3m5!1s0x149a5713418f6b77:0x2dd4bc4f9640f23d!8m2!3d35.3379878!4d25.121294!16s%2Fg%2F11ldc_wkcx?hl=el&amp;entry=ttu&amp;g_ep=EgoyMDI2MDIyMy4wIKXMDSoASAFQAw%3D%3D\" target=\"_blank\" rel=\"noopener\"><br \/>\nCBikes Location<br \/>\n<\/a><\/td>\n<td><a href=\"https:\/\/www.google.gr\/maps\/place\/CBikes\/@35.3379921,25.1187191,17z\/data=!3m1!4b1!4m6!3m5!1s0x149a5713418f6b77:0x2dd4bc4f9640f23d!8m2!3d35.3379878!4d25.121294!16s%2Fg%2F11ldc_wkcx?hl=el&amp;entry=ttu&amp;g_ep=EgoyMDI2MDIyMy4wIKXMDSoASAFQAw%3D%3D\" target=\"_blank\" rel=\"noopener\"><br \/>\nCBikes Location<br \/>\n<\/a><\/td>\n<\/tr>\n<\/tbody>\n<\/table>\n<div class=\"footer\" style=\"font-family: 'Segoe UI', Arial, sans-serif; text-align: center; padding: 20px;\">\n<h3 style=\"margin-bottom: 8px;\">\ud83d\udcde Information &amp; Bookings<\/h3>\n<p style=\"margin-bottom: 25px; color: #444;\">Phone: <b>+30 2811 813244<\/b> | Email: <b>info@cbikes.gr<\/b><\/p>\n<p><a class=\"btn\" style=\"display: inline-block; color: #0066cc; background-color: #ffffff; border: 2px solid #0066cc; padding: 12px 35px; text-decoration: none; border-radius: 50px; font-size: 14px; font-weight: bold; text-transform: uppercase; letter-spacing: 1.5px; transition: all 0.3s ease; box-shadow: 0 4px 10px rgba(0, 102, 204, 0.1);\" href=\"mailto:info@cbikes.gr\"><br \/>\nContactez-nous<br \/>\n<\/a><\/p>\n<\/div>","protected":false},"excerpt":{"rendered":"<div dir=\"auto\">\n<p>&nbsp;<\/p>\n<p><span style=\"text-decoration: underline;\"><strong>VILLAGE DE MONTAGNE ANOGEIA \u2013 LA V\u00c9RITABLE CR\u00c8TE !<\/strong><\/span><\/p>\n<div dir=\"auto\"><\/div>\n<div dir=\"auto\">Une excursion en v\u00e9lo \u00e9lectrique jusqu\u2019au village de montagne d\u2019Anogeia est une agr\u00e9able combinaison d\u2019atmosph\u00e8re c\u00f4ti\u00e8re et de montagnes cr\u00e9toises. L\u2019itin\u00e9raire commence dans le centre d\u2019H\u00e9raklion, d\u2019o\u00f9 nous nous \u00e9loignons progressivement de l\u2019agitation de la ville pour monter doucement \u00e0 travers un paysage rempli d\u2019oliviers. Avec l\u2019altitude croissante, de magnifiques vues s\u2019ouvrent sur les vall\u00e9es environnantes et le massif du Psiloritis<\/div>\n<div dir=\"auto\">\u00c0 l\u2019arriv\u00e9e \u00e0 Anogeia, une atmosph\u00e8re cr\u00e9toise authentique nous attend, avec des ruelles \u00e9troites et de petits caf\u00e9s id\u00e9als pour une courte pause, ainsi que la possibilit\u00e9 de visiter un atelier traditionnel de fabrication de tapis. L\u2019excursion comprend \u00e9galement un d\u00e9jeuner dans une taverne locale, o\u00f9 vous pourrez go\u00fbter \u00e0 la v\u00e9ritable cuisine cr\u00e9toise. Le retour sera plus agr\u00e9able gr\u00e2ce \u00e0 une longue descente, ce qui nous permettra de profiter de la nature environnante et d\u2019une conduite d\u00e9tendue. Le circuit complet fait environ 80 km et offre une superbe exp\u00e9rience de l\u2019int\u00e9rieur de la Cr\u00e8te.<\/div>\n<\/div>","protected":false},"featured_media":5952,"comment_status":"open","ping_status":"closed","template":"","meta":[],"product_brand":[],"product_cat":[128],"product_tag":[100,98,96],"class_list":{"0":"post-5338","1":"product","2":"type-product","3":"status-publish","4":"has-post-thumbnail","6":"product_cat-e-bike-trips","7":"product_tag-accessories","8":"product_tag-bikes","9":"product_tag-e-bikes","11":"first","12":"instock","13":"taxable","14":"shipping-taxable","15":"purchasable","16":"product-type-ovacrs_car_rental"},"_links":{"self":[{"href":"https:\/\/cbikes.gr\/fr\/wp-json\/wp\/v2\/product\/5338","targetHints":{"allow":["GET"]}}],"collection":[{"href":"https:\/\/cbikes.gr\/fr\/wp-json\/wp\/v2\/product"}],"about":[{"href":"https:\/\/cbikes.gr\/fr\/wp-json\/wp\/v2\/types\/product"}],"replies":[{"embeddable":true,"href":"https:\/\/cbikes.gr\/fr\/wp-json\/wp\/v2\/comments?post=5338"}],"wp:featuredmedia":[{"embeddable":true,"href":"https:\/\/cbikes.gr\/fr\/wp-json\/wp\/v2\/media\/5952"}],"wp:attachment":[{"href":"https:\/\/cbikes.gr\/fr\/wp-json\/wp\/v2\/media?parent=5338"}],"wp:term":[{"taxonomy":"product_brand","embeddable":true,"href":"https:\/\/cbikes.gr\/fr\/wp-json\/wp\/v2\/product_brand?post=5338"},{"taxonomy":"product_cat","embeddable":true,"href":"https:\/\/cbikes.gr\/fr\/wp-json\/wp\/v2\/product_cat?post=5338"},{"taxonomy":"product_tag","embeddable":true,"href":"https:\/\/cbikes.gr\/fr\/wp-json\/wp\/v2\/product_tag?post=5338"}],"curies":[{"name":"wp","href":"https:\/\/api.w.org\/{rel}","templated":true}]}}